{"id":84090,"date":"2025-07-29T09:32:09","date_gmt":"2025-07-29T09:32:09","guid":{"rendered":"https:\/\/hi-techwonder.com\/product\/laowa-100mm-f-2-8-tilt-shift-1x-macro-fujifilm-g\/"},"modified":"2025-12-29T16:02:46","modified_gmt":"2025-12-29T16:02:46","slug":"laowa-100mm-f-2-8-tilt-shift-1x-macro-fujifilm-g","status":"publish","type":"product","link":"https:\/\/hi-techwonder.com\/es\/producto\/laowa-100mm-f-2-8-tilt-shift-1x-macro-fujifilm-g\/","title":{"rendered":"LAOWA 100mm f\/2.8 Tilt-Shift 1x Macro &#8211; Fujifilm G"},"content":{"rendered":"<h3><strong>Laowa 100mm f\/2.8 Tilt-Shift 1x Macro &#8211; <\/strong><b>Fujifilm G<\/b><\/h3>\n<hr>\n<h4><strong>Funciones<\/strong><\/h4>\n<ul>\n<li><strong>Tilt-Shift y macro 1:1<\/strong><br \/>Combina ajustes de inclinaci\u00f3n y desplazamiento para la correcci\u00f3n de la perspectiva y efectos de enfoque creativos, al tiempo que ofrece un verdadero aumento macro 1:1.<\/li>\n<li><strong>Distancia focal de 100 mm<\/strong><br \/>Ideal para aplicaciones de retratos, productos y arquitectura, lo que permite un mayor control art\u00edstico de la profundidad de campo y la perspectiva.<\/li>\n<li><strong>Enfoque manual suave<\/strong><br \/>Un anillo de enfoque amplio y preciso garantiza un control estricto, crucial para la toma macro y los efectos de cambio de inclinaci\u00f3n.<\/li>\n<li><strong>Construcci\u00f3n \u00f3ptica avanzada<\/strong><br \/>M\u00faltiples elementos \u00f3pticos especiales ayudan a reducir las aberraciones crom\u00e1ticas y mantener una alta nitidez, incluso en grandes aperturas o movimientos intensos de cambio de inclinaci\u00f3n.<\/li>\n<li><strong>Rango de inclinaci\u00f3n y desplazamiento<\/strong><br \/>Permite inclinar y desviar dentro de un rango predefinido (valores aproximados de inclinaci\u00f3n de \u00b18\u00b0 y desplazamiento de \u00b110 mm, seg\u00fan los datos del fabricante), abriendo amplias posibilidades de composici\u00f3n y correcci\u00f3n.<\/li>\n<li><strong>Macro 1:1 real<\/strong><br \/>La capacidad de enfoque 1:1 permite capturar detalles minuciosos en la fotograf\u00eda de productos, naturaleza o bodegones.<\/li>\n<\/ul>\n<p><\/p>\n<ul>\n<\/ul>\n<hr>\n<h4><strong>Contenido del paquete<\/strong><\/h4>\n<ul>\n<li>1 \u00d7 <strong>Laowa 100mm f\/2.8 Tilt-Shift 1x Macro<\/strong><\/li>\n<li>1 \u00d7 <strong>Tapa frontal del objetivo<\/strong><\/li>\n<li>1 \u00d7 <strong>Cubierta trasera<\/strong> (seg\u00fan el conjunto elegido)<\/li>\n<li>1 \u00d7 Manual de usuario \/ Gu\u00eda de inicio r\u00e1pido<\/li>\n<\/ul>\n<p><em>(Los accesorios adicionales pueden variar seg\u00fan la regi\u00f3n o el kit).<\/em><\/p>\n<hr>\n<h4><strong>Descripci\u00f3n detallada<\/strong><\/h4>\n<p>El <strong>Laowa 100mm f\/2.8 Tilt-Shift 1x Macro<\/strong> es un objetivo especializado que combina la versatilidad de los movimientos de tilt-shift con la capacidad de aumento macro 1:1. El resultado es una poderosa herramienta para los fot\u00f3grafos que desean no solo corregir perspectivas en la fotograf\u00eda arquitect\u00f3nica, sino tambi\u00e9n crear efectos de enfoque selectivos en retratos, as\u00ed como capturar detalles extremos de objetos en modo macro. <\/p>\n<p>El sistema de cambio de inclinaci\u00f3n le permite controlar el plano de enfoque y ajustar el paralelismo con respecto al sujeto, corrigiendo l\u00edneas convergentes o explotando creativamente la profundidad de campo. El dise\u00f1o \u00f3ptico incluye elementos de alta calidad para minimizar las aberraciones y mantener la claridad en todo el encuadre. Con una distancia focal de 100 mm, tambi\u00e9n obtiene un \u00e1ngulo de visi\u00f3n adecuado para una variedad de aplicaciones, desde fotograf\u00eda de productos hasta im\u00e1genes de naturaleza y retratos. Construido de metal, la lente proporciona durabilidad, mientras que los anillos de operaci\u00f3n ofrecen ajustes suaves y estables.   <\/p>\n<p><\/p>\n<hr>\n<h4><strong>Especificaciones t\u00e9cnicas<\/strong><\/h4>\n<ul>\n<li><strong>Distancia focal:<\/strong> 100 mm<\/li>\n<li><strong>Apertura m\u00e1xima:<\/strong> f\/2.8<\/li>\n<li><strong>Apertura m\u00ednima:<\/strong> f\/22<\/li>\n<li><strong>Montaje disponible:<\/strong> <em>(Canon EF, Nikon F, Sony FE, etc., seg\u00fan la oferta del fabricante)<\/em><\/li>\n<li><strong>Inclinaci\u00f3n:<\/strong> \u00b18\u00b0 (aprox.)<\/li>\n<li><strong>Desplazamiento:<\/strong> \u00b110 mm (aprox.)<\/li>\n<li><strong>M\u00e1x. Ampliaci\u00f3n:<\/strong> 1:1 (macro real)<\/li>\n<li><strong>Enfoque:<\/strong> 100% manual<\/li>\n<li><strong>Distancia m\u00ednima de enfoque:<\/strong> ~24-25 cm (como se indica oficialmente)<\/li>\n<li><strong>Construcci\u00f3n:<\/strong> Cuerpo met\u00e1lico robusto<\/li>\n<li><strong>Peso\/Dimensiones:<\/strong> Var\u00eda seg\u00fan el montaje (ver datos oficiales)<\/li>\n<\/ul>\n<hr>\n<h4><strong>Informaci\u00f3n adicional<\/strong><\/h4>\n<p>Nota: Im\u00e1genes ilustrativas. Equipo adicional no incluido. Consulte el contenido y las especificaciones del paquete para obtener m\u00e1s detalles.  <\/p>\n","protected":false},"excerpt":{"rendered":"<p>Laowa 100mm f\/2.8 Tilt-Shift 1x Macro &#8211; Fujifilm G Funciones Tilt-Shift y macro 1:1Combina ajustes de inclinaci\u00f3n y desplazamiento para<\/p>\n","protected":false},"featured_media":50367,"comment_status":"closed","ping_status":"closed","template":"","meta":{"_acf_changed":false},"product_brand":[2682],"product_cat":[1062],"product_tag":[],"class_list":{"0":"post-84090","1":"product","2":"type-product","3":"status-publish","4":"has-post-thumbnail","6":"product_brand-laowa-es","7":"product_cat-mirrorless-objectivos","8":"pa_abertura-maxima-f-2-8-es","9":"pa_cor-negro","10":"pa_designs-especiais-macro-es","11":"pa_designs-especiais-tilt-shift-es","12":"pa_diametro-77mm-es","13":"pa_estabilizacao-de-imagem-no","14":"pa_montagem-da-objetiva-fujifilm-g-es","15":"pa_sensor-formato-medio","16":"pa_tipo-de-foco-enfoque-manual","17":"pa_tipo-de-objetiva-teleobjetivo","18":"pa_zoom-fixa-fijo","20":"first","21":"onbackorder","22":"taxable","23":"shipping-taxable","24":"purchasable","25":"product-type-simple"},"bundled_by":[],"bundle_stock_status":"onbackorder","bundle_stock_quantity":null,"bundle_virtual":false,"bundle_layout":"","bundle_add_to_cart_form_location":"","bundle_editable_in_cart":false,"bundle_sold_individually_context":"","bundle_item_grouping":"","bundle_min_size":"","bundle_max_size":"","bundle_price":[],"bundled_items":[],"bundle_sell_ids":[],"acf":[],"_links":{"self":[{"href":"https:\/\/hi-techwonder.com\/es\/wp-json\/wp\/v2\/product\/84090","targetHints":{"allow":["GET"]}}],"collection":[{"href":"https:\/\/hi-techwonder.com\/es\/wp-json\/wp\/v2\/product"}],"about":[{"href":"https:\/\/hi-techwonder.com\/es\/wp-json\/wp\/v2\/types\/product"}],"replies":[{"embeddable":true,"href":"https:\/\/hi-techwonder.com\/es\/wp-json\/wp\/v2\/comments?post=84090"}],"wp:featuredmedia":[{"embeddable":true,"href":"https:\/\/hi-techwonder.com\/es\/wp-json\/wp\/v2\/media\/50367"}],"wp:attachment":[{"href":"https:\/\/hi-techwonder.com\/es\/wp-json\/wp\/v2\/media?parent=84090"}],"wp:term":[{"taxonomy":"product_brand","embeddable":true,"href":"https:\/\/hi-techwonder.com\/es\/wp-json\/wp\/v2\/product_brand?post=84090"},{"taxonomy":"product_cat","embeddable":true,"href":"https:\/\/hi-techwonder.com\/es\/wp-json\/wp\/v2\/product_cat?post=84090"},{"taxonomy":"product_tag","embeddable":true,"href":"https:\/\/hi-techwonder.com\/es\/wp-json\/wp\/v2\/product_tag?post=84090"}],"curies":[{"name":"wp","href":"https:\/\/api.w.org\/{rel}","templated":true}]}}