{"id":84095,"date":"2025-07-29T09:30:27","date_gmt":"2025-07-29T09:30:27","guid":{"rendered":"https:\/\/hi-techwonder.com\/product\/sonda-macro-laowa-24mm-f-14-2x-para-canon-rf\/"},"modified":"2026-01-31T02:16:18","modified_gmt":"2026-01-31T02:16:18","slug":"laowa-sonda-macro-laowa-24mm-f-14-2x-para-canon-rf","status":"publish","type":"product","link":"https:\/\/hi-techwonder.com\/es\/producto\/laowa-sonda-macro-laowa-24mm-f-14-2x-para-canon-rf\/","title":{"rendered":"Sonda macro LAOWA 24mm f\/14 2X para Canon RF"},"content":{"rendered":"<p><b>Sonda macro LAOWA 24mm f\/14 2X para Canon RF<\/b><\/p>\n<p><b><br \/><\/b><\/p>\n<p><b><br \/><\/b><strong>Funciones<\/strong><\/p>\n<ul>\n<li>Focal: 24 mm<\/li>\n<li>Apertura m\u00e1xima: f\/14<\/li>\n<li>Apertura m\u00ednima: f\/40<\/li>\n<li>Compatible con c\u00e1maras Canon con montura RF en formato de fotograma completo y APS-C.<\/li>\n<li>Aumento macro: desde 2:1 hasta el infinito.<\/li>\n<li>Distancia m\u00ednima de enfoque: 47 cm (1,5&#8242;) con una distancia de trabajo de 2 cm (0,8&#8243;).<\/li>\n<li>Cilindro de lente largo y delgado con un di\u00e1metro frontal de 0.8&#8243;, lo que permite \u00e1ngulos de disparo \u00fanicos y una f\u00e1cil iluminaci\u00f3n del sujeto.<\/li>\n<li>Elementos \u00f3pticos:\n<ul>\n<li>2 elementos de dispersi\u00f3n extra baja (ED).<\/li>\n<li>1 elemento de alto \u00edndice de refracci\u00f3n.<\/li>\n<\/ul>\n<\/li>\n<li>Dise\u00f1o manual con enfoque preciso para captura macro y enfoque infinito.<\/li>\n<li>Mayor profundidad de campo en comparaci\u00f3n con los teleobjetivos macro tradicionales.<\/li>\n<li>Marco frontal impermeable para usar en superficies de agua o ambientes polvorientos.<\/li>\n<li>Anillo LED incorporado en la parte frontal, alimentado por Micro-USB, ideal para tomas macro con poca luz.<\/li>\n<li>Hojas de diafragma: 7, que proporcionan un agradable efecto bokeh.<\/li>\n<\/ul>\n<hr>\n<p><strong>Contenido del paquete<\/strong><\/p>\n<ul>\n<li>1 Lente de sonda Laowa 24mm f\/14 para Canon RF.<\/li>\n<li>1 cable USB para alimentar el anillo LED.<\/li>\n<li>1 atenuador USB para ajuste de potencia LED.<\/li>\n<li>1 Bolsa de transporte.<\/li>\n<li>1 Estuche de metal para protecci\u00f3n.<\/li>\n<\/ul>\n<p><\/p>\n<p><\/p>\n<hr>\n<p><strong>Descripci\u00f3n<\/strong><\/p>\n<p><iframe loading=\"lazy\" frameborder=\"0\" src=\"https:\/\/www.youtube.com\/embed\/WrzQjUQds6g\" width=\"640\" height=\"360\"><\/iframe><strong><br \/><\/strong><\/p>\n<ul><\/ul>\n<ul>\n<li style=\"text-align: justify\">El Laowa 24mm f\/14 Macro Probe Canon RF es un objetivo \u00fanico e innovador que es perfecto para la fotograf\u00eda macro con detalles precisos. Su dise\u00f1o tubular ofrece un amplio \u00e1ngulo de visi\u00f3n, lo que permite tomas con mayor profundidad de campo. El objetivo es ideal para tomas creativas en entornos naturales, sumergidos o industriales.  <\/li>\n<li style=\"text-align: justify\">Con una \u00f3ptica avanzada, minimiza las aberraciones crom\u00e1ticas y esf\u00e9ricas, lo que garantiza una reproducci\u00f3n fiel del color y una claridad asombrosa. El LED incorporado y la parte frontal resistente al agua hacen que este objetivo sea especialmente pr\u00e1ctico para situaciones dif\u00edciles, como entornos con poca luz o fotograf\u00eda submarina. <\/li>\n<li style=\"text-align: justify\">Compatible con una amplia gama de c\u00e1maras con montura RF de Canon, incluidos los modelos mirrorless y de cine, es una herramienta imprescindible para los profesionales de la fotograf\u00eda de v\u00eddeo y de productos.<\/li>\n<\/ul>\n<p style=\"text-align: center\"><\/p>\n<p style=\"text-align: center\"><\/p>\n<p style=\"text-align: center\"><img decoding=\"async\" src=\"https:\/\/www.venuslens.net\/wp-content\/uploads\/2018\/08\/217cb59aaebd1568c7e817d8d71103e9_original.gif\" style=\"width: 50%\" alt=\"\"><\/p>\n<p style=\"text-align: left\"><b><br \/><\/b><\/p>\n<p style=\"text-align: left\"><b>Compatibilidad<\/b><\/p>\n<p style=\"text-align: left\"><b>Dise\u00f1ado para su uso con:<\/b><\/p>\n<ul class=\"list_TJE1czXCe8\">\n<li class=\"listItem_TJE1czXCe8\" data-selenium=\"compatibleProductsListItem\" style=\"font-size: 1.125rem;line-height: 1.2rem;padding: 0px\">\n<h3 class=\"listCategoryName_keaLWVlNiE\" style=\"font-size: 1rem;font-weight: 600;line-height: 1.375rem;margin: 1rem 0px;padding-bottom: 0.5rem\">Todas las c\u00e1maras de cine<\/h3>\n<div class=\"containerListCategory_keaLWVlNiE columnCount5_keaLWVlNiE\" style=\"column-fill: balance;margin-bottom: 1.5rem;column-count: 5\">\n<ul class=\"listCategory_keaLWVlNiE\" style=\"margin-right: 0px;margin-left: 0px;padding: 0px\">\n<li class=\"liModel_keaLWVlNiE\" style=\"font-size: 1rem;line-height: 1.25rem;padding: 0px 0px 0.75rem\">Canon EOS C400<\/li>\n<li class=\"liModel_keaLWVlNiE\" style=\"font-size: 1rem;line-height: 1.25rem;padding: 0px 0px 0.75rem\">Canon EOS C70<\/li>\n<li class=\"liModel_keaLWVlNiE\" style=\"font-size: 1rem;line-height: 1.25rem;padding: 0px 0px 0.75rem\">Canon EOS C80<\/li>\n<li class=\"liModel_keaLWVlNiE\" style=\"font-size: 1rem;line-height: 1.25rem;padding: 0px 0px 0.75rem\">Canon EOS R5 C<\/li>\n<li class=\"liModel_keaLWVlNiE\" style=\"font-size: 1rem;line-height: 1.25rem;padding: 0px 0px 0.75rem\">CINE DIGITAL ROJO Komodo<\/li>\n<li class=\"liModel_keaLWVlNiE\" style=\"font-size: 1rem;line-height: 1.25rem;padding: 0px 0px 0.75rem\">CINE DIGITAL RED KOMODO Monocromo<\/li>\n<li class=\"liModel_keaLWVlNiE\" style=\"font-size: 1rem;line-height: 1.25rem;padding: 0px 0px 0.75rem\">CINE DIGITAL ROJO Komodo X<\/li>\n<li class=\"liModel_keaLWVlNiE\" style=\"font-size: 1rem;line-height: 1.25rem;padding: 0px 0px 0.75rem\">CINEMA DIGITAL ROJO V-RAPTOR<\/li>\n<li class=\"liModel_keaLWVlNiE\" style=\"font-size: 1rem;line-height: 1.25rem;padding: 0px 0px 0.75rem\">CINE DIGITAL ROJO V-RAPTOR RHINO<\/li>\n<li class=\"liModel_keaLWVlNiE\" style=\"font-size: 1rem;line-height: 1.25rem;padding: 0px 0px 0.75rem\">CINEMA DIGITAL ROJO V-RAPTOR X<\/li>\n<\/ul>\n<\/div>\n<\/li>\n<li class=\"listItem_TJE1czXCe8\" data-selenium=\"compatibleProductsListItem\" style=\"font-size: 1.125rem;line-height: 1.2rem;padding: 0px\">\n<h3 class=\"listCategoryName_keaLWVlNiE\" style=\"font-size: 1rem;font-weight: 600;line-height: 1.375rem;margin: 1rem 0px;padding-bottom: 0.5rem\">C\u00e1maras sin espejo<\/h3>\n<div class=\"containerListCategory_keaLWVlNiE columnCount5_keaLWVlNiE\" style=\"column-fill: balance;margin-bottom: 1.5rem;column-count: 5\">\n<ul class=\"listCategory_keaLWVlNiE\" style=\"margin-right: 0px;margin-left: 0px;padding: 0px\">\n<li class=\"liModel_keaLWVlNiE\" style=\"font-size: 1rem;line-height: 1.25rem;padding: 0px 0px 0.75rem\">Canon EOS R<\/li>\n<li class=\"liModel_keaLWVlNiE\" style=\"font-size: 1rem;line-height: 1.25rem;padding: 0px 0px 0.75rem\">Canon EOS R1<\/li>\n<li class=\"liModel_keaLWVlNiE\" style=\"font-size: 1rem;line-height: 1.25rem;padding: 0px 0px 0.75rem\">Canon EOS R10<\/li>\n<li class=\"liModel_keaLWVlNiE\" style=\"font-size: 1rem;line-height: 1.25rem;padding: 0px 0px 0.75rem\">Canon EOS R100<\/li>\n<li class=\"liModel_keaLWVlNiE\" style=\"font-size: 1rem;line-height: 1.25rem;padding: 0px 0px 0.75rem\">Canon EOS R3<\/li>\n<li class=\"liModel_keaLWVlNiE\" style=\"font-size: 1rem;line-height: 1.25rem;padding: 0px 0px 0.75rem\">Canon EOS R5<\/li>\n<li class=\"liModel_keaLWVlNiE\" style=\"font-size: 1rem;line-height: 1.25rem;padding: 0px 0px 0.75rem\">Canon EOS R5 Mark II<\/li>\n<li class=\"liModel_keaLWVlNiE\" style=\"font-size: 1rem;line-height: 1.25rem;padding: 0px 0px 0.75rem\">Canon EOS R50<\/li>\n<li class=\"liModel_keaLWVlNiE\" style=\"font-size: 1rem;line-height: 1.25rem;padding: 0px 0px 0.75rem\">Canon EOS R6<\/li>\n<li class=\"liModel_keaLWVlNiE\" style=\"font-size: 1rem;line-height: 1.25rem;padding: 0px 0px 0.75rem\">Canon EOS R6 Mark II<\/li>\n<li class=\"liModel_keaLWVlNiE\" style=\"font-size: 1rem;line-height: 1.25rem;padding: 0px 0px 0.75rem\">Canon EOS R7<\/li>\n<li class=\"liModel_keaLWVlNiE\" style=\"font-size: 1rem;line-height: 1.25rem;padding: 0px 0px 0.75rem\">Canon EOS R8<\/li>\n<li class=\"liModel_keaLWVlNiE\" style=\"font-size: 1rem;line-height: 1.25rem;padding: 0px 0px 0.75rem\">Canon EOS RP<\/li>\n<li class=\"liModel_keaLWVlNiE\" style=\"font-size: 1rem;line-height: 1.25rem;padding: 0px 0px 0.75rem\">Canon EOS Ra<\/li>\n<li class=\"liModel_keaLWVlNiE\" style=\"font-size: 1rem;line-height: 1.25rem;padding: 0px 0px 0.75rem\">Kit forense Kolari Vision EOS RP<\/li>\n<\/ul>\n<\/div>\n<\/li>\n<\/ul>\n<div class=\"containerListCategory_keaLWVlNiE columnCount5_keaLWVlNiE\" style=\"column-fill: balance;margin-bottom: 1.5rem;column-count: 5\">\n<ul class=\"listCategory_keaLWVlNiE\" style=\"margin-right: 0px;margin-left: 0px;padding: 0px\"><\/ul>\n<\/div>\n<p style=\"font-size: 1rem;line-height: 1.25rem;padding: 0px 0px 0.75rem\">\n<ul class=\"list_TJE1czXCe8\">\n<li class=\"listItem_TJE1czXCe8\" data-selenium=\"compatibleProductsListItem\" style=\"font-size: 1.125rem;line-height: 1.2rem;padding: 0px\">\n<div class=\"containerListCategory_keaLWVlNiE columnCount5_keaLWVlNiE\" style=\"column-fill: balance;margin-bottom: 1.5rem;column-count: 5\"><\/div>\n<\/li>\n<\/ul>\n<hr style=\"text-align: center\">\n<p style=\"text-align: left\"><strong>Especificaciones t\u00e9cnicas<\/strong><\/p>\n<ul>\n<li>\n<div style=\"text-align: left\"><strong>Sonda macro LAOWA 24mm f\/14 2X Canon RF<\/strong><\/div>\n<p><strong><\/p>\n<div style=\"text-align: left\"><strong>Modelo:<\/strong> VE2414RF<\/div>\n<p><\/strong><strong>Secci\u00f3n:<\/strong> Objetivo<br \/><strong>Subsecci\u00f3n:<\/strong> Macro<br \/><strong>SubSubsecci\u00f3n:<\/strong> Objetivos para Canon RF<\/li>\n<\/ul>\n<p><\/p>\n<ul>\n<li><strong>Distancia focal:<\/strong> 24 mm<\/li>\n<li><strong>Apertura m\u00e1xima:<\/strong> f\/14<\/li>\n<li><strong>Apertura m\u00ednima:<\/strong> f\/40<\/li>\n<li><strong>Construcci\u00f3n \u00f3ptica:<\/strong> 27 elementos en 19 grupos.<\/li>\n<li><strong>Compatibilidad:<\/strong> Fotograma completo (Canon RF) y APS-C.<\/li>\n<li><strong>\u00c1ngulo de visi\u00f3n:<\/strong> 85\u00b0.<\/li>\n<li><strong>Distancia m\u00ednima de enfoque:<\/strong> 47 cm.<\/li>\n<li><strong>Distancia de trabajo:<\/strong> 0.8&#8243;.<\/li>\n<li><strong>Aumento m\u00e1ximo:<\/strong> 2:1.<\/li>\n<li><strong>Reproducci\u00f3n macro:<\/strong> 2x.<\/li>\n<li><strong>Filtro:<\/strong> No aplicable.<\/li>\n<li><strong>Dimensiones:<\/strong> 38 x 408 mm (di\u00e1metro x largo).<\/li>\n<li><strong>Peso:<\/strong> 474 g.&nbsp;<\/li>\n<\/ul>\n<ul>\n<li><b>EAN: <\/b>6940486702323<\/li>\n<li><b>REF: <\/b>VE2414RF<\/li>\n<\/ul>\n<p><\/p>\n<hr>\n<p><strong>Embalaje<\/strong><\/p>\n<ul>\n<li>Peso del paquete: 2,11 kg.<\/li>\n<li>Dimensiones del paquete: 20,4 x 8,8 x 5,8 cm.<\/li>\n<\/ul>\n<hr>\n<p><strong>Informaci\u00f3n adicional<\/strong><br \/>Nota: Im\u00e1genes ilustrativas. Equipo ilustrativo no incluido. Consulte el contenido y las especificaciones del paquete para obtener m\u00e1s detalles.  <\/p>\n","protected":false},"excerpt":{"rendered":"<p>Sonda macro LAOWA 24mm f\/14 2X para Canon RF Funciones Focal: 24 mm Apertura m\u00e1xima: f\/14 Apertura m\u00ednima: f\/40 Compatible<\/p>\n","protected":false},"featured_media":49935,"comment_status":"closed","ping_status":"closed","template":"","meta":{"_acf_changed":false},"product_brand":[2682],"product_cat":[1062],"product_tag":[],"class_list":{"0":"post-84095","1":"product","2":"type-product","3":"status-publish","4":"has-post-thumbnail","6":"product_brand-laowa-es","7":"product_cat-mirrorless-objectivos","8":"pa_abertura-maxima-f-14-es","9":"pa_cor-negro","10":"pa_designs-especiais-macro-es","11":"pa_diametro-no-tiene","12":"pa_estabilizacao-de-imagem-no","13":"pa_montagem-da-objetiva-canon-rf-es","14":"pa_sensor-fotograma-completo","15":"pa_tipo-de-foco-enfoque-manual","16":"pa_tipo-de-objetiva-gran-angular","17":"pa_zoom-fixa-fijo","19":"first","20":"onbackorder","21":"taxable","22":"shipping-taxable","23":"purchasable","24":"product-type-simple"},"bundled_by":[],"bundle_stock_status":"onbackorder","bundle_stock_quantity":null,"bundle_virtual":false,"bundle_layout":"","bundle_add_to_cart_form_location":"","bundle_editable_in_cart":false,"bundle_sold_individually_context":"","bundle_item_grouping":"","bundle_min_size":"","bundle_max_size":"","bundle_price":[],"bundled_items":[],"bundle_sell_ids":[],"acf":[],"_links":{"self":[{"href":"https:\/\/hi-techwonder.com\/es\/wp-json\/wp\/v2\/product\/84095","targetHints":{"allow":["GET"]}}],"collection":[{"href":"https:\/\/hi-techwonder.com\/es\/wp-json\/wp\/v2\/product"}],"about":[{"href":"https:\/\/hi-techwonder.com\/es\/wp-json\/wp\/v2\/types\/product"}],"replies":[{"embeddable":true,"href":"https:\/\/hi-techwonder.com\/es\/wp-json\/wp\/v2\/comments?post=84095"}],"wp:featuredmedia":[{"embeddable":true,"href":"https:\/\/hi-techwonder.com\/es\/wp-json\/wp\/v2\/media\/49935"}],"wp:attachment":[{"href":"https:\/\/hi-techwonder.com\/es\/wp-json\/wp\/v2\/media?parent=84095"}],"wp:term":[{"taxonomy":"product_brand","embeddable":true,"href":"https:\/\/hi-techwonder.com\/es\/wp-json\/wp\/v2\/product_brand?post=84095"},{"taxonomy":"product_cat","embeddable":true,"href":"https:\/\/hi-techwonder.com\/es\/wp-json\/wp\/v2\/product_cat?post=84095"},{"taxonomy":"product_tag","embeddable":true,"href":"https:\/\/hi-techwonder.com\/es\/wp-json\/wp\/v2\/product_tag?post=84095"}],"curies":[{"name":"wp","href":"https:\/\/api.w.org\/{rel}","templated":true}]}}