{"id":84102,"date":"2025-07-24T09:31:39","date_gmt":"2025-07-24T09:31:39","guid":{"rendered":"https:\/\/hi-techwonder.com\/product\/ttartisan-75mm-f-1-5-swirly-bokeh-m42\/"},"modified":"2026-02-13T15:11:45","modified_gmt":"2026-02-13T15:11:45","slug":"ttartisan-75mm-f-1-5-swirly-bokeh-m42","status":"publish","type":"product","link":"https:\/\/hi-techwonder.com\/es\/producto\/ttartisan-75mm-f-1-5-swirly-bokeh-m42\/","title":{"rendered":"TTArtisan 75mm f\/1.5 Swirly Bokeh &#8211; M42"},"content":{"rendered":"<h3><strong>TTArtisan 75mm f\/1.5 Swirly Bokeh &#8211; M42<\/strong><\/h3>\n<div class=\"vc_row wpb_row vc_row-fluid\">\n<div class=\"wpb_column vc_column_container vc_col-sm-12\">\n<div class=\"vc_column-inner\">\n<div class=\"wpb_wrapper\">\n<div class=\"wpb_text_column wpb_content_element\">\n<div class=\"wpb_wrapper\">\n<p>El TTArtisan 75mm f\/1.5 Swirly Bokeh es un teleobjetivo corto que ofrece una encantadora est\u00e9tica vintage que es ideal para retratos creativos. Con una apertura m\u00e1xima de f\/1.5, este objetivo le permite capturar escenas con poca luz y crear un efecto bokeh en espiral \u00fanico que da una sensaci\u00f3n de movimiento a las im\u00e1genes. El dise\u00f1o robusto de aluminio aeron\u00e1utico proporciona una durabilidad excepcional y una agradable sensaci\u00f3n t\u00e1ctil gracias al anillo de apertura de clic. Con un adaptador de montura opcional, este objetivo es compatible con muchas c\u00e1maras modernas, excepto con las c\u00e1maras Nikon con montura F.<\/p>\n<\/div>\n<\/div>\n<\/div>\n<\/div>\n<\/div>\n<\/div>\n<div class=\"vc_row wpb_row vc_row-fluid\">\n<div class=\"wpb_column vc_column_container vc_col-sm-12\">\n<div class=\"vc_column-inner\">\n<div class=\"wpb_wrapper\">\n<div class=\"wpb_gallery wpb_content_element vc_clearfix wpb_content_element\">\n<div class=\"wpb_wrapper\">\n<div class=\"wpb_gallery_slides wpb_image_grid\" data-interval=\"3\">\n<p><a class=\"\" href=\"https:\/\/ttartisan.pt\/wp-content\/uploads\/2024\/11\/DSC03046.jpg\" data-lightbox=\"lightbox[rel-30802-3689138581]\" target=\"_blank\" rel=\"noopener\"><picture class=\"attachment-thumbnail\" title=\"DSC03046\"><source srcset=\"https:\/\/ttartisan.pt\/wp-content\/uploads\/2024\/11\/DSC03046-150x150.jpg.avif 150w, https:\/\/ttartisan.pt\/wp-content\/uploads\/2024\/11\/DSC03046-300x300.jpg.avif 300w, https:\/\/ttartisan.pt\/wp-content\/uploads\/2024\/11\/DSC03046-100x100.jpg.avif 100w\" type=\"image\/avif\" sizes=\"auto, (max-width: 150px) 100vw, 150px\" \/><img loading=\"lazy\" decoding=\"async\" src=\"https:\/\/ttartisan.pt\/wp-content\/uploads\/2024\/11\/DSC03046-150x150.jpg\" sizes=\"auto, (max-width: 150px) 100vw, 150px\" srcset=\"https:\/\/ttartisan.pt\/wp-content\/uploads\/2024\/11\/DSC03046-150x150.jpg 150w, https:\/\/ttartisan.pt\/wp-content\/uploads\/2024\/11\/DSC03046-300x300.jpg 300w, https:\/\/ttartisan.pt\/wp-content\/uploads\/2024\/11\/DSC03046-100x100.jpg 100w\" alt=\"\" width=\"150\" height=\"150\"><\/picture><\/a><a class=\"\" href=\"https:\/\/ttartisan.pt\/wp-content\/uploads\/2024\/11\/DSC03063.jpg\" data-lightbox=\"lightbox[rel-30802-3689138581]\" target=\"_blank\" rel=\"noopener\"><picture class=\"attachment-thumbnail\" title=\"DSC03063\"><img loading=\"lazy\" decoding=\"async\" src=\"https:\/\/ttartisan.pt\/wp-content\/uploads\/2024\/11\/DSC03063-150x150.jpg\" sizes=\"auto, (max-width: 150px) 100vw, 150px\" srcset=\"https:\/\/ttartisan.pt\/wp-content\/uploads\/2024\/11\/DSC03063-150x150.jpg 150w, https:\/\/ttartisan.pt\/wp-content\/uploads\/2024\/11\/DSC03063-300x300.jpg 300w, https:\/\/ttartisan.pt\/wp-content\/uploads\/2024\/11\/DSC03063-100x100.jpg 100w\" alt=\"\" width=\"150\" height=\"150\"><\/picture><\/a><a class=\"\" href=\"https:\/\/ttartisan.pt\/wp-content\/uploads\/2024\/11\/DSC03051.jpg\" data-lightbox=\"lightbox[rel-30802-3689138581]\" target=\"_blank\" rel=\"noopener\"><picture class=\"attachment-thumbnail\" title=\"DSC03051\"><img loading=\"lazy\" decoding=\"async\" src=\"https:\/\/ttartisan.pt\/wp-content\/uploads\/2024\/11\/DSC03051-150x150.jpg\" sizes=\"auto, (max-width: 150px) 100vw, 150px\" srcset=\"https:\/\/ttartisan.pt\/wp-content\/uploads\/2024\/11\/DSC03051-150x150.jpg 150w, https:\/\/ttartisan.pt\/wp-content\/uploads\/2024\/11\/DSC03051-300x300.jpg 300w, https:\/\/ttartisan.pt\/wp-content\/uploads\/2024\/11\/DSC03051-100x100.jpg 100w\" alt=\"\" width=\"150\" height=\"150\"><\/picture><\/a><\/p>\n<\/div>\n<\/div>\n<\/div>\n<\/div>\n<\/div>\n<\/div>\n<\/div>\n<div class=\"vc_row wpb_row vc_row-fluid\">\n<div class=\"wpb_column vc_column_container vc_col-sm-12\">\n<div class=\"vc_column-inner\">\n<div class=\"wpb_wrapper\">\n<div class=\"wpb_text_column wpb_content_element\">\n<div class=\"wpb_wrapper\">\n<p><strong>Caracter\u00edsticas principales<\/strong><\/p>\n<ul>\n<li><strong>Efecto Bokeh en espiral<\/strong>: Est\u00e9tica vintage con bokeh en espiral que agrega encanto y movimiento a los retratos.<\/li>\n<li><strong>Construcci\u00f3n robusta: Cuerpo<\/strong> en aluminio aeron\u00e1utico con tapas de lentes met\u00e1licas, lo que garantiza resistencia y durabilidad.<\/li>\n<li><strong>Diafragma de 13 hojas<\/strong>: Crea un bokeh suave y llamativo en el fondo.<\/li>\n<li><strong>Enfoque manual preciso<\/strong>: Le permite ajustar el enfoque manualmente para un control preciso a una distancia m\u00ednima de 75 cm.<\/li>\n<li><strong>Anillo de apertura de clic<\/strong>: Proporciona una respuesta t\u00e1ctil precisa para ajustes de apertura intuitivos.<\/li>\n<li><strong>Compatibilidad flexible con M42<\/strong>: Con adaptador, se puede usar en muchas c\u00e1maras modernas, excepto en la montura F de Nikon.<a class=\"\" href=\"https:\/\/ttartisan.pt\/wp-content\/uploads\/2024\/11\/DSC02985.jpg\" data-lightbox=\"lightbox[rel-30802-2962852020]\" target=\"_blank\" rel=\"noopener\"><picture class=\"attachment-thumbnail\" title=\"DSC02985\"><source srcset=\"https:\/\/ttartisan.pt\/wp-content\/uploads\/2024\/11\/DSC02985-150x150.jpg.avif 150w, https:\/\/ttartisan.pt\/wp-content\/uploads\/2024\/11\/DSC02985-300x300.jpg.avif 300w, https:\/\/ttartisan.pt\/wp-content\/uploads\/2024\/11\/DSC02985-100x100.jpg.avif 100w\" type=\"image\/avif\" sizes=\"auto, (max-width: 150px) 100vw, 150px\" \/><\/picture><\/a><\/li>\n<li><a class=\"\" href=\"https:\/\/ttartisan.pt\/wp-content\/uploads\/2024\/11\/DSC02985.jpg\" data-lightbox=\"lightbox[rel-30802-2962852020]\" target=\"_blank\" rel=\"noopener\"><picture class=\"attachment-thumbnail\" title=\"DSC02985\"><img loading=\"lazy\" decoding=\"async\" src=\"https:\/\/ttartisan.pt\/wp-content\/uploads\/2024\/11\/DSC02985-150x150.jpg\" sizes=\"auto, (max-width: 150px) 100vw, 150px\" srcset=\"https:\/\/ttartisan.pt\/wp-content\/uploads\/2024\/11\/DSC02985-150x150.jpg 150w, https:\/\/ttartisan.pt\/wp-content\/uploads\/2024\/11\/DSC02985-300x300.jpg 300w, https:\/\/ttartisan.pt\/wp-content\/uploads\/2024\/11\/DSC02985-100x100.jpg 100w\" alt=\"\" width=\"150\" height=\"150\"><\/picture><\/a><a class=\"\" href=\"https:\/\/ttartisan.pt\/wp-content\/uploads\/2024\/11\/DSC03021.jpg\" data-lightbox=\"lightbox[rel-30802-2962852020]\" target=\"_blank\" rel=\"noopener\"><picture class=\"attachment-thumbnail\" title=\"DSC03021\"><source srcset=\"https:\/\/ttartisan.pt\/wp-content\/uploads\/2024\/11\/DSC03021-150x150.jpg.avif 150w, https:\/\/ttartisan.pt\/wp-content\/uploads\/2024\/11\/DSC03021-300x300.jpg.avif 300w, https:\/\/ttartisan.pt\/wp-content\/uploads\/2024\/11\/DSC03021-100x100.jpg.avif 100w\" type=\"image\/avif\" sizes=\"auto, (max-width: 150px) 100vw, 150px\" \/><img loading=\"lazy\" decoding=\"async\" src=\"https:\/\/ttartisan.pt\/wp-content\/uploads\/2024\/11\/DSC03021-150x150.jpg\" sizes=\"auto, (max-width: 150px) 100vw, 150px\" srcset=\"https:\/\/ttartisan.pt\/wp-content\/uploads\/2024\/11\/DSC03021-150x150.jpg 150w, https:\/\/ttartisan.pt\/wp-content\/uploads\/2024\/11\/DSC03021-300x300.jpg 300w, https:\/\/ttartisan.pt\/wp-content\/uploads\/2024\/11\/DSC03021-100x100.jpg 100w\" alt=\"\" width=\"150\" height=\"150\"><\/picture><\/a><a class=\"\" href=\"https:\/\/ttartisan.pt\/wp-content\/uploads\/2024\/11\/DSC03030.jpg\" data-lightbox=\"lightbox[rel-30802-2962852020]\" target=\"_blank\" rel=\"noopener\"><picture class=\"attachment-thumbnail\" title=\"DSC03030\"><source srcset=\"https:\/\/ttartisan.pt\/wp-content\/uploads\/2024\/11\/DSC03030-150x150.jpg.avif 150w, https:\/\/ttartisan.pt\/wp-content\/uploads\/2024\/11\/DSC03030-300x300.jpg.avif 300w, https:\/\/ttartisan.pt\/wp-content\/uploads\/2024\/11\/DSC03030-100x100.jpg.avif 100w\" type=\"image\/avif\" sizes=\"auto, (max-width: 150px) 100vw, 150px\" \/><img loading=\"lazy\" decoding=\"async\" src=\"https:\/\/ttartisan.pt\/wp-content\/uploads\/2024\/11\/DSC03030-150x150.jpg\" sizes=\"auto, (max-width: 150px) 100vw, 150px\" srcset=\"https:\/\/ttartisan.pt\/wp-content\/uploads\/2024\/11\/DSC03030-150x150.jpg 150w, https:\/\/ttartisan.pt\/wp-content\/uploads\/2024\/11\/DSC03030-300x300.jpg 300w, https:\/\/ttartisan.pt\/wp-content\/uploads\/2024\/11\/DSC03030-100x100.jpg 100w\" alt=\"\" width=\"150\" height=\"150\"><\/picture><\/a><\/li>\n<\/ul>\n<\/div>\n<\/div>\n<\/div>\n<\/div>\n<\/div>\n<\/div>\n<div class=\"vc_row wpb_row vc_row-fluid\">\n<div class=\"wpb_column vc_column_container vc_col-sm-12\">\n<div class=\"vc_column-inner\">\n<div class=\"wpb_wrapper\">\n<div class=\"wpb_gallery wpb_content_element vc_clearfix wpb_content_element\">\n<div class=\"wpb_wrapper\">\n<div class=\"wpb_gallery_slides wpb_image_grid\" data-interval=\"3\"><\/div>\n<\/div>\n<\/div>\n<\/div>\n<\/div>\n<\/div>\n<\/div>\n<div class=\"vc_row wpb_row vc_row-fluid\">\n<div class=\"wpb_column vc_column_container vc_col-sm-12\">\n<div class=\"vc_column-inner\">\n<div class=\"wpb_wrapper\">\n<div class=\"wpb_text_column wpb_content_element\">\n<div class=\"wpb_wrapper\">\n<p><strong>Caracter\u00edsticas t\u00e9cnicas<\/strong><\/p>\n<ul>\n<li><strong>Apertura m\u00e1xima\/m\u00ednima<\/strong>: f\/1.5 \u2013 f\/16<\/li>\n<li><strong>Montaje<\/strong>: M42<\/li>\n<li><strong>Cobertura de formato<\/strong>: Fotograma completo<\/li>\n<li><strong>\u00c1ngulo de visi\u00f3n<\/strong>: 32\u00b0<\/li>\n<li><strong>Distancia m\u00ednima de enfoque<\/strong>: 75 cm<\/li>\n<li><strong>Dise\u00f1o \u00f3ptico<\/strong>: 6 elementos en 4 grupos<\/li>\n<li><strong>Hojas de diafragma<\/strong>: 13<\/li>\n<li><strong>Tipo de enfoque<\/strong>: Manual<\/li>\n<li><strong>Estabilizaci\u00f3n de imagen<\/strong>: No<\/li>\n<li><strong>Tama\u00f1o del filtro<\/strong>: 58 mm<\/li>\n<li><strong>Peso aproximado<\/strong>: 560-670g<\/li>\n<\/ul>\n<\/div>\n<\/div>\n<\/div>\n<\/div>\n<\/div>\n<\/div>\n","protected":false},"excerpt":{"rendered":"<ul>\n<li>Teleobjetivo para retratos con apertura f\/1.5 para montura M42.<\/li>\n<li>Cl\u00e1sico efecto bokeh arremolinado para una est\u00e9tica vintage.<\/li>\n<li>Enfoque manual y construcci\u00f3n de aluminio aeron\u00e1utico.<\/li>\n<li>Anillo de apertura con clic y diafragma de 13 hojas.<\/li>\n<li>Compatible con c\u00e1maras modernas con adaptador (excepto montura Nikon F).<\/li>\n<\/ul>\n","protected":false},"featured_media":15953,"comment_status":"closed","ping_status":"closed","template":"","meta":{"_acf_changed":false},"product_brand":[2545],"product_cat":[1062],"product_tag":[],"class_list":{"0":"post-84102","1":"product","2":"type-product","3":"status-publish","4":"has-post-thumbnail","6":"product_brand-ttartisan-es","7":"product_cat-mirrorless-objectivos","8":"pa_abertura-maxima-f-1-5-es","9":"pa_cor-negro","10":"pa_cor-plata","11":"pa_designs-especiais-otros-disenos-especiales","12":"pa_diametro-58mm-es","13":"pa_estabilizacao-de-imagem-no","14":"pa_montagem-da-objetiva-m42-es","15":"pa_sensor-fotograma-completo","16":"pa_tipo-de-foco-enfoque-manual","17":"pa_tipo-de-objetiva-teleobjetivo","18":"pa_zoom-fixa-fijo","20":"first","21":"instock","22":"taxable","23":"shipping-taxable","24":"purchasable","25":"product-type-variable"},"bundled_by":[],"bundle_stock_status":"instock","bundle_stock_quantity":null,"bundle_virtual":false,"bundle_layout":"","bundle_add_to_cart_form_location":"","bundle_editable_in_cart":false,"bundle_sold_individually_context":"","bundle_item_grouping":"","bundle_min_size":"","bundle_max_size":"","bundle_price":[],"bundled_items":[],"bundle_sell_ids":[],"acf":[],"_links":{"self":[{"href":"https:\/\/hi-techwonder.com\/es\/wp-json\/wp\/v2\/product\/84102","targetHints":{"allow":["GET"]}}],"collection":[{"href":"https:\/\/hi-techwonder.com\/es\/wp-json\/wp\/v2\/product"}],"about":[{"href":"https:\/\/hi-techwonder.com\/es\/wp-json\/wp\/v2\/types\/product"}],"replies":[{"embeddable":true,"href":"https:\/\/hi-techwonder.com\/es\/wp-json\/wp\/v2\/comments?post=84102"}],"wp:featuredmedia":[{"embeddable":true,"href":"https:\/\/hi-techwonder.com\/es\/wp-json\/wp\/v2\/media\/15953"}],"wp:attachment":[{"href":"https:\/\/hi-techwonder.com\/es\/wp-json\/wp\/v2\/media?parent=84102"}],"wp:term":[{"taxonomy":"product_brand","embeddable":true,"href":"https:\/\/hi-techwonder.com\/es\/wp-json\/wp\/v2\/product_brand?post=84102"},{"taxonomy":"product_cat","embeddable":true,"href":"https:\/\/hi-techwonder.com\/es\/wp-json\/wp\/v2\/product_cat?post=84102"},{"taxonomy":"product_tag","embeddable":true,"href":"https:\/\/hi-techwonder.com\/es\/wp-json\/wp\/v2\/product_tag?post=84102"}],"curies":[{"name":"wp","href":"https:\/\/api.w.org\/{rel}","templated":true}]}}