{"id":84106,"date":"2025-07-24T09:38:27","date_gmt":"2025-07-24T09:38:27","guid":{"rendered":"https:\/\/hi-techwonder.com\/product\/ttartisan-tilt-35mm-f1-4-aps-c\/"},"modified":"2026-02-13T17:30:00","modified_gmt":"2026-02-13T17:30:00","slug":"ttartisan-tilt-35mm-f1-4-aps-c","status":"publish","type":"product","link":"https:\/\/hi-techwonder.com\/es\/producto\/ttartisan-tilt-35mm-f1-4-aps-c\/","title":{"rendered":"TTArtisan Tilt 35mm F1.4 APS-C"},"content":{"rendered":"<h3>TTArtisan Tilt 35mm F1.4 APS-C<\/h3>\n<p><iframe loading=\"lazy\" title=\"TTArtisan Tilt 35mm F1.4 APS-C\" width=\"500\" height=\"281\" src=\"https:\/\/www.youtube.com\/embed\/adnqk9GJNrE?feature=oembed\" frameborder=\"0\" allow=\"accelerometer; autoplay; clipboard-write; encrypted-media; gyroscope; picture-in-picture; web-share\" referrerpolicy=\"strict-origin-when-cross-origin\" allowfullscreen><\/iframe><\/p>\n<p class=\"ds-markdown-paragraph\">D\u00e9 rienda suelta a su creatividad con el <strong>TTArtisan Tilt 35mm F1.4<\/strong>, un objetivo \u00fanico que combina la versatilidad de un <strong>35mm F1.4<\/strong> cl\u00e1sico con la magia <strong>de un mecanismo de inclinaci\u00f3n<\/strong>.<\/p>\n<p class=\"ds-markdown-paragraph\"><strong>Efecto <em>de aspecto en miniatura<\/em><\/strong><\/p>\n<p>\u00a1Convierte escenas reales en mundos en miniatura! Con la funci\u00f3n de <em>inclinaci\u00f3n<\/em>, los edificios, los autom\u00f3viles e incluso las personas obtienen un aspecto <em>de juguete<\/em>, perfecto para fotograf\u00eda art\u00edstica y videos <em>de moda<\/em> para las redes sociales. <\/p>\n<p class=\"ds-markdown-paragraph\"><strong><img loading=\"lazy\" decoding=\"async\" class=\"alignnone wp-image-31269\" src=\"https:\/\/hi-techwonder.com\/wp-content\/themes\/woodmart\/images\/lazy.svg\" data-src=\"https:\/\/ttartisan.pt\/wp-content\/uploads\/2025\/05\/DSC00107.jpg\" alt=\"\" width=\"600\" height=\"400\"> <img loading=\"lazy\" decoding=\"async\" class=\"alignnone wp-image-31271\" src=\"https:\/\/hi-techwonder.com\/wp-content\/themes\/woodmart\/images\/lazy.svg\" data-src=\"https:\/\/ttartisan.pt\/wp-content\/uploads\/2025\/05\/DSC08371.jpg\" alt=\"\" width=\"600\" height=\"400\"><\/strong><\/p>\n<p class=\"ds-markdown-paragraph\"><strong>Control avanzado del plano<\/strong><\/p>\n<p> de enfoqueA diferencia de un objetivo convencional, en el que s\u00f3lo los objetos del mismo plano son n\u00edtidos, el sistema de <strong>inclinaci\u00f3n (8\u00b0) + giro (360\u00b0)<\/strong> permite enfocar en diagonales, creando retratos surrealistas (por ejemplo, un ojo n\u00edtido y otro borroso) o paisajes con una profundidad \u00fanica.<\/p>\n<p class=\"ds-markdown-paragraph\"><strong>Dos lentes en uno<\/strong><\/p>\n<ul>\n<li class=\"ds-markdown-paragraph\"><strong>Modo normal (inclinaci\u00f3n de 0\u00b0):<\/strong> funciona como un <strong>cl\u00e1sico 35 mm F1.4<\/strong> , ideal para <em>fotograf\u00eda callejera<\/em>, retratos y <em>poca luz<\/em>.<\/li>\n<li class=\"ds-markdown-paragraph\"><strong>Modo activado por inclinaci\u00f3n<\/strong>: Efectos creativos con desenfoque selectivo y <em>efecto miniatura<\/em>.<\/li>\n<\/ul>\n<p class=\"ds-markdown-paragraph\"><strong><img loading=\"lazy\" decoding=\"async\" class=\"alignnone wp-image-31273\" src=\"https:\/\/hi-techwonder.com\/wp-content\/themes\/woodmart\/images\/lazy.svg\" data-src=\"https:\/\/ttartisan.pt\/wp-content\/uploads\/2025\/05\/tilted-TTArtisan-35mm-F1.4-Tilt-1-640-s-ISO-100-101.jpg\" alt=\"\" width=\"600\" height=\"400\"><\/strong><\/p>\n<p class=\"ds-markdown-paragraph\"><strong>Construcci\u00f3n premium<\/strong><\/p>\n<ul>\n<li class=\"ds-markdown-paragraph\"><strong>Cuerpo met\u00e1lico<\/strong> robusto y compacto.<\/li>\n<li class=\"ds-markdown-paragraph\"><strong>10 hojas de diafragma<\/strong> : <em>bokeh<\/em> suave y natural.<\/li>\n<li class=\"ds-markdown-paragraph\"><strong>Rueda de enfoque manual de precisi\u00f3n<\/strong> .<\/li>\n<\/ul>\n<p class=\"ds-markdown-paragraph\">\u26a0 <strong>Advertencia:<\/strong> <em>La inclinaci\u00f3n<\/em> puede aumentar el vi\u00f1eteado en un lado de la imagen, un efecto normal en lentes de este tipo, que puede corregirse en postproducci\u00f3n o usarse art\u00edsticamente.<\/p>\n<h4><strong><img loading=\"lazy\" decoding=\"async\" class=\"alignnone wp-image-31275\" src=\"https:\/\/hi-techwonder.com\/wp-content\/themes\/woodmart\/images\/lazy.svg\" data-src=\"https:\/\/ttartisan.pt\/wp-content\/uploads\/2025\/05\/P4170136-%E5%B7%B2%E5%A2%9E%E5%BC%BA-NR-1-%E5%B7%B2%E9%94%90%E5%8C%96.jpg\" alt=\"\" width=\"600\" height=\"450\"><\/strong><\/h4>\n<h4><strong>Especificaciones t\u00e9cnicas<\/strong><\/h4>\n<div class=\"markdown-table-wrapper\">\n<table>\n<thead>\n<tr>\n<th><strong>Categor\u00eda<\/strong><\/th>\n<th><strong>Especificaci\u00f3n<\/strong><\/th>\n<\/tr>\n<\/thead>\n<tbody>\n<tr>\n<td><strong>Montura<\/strong><\/td>\n<td>Montura E de Sony, montura X de Fujifilm, montura Z de Nikon, montura RF de Canon, Micro Cuatro Tercios<\/td>\n<\/tr>\n<tr>\n<td><strong>Compatibilidad<\/strong><\/td>\n<td>C\u00e1maras <em>mirrorless<\/em> APS-C y Full Frame (modo APS-C). No es compatible con DSLR. <\/td>\n<\/tr>\n<tr>\n<td><strong>Distancia<\/strong><\/td>\n<p> focal<\/p>\n<td>35 mm (equivalente a ~ 52,5 mm en APS-C, 70 mm en M4 \/ 3)<\/td>\n<\/tr>\n<tr>\n<td><strong>Apertura<\/strong><\/td>\n<p> m\u00e1xima<\/p>\n<td>F1.4<\/td>\n<\/tr>\n<tr>\n<td><strong>Apertura<\/strong><\/td>\n<p> m\u00ednima<\/p>\n<td>F16<\/td>\n<\/tr>\n<tr>\n<td><strong>Hojas de diafragma<\/strong><\/td>\n<td>10 hojas (bokeh suave y circular)<\/td>\n<\/tr>\n<tr>\n<td><strong>M\u00e9todo de<\/strong><\/td>\n<p> enfoque<\/p>\n<td>Enfoque manual (MF)<\/td>\n<\/tr>\n<tr>\n<td><strong>Inclinaci\u00f3n<\/strong><\/td>\n<p> mec\u00e1nica<\/p>\n<td>\u00c1ngulo de inclinaci\u00f3n ajustable hasta <strong>\u00b18\u00b0<\/strong><\/td>\n<\/tr>\n<tr>\n<td><strong>Rotaci\u00f3n<\/strong><\/td>\n<td>Mecanismo giratorio de <strong>360\u00b0<\/strong> (con marcas de 15\u00b0 y puntos de parada)<\/td>\n<\/tr>\n<tr>\n<td><strong>Min Dist. de Enfoque  <\/strong><\/td>\n<td>0,35 metros<\/td>\n<\/tr>\n<tr>\n<td><strong>Elementos<\/strong><\/td>\n<p> \u00f3pticos<\/p>\n<td>7 elementos en 6 grupos (incluidos elementos de alta refracci\u00f3n y baja dispersi\u00f3n)<\/td>\n<\/tr>\n<tr>\n<td><strong>Peso<\/strong><\/td>\n<td>~ 341-350 g (dependiendo de la montura)<\/td>\n<\/tr>\n<tr>\n<td><strong>Cuerpo<\/strong><\/td>\n<td>Metal (incluida la cubierta frontal de metal)<\/td>\n<\/tr>\n<tr>\n<td><strong>\u00c1ngulo de visi\u00f3n<\/strong><\/td>\n<td>~44\u00b0 (APS-C)<\/td>\n<\/tr>\n<tr>\n<td><strong>Portada<\/strong><\/td>\n<td>Incluido (met\u00e1lico)<\/td>\n<\/tr>\n<tr>\n<td><strong>Contraportada<\/strong><\/td>\n<td>Incluido<\/td>\n<\/tr>\n<tr>\n<td><strong>Accesorios<\/strong><\/td>\n<td>Caja, manual de usuario, tarjeta de garant\u00eda<\/td>\n<\/tr>\n<\/tbody>\n<\/table>\n<\/div>\n<hr>\n<h4><strong>Caracter\u00edsticas especiales<\/strong><\/h4>\n<div class=\"markdown-table-wrapper\">\n<table>\n<thead>\n<tr>\n<th><strong>Caracter\u00edstica<\/strong><\/th>\n<th><strong>Descripci\u00f3n<\/strong><\/th>\n<\/tr>\n<\/thead>\n<tbody>\n<tr>\n<p>Efecto <\/p>\n<td><strong>miniatura<\/strong><\/td>\n<td>Incline el plano de enfoque para crear un efecto de \u00abmodelo de juguete\u00bb.<\/td>\n<\/tr>\n<tr>\n<td><strong>Control<\/strong><\/td>\n<p> art\u00edstico<\/p>\n<td>Posibilidad de difuminar selectivamente las \u00e1reas (por ejemplo, un ojo n\u00edtido, un ojo borroso).<\/td>\n<\/tr>\n<tr>\n<td><strong>Imagen circular<\/strong><\/td>\n<td>C\u00edrculo de imagen ancho para permitir la inclinaci\u00f3n sin recorte severo. El vi\u00f1eteado aumenta con la pendiente. <\/td>\n<\/tr>\n<tr>\n<td><strong>Doble uso<\/strong><\/td>\n<td>Funciona como una lente normal (inclinaci\u00f3n de 0\u00b0) o inclinaci\u00f3n para efectos creativos.<\/td>\n<\/tr>\n<tr>\n<td><strong>Gran inauguraci\u00f3n<\/strong><\/td>\n<td>F1.4 ideal para <em>bokeh<\/em> cremoso y poca luz.<\/td>\n<\/tr>\n<\/tbody>\n<\/table>\n<\/div>\n","protected":false},"excerpt":{"rendered":"<ul>\n<li class=\"ds-markdown-paragraph\"><strong>Lente inclinable de 35 mm F1.4<\/strong> para efectos creativos y <em>apariencia en miniatura<\/em><\/li>\n<li class=\"ds-markdown-paragraph\"><strong>Inclinaci\u00f3n de hasta 8\u00b0 + rotaci\u00f3n de 360\u00b0<\/strong> : control total del plano de enfoque<\/li>\n<li class=\"ds-markdown-paragraph\"><strong>Gran apertura F1.4<\/strong> : <em>bokeh<\/em> cremoso y rendimiento con poca luz<\/li>\n<li class=\"ds-markdown-paragraph\"><strong>Compatible con c\u00e1maras <em>sin espejo<\/em> APS-C<\/strong> (Sony E, Fuji X, Nikon Z, Canon RF, M4\/3)<\/li>\n<li class=\"ds-markdown-paragraph\"><strong>Cuerpo de metal<\/strong> : construcci\u00f3n compacta de primera calidad (aprox. 350 g)<\/li>\n<li class=\"ds-markdown-paragraph\"><strong>Distancia m\u00ednima de enfoque: 0,35 m,<\/strong> ideal para primeros planos creativos<\/li>\n<\/ul>\n","protected":false},"featured_media":16242,"comment_status":"closed","ping_status":"open","template":"","meta":{"_acf_changed":false},"product_brand":[2545],"product_cat":[1062],"product_tag":[],"class_list":{"0":"post-84106","1":"product","2":"type-product","3":"status-publish","4":"has-post-thumbnail","6":"product_brand-ttartisan-es","7":"product_cat-mirrorless-objectivos","8":"pa_abertura-maxima-f-1-4-es","9":"pa_cor-negro","10":"pa_designs-especiais-tilt-shift-es","11":"pa_diametro-52mm-es","12":"pa_estabilizacao-de-imagem-no","13":"pa_montagem-da-objetiva-canon-rf-es","14":"pa_montagem-da-objetiva-fujifilm-x-es","15":"pa_montagem-da-objetiva-micro-4-3-es","16":"pa_montagem-da-objetiva-nikon-z-es","17":"pa_montagem-da-objetiva-sony-e-es","18":"pa_sensor-aps-c-es","19":"pa_sensor-micro-cuatro-tercios","20":"pa_tipo-de-foco-enfoque-manual","21":"pa_tipo-de-objetiva-estandar","22":"pa_tipo-de-objetiva-teleobjetivo","23":"pa_zoom-fixa-fijo","25":"first","26":"instock","27":"taxable","28":"shipping-taxable","29":"purchasable","30":"product-type-variable"},"bundled_by":[],"bundle_stock_status":"instock","bundle_stock_quantity":null,"bundle_virtual":false,"bundle_layout":"","bundle_add_to_cart_form_location":"","bundle_editable_in_cart":false,"bundle_sold_individually_context":"","bundle_item_grouping":"","bundle_min_size":"","bundle_max_size":"","bundle_price":[],"bundled_items":[],"bundle_sell_ids":[],"acf":[],"_links":{"self":[{"href":"https:\/\/hi-techwonder.com\/es\/wp-json\/wp\/v2\/product\/84106","targetHints":{"allow":["GET"]}}],"collection":[{"href":"https:\/\/hi-techwonder.com\/es\/wp-json\/wp\/v2\/product"}],"about":[{"href":"https:\/\/hi-techwonder.com\/es\/wp-json\/wp\/v2\/types\/product"}],"replies":[{"embeddable":true,"href":"https:\/\/hi-techwonder.com\/es\/wp-json\/wp\/v2\/comments?post=84106"}],"wp:featuredmedia":[{"embeddable":true,"href":"https:\/\/hi-techwonder.com\/es\/wp-json\/wp\/v2\/media\/16242"}],"wp:attachment":[{"href":"https:\/\/hi-techwonder.com\/es\/wp-json\/wp\/v2\/media?parent=84106"}],"wp:term":[{"taxonomy":"product_brand","embeddable":true,"href":"https:\/\/hi-techwonder.com\/es\/wp-json\/wp\/v2\/product_brand?post=84106"},{"taxonomy":"product_cat","embeddable":true,"href":"https:\/\/hi-techwonder.com\/es\/wp-json\/wp\/v2\/product_cat?post=84106"},{"taxonomy":"product_tag","embeddable":true,"href":"https:\/\/hi-techwonder.com\/es\/wp-json\/wp\/v2\/product_tag?post=84106"}],"curies":[{"name":"wp","href":"https:\/\/api.w.org\/{rel}","templated":true}]}}