{"id":84114,"date":"2025-07-24T09:28:27","date_gmt":"2025-07-24T09:28:27","guid":{"rendered":"https:\/\/hi-techwonder.com\/product\/ttartisan-af-75mm-f-2\/"},"modified":"2026-04-22T13:37:53","modified_gmt":"2026-04-22T12:37:53","slug":"ttartisan-af-75mm-f-2","status":"publish","type":"product","link":"https:\/\/hi-techwonder.com\/es\/producto\/ttartisan-af-75mm-f-2\/","title":{"rendered":"TTArtisan AF 75mm f\/2"},"content":{"rendered":"<h3><strong>TTArtisan AF 75mm f\/2<\/strong><\/h3>\n<p><iframe loading=\"lazy\" title=\"TTArtisan AF 75mm f\/2\" width=\"500\" height=\"281\" src=\"https:\/\/www.youtube.com\/embed\/KiMORTMPl-Q?feature=oembed\" frameborder=\"0\" allow=\"accelerometer; autoplay; clipboard-write; encrypted-media; gyroscope; picture-in-picture; web-share\" referrerpolicy=\"strict-origin-when-cross-origin\" allowfullscreen><\/iframe><\/p>\n<div class=\"vc_row wpb_row vc_row-fluid\">\n<div class=\"wpb_column vc_column_container vc_col-sm-12\">\n<div class=\"vc_column-inner\">\n<div class=\"wpb_wrapper\">\n<div class=\"wpb_text_column wpb_content_element\">\n<div class=\"wpb_wrapper\">\n<p>Presentamos el primer objetivo AF para sensores de fotograma completo TTArtisan, el \u00fanico AF 75mm f\/2. Este objetivo, con una distancia focal para fot\u00f3grafos de retratos, tiene un dise\u00f1o \u00f3ptico de primera calidad y un enfoque autom\u00e1tico preciso y sensible, pero es extremadamente ligero. Con solo 328-340 g, puede usar la lente todo el d\u00eda sin que el peso le moleste.<\/p>\n<p>La distancia focal de 75 mm se considera el est\u00e1ndar de oro para la fotograf\u00eda de retratos, manteniendo intactas las proporciones del modelo. Ya sea fotograf\u00eda de primeros planos, busto o cuerpo completo, le permite capturar la belleza natural del sujeto y lograr resultados sorprendentes.<\/p>\n<\/div>\n<\/div>\n<\/div>\n<\/div>\n<\/div>\n<\/div>\n<div class=\"vc_row wpb_row vc_row-fluid\">\n<div class=\"wpb_column vc_column_container vc_col-sm-12\">\n<div class=\"vc_column-inner\">\n<div class=\"wpb_wrapper\">\n<div class=\"wpb_single_image wpb_content_element vc_align_left wpb_content_element\">\n<figure class=\"wpb_wrapper vc_figure\">\n<div class=\"vc_single_image-wrapper vc_box_border_grey\"><picture class=\"vc_single_image-img\" title=\"DSC02931\"><source srcset=\"https:\/\/ttartisan.pt\/wp-content\/uploads\/2024\/09\/DSC02931-752x501.jpg.avif\" type=\"image\/avif\" \/><img loading=\"lazy\" decoding=\"async\" src=\"https:\/\/ttartisan.pt\/wp-content\/uploads\/2024\/09\/DSC02931-752x501.jpg\" alt=\"DSC02931\" width=\"752\" height=\"501\" \/><\/picture><\/div>\n<\/figure>\n<\/div>\n<\/div>\n<\/div>\n<\/div>\n<\/div>\n<div class=\"vc_row wpb_row vc_row-fluid\">\n<div class=\"wpb_column vc_column_container vc_col-sm-12\">\n<div class=\"vc_column-inner\">\n<div class=\"wpb_wrapper\">\n<div class=\"wpb_text_column wpb_content_element\">\n<div class=\"wpb_wrapper\">\n<h4>Caracter\u00edsticas principales<\/h4>\n<ul>\n<li>Con su amplia apertura, enfoque autom\u00e1tico y peso pluma, el TTArtisan AF 75mm f\/2 es perfecto para fotografiar una variedad de sujetos, lo que lo convierte en su distancia focal ideal para retratos. La gran apertura permite un aislamiento perfecto del sujeto, creando un bokeh suave y cremoso.<\/li>\n<li>Adopta una estructura tipo motor STM + tornillo de avance, que proporciona un enfoque autom\u00e1tico silencioso y r\u00e1pido para ayudar a capturar los momentos m\u00e1s memorables.<\/li>\n<li>La precisi\u00f3n de enfoque proporcionada por la detecci\u00f3n ocular facilita la captura de im\u00e1genes, lo que garantiza que el sujeto est\u00e9 enfocado. Esto tambi\u00e9n es beneficioso para seguir al sujeto durante la grabaci\u00f3n de video, lo que garantiza im\u00e1genes fluidas y enfocadas.<\/li>\n<li>El dise\u00f1o \u00f3ptico de la lente incluye diez elementos de lente en siete grupos. Entre estos diez elementos de lente se encuentran un elemento ED y cuatro elementos de alto \u00edndice, que trabajan juntos para reducir la dispersi\u00f3n y la aberraci\u00f3n crom\u00e1tica.<\/li>\n<li>Un anillo de apertura de diafragma de clic permite realizar ajustes r\u00e1pidamente, directamente en la lente.<\/li>\n<li>El cuerpo y la montura del objetivo est\u00e1n hechos de metal, lo que contribuye a su construcci\u00f3n duradera y ligera. Un puerto USB-C integrado en la cubierta trasera de la lente permite actualizaciones de firmware.<\/li>\n<\/ul>\n<\/div>\n<\/div>\n<\/div>\n<\/div>\n<\/div>\n<\/div>\n<div class=\"vc_row wpb_row vc_row-fluid\">\n<div class=\"wpb_column vc_column_container vc_col-sm-12\">\n<div class=\"vc_column-inner\">\n<div class=\"wpb_wrapper\">\n<div class=\"wpb_gallery wpb_content_element vc_clearfix wpb_content_element\">\n<div class=\"wpb_wrapper\">\n<h2 class=\"wpb_heading wpb_gallery_heading\">Actualizar firmware<\/h2>\n<div class=\"wpb_gallery_slides wpb_image_grid\" data-interval=\"3\">\n<p><a class=\"\" href=\"https:\/\/ttartisan.pt\/wp-content\/uploads\/2024\/09\/DSC02940.jpg\" data-lightbox=\"lightbox[rel-30702-3575112381]\" target=\"_blank\" rel=\"noopener\"><picture class=\"attachment-thumbnail\" title=\"DSC02940\"><source srcset=\"https:\/\/ttartisan.pt\/wp-content\/uploads\/2024\/09\/DSC02940-150x150.jpg.avif 150w, https:\/\/ttartisan.pt\/wp-content\/uploads\/2024\/09\/DSC02940-300x300.jpg.avif 300w, https:\/\/ttartisan.pt\/wp-content\/uploads\/2024\/09\/DSC02940-100x100.jpg.avif 100w\" type=\"image\/avif\" sizes=\"auto, (max-width: 150px) 100vw, 150px\" \/><img loading=\"lazy\" decoding=\"async\" src=\"https:\/\/ttartisan.pt\/wp-content\/uploads\/2024\/09\/DSC02940-150x150.jpg\" sizes=\"auto, (max-width: 150px) 100vw, 150px\" srcset=\"https:\/\/ttartisan.pt\/wp-content\/uploads\/2024\/09\/DSC02940-150x150.jpg 150w, https:\/\/ttartisan.pt\/wp-content\/uploads\/2024\/09\/DSC02940-300x300.jpg 300w, https:\/\/ttartisan.pt\/wp-content\/uploads\/2024\/09\/DSC02940-100x100.jpg 100w\" alt=\"\" width=\"150\" height=\"150\"><\/picture><\/a><a class=\"\" href=\"https:\/\/ttartisan.pt\/wp-content\/uploads\/2024\/09\/Rear-lens-cap.jpg\" data-lightbox=\"lightbox[rel-30702-3575112381]\" target=\"_blank\" rel=\"noopener\"><picture class=\"attachment-thumbnail\" title=\"Tapa trasera del objetivo\"><source srcset=\"https:\/\/ttartisan.pt\/wp-content\/uploads\/2024\/09\/Rear-lens-cap-150x150.jpg.avif 150w, https:\/\/ttartisan.pt\/wp-content\/uploads\/2024\/09\/Rear-lens-cap-300x300.jpg.avif 300w, https:\/\/ttartisan.pt\/wp-content\/uploads\/2024\/09\/Rear-lens-cap-100x100.jpg.avif 100w\" type=\"image\/avif\" sizes=\"auto, (max-width: 150px) 100vw, 150px\" \/><img loading=\"lazy\" decoding=\"async\" src=\"https:\/\/ttartisan.pt\/wp-content\/uploads\/2024\/09\/Rear-lens-cap-150x150.jpg\" sizes=\"auto, (max-width: 150px) 100vw, 150px\" srcset=\"https:\/\/ttartisan.pt\/wp-content\/uploads\/2024\/09\/Rear-lens-cap-150x150.jpg 150w, https:\/\/ttartisan.pt\/wp-content\/uploads\/2024\/09\/Rear-lens-cap-300x300.jpg 300w, https:\/\/ttartisan.pt\/wp-content\/uploads\/2024\/09\/Rear-lens-cap-100x100.jpg 100w\" alt=\"\" width=\"150\" height=\"150\"><\/picture><\/a><\/p>\n<\/div>\n<\/div>\n<\/div>\n<\/div>\n<\/div>\n<\/div>\n<\/div>\n<div class=\"vc_row wpb_row vc_row-fluid\">\n<div class=\"wpb_column vc_column_container vc_col-sm-12\">\n<div class=\"vc_column-inner\">\n<div class=\"wpb_wrapper\">\n<div class=\"wpb_text_column wpb_content_element\">\n<div class=\"wpb_wrapper\">\n<h4>Caracter\u00edsticas t\u00e9cnicas<\/h4>\n<p>aperturafrontal<\/p>\n<table width=\"670\">\n<tbody>\n<tr>\n<td width=\"255\">M\u00e1xima<\/td>\n<td>f\/2<\/td>\n<\/tr>\n<tr>\n<td width=\"255\">Apertura m\u00ednima<\/td>\n<td>f\/16<\/td>\n<\/tr>\n<tr>\n<td width=\"255\">Montura de lente<\/td>\n<td>Sony E | Nikon Z | Montura L<\/td>\n<\/tr>\n<tr>\n<td width=\"255\">Cobertura de la forma de la lente<\/td>\n<td>Fotograma completo<\/td>\n<\/tr>\n<tr>\n<td width=\"255\">Distancia m\u00ednima de enfoque<\/td>\n<td>75cm<\/td>\n<\/tr>\n<tr>\n<td width=\"255\">\u00c1ngulo de visi\u00f3n<\/td>\n<td>32\u00ba<\/td>\n<\/tr>\n<tr>\n<td width=\"255\">Dise\u00f1o \u00f3ptico<\/td>\n<td>10 elementos en 7 grupos<\/td>\n<\/tr>\n<tr>\n<td width=\"255\">Hojas de diafragma<\/td>\n<td>9<\/td>\n<\/tr>\n<tr>\n<td width=\"255\">Tipo de enfoque<\/td>\n<td>Enfoque autom\u00e1tico<\/td>\n<\/tr>\n<tr>\n<td width=\"255\">Anillo de apertura<\/td>\n<td>Con clics<\/td>\n<\/tr>\n<tr>\n<td width=\"255\">Estabilizaci\u00f3n de imagen<\/td>\n<td>No<\/td>\n<\/tr>\n<tr>\n<td width=\"255\">Filtro<\/td>\n<td>62 mm<\/td>\n<\/tr>\n<tr>\n<td width=\"255\">Dimensiones (L x D)<\/td>\n<td>74 x 67 mm (Sony E) | 76 x 67 mm (Nikon Z)<\/td>\n<\/tr>\n<tr>\n<td width=\"255\">Peso<\/td>\n<td>328 ~ 340g<\/td>\n<\/tr>\n<\/tbody>\n<\/table>\n<\/div>\n<\/div>\n<\/div>\n<\/div>\n<\/div>\n<\/div>\n","protected":false},"excerpt":{"rendered":"<ul>\n<li>Fotograma completo | f\/2.0 a f\/16<\/li>\n<li>Distancia focal de retrato<\/li>\n<li>Sistema AF con motor paso a paso<\/li>\n<li>Diafragma de 9 hojas<\/li>\n<li>Admite enfoque de detecci\u00f3n ocular<\/li>\n<li>Interfaz USB-C para actualizaciones de firmware<\/li>\n<\/ul>\n","protected":false},"featured_media":15917,"comment_status":"closed","ping_status":"closed","template":"","meta":{"_acf_changed":false},"product_brand":[2545],"product_cat":[1062],"product_tag":[],"class_list":{"0":"post-84114","1":"product","2":"type-product","3":"status-publish","4":"has-post-thumbnail","6":"product_brand-ttartisan-es","7":"product_cat-mirrorless-objectivos","8":"pa_abertura-maxima-f-2-es","9":"pa_cor-negro","10":"pa_diametro-62mm-es","11":"pa_estabilizacao-de-imagem-no","12":"pa_montagem-da-objetiva-l-mount-es","13":"pa_montagem-da-objetiva-nikon-z-es","14":"pa_montagem-da-objetiva-sony-e-es","15":"pa_sensor-fotograma-completo","16":"pa_tipo-de-foco-enfoque-automatico","17":"pa_tipo-de-objetiva-teleobjetivo","18":"pa_zoom-fixa-fijo","20":"first","21":"instock","22":"taxable","23":"shipping-taxable","24":"purchasable","25":"product-type-variable"},"bundled_by":[],"bundle_stock_status":"instock","bundle_stock_quantity":null,"bundle_virtual":false,"bundle_layout":"","bundle_add_to_cart_form_location":"","bundle_editable_in_cart":false,"bundle_sold_individually_context":"","bundle_item_grouping":"","bundle_min_size":"","bundle_max_size":"","bundle_price":[],"bundled_items":[],"bundle_sell_ids":[],"acf":[],"_links":{"self":[{"href":"https:\/\/hi-techwonder.com\/es\/wp-json\/wp\/v2\/product\/84114","targetHints":{"allow":["GET"]}}],"collection":[{"href":"https:\/\/hi-techwonder.com\/es\/wp-json\/wp\/v2\/product"}],"about":[{"href":"https:\/\/hi-techwonder.com\/es\/wp-json\/wp\/v2\/types\/product"}],"replies":[{"embeddable":true,"href":"https:\/\/hi-techwonder.com\/es\/wp-json\/wp\/v2\/comments?post=84114"}],"wp:featuredmedia":[{"embeddable":true,"href":"https:\/\/hi-techwonder.com\/es\/wp-json\/wp\/v2\/media\/15917"}],"wp:attachment":[{"href":"https:\/\/hi-techwonder.com\/es\/wp-json\/wp\/v2\/media?parent=84114"}],"wp:term":[{"taxonomy":"product_brand","embeddable":true,"href":"https:\/\/hi-techwonder.com\/es\/wp-json\/wp\/v2\/product_brand?post=84114"},{"taxonomy":"product_cat","embeddable":true,"href":"https:\/\/hi-techwonder.com\/es\/wp-json\/wp\/v2\/product_cat?post=84114"},{"taxonomy":"product_tag","embeddable":true,"href":"https:\/\/hi-techwonder.com\/es\/wp-json\/wp\/v2\/product_tag?post=84114"}],"curies":[{"name":"wp","href":"https:\/\/api.w.org\/{rel}","templated":true}]}}