{"id":84115,"date":"2025-07-24T09:37:18","date_gmt":"2025-07-24T09:37:18","guid":{"rendered":"https:\/\/hi-techwonder.com\/product\/ttartisan-35mm-t2-1-dual-bokeh\/"},"modified":"2026-04-28T16:03:56","modified_gmt":"2026-04-28T15:03:56","slug":"ttartisan-35mm-t2-1-dual-bokeh","status":"publish","type":"product","link":"https:\/\/hi-techwonder.com\/es\/producto\/ttartisan-35mm-t2-1-dual-bokeh\/","title":{"rendered":"TTArtisan 35mm T2.1 Dual Bokeh"},"content":{"rendered":"<h3>TTArtisan 35mm T2.1 Dual Bokeh<\/h3>\n<p><iframe loading=\"lazy\" title=\"TTArtisan 35mm T2.1 Dual Bokeh\" width=\"500\" height=\"281\" src=\"https:\/\/www.youtube.com\/embed\/-rYnORbnkhY?feature=oembed\" frameborder=\"0\" allow=\"accelerometer; autoplay; clipboard-write; encrypted-media; gyroscope; picture-in-picture; web-share\" referrerpolicy=\"strict-origin-when-cross-origin\" allowfullscreen><\/iframe><\/p>\n<h4><strong>Una lente que desaf\u00eda lo convencional<\/strong><\/h4>\n<p class=\"ds-markdown-paragraph\">El <strong>TTArtisan 35mm T2.1<\/strong> no es un objetivo de cine m\u00e1s, es una <strong>herramienta para la expresi\u00f3n art\u00edstica<\/strong>. Con dos modos bokeh distintos, te permite cambiar entre:<\/p>\n<ul>\n<li class=\"ds-markdown-paragraph\"><strong>Bubble Bokeh<\/strong>: Un efecto <strong>on\u00edrico e hipn\u00f3tico<\/strong>, donde los puntos de luz se convierten en burbujas flotantes, perfectas para escenas rom\u00e1nticas, <em>videos musicales<\/em> o <em>secuencias de sue\u00f1os<\/em>.<\/li>\n<li class=\"ds-markdown-paragraph\"><strong>Bokeh suave<\/strong>: Un desenfoque <strong>suave y cinematogr\u00e1fico<\/strong> que es ideal para <em>primeros planos<\/em> emotivos o retratos con profundidad delicada.<\/li>\n<\/ul>\n<h4><strong><img loading=\"lazy\" decoding=\"async\" class=\"alignnone size-medium wp-image-31243\" src=\"https:\/\/hi-techwonder.com\/wp-content\/themes\/woodmart\/images\/lazy.svg\" data-src=\"https:\/\/ttartisan.pt\/wp-content\/uploads\/2025\/05\/Canon-1-300x200.jpg\" alt=\"\" width=\"300\" height=\"200\"><img loading=\"lazy\" decoding=\"async\" class=\"alignnone size-medium wp-image-31245\" src=\"https:\/\/hi-techwonder.com\/wp-content\/themes\/woodmart\/images\/lazy.svg\" data-src=\"https:\/\/ttartisan.pt\/wp-content\/uploads\/2025\/05\/FUJI-1-300x200.jpg\" alt=\"\" width=\"300\" height=\"200\"><img loading=\"lazy\" decoding=\"async\" class=\"alignnone size-medium wp-image-31247\" src=\"https:\/\/hi-techwonder.com\/wp-content\/themes\/woodmart\/images\/lazy.svg\" data-src=\"https:\/\/ttartisan.pt\/wp-content\/uploads\/2025\/05\/Nikon-1-300x200.jpg\" alt=\"\" width=\"300\" height=\"200\"><img loading=\"lazy\" decoding=\"async\" class=\"alignnone size-medium wp-image-31249\" src=\"https:\/\/hi-techwonder.com\/wp-content\/themes\/woodmart\/images\/lazy.svg\" data-src=\"https:\/\/ttartisan.pt\/wp-content\/uploads\/2025\/05\/Panasonic-4-300x200.jpg\" alt=\"\" width=\"300\" height=\"200\"><img loading=\"lazy\" decoding=\"async\" class=\"alignnone size-medium wp-image-31251\" src=\"https:\/\/hi-techwonder.com\/wp-content\/themes\/woodmart\/images\/lazy.svg\" data-src=\"https:\/\/ttartisan.pt\/wp-content\/uploads\/2025\/05\/SONY-1-300x200.jpg\" alt=\"\" width=\"300\" height=\"200\"><\/strong><\/h4>\n<h4><strong>T2.1 \u2013 Luz, creatividad y control<\/strong><\/h4>\n<p class=\"ds-markdown-paragraph\">Con una apertura <strong>T2.1<\/strong> r\u00e1pida, este objetivo ofrece:<\/p>\n<ul>\n<li class=\"ds-markdown-paragraph\"><strong>Exposici\u00f3n limpia en entornos oscuros<\/strong> (ideal para <em>poca luz<\/em> y <em>luz disponible<\/em>).<\/li>\n<li class=\"ds-markdown-paragraph\"><strong>Desenfoque intenso y personalizable:<\/strong> desde burbujas brillantes (en <em>modo burbuja<\/em>) hasta un velo cremoso (en <em>modo suave<\/em>).<\/li>\n<\/ul>\n<h4><strong>Precisi\u00f3n cinematogr\u00e1fica<\/strong><\/h4>\n<ul>\n<li class=\"ds-markdown-paragraph\"><strong>Recorrido de enfoque de 313\u00b0 (modo suave):<\/strong> para <em>un enfoque de bastidor<\/em> suave y ajustes milim\u00e9tricos.<\/li>\n<li class=\"ds-markdown-paragraph\"><strong>Anillo de apertura <em>sin clic:<\/em><\/strong> transiciones perfectas durante las grabaciones.<\/li>\n<li class=\"ds-markdown-paragraph\"><strong>0.8Mod Gears<\/strong> \u2013 Compatible con <em>follow focus<\/em> y accesorios profesionales.<\/li>\n<\/ul>\n<h4><strong>Detalles que importan<\/strong><\/h4>\n<ul>\n<li class=\"ds-markdown-paragraph\"><strong>Distancia m\u00ednima de enfoque:<\/strong> 0,28 m (suave) \/ 0,55 m (burbuja), perfecta para <em>primeros planos detallados<\/em> .<\/li>\n<li class=\"ds-markdown-paragraph\"><strong>Rosca de 82 mm<\/strong> : use filtros ND, polarizadores o <em>difusi\u00f3n<\/em> para obtener a\u00fan m\u00e1s estilo.<\/li>\n<li class=\"ds-markdown-paragraph\"><strong>Construcci\u00f3n de aluminio para aviones<\/strong> : robustez sin peso excesivo (~ 690 g).<\/li>\n<\/ul>\n<div id=\"attachment_31255\" style=\"width: 310px\" class=\"wp-caption alignnone\"><img loading=\"lazy\" decoding=\"async\" aria-describedby=\"caption-attachment-31255\" class=\"size-medium wp-image-31255\" src=\"https:\/\/hi-techwonder.com\/wp-content\/themes\/woodmart\/images\/lazy.svg\" data-src=\"https:\/\/ttartisan.pt\/wp-content\/uploads\/2025\/05\/DSC_4917_soft-im-300x200.jpg\" alt=\"\" width=\"300\" height=\"200\"><p id=\"caption-attachment-31255\" class=\"wp-caption-text\">Bokeh suave<\/p><\/div>\n<div id=\"attachment_31253\" style=\"width: 310px\" class=\"wp-caption alignnone\"><img loading=\"lazy\" decoding=\"async\" aria-describedby=\"caption-attachment-31253\" class=\"size-medium wp-image-31253\" src=\"https:\/\/hi-techwonder.com\/wp-content\/themes\/woodmart\/images\/lazy.svg\" data-src=\"https:\/\/ttartisan.pt\/wp-content\/uploads\/2025\/05\/DSC_4914_bubble-im-300x200.jpg\" alt=\"\" width=\"300\" height=\"200\"><p id=\"caption-attachment-31253\" class=\"wp-caption-text\">Bokeh de burbujas<\/p><\/div>\n<p class=\"ds-markdown-paragraph\"><strong>Incluido en la caja:<\/strong><\/p>\n<ul>\n<li class=\"ds-markdown-paragraph\">Lente TTArtisan 35mm T2.1<\/li>\n<li class=\"ds-markdown-paragraph\">Portadas delantera y trasera<\/li>\n<li class=\"ds-markdown-paragraph\">Manual de usuario<\/li>\n<li class=\"ds-markdown-paragraph\">Garant\u00eda<\/li>\n<\/ul>\n<p class=\"ds-markdown-paragraph\"><strong>Ideal para:<\/strong><\/p>\n<ul>\n<li class=\"ds-markdown-paragraph\">Cineastas que buscan un <em>aspecto<\/em> \u00fanico (burbujas o desenfoque suave)<\/li>\n<li class=\"ds-markdown-paragraph\">Fot\u00f3grafos de <em>retratos y fotograf\u00eda callejera<\/em> con un toque cinematogr\u00e1fico<\/li>\n<li class=\"ds-markdown-paragraph\">Creadores de contenido que valoran la \u00f3ptica artesanal y los efectos visuales distintivos<\/li>\n<\/ul>\n<p class=\"ds-markdown-paragraph\"><strong>Nota:<\/strong> Requiere c\u00e1maras <em>sin espejo<\/em> (no compatibles con DSLR).<\/p>\n<p><strong>Caracter\u00edsticas t\u00e9cnicas<\/strong><\/p>\n<p>focalm\u00e1ximam\u00ednimaModosde enfoqueDistanciade filtrodisponibles\u00f3ptico<\/p>\n<table>\n<thead>\n<tr>\n<th><strong>Categor\u00eda<\/strong><\/th>\n<th><strong>Caracter\u00edsticas t\u00e9cnicas<\/strong><\/th>\n<\/tr>\n<\/thead>\n<tbody>\n<tr>\n<td><strong>Distancia<\/strong><\/td>\n<td>35 mm (fotograma completo)<\/td>\n<\/tr>\n<tr>\n<td><strong>Apertura<\/strong><\/td>\n<td>T2.1<\/td>\n<\/tr>\n<tr>\n<td><strong>Apertura<\/strong><\/td>\n<td>T22 (<em>sin clic<\/em>)<\/td>\n<\/tr>\n<tr>\n<td><strong>bokeh<\/strong><\/td>\n<td><strong>Modo burbuja<\/strong> \/ <strong>Modo suave<\/strong><\/td>\n<\/tr>\n<tr>\n<td><strong>Curso<\/strong><\/td>\n<td>313\u00b0 (modo suave) \/ 131\u00b0 (modo burbuja)<\/td>\n<\/tr>\n<tr>\n<td><strong>m\u00ednima de enfoque<\/strong><\/td>\n<td>0,28 m (modo suave) \/ 0,55 m (modo burbuja)<\/td>\n<\/tr>\n<tr>\n<td><strong>Rosca<\/strong><\/td>\n<td>82 mm<\/td>\n<\/tr>\n<tr>\n<td><strong>Engranaje<\/strong><\/td>\n<td>0.8Mod (compatible con <em>follow focus<\/em>)<\/td>\n<\/tr>\n<tr>\n<td><strong>Soportes<\/strong><\/td>\n<td>Sony E, Fuji X, Nikon Z, Canon RF, montura L<\/td>\n<\/tr>\n<tr>\n<td><strong>\u00c1ngulo de visi\u00f3n<\/strong><\/td>\n<td>63\u00b0<\/td>\n<\/tr>\n<tr>\n<td><strong>Dise\u00f1o<\/strong><\/td>\n<td>10 elementos en 7 grupos<\/td>\n<\/tr>\n<tr>\n<td><strong>Hojas de diafragma<\/strong><\/td>\n<td>11 cuchillas (forma circular)<\/td>\n<\/tr>\n<tr>\n<td><strong>Material<\/strong><\/td>\n<td>Aluminio aeron\u00e1utico<\/td>\n<\/tr>\n<tr>\n<td><strong>Peso (aprox.)<\/strong><\/td>\n<td>678 g (Sony E) \/ 669 g (Fuji X) \/ 735 g (Nikon Z) \/ 709 g (Canon RF) \/ 690 g (montura L)<\/td>\n<\/tr>\n<tr>\n<td><strong>Compatibilidad<\/strong><\/td>\n<td><em>C\u00e1maras sin espejo<\/em> (no compatibles con DSLR)<\/td>\n<\/tr>\n<\/tbody>\n<\/table>\n","protected":false},"excerpt":{"rendered":"<ul>\n<li class=\"ds-markdown-paragraph\"><strong>Modos Dual Bokeh <\/strong>\u2013 Cambia entre <strong>Bubble Bokeh<\/strong> (efecto burbuja) y <strong>Soft Bokeh<\/strong> (desenfoque cremoso)<\/li>\n<li class=\"ds-markdown-paragraph\"><strong>Apertura r\u00e1pida T2.1<\/strong> : excelente rendimiento con poca luz y control de profundidad creativo<\/li>\n<li class=\"ds-markdown-paragraph\"><strong>Fotograma completo de 35 mm<\/strong> : distancia focal cl\u00e1sica para fotograf\u00eda de cine y narrativa<\/li>\n<li class=\"ds-markdown-paragraph\"><strong>Recorrido de enfoque de 313\u00b0 (modo suave):<\/strong> ajuste preciso para <em>un enfoque cinematogr\u00e1fico<\/em><\/li>\n<li class=\"ds-markdown-paragraph\"><strong>Rosca de 82 mm<\/strong> : compatible con filtros para mayor versatilidad<\/li>\n<li class=\"ds-markdown-paragraph\"><strong>Montajes disponibles:<\/strong> Sony E, Fuji X, Nikon Z, Canon RF, montura L<\/li>\n<\/ul>\n","protected":false},"featured_media":16210,"comment_status":"closed","ping_status":"closed","template":"","meta":{"_acf_changed":false},"product_brand":[2545],"product_cat":[1042],"product_tag":[],"class_list":{"0":"post-84115","1":"product","2":"type-product","3":"status-publish","4":"has-post-thumbnail","6":"product_brand-ttartisan-es","7":"product_cat-cine","8":"pa_abertura-maxima-t2-1-es","9":"pa_cor-negro","10":"pa_designs-especiais-control-de-bokeh","11":"pa_diametro-82mm-es","12":"pa_estabilizacao-de-imagem-no","13":"pa_montagem-da-objetiva-canon-rf-es","14":"pa_montagem-da-objetiva-fujifilm-x-es","15":"pa_montagem-da-objetiva-l-mount-es","16":"pa_montagem-da-objetiva-nikon-z-es","17":"pa_montagem-da-objetiva-sony-e-es","18":"pa_sensor-aps-c-es","19":"pa_sensor-fotograma-completo","20":"pa_tipo-de-foco-enfoque-manual","21":"pa_tipo-de-objetiva-estandar","22":"pa_zoom-fixa-fijo","24":"first","25":"instock","26":"taxable","27":"shipping-taxable","28":"purchasable","29":"product-type-variable"},"bundled_by":[],"bundle_stock_status":"instock","bundle_stock_quantity":null,"bundle_virtual":false,"bundle_layout":"","bundle_add_to_cart_form_location":"","bundle_editable_in_cart":false,"bundle_sold_individually_context":"","bundle_item_grouping":"","bundle_min_size":"","bundle_max_size":"","bundle_price":[],"bundled_items":[],"bundle_sell_ids":[],"acf":[],"_links":{"self":[{"href":"https:\/\/hi-techwonder.com\/es\/wp-json\/wp\/v2\/product\/84115","targetHints":{"allow":["GET"]}}],"collection":[{"href":"https:\/\/hi-techwonder.com\/es\/wp-json\/wp\/v2\/product"}],"about":[{"href":"https:\/\/hi-techwonder.com\/es\/wp-json\/wp\/v2\/types\/product"}],"replies":[{"embeddable":true,"href":"https:\/\/hi-techwonder.com\/es\/wp-json\/wp\/v2\/comments?post=84115"}],"wp:featuredmedia":[{"embeddable":true,"href":"https:\/\/hi-techwonder.com\/es\/wp-json\/wp\/v2\/media\/16210"}],"wp:attachment":[{"href":"https:\/\/hi-techwonder.com\/es\/wp-json\/wp\/v2\/media?parent=84115"}],"wp:term":[{"taxonomy":"product_brand","embeddable":true,"href":"https:\/\/hi-techwonder.com\/es\/wp-json\/wp\/v2\/product_brand?post=84115"},{"taxonomy":"product_cat","embeddable":true,"href":"https:\/\/hi-techwonder.com\/es\/wp-json\/wp\/v2\/product_cat?post=84115"},{"taxonomy":"product_tag","embeddable":true,"href":"https:\/\/hi-techwonder.com\/es\/wp-json\/wp\/v2\/product_tag?post=84115"}],"curies":[{"name":"wp","href":"https:\/\/api.w.org\/{rel}","templated":true}]}}