{"id":84432,"date":"2025-09-08T13:50:37","date_gmt":"2025-09-08T13:50:37","guid":{"rendered":"https:\/\/hi-techwonder.com\/product\/kf-concept-conjunto-3-panos-microfibra-15x15cm-p-lentes-e-filtros-oticos\/"},"modified":"2026-03-19T11:30:11","modified_gmt":"2026-03-19T11:30:11","slug":"kf-concept-conjunto-3-panos-microfibra-15x15cm-p-lentes-e-filtros-oticos","status":"publish","type":"product","link":"https:\/\/hi-techwonder.com\/es\/producto\/kf-concept-conjunto-3-panos-microfibra-15x15cm-p-lentes-e-filtros-oticos\/","title":{"rendered":"K&#038;F Concept SKU.1683 Juego 3 Pa\u00f1os de Microfibra 15x15cm para Lentes y Filtros \u00d3pticos"},"content":{"rendered":"<h4 data-start=\"1594\" data-end=\"1875\"><strong>K&amp;F Concept SKU.1683 Juego 3 Pa\u00f1os de Microfibra 15x15cm para Lentes y Filtros \u00d3pticos<\/strong><\/h4>\n<p data-start=\"1594\" data-end=\"1875\">El <strong data-start=\"1597\" data-end=\"1652\">Juego de 3 Pa\u00f1os de Microfibra K&amp;F Concept 15&#215;15 cm<\/strong> ha sido dise\u00f1ado para ofrecer la limpieza m\u00e1s segura y eficaz en lentes y filtros \u00f3pticos, sin da\u00f1ar sus delicados recubrimientos. El envasado al vac\u00edo garantiza higiene, protecci\u00f3n contra el polvo y m\u00e1xima portabilidad.<\/p>\n<p data-start=\"1877\" data-end=\"2174\">Con una textura ultrafina, suave y sin pelusa, cada pa\u00f1o ofrece una gran capacidad de absorci\u00f3n, eliminando eficazmente polvo, huellas y manchas. Son lavables y reutilizables, lo que los convierte en una soluci\u00f3n econ\u00f3mica y respetuosa con el medio ambiente para fot\u00f3grafos y usuarios exigentes.<\/p>\n<p data-start=\"2176\" data-end=\"2361\">Compactos y pr\u00e1cticos, son la elecci\u00f3n perfecta para llevar en la bolsa de la c\u00e1mara o en la mochila, asegurando que su equipo \u00f3ptico mantenga siempre la m\u00e1xima nitidez y rendimiento.<\/p>\n<p data-start=\"2270\" data-end=\"2449\">Este set est\u00e1 pensado para fot\u00f3grafos, vide\u00f3grafos y usuarios que necesitan mantener sus lentes, filtros y equipos \u00f3pticos siempre limpios y libres de polvo, sin riesgo de rayarlos ni contaminarlos. Tambi\u00e9n es recomendable para usuarios de gafas, dispositivos electr\u00f3nicos e instrumentos de precisi\u00f3n.<\/p>\n<h4 data-start=\"1484\" data-end=\"1510\">Contenido del paquete<\/h4>\n<ul data-start=\"1511\" data-end=\"1560\">\n<li data-start=\"1511\" data-end=\"1560\">\n<p data-start=\"1513\" data-end=\"1560\">3x Pa\u00f1os de Microfibra K&amp;F Concept 15 x 15 cm<\/p>\n<\/li>\n<\/ul>\n<h4 data-start=\"695\" data-end=\"715\">Caracter\u00edsticas<\/h4>\n<ul data-start=\"716\" data-end=\"1145\">\n<li data-start=\"716\" data-end=\"771\">\n<p data-start=\"718\" data-end=\"771\">Envasado individual al vac\u00edo, higi\u00e9nico y pr\u00e1ctico.<\/p>\n<\/li>\n<li data-start=\"772\" data-end=\"800\">\n<p data-start=\"774\" data-end=\"800\">Dimensiones: 15 x 15 cm.<\/p>\n<\/li>\n<li data-start=\"801\" data-end=\"864\">\n<p data-start=\"803\" data-end=\"864\">Microfibra ultrafina, segura para recubrimientos sensibles.<\/p>\n<\/li>\n<li data-start=\"865\" data-end=\"909\">\n<p data-start=\"867\" data-end=\"909\">Textura delicada y altamente absorbente.<\/p>\n<\/li>\n<li data-start=\"910\" data-end=\"948\">\n<p data-start=\"912\" data-end=\"948\">No deja pelusa, rayas ni residuos.<\/p>\n<\/li>\n<li data-start=\"949\" data-end=\"1019\">\n<p data-start=\"951\" data-end=\"1019\">Lavables y reutilizables manteniendo su eficacia tras varios usos.<\/p>\n<\/li>\n<li data-start=\"1020\" data-end=\"1060\">\n<p data-start=\"1022\" data-end=\"1060\">Port\u00e1tiles y f\u00e1ciles de transportar.<\/p>\n<\/li>\n<li data-start=\"1061\" data-end=\"1145\">\n<p data-start=\"1063\" data-end=\"1145\">Compatibles con lentes, filtros, gafas, pantallas de smartphones, tablets y m\u00e1s.<\/p>\n<\/li>\n<\/ul>\n<table>\n<thead>\n<tr>\n<th>Especificaci\u00f3n<\/th>\n<th>Detalle<\/th>\n<\/tr>\n<\/thead>\n<tbody>\n<tr>\n<td>Marca<\/td>\n<td>\u00a0 \u00a0 \u00a0K&amp;F Concept<\/td>\n<\/tr>\n<tr>\n<td>Modelo<\/td>\n<td>\u00a0 \u00a0 \u00a0SKU.1683<\/td>\n<\/tr>\n<tr>\n<td>Tipo de producto<\/td>\n<td>\u00a0 \u00a0 \u00a0Pa\u00f1os de limpieza en microfibra<\/td>\n<\/tr>\n<tr>\n<td>Dimensiones<\/td>\n<td>\u00a0 \u00a0 \u00a015 x 15 cm cada pa\u00f1o<\/td>\n<\/tr>\n<tr>\n<td>Material<\/td>\n<td>\u00a0 \u00a0 \u00a0Microfibra ultrafina<\/td>\n<\/tr>\n<tr>\n<td>Color<\/td>\n<td>\u00a0 \u00a0 \u00a0(var\u00eda seg\u00fan lote)<\/td>\n<\/tr>\n<tr>\n<td>Embalaje<\/td>\n<td>\u00a0 \u00a0 \u00a0Sellado al vac\u00edo<\/td>\n<\/tr>\n<tr>\n<td>Reutilizaci\u00f3n<\/td>\n<td>\u00a0 \u00a0 \u00a0Lavable y reutilizable<\/td>\n<\/tr>\n<\/tbody>\n<\/table>\n","protected":false},"excerpt":{"rendered":"<ul>\n<li data-start=\"226\" data-end=\"295\">\n<p data-start=\"228\" data-end=\"295\">Pa\u00f1os de microfibra \u00f3ptica de alta calidad para lentes y filtros.<\/p>\n<\/li>\n<li data-start=\"296\" data-end=\"350\">\n<p data-start=\"298\" data-end=\"350\">Envasado al vac\u00edo para m\u00e1xima higiene y seguridad.<\/p>\n<\/li>\n<li data-start=\"351\" data-end=\"391\">\n<p data-start=\"353\" data-end=\"391\">Tejido delicado, suave y sin pelusa.<\/p>\n<\/li>\n<li data-start=\"392\" data-end=\"444\">\n<p data-start=\"394\" data-end=\"444\">Superficie de contacto densa con gran absorci\u00f3n.<\/p>\n<\/li>\n<li data-start=\"445\" data-end=\"490\">\n<p data-start=\"447\" data-end=\"490\">Lavables y reutilizables m\u00faltiples veces.<\/p>\n<\/li>\n<li data-start=\"491\" data-end=\"577\">\n<p data-start=\"493\" data-end=\"577\">Protegen los recubrimientos \u00f3pticos contra el polvo y la contaminaci\u00f3n secundaria.<\/p>\n<\/li>\n<li data-start=\"578\" data-end=\"652\">\n<p data-start=\"580\" data-end=\"652\">Ideales para c\u00e1maras, gafas, smartphones y otros dispositivos \u00f3pticos.<\/p>\n<\/li>\n<li data-start=\"653\" data-end=\"688\">\n<p data-start=\"655\" data-end=\"688\">Formato port\u00e1til de 15 x 15 cm.<\/p>\n<\/li>\n<li><\/li>\n<\/ul>\n<p>&nbsp;<\/p>\n","protected":false},"featured_media":84417,"comment_status":"open","ping_status":"closed","template":"","meta":{"_acf_changed":false},"product_brand":[2562],"product_cat":[1036],"product_tag":[],"class_list":{"0":"post-84432","1":"product","2":"type-product","3":"status-publish","4":"has-post-thumbnail","6":"product_brand-kf-concept-es","7":"product_cat-limpieza-es","9":"first","10":"instock","11":"taxable","12":"shipping-taxable","13":"purchasable","14":"product-type-simple"},"bundled_by":[],"bundle_stock_status":"instock","bundle_stock_quantity":2,"bundle_virtual":false,"bundle_layout":"","bundle_add_to_cart_form_location":"","bundle_editable_in_cart":false,"bundle_sold_individually_context":"","bundle_item_grouping":"","bundle_min_size":"","bundle_max_size":"","bundle_price":[],"bundled_items":[],"bundle_sell_ids":[],"acf":[],"_links":{"self":[{"href":"https:\/\/hi-techwonder.com\/es\/wp-json\/wp\/v2\/product\/84432","targetHints":{"allow":["GET"]}}],"collection":[{"href":"https:\/\/hi-techwonder.com\/es\/wp-json\/wp\/v2\/product"}],"about":[{"href":"https:\/\/hi-techwonder.com\/es\/wp-json\/wp\/v2\/types\/product"}],"replies":[{"embeddable":true,"href":"https:\/\/hi-techwonder.com\/es\/wp-json\/wp\/v2\/comments?post=84432"}],"wp:featuredmedia":[{"embeddable":true,"href":"https:\/\/hi-techwonder.com\/es\/wp-json\/wp\/v2\/media\/84417"}],"wp:attachment":[{"href":"https:\/\/hi-techwonder.com\/es\/wp-json\/wp\/v2\/media?parent=84432"}],"wp:term":[{"taxonomy":"product_brand","embeddable":true,"href":"https:\/\/hi-techwonder.com\/es\/wp-json\/wp\/v2\/product_brand?post=84432"},{"taxonomy":"product_cat","embeddable":true,"href":"https:\/\/hi-techwonder.com\/es\/wp-json\/wp\/v2\/product_cat?post=84432"},{"taxonomy":"product_tag","embeddable":true,"href":"https:\/\/hi-techwonder.com\/es\/wp-json\/wp\/v2\/product_tag?post=84432"}],"curies":[{"name":"wp","href":"https:\/\/api.w.org\/{rel}","templated":true}]}}