{"id":85091,"date":"2025-09-12T12:29:14","date_gmt":"2025-09-12T12:29:14","guid":{"rendered":"https:\/\/hi-techwonder.com\/product\/kf-concept-anel-adaptador-p-filtro-magnetico-de-variavel-p-82mm\/"},"modified":"2025-10-10T16:17:51","modified_gmt":"2025-10-10T16:17:51","slug":"kf-concept-anel-adaptador-p-filtro-magnetico-de-variavel-p-82mm","status":"publish","type":"product","link":"https:\/\/hi-techwonder.com\/es\/producto\/kf-concept-anel-adaptador-p-filtro-magnetico-de-variavel-p-82mm\/","title":{"rendered":"K&amp;F CONCEPT Anillo adaptador de filtro magn\u00e9tico (variable) para 82 mm"},"content":{"rendered":"\n<h2 class=\"wp-block-heading\">K&amp;F CONCEPT Anillo adaptador de filtro magn\u00e9tico (variable) para 82 mm<\/h2>\n\n\n\n<p>El anillo adaptador de filtro magn\u00e9tico Nano-X de 82 mm de K&amp;F Concept est\u00e1 dise\u00f1ado para garantizar la m\u00e1xima versatilidad al usar sus filtros. Simplemente enrosque el adaptador en la rosca frontal de su objetivo (seg\u00fan el tama\u00f1o de objetivo elegido) y tendr\u00e1 acceso inmediato al sistema magn\u00e9tico de K&amp;F Concept, lo que le permite conectar r\u00e1pidamente cualquier filtro magn\u00e9tico de 82 mm.<\/p>\n\n\n\n<p id=\"wd-432a9781\" class=\"wp-block-wd-paragraph\">Fabricado en <strong>aluminio anodizado negro de grado aeron\u00e1utico<\/strong>, este adaptador combina robustez con ligereza, manteniendo un dise\u00f1o elegante y funcional. Su borde estriado facilita un montaje firme y seguro, incluso en condiciones de trabajo exigentes.<\/p>\n\n\n\n<p id=\"wd-88e5eee0\" class=\"wp-block-wd-paragraph\">Tanto en fotograf\u00eda de paisaje, arquitectura o en rodajes de v\u00eddeo, este accesorio ampl\u00eda la compatibilidad de tus objetivos con la serie Nano-X, ofreciendo rapidez, eficacia y calidad profesional en el control de la luz y efectos creativos.<\/p>\n\n\n\n<div class=\"wp-block-media-text has-media-on-the-right is-stacked-on-mobile\"><div class=\"wp-block-media-text__content\">\n<p>Este anillo adaptador est\u00e1 pensado para fot\u00f3grafos y vide\u00f3grafos que utilizan diferentes objetivos y necesitan una soluci\u00f3n pr\u00e1ctica para montar filtros magn\u00e9ticos de 82 mm en roscas de varios tama\u00f1os. Es ideal para quienes buscan rapidez al cambiar de filtros, sin comprometer la calidad ni la seguridad del equipo.<\/p>\n<\/div><figure class=\"wp-block-media-text__media\"><img loading=\"lazy\" decoding=\"async\" width=\"1000\" height=\"1000\" src=\"https:\/\/hi-techwonder.com\/wp-content\/themes\/woodmart\/images\/lazy.svg\" data-src=\"https:\/\/hi-techwonder.com\/wp-content\/uploads\/2025\/09\/1707224419_IMG_2168963.jpg\" alt=\"\" class=\"wp-image-85071 size-full\" srcset=\"\" data-srcset=\"https:\/\/hi-techwonder.com\/wp-content\/uploads\/2025\/09\/1707224419_IMG_2168963.jpg 1000w, https:\/\/hi-techwonder.com\/wp-content\/uploads\/2025\/09\/1707224419_IMG_2168963-300x300.jpg 300w, https:\/\/hi-techwonder.com\/wp-content\/uploads\/2025\/09\/1707224419_IMG_2168963-150x150.jpg 150w, https:\/\/hi-techwonder.com\/wp-content\/uploads\/2025\/09\/1707224419_IMG_2168963-768x768.jpg 768w, https:\/\/hi-techwonder.com\/wp-content\/uploads\/2025\/09\/1707224419_IMG_2168963-600x600.jpg 600w\" sizes=\"auto, (max-width: 1000px) 100vw, 1000px\" \/><\/figure><\/div>\n\n\n\n<div class=\"wp-block-media-text is-stacked-on-mobile\"><figure class=\"wp-block-media-text__media\"><img loading=\"lazy\" decoding=\"async\" width=\"1000\" height=\"1000\" src=\"https:\/\/hi-techwonder.com\/wp-content\/themes\/woodmart\/images\/lazy.svg\" data-src=\"https:\/\/hi-techwonder.com\/wp-content\/uploads\/2025\/09\/1707224419_IMG_2168965-1.jpg\" alt=\"\" class=\"wp-image-85073 size-full\" srcset=\"\" data-srcset=\"https:\/\/hi-techwonder.com\/wp-content\/uploads\/2025\/09\/1707224419_IMG_2168965-1.jpg 1000w, https:\/\/hi-techwonder.com\/wp-content\/uploads\/2025\/09\/1707224419_IMG_2168965-1-300x300.jpg 300w, https:\/\/hi-techwonder.com\/wp-content\/uploads\/2025\/09\/1707224419_IMG_2168965-1-150x150.jpg 150w, https:\/\/hi-techwonder.com\/wp-content\/uploads\/2025\/09\/1707224419_IMG_2168965-1-768x768.jpg 768w, https:\/\/hi-techwonder.com\/wp-content\/uploads\/2025\/09\/1707224419_IMG_2168965-1-600x600.jpg 600w\" sizes=\"auto, (max-width: 1000px) 100vw, 1000px\" \/><\/figure><div class=\"wp-block-media-text__content\">\n<h4 class=\"wp-block-heading\">Contenido del paquete<\/h4>\n\n\n\n<ul class=\"wp-block-list\">\n<li>1x anillo adaptador magn\u00e9tico Nano-X de K&amp;F Concept (variaci\u00f3n elegida seg\u00fan el tama\u00f1o de la lente), para filtro magn\u00e9tico de 82 mm<\/li>\n<\/ul>\n<\/div><\/div>\n\n\n\n<div class=\"wp-block-media-text has-media-on-the-right is-stacked-on-mobile\"><div class=\"wp-block-media-text__content\">\n<h4 class=\"wp-block-heading\">Caracter\u00edsticas<\/h4>\n\n\n\n<ul class=\"wp-block-list\">\n<li><strong>Compatibilidad con lentes con diferentes roscas frontales en las variaciones de tama\u00f1o disponibles, para filtros magn\u00e9ticos de 82mm.<\/strong><\/li>\n\n\n\n<li>Acepta todos los filtros magn\u00e9ticos K&amp;F Concept de 82 mm.<\/li>\n\n\n\n<li>Construcci\u00f3n en aluminio anodizado negro de grado aeron\u00e1utico.<\/li>\n\n\n\n<li>Dise\u00f1o estriado para mejor agarre al montar y desmontar.<\/li>\n\n\n\n<li>Tratamiento especial que reduce los reflejos en el aro.<\/li>\n\n\n\n<li>Dise\u00f1o compacto, ligero y port\u00e1til.<\/li>\n\n\n\n<li>Compatible con toda la serie Nano-X de K&amp;F Concept.<\/li>\n\n\n\n<li>Soluci\u00f3n pr\u00e1ctica para fot\u00f3grafos que trabajan con varias lentes.<\/li>\n<\/ul>\n<\/div><figure class=\"wp-block-media-text__media\"><img loading=\"lazy\" decoding=\"async\" width=\"1000\" height=\"1000\" src=\"https:\/\/hi-techwonder.com\/wp-content\/themes\/woodmart\/images\/lazy.svg\" data-src=\"https:\/\/hi-techwonder.com\/wp-content\/uploads\/2025\/09\/1707224419_IMG_2168961-1.jpg\" alt=\"\" class=\"wp-image-85075 size-full\" srcset=\"\" data-srcset=\"https:\/\/hi-techwonder.com\/wp-content\/uploads\/2025\/09\/1707224419_IMG_2168961-1.jpg 1000w, https:\/\/hi-techwonder.com\/wp-content\/uploads\/2025\/09\/1707224419_IMG_2168961-1-300x300.jpg 300w, https:\/\/hi-techwonder.com\/wp-content\/uploads\/2025\/09\/1707224419_IMG_2168961-1-150x150.jpg 150w, https:\/\/hi-techwonder.com\/wp-content\/uploads\/2025\/09\/1707224419_IMG_2168961-1-768x768.jpg 768w, https:\/\/hi-techwonder.com\/wp-content\/uploads\/2025\/09\/1707224419_IMG_2168961-1-600x600.jpg 600w\" sizes=\"auto, (max-width: 1000px) 100vw, 1000px\" \/><\/figure><\/div>\n\n\n\n<figure class=\"wp-block-table\"><table class=\"has-fixed-layout\"><thead><tr><th>Especificaci\u00f3n<\/th><th>Detalle<\/th><\/tr><\/thead><tbody><tr><td>Marca<\/td><td>K&amp;F Concept<\/td><\/tr><tr><td>Serie<\/td><td>Nano-X<\/td><\/tr><tr><td>Compatibilidad de objetivo<\/td><td>Roscas frontales variadas (seg\u00fan variaci\u00f3n elegida)<\/td><\/tr><tr><td>Compatibilidad de filtro<\/td><td>Todos los filtros magn\u00e9ticos K&amp;F Concept de 82 mm, cualquier serie<\/td><\/tr><tr><td>Material<\/td><td>Aluminio de grado aeron\u00e1utico anodizado en negro<\/td><\/tr><tr><td>Acabado<\/td><td>Estriado, resistente a reflejos<\/td><\/tr><tr><td>Montaje<\/td><td>Enroscado en el objetivo + acoplamiento magn\u00e9tico para filtro<\/td><\/tr><\/tbody><\/table><\/figure>\n","protected":false},"excerpt":{"rendered":"<p data-start=\"205\" data-end=\"249\"><strong>Anillo adaptador de filtro magn\u00e9tico (variable: varios tama\u00f1os disponibles) para filtros magn\u00e9ticos de 82 mm<\/strong><\/p>\n<ul>\n<li data-start=\"268\" data-end=\"350\">\n<p data-start=\"270\" data-end=\"350\">Permite utilizar <strong>filtros magn\u00e9ticos de 82 mm<\/strong> en diferentes roscas de objetivo.<\/p>\n<\/li>\n<li data-start=\"351\" data-end=\"430\">\n<p data-start=\"353\" data-end=\"430\">Compatible con todos los filtros magn\u00e9ticos K&amp;F Concept de la serie Nano-X.<\/p>\n<\/li>\n<li data-start=\"431\" data-end=\"497\">\n<p data-start=\"433\" data-end=\"497\">Fabricado en aluminio de grado aeron\u00e1utico anodizado en negro.<\/p>\n<\/li>\n<li data-start=\"498\" data-end=\"549\">\n<p data-start=\"500\" data-end=\"549\">Dise\u00f1o estriado para un montaje f\u00e1cil y seguro.<\/p>\n<\/li>\n<li data-start=\"550\" data-end=\"591\">\n<p data-start=\"552\" data-end=\"591\">Reduce reflejos indeseados en el aro.<\/p>\n<\/li>\n<li data-start=\"592\" data-end=\"651\">\n<p data-start=\"594\" data-end=\"651\">Estructura ligera y resistente para m\u00e1xima durabilidad.<\/p>\n<\/li>\n<li data-start=\"652\" data-end=\"719\">\n<p data-start=\"654\" data-end=\"719\">Ideal para ampliar la compatibilidad de tus filtros magn\u00e9ticos.<\/p>\n<\/li>\n<\/ul>\n","protected":false},"featured_media":85585,"comment_status":"open","ping_status":"closed","template":"","meta":{"_acf_changed":false},"product_brand":[2562],"product_cat":[1045],"product_tag":[],"class_list":{"0":"post-85091","1":"product","2":"type-product","3":"status-publish","4":"has-post-thumbnail","6":"product_brand-kf-concept-es","7":"product_cat-anillos-adaptadores","8":"pa_diametro-49mm-es","9":"pa_diametro-52mm-es","10":"pa_diametro-55mm-es","11":"pa_diametro-58mm-es","12":"pa_diametro-62mm-es","13":"pa_diametro-67mm-es","14":"pa_diametro-72mm-es","15":"pa_diametro-77mm-es","17":"first","18":"instock","19":"taxable","20":"shipping-taxable","21":"purchasable","22":"product-type-variable"},"bundled_by":[],"bundle_stock_status":"instock","bundle_stock_quantity":null,"bundle_virtual":false,"bundle_layout":"","bundle_add_to_cart_form_location":"","bundle_editable_in_cart":false,"bundle_sold_individually_context":"","bundle_item_grouping":"","bundle_min_size":"","bundle_max_size":"","bundle_price":[],"bundled_items":[],"bundle_sell_ids":[],"acf":[],"_links":{"self":[{"href":"https:\/\/hi-techwonder.com\/es\/wp-json\/wp\/v2\/product\/85091","targetHints":{"allow":["GET"]}}],"collection":[{"href":"https:\/\/hi-techwonder.com\/es\/wp-json\/wp\/v2\/product"}],"about":[{"href":"https:\/\/hi-techwonder.com\/es\/wp-json\/wp\/v2\/types\/product"}],"replies":[{"embeddable":true,"href":"https:\/\/hi-techwonder.com\/es\/wp-json\/wp\/v2\/comments?post=85091"}],"wp:featuredmedia":[{"embeddable":true,"href":"https:\/\/hi-techwonder.com\/es\/wp-json\/wp\/v2\/media\/85585"}],"wp:attachment":[{"href":"https:\/\/hi-techwonder.com\/es\/wp-json\/wp\/v2\/media?parent=85091"}],"wp:term":[{"taxonomy":"product_brand","embeddable":true,"href":"https:\/\/hi-techwonder.com\/es\/wp-json\/wp\/v2\/product_brand?post=85091"},{"taxonomy":"product_cat","embeddable":true,"href":"https:\/\/hi-techwonder.com\/es\/wp-json\/wp\/v2\/product_cat?post=85091"},{"taxonomy":"product_tag","embeddable":true,"href":"https:\/\/hi-techwonder.com\/es\/wp-json\/wp\/v2\/product_tag?post=85091"}],"curies":[{"name":"wp","href":"https:\/\/api.w.org\/{rel}","templated":true}]}}