{"id":85147,"date":"2025-09-15T10:16:35","date_gmt":"2025-09-15T10:16:35","guid":{"rendered":"https:\/\/hi-techwonder.com\/product\/sigma-35mm-f-1-2-dg-ii-art\/"},"modified":"2026-01-22T17:45:31","modified_gmt":"2026-01-22T17:45:31","slug":"sigma-35mm-f-1-2-dg-ii-art","status":"publish","type":"product","link":"https:\/\/hi-techwonder.com\/es\/producto\/sigma-35mm-f-1-2-dg-ii-art\/","title":{"rendered":"Sigma 35mm f\/1.2 DG II Art"},"content":{"rendered":"\n<h2 class=\"wp-block-heading\">Sigma 35mm f\/1.2 DG II Art<\/h2>\n\n\n\n<div id=\"wd-a7f83bfc\" class=\"wp-block-wd-video wd-el-video wd-action-without wd-video-external wd-with-aspect-ratio wd-custom-width\"><iframe allowfullscreen allow=\"accelerometer; autoplay; encrypted-media; gyroscope; picture-in-picture\" width=\"100%\" height=\"100%\" loading=\"lazy\" src=\"https:\/\/www.youtube.com\/embed\/L_wymDMcw6o?feature=oembed&amp;controls=1\"><\/iframe><\/div>\n\n\n\n<p id=\"wd-686f3321\" class=\"wp-block-wd-paragraph\">El Sigma 35 mm f\/1.2 DG II Art (Sony E) es la nueva generaci\u00f3n de uno de los objetivos m\u00e1s deseados de la l\u00ednea Art, ahora a\u00fan m\u00e1s ligero, compacto y potente. Con una apertura m\u00e1xima de f\/1.2, este objetivo ofrece una profundidad de campo extremadamente reducida, creando un bokeh envolvente y una separaci\u00f3n del sujeto impresionante.<br>Gracias a su sistema de enfoque HLA de alta respuesta, el enfoque es r\u00e1pido, preciso y silencioso, perfecto tanto para fotograf\u00eda como para producci\u00f3n de v\u00eddeo. Adem\u00e1s, el objetivo ha sido dise\u00f1ado para minimizar el focus breathing, lo que lo convierte en una opci\u00f3n s\u00f3lida para filmaciones profesionales.<br>La refinada construcci\u00f3n \u00f3ptica con 4 elementos asf\u00e9ricos y 1 SLD garantiza im\u00e1genes n\u00edtidas y libres de aberraciones incluso con la apertura m\u00e1xima. El diafragma redondeado de 11 hojas contribuye a un desenfoque suave y art\u00edstico.<br>Robusto y fiable, el objetivo cuenta con una construcci\u00f3n sellada contra el polvo y las salpicaduras, adem\u00e1s de un revestimiento repelente al agua y al aceite en el elemento frontal, lo que permite fotografiar en entornos dif\u00edciles.<br>Con un dise\u00f1o hasta un 30 % m\u00e1s ligero y un 20 % m\u00e1s corto que la versi\u00f3n anterior, el Sigma 35 mm f\/1.2 DG II Art est\u00e1 hecho para acompa\u00f1ar a los creadores en cualquier viaje, convirti\u00e9ndose r\u00e1pidamente en una pieza indispensable en cualquier kit profesional.<\/p>\n\n\n\n<div class=\"wp-block-media-text has-media-on-the-right is-stacked-on-mobile\"><div class=\"wp-block-media-text__content\">\n<h4 class=\"wp-block-heading\">Contenido del embalaje<\/h4>\n\n\n\n<ul id=\"wd-7fbcc292\" class=\"wp-block-wd-list wd-list wd-type-unordered wd-style-default\">\n<li id=\"wd-17fff833\" class=\"wp-block-wd-list-item\"><div class=\"wd-icon\"><\/div><span class=\"wd-list-content\">Sigma 35mm f\/1.2 DG II Art Lens (Sony E)<\/span><\/li>\n\n\n\n<li id=\"wd-af8dc15b\" class=\"wp-block-wd-list-item\"><div class=\"wd-icon\"><\/div><span class=\"wd-list-content\">Parasol Sigma espec\u00edfico para 35 mm f\/1,2 DG II Art<\/span><\/li>\n\n\n\n<li id=\"wd-3b16cf4f\" class=\"wp-block-wd-list-item\"><div class=\"wd-icon\"><\/div><span class=\"wd-list-content\">Tapa frontal Sigma LCF-72 IV (72 mm)<\/span><\/li>\n\n\n\n<li id=\"wd-b02dca13\" class=\"wp-block-wd-list-item\"><div class=\"wd-icon\"><\/div><span class=\"wd-list-content\">Tapa trasera Sigma LCR III para Sony E<\/span><\/li>\n<\/ul>\n<\/div><figure class=\"wp-block-media-text__media\"><img loading=\"lazy\" decoding=\"async\" width=\"683\" height=\"1024\" src=\"https:\/\/hi-techwonder.com\/wp-content\/themes\/woodmart\/images\/lazy.svg\" data-src=\"https:\/\/hi-techwonder.com\/wp-content\/uploads\/2025\/09\/9413765038-683x1024.jpg\" alt=\"\" class=\"wp-image-85130 size-full\" srcset=\"\" data-srcset=\"https:\/\/hi-techwonder.com\/wp-content\/uploads\/2025\/09\/9413765038-683x1024.jpg 683w, https:\/\/hi-techwonder.com\/wp-content\/uploads\/2025\/09\/9413765038-200x300.jpg 200w, https:\/\/hi-techwonder.com\/wp-content\/uploads\/2025\/09\/9413765038-768x1152.jpg 768w, https:\/\/hi-techwonder.com\/wp-content\/uploads\/2025\/09\/9413765038-150x225.jpg 150w, https:\/\/hi-techwonder.com\/wp-content\/uploads\/2025\/09\/9413765038.jpg 1000w\" sizes=\"auto, (max-width: 683px) 100vw, 683px\" \/><\/figure><\/div>\n\n\n\n<div class=\"wp-block-media-text is-stacked-on-mobile\"><figure class=\"wp-block-media-text__media\"><img loading=\"lazy\" decoding=\"async\" width=\"683\" height=\"1024\" src=\"https:\/\/hi-techwonder.com\/wp-content\/themes\/woodmart\/images\/lazy.svg\" data-src=\"https:\/\/hi-techwonder.com\/wp-content\/uploads\/2025\/09\/7399125093-683x1024.jpg\" alt=\"\" class=\"wp-image-85132 size-full\" srcset=\"\" data-srcset=\"https:\/\/hi-techwonder.com\/wp-content\/uploads\/2025\/09\/7399125093-683x1024.jpg 683w, https:\/\/hi-techwonder.com\/wp-content\/uploads\/2025\/09\/7399125093-200x300.jpg 200w, https:\/\/hi-techwonder.com\/wp-content\/uploads\/2025\/09\/7399125093-768x1152.jpg 768w, https:\/\/hi-techwonder.com\/wp-content\/uploads\/2025\/09\/7399125093-150x225.jpg 150w, https:\/\/hi-techwonder.com\/wp-content\/uploads\/2025\/09\/7399125093.jpg 1000w\" sizes=\"auto, (max-width: 683px) 100vw, 683px\" \/><\/figure><div class=\"wp-block-media-text__content\">\n<p>Fot\u00f3grafos y vide\u00f3grafos profesionales que buscan un objetivo vers\u00e1til, con una calidad \u00f3ptica muy alta, capaz de ofrecer un rendimiento excelente en entornos con poca luz y un bokeh art\u00edstico. Ideal para creadores de contenido, fotoperiodistas, documentalistas, fot\u00f3grafos callejeros y cineastas que necesitan fiabilidad, rapidez y resultados consistentes en cualquier situaci\u00f3n.<\/p>\n<\/div><\/div>\n\n\n\n<div class=\"wp-block-media-text has-media-on-the-right is-stacked-on-mobile\"><div class=\"wp-block-media-text__content\">\n<h4 class=\"wp-block-heading\">Caracter\u00edsticas<\/h4>\n\n\n\n<ul id=\"wd-ea3918ec\" class=\"wp-block-wd-list wd-list wd-type-unordered wd-style-default\">\n<li id=\"wd-41898448\" class=\"wp-block-wd-list-item\"><div class=\"wd-icon\"><\/div><span class=\"wd-list-content\">Distancia focal fija de 35 mm con apertura m\u00e1xima f\/1,2<\/span><\/li>\n\n\n\n<li id=\"wd-504f79b4\" class=\"wp-block-wd-list-item\"><div class=\"wd-icon\"><\/div><span class=\"wd-list-content\">Compatible con c\u00e1maras Sony E-Mount Full Frame y L-Mount<\/span><\/li>\n\n\n\n<li id=\"wd-4506fc80\" class=\"wp-block-wd-list-item\"><div class=\"wd-icon\"><\/div><span class=\"wd-list-content\">Sistema de enfoque autom\u00e1tico con motor HLA silencioso y r\u00e1pido<\/span><\/li>\n\n\n\n<li id=\"wd-6785df1d\" class=\"wp-block-wd-list-item\"><div class=\"wd-icon\"><\/div><span class=\"wd-list-content\">4 elementos asf\u00e9ricos y 1 elemento SLD para una calidad \u00f3ptica m\u00e1xima<\/span><\/li>\n\n\n\n<li id=\"wd-5ecf2763\" class=\"wp-block-wd-list-item\"><div class=\"wd-icon\"><\/div><span class=\"wd-list-content\">Resistencia al destello y al efecto fantasma para un mejor rendimiento con luz de fondo<\/span><\/li>\n\n\n\n<li id=\"wd-0258eae7\" class=\"wp-block-wd-list-item\"><div class=\"wd-icon\"><\/div><span class=\"wd-list-content\">Distancia m\u00ednima de enfoque de 28 cm (11,1&#8243;)<\/span><\/li>\n\n\n\n<li id=\"wd-a0e48243\" class=\"wp-block-wd-list-item\"><div class=\"wd-icon\"><\/div><span class=\"wd-list-content\">Revestimiento repelente al agua y al aceite en la lente frontal<\/span><\/li>\n\n\n\n<li id=\"wd-3aabd71a\" class=\"wp-block-wd-list-item\"><div class=\"wd-icon\"><\/div><span class=\"wd-list-content\">Estructura robusta, sellada contra el polvo y las salpicaduras.<\/span><\/li>\n<\/ul>\n<\/div><figure class=\"wp-block-media-text__media\"><img loading=\"lazy\" decoding=\"async\" width=\"683\" height=\"1024\" src=\"https:\/\/hi-techwonder.com\/wp-content\/themes\/woodmart\/images\/lazy.svg\" data-src=\"https:\/\/hi-techwonder.com\/wp-content\/uploads\/2025\/09\/0124222313-683x1024.jpg\" alt=\"\" class=\"wp-image-85134 size-full\" srcset=\"\" data-srcset=\"https:\/\/hi-techwonder.com\/wp-content\/uploads\/2025\/09\/0124222313-683x1024.jpg 683w, https:\/\/hi-techwonder.com\/wp-content\/uploads\/2025\/09\/0124222313-200x300.jpg 200w, https:\/\/hi-techwonder.com\/wp-content\/uploads\/2025\/09\/0124222313-768x1152.jpg 768w, https:\/\/hi-techwonder.com\/wp-content\/uploads\/2025\/09\/0124222313-150x225.jpg 150w, https:\/\/hi-techwonder.com\/wp-content\/uploads\/2025\/09\/0124222313.jpg 1000w\" sizes=\"auto, (max-width: 683px) 100vw, 683px\" \/><\/figure><\/div>\n\n\n\n<figure class=\"wp-block-gallery has-nested-images columns-default is-cropped wp-block-gallery-1 is-layout-flex wp-block-gallery-is-layout-flex\">\n<figure class=\"wp-block-image size-large\"><img loading=\"lazy\" decoding=\"async\" width=\"1024\" height=\"683\" data-id=\"85142\" src=\"https:\/\/hi-techwonder.com\/wp-content\/themes\/woodmart\/images\/lazy.svg\" data-src=\"https:\/\/hi-techwonder.com\/wp-content\/uploads\/2025\/09\/3099736106-1024x683.jpg\" alt=\"\" class=\"wp-image-85142\" srcset=\"\" data-srcset=\"https:\/\/hi-techwonder.com\/wp-content\/uploads\/2025\/09\/3099736106-1024x683.jpg 1024w, https:\/\/hi-techwonder.com\/wp-content\/uploads\/2025\/09\/3099736106-300x200.jpg 300w, https:\/\/hi-techwonder.com\/wp-content\/uploads\/2025\/09\/3099736106-768x512.jpg 768w, https:\/\/hi-techwonder.com\/wp-content\/uploads\/2025\/09\/3099736106-1200x800.jpg 1200w, https:\/\/hi-techwonder.com\/wp-content\/uploads\/2025\/09\/3099736106-150x100.jpg 150w, https:\/\/hi-techwonder.com\/wp-content\/uploads\/2025\/09\/3099736106.jpg 1500w\" sizes=\"auto, (max-width: 1024px) 100vw, 1024px\" \/><\/figure>\n\n\n\n<figure class=\"wp-block-image size-large\"><img loading=\"lazy\" decoding=\"async\" width=\"1024\" height=\"683\" data-id=\"85138\" src=\"https:\/\/hi-techwonder.com\/wp-content\/themes\/woodmart\/images\/lazy.svg\" data-src=\"https:\/\/hi-techwonder.com\/wp-content\/uploads\/2025\/09\/3535500449-1024x683.jpg\" alt=\"\" class=\"wp-image-85138\" srcset=\"\" data-srcset=\"https:\/\/hi-techwonder.com\/wp-content\/uploads\/2025\/09\/3535500449-1024x683.jpg 1024w, https:\/\/hi-techwonder.com\/wp-content\/uploads\/2025\/09\/3535500449-300x200.jpg 300w, https:\/\/hi-techwonder.com\/wp-content\/uploads\/2025\/09\/3535500449-768x512.jpg 768w, https:\/\/hi-techwonder.com\/wp-content\/uploads\/2025\/09\/3535500449-1200x800.jpg 1200w, https:\/\/hi-techwonder.com\/wp-content\/uploads\/2025\/09\/3535500449-150x100.jpg 150w, https:\/\/hi-techwonder.com\/wp-content\/uploads\/2025\/09\/3535500449.jpg 1500w\" sizes=\"auto, (max-width: 1024px) 100vw, 1024px\" \/><\/figure>\n\n\n\n<figure class=\"wp-block-image size-large\"><img loading=\"lazy\" decoding=\"async\" width=\"1024\" height=\"683\" data-id=\"85140\" src=\"https:\/\/hi-techwonder.com\/wp-content\/themes\/woodmart\/images\/lazy.svg\" data-src=\"https:\/\/hi-techwonder.com\/wp-content\/uploads\/2025\/09\/9481887974-1024x683.jpg\" alt=\"\" class=\"wp-image-85140\" srcset=\"\" data-srcset=\"https:\/\/hi-techwonder.com\/wp-content\/uploads\/2025\/09\/9481887974-1024x683.jpg 1024w, https:\/\/hi-techwonder.com\/wp-content\/uploads\/2025\/09\/9481887974-300x200.jpg 300w, https:\/\/hi-techwonder.com\/wp-content\/uploads\/2025\/09\/9481887974-768x512.jpg 768w, https:\/\/hi-techwonder.com\/wp-content\/uploads\/2025\/09\/9481887974-1200x800.jpg 1200w, https:\/\/hi-techwonder.com\/wp-content\/uploads\/2025\/09\/9481887974-150x100.jpg 150w, https:\/\/hi-techwonder.com\/wp-content\/uploads\/2025\/09\/9481887974.jpg 1500w\" sizes=\"auto, (max-width: 1024px) 100vw, 1024px\" \/><\/figure>\n\n\n\n<figure class=\"wp-block-image size-large\"><img loading=\"lazy\" decoding=\"async\" width=\"1024\" height=\"683\" data-id=\"85136\" src=\"https:\/\/hi-techwonder.com\/wp-content\/themes\/woodmart\/images\/lazy.svg\" data-src=\"https:\/\/hi-techwonder.com\/wp-content\/uploads\/2025\/09\/7513684317-1024x683.jpg\" alt=\"\" class=\"wp-image-85136\" srcset=\"\" data-srcset=\"https:\/\/hi-techwonder.com\/wp-content\/uploads\/2025\/09\/7513684317-1024x683.jpg 1024w, https:\/\/hi-techwonder.com\/wp-content\/uploads\/2025\/09\/7513684317-300x200.jpg 300w, https:\/\/hi-techwonder.com\/wp-content\/uploads\/2025\/09\/7513684317-768x512.jpg 768w, https:\/\/hi-techwonder.com\/wp-content\/uploads\/2025\/09\/7513684317-1200x800.jpg 1200w, https:\/\/hi-techwonder.com\/wp-content\/uploads\/2025\/09\/7513684317-150x100.jpg 150w, https:\/\/hi-techwonder.com\/wp-content\/uploads\/2025\/09\/7513684317.jpg 1500w\" sizes=\"auto, (max-width: 1024px) 100vw, 1024px\" \/><\/figure>\n<\/figure>\n\n\n\n<div id=\"wd-18cc57fd\" class=\"wp-block-wd-table\"><\/div>\n\n\n\n<figure class=\"wp-block-table\"><table class=\"has-fixed-layout\"><thead><tr><th>Especificaci\u00f3n<\/th><th>Detalle<\/th><\/tr><\/thead><tbody><tr><td>Montura<\/td><td>Sony E (Full Frame) L-Mount<\/td><\/tr><tr><td>Distancia focal<\/td><td>35mm<\/td><\/tr><tr><td>Apertura m\u00e1xima<\/td><td>f\/1.2<\/td><\/tr><tr><td>Apertura m\u00ednima<\/td><td>f\/16<\/td><\/tr><tr><td>Construcci\u00f3n \u00f3ptica<\/td><td>17 elementos en 13 grupos<\/td><\/tr><tr><td>Elementos especiales<\/td><td>4 Asf\u00e9ricos, 1 SLD<\/td><\/tr><tr><td>Palas del diafragma<\/td><td>11, redondeadas<\/td><\/tr><tr><td>Distancia m\u00ednima de enfoque<\/td><td>28 cm (11.1&#8243;)<\/td><\/tr><tr><td>Di\u00e1metro del filtro<\/td><td>72 mm<\/td><\/tr><tr><td>Sistema de enfoque<\/td><td>Motor HLA (High-response Linear Actuator)<\/td><\/tr><tr><td>Revestimiento frontal<\/td><td>Repelente al agua y al aceite<\/td><\/tr><tr><td>Resistencia<\/td><td>Estructura resistente al polvo y a las salpicaduras<\/td><\/tr><tr><td>Dimensiones (aprox.)<\/td><td>M\u00e1s compacto que el modelo anterior (30% m\u00e1s ligero, 20% m\u00e1s corto)<\/td><\/tr><tr><td>Peso<\/td><td>Aprox. (informaci\u00f3n a confirmar por el fabricante)<\/td><\/tr><\/tbody><\/table><\/figure>\n","protected":false},"excerpt":{"rendered":"<ul>\n<li>Lente gran angular full frame con apertura m\u00e1xima f\/1.2.<\/li>\n<li>Ideal para fotograf\u00eda con poca luz y efectos bokeh expresivos.<\/li>\n<li>Motor de enfoque HLA de alta velocidad y silencio absoluto.<\/li>\n<li>Diafragma redondeado de 11 hojas para un desenfoque natural.<\/li>\n<li>Construcci\u00f3n resistente al polvo, salpicaduras, aceite y agua.<\/li>\n<li>Dise\u00f1o optimizado: un 30 % m\u00e1s ligero y un 20 % m\u00e1s corto que la versi\u00f3n anterior.<\/li>\n<li>Anillo de apertura con opci\u00f3n de clic\/desclic para foto y v\u00eddeo.<\/li>\n<li>Elementos \u00f3pticos especiales para reducir las aberraciones y mantener la nitidez.<\/li>\n<\/ul>\n","protected":false},"featured_media":85114,"comment_status":"open","ping_status":"closed","template":"","meta":{"_acf_changed":false},"product_brand":[2647],"product_cat":[1034],"product_tag":[],"class_list":{"0":"post-85147","1":"product","2":"type-product","3":"status-publish","4":"has-post-thumbnail","6":"product_brand-sigma-es","7":"product_cat-objetivos","8":"pa_abertura-maxima-f-1-2-es","9":"pa_cor-negro","10":"pa_diametro-72mm-es","11":"pa_estabilizacao-de-imagem-no","12":"pa_montagem-da-objetiva-l-mount-es","13":"pa_montagem-da-objetiva-sony-e-es","14":"pa_sensor-fotograma-completo","15":"pa_tipo-de-foco-enfoque-automatico","16":"pa_tipo-de-objetiva-estandar","17":"pa_zoom-fixa-fijo","19":"first","20":"instock","21":"taxable","22":"shipping-taxable","23":"purchasable","24":"product-type-variable","25":"has-default-attributes"},"bundled_by":[],"bundle_stock_status":"instock","bundle_stock_quantity":null,"bundle_virtual":false,"bundle_layout":"","bundle_add_to_cart_form_location":"","bundle_editable_in_cart":false,"bundle_sold_individually_context":"","bundle_item_grouping":"","bundle_min_size":"","bundle_max_size":"","bundle_price":[],"bundled_items":[],"bundle_sell_ids":[],"acf":[],"_links":{"self":[{"href":"https:\/\/hi-techwonder.com\/es\/wp-json\/wp\/v2\/product\/85147","targetHints":{"allow":["GET"]}}],"collection":[{"href":"https:\/\/hi-techwonder.com\/es\/wp-json\/wp\/v2\/product"}],"about":[{"href":"https:\/\/hi-techwonder.com\/es\/wp-json\/wp\/v2\/types\/product"}],"replies":[{"embeddable":true,"href":"https:\/\/hi-techwonder.com\/es\/wp-json\/wp\/v2\/comments?post=85147"}],"wp:featuredmedia":[{"embeddable":true,"href":"https:\/\/hi-techwonder.com\/es\/wp-json\/wp\/v2\/media\/85114"}],"wp:attachment":[{"href":"https:\/\/hi-techwonder.com\/es\/wp-json\/wp\/v2\/media?parent=85147"}],"wp:term":[{"taxonomy":"product_brand","embeddable":true,"href":"https:\/\/hi-techwonder.com\/es\/wp-json\/wp\/v2\/product_brand?post=85147"},{"taxonomy":"product_cat","embeddable":true,"href":"https:\/\/hi-techwonder.com\/es\/wp-json\/wp\/v2\/product_cat?post=85147"},{"taxonomy":"product_tag","embeddable":true,"href":"https:\/\/hi-techwonder.com\/es\/wp-json\/wp\/v2\/product_tag?post=85147"}],"curies":[{"name":"wp","href":"https:\/\/api.w.org\/{rel}","templated":true}]}}