{"id":85234,"date":"2025-09-15T11:25:20","date_gmt":"2025-09-15T11:25:20","guid":{"rendered":"https:\/\/hi-techwonder.com\/product\/sigma-135mm-f-1-4-dg-art\/"},"modified":"2026-01-08T15:25:30","modified_gmt":"2026-01-08T15:25:30","slug":"sigma-135mm-f-1-4-dg-art","status":"publish","type":"product","link":"https:\/\/hi-techwonder.com\/es\/producto\/sigma-135mm-f-1-4-dg-art\/","title":{"rendered":"Sigma 135mm f\/1.4 DG Art"},"content":{"rendered":"\n<h2 class=\"wp-block-heading\">Sigma 135mm f\/1.4 DG Art<\/h2>\n\n\n\n<div id=\"wd-a7f83bfc\" class=\"wp-block-wd-video wd-el-video wd-action-without wd-video-external wd-with-aspect-ratio wd-custom-width\"><iframe allowfullscreen allow=\"accelerometer; autoplay; encrypted-media; gyroscope; picture-in-picture\" width=\"100%\" height=\"100%\" loading=\"lazy\" src=\"https:\/\/www.youtube.com\/embed\/kEbTmCBPO18?feature=oembed&amp;controls=1\"><\/iframe><\/div>\n\n\n\n<p id=\"wd-627f93ae\" class=\"wp-block-wd-paragraph\">El Sigma 135 mm f\/1,4 DG Art redefine el concepto de calidad en los teleobjetivos para retratos y producci\u00f3n audiovisual. Con una apertura m\u00e1xima de f\/1,4, ofrece un desenfoque del fondo extremadamente suave y natural, destacando al sujeto de forma dram\u00e1tica y cinematogr\u00e1fica.<\/p>\n\n\n\n<p id=\"wd-1d9b3dea\" class=\"wp-block-wd-paragraph\">El complejo dise\u00f1o \u00f3ptico, compuesto por 17 elementos en 13 grupos, incorpora vidrio FLD y elementos asf\u00e9ricos para eliminar las aberraciones crom\u00e1ticas y mantener una nitidez constante en toda la imagen. El diafragma redondeado de 13 l\u00e1minas garantiza transiciones de bokeh suaves y circulares, incluso en los bordes del encuadre.<\/p>\n\n\n\n<p id=\"wd-c35b8dd0\" class=\"wp-block-wd-paragraph\">El objetivo est\u00e1 equipado con un motor HLA de respuesta lineal, que proporciona un enfoque autom\u00e1tico r\u00e1pido, silencioso y preciso, ideal tanto para fotograf\u00eda de acci\u00f3n como para grabaci\u00f3n de v\u00eddeo. El sistema se ha optimizado para reducir el \u00abfocus breathing\u00bb, lo que lo convierte en una excelente opci\u00f3n para los vide\u00f3grafos.<\/p>\n\n\n\n<p id=\"wd-851ebd6d\" class=\"wp-block-wd-paragraph\">Dise\u00f1ado para entornos exigentes, cuenta con un revestimiento repelente al agua y al aceite y una estructura resistente al polvo y las salpicaduras. El soporte de tr\u00edpode extra\u00edble compatible con el acoplamiento Arca garantiza una estabilidad adicional en sesiones largas o cuando se utiliza el objetivo con c\u00e1maras en tr\u00edpodes robustos.<\/p>\n\n\n\n<p>Combinando un rendimiento \u00f3ptico de vanguardia, robustez y versatilidad, este objetivo es un aut\u00e9ntico icono de la gama Sigma Art.<\/p>\n\n\n\n<div class=\"wp-block-media-text has-media-on-the-right is-stacked-on-mobile\"><div class=\"wp-block-media-text__content\">\n<h4 class=\"wp-block-heading\">Contenido del embalaje<\/h4>\n\n\n\n<ul class=\"wp-block-list\">\n<li>Lente Sigma 135mm f\/1.4 DG Art (Sony E)<\/li>\n\n\n\n<li>Parasol Sigma espec\u00edfico (135 mm f\/1,4 DG Art)<\/li>\n\n\n\n<li>Tapa frontal Sigma LCF-72 IV (72 mm)<\/li>\n\n\n\n<li>Tapa trasera Sigma LCR III (Sony E)<\/li>\n\n\n\n<li>Soporte para tr\u00edpode Sigma TS-181 (Arca-type)<\/li>\n\n\n\n<li>Funda protectora Sigma PT-61<\/li>\n<\/ul>\n<\/div><figure class=\"wp-block-media-text__media\"><img loading=\"lazy\" decoding=\"async\" width=\"1024\" height=\"683\" src=\"https:\/\/hi-techwonder.com\/wp-content\/themes\/woodmart\/images\/lazy.svg\" data-src=\"https:\/\/hi-techwonder.com\/wp-content\/uploads\/2025\/09\/1861296795-1024x683.jpg\" alt=\"\" class=\"wp-image-85172 size-full\" srcset=\"\" data-srcset=\"https:\/\/hi-techwonder.com\/wp-content\/uploads\/2025\/09\/1861296795-1024x683.jpg 1024w, https:\/\/hi-techwonder.com\/wp-content\/uploads\/2025\/09\/1861296795-300x200.jpg 300w, https:\/\/hi-techwonder.com\/wp-content\/uploads\/2025\/09\/1861296795-768x512.jpg 768w, https:\/\/hi-techwonder.com\/wp-content\/uploads\/2025\/09\/1861296795-1200x800.jpg 1200w, https:\/\/hi-techwonder.com\/wp-content\/uploads\/2025\/09\/1861296795-150x100.jpg 150w, https:\/\/hi-techwonder.com\/wp-content\/uploads\/2025\/09\/1861296795.jpg 1500w\" sizes=\"auto, (max-width: 1024px) 100vw, 1024px\" \/><\/figure><\/div>\n\n\n\n<div class=\"wp-block-media-text is-stacked-on-mobile\"><figure class=\"wp-block-media-text__media\"><img loading=\"lazy\" decoding=\"async\" width=\"1024\" height=\"683\" src=\"https:\/\/hi-techwonder.com\/wp-content\/themes\/woodmart\/images\/lazy.svg\" data-src=\"https:\/\/hi-techwonder.com\/wp-content\/uploads\/2025\/09\/8625343088-1024x683.jpg\" alt=\"\" class=\"wp-image-85174 size-full\" srcset=\"\" data-srcset=\"https:\/\/hi-techwonder.com\/wp-content\/uploads\/2025\/09\/8625343088-1024x683.jpg 1024w, https:\/\/hi-techwonder.com\/wp-content\/uploads\/2025\/09\/8625343088-300x200.jpg 300w, https:\/\/hi-techwonder.com\/wp-content\/uploads\/2025\/09\/8625343088-768x512.jpg 768w, https:\/\/hi-techwonder.com\/wp-content\/uploads\/2025\/09\/8625343088-1200x800.jpg 1200w, https:\/\/hi-techwonder.com\/wp-content\/uploads\/2025\/09\/8625343088-150x100.jpg 150w, https:\/\/hi-techwonder.com\/wp-content\/uploads\/2025\/09\/8625343088.jpg 1500w\" sizes=\"auto, (max-width: 1024px) 100vw, 1024px\" \/><\/figure><div class=\"wp-block-media-text__content\">\n<p>Ideal para fot\u00f3grafos profesionales y aficionados avanzados que buscan la m\u00e1xima calidad en retratos, fotograf\u00eda de productos y estilo de vida. Su apertura f\/1.4 la hace perfecta para crear im\u00e1genes impactantes con fondo desenfocado, mientras que la precisi\u00f3n del motor HLA tambi\u00e9n la posiciona como una excelente opci\u00f3n para vide\u00f3grafos que exigen un enfoque r\u00e1pido, silencioso y sin &#8220;breathing&#8221;.<\/p>\n<\/div><\/div>\n\n\n\n<div class=\"wp-block-media-text has-media-on-the-right is-stacked-on-mobile\"><div class=\"wp-block-media-text__content\">\n<h4 class=\"wp-block-heading\">Caracter\u00edsticas<\/h4>\n\n\n\n<ul id=\"wd-cc579dd5\" class=\"wp-block-wd-list wd-list wd-type-unordered wd-style-default\">\n<li id=\"wd-2460adaa\" class=\"wp-block-wd-list-item\"><div class=\"wd-icon\"><\/div><span class=\"wd-list-content\">Focal fija de 135 mm con cobertura full frame<\/span><\/li>\n\n\n\n<li id=\"wd-fb06811f\" class=\"wp-block-wd-list-item\"><div class=\"wd-icon\"><\/div><span class=\"wd-list-content\">Apertura de f\/1,4 a f\/16 para un excelente control creativo de la luz<\/span><\/li>\n\n\n\n<li id=\"wd-6f7dc594\" class=\"wp-block-wd-list-item\"><div class=\"wd-icon\"><\/div><span class=\"wd-list-content\">Dos elementos asf\u00e9ricos y cuatro FLD para reducir las aberraciones.<\/span><\/li>\n\n\n\n<li id=\"wd-cf571e9f\" class=\"wp-block-wd-list-item\"><div class=\"wd-icon\"><\/div><span class=\"wd-list-content\">Diafragma redondeado de 13 l\u00e1minas para un bokeh natural<\/span><\/li>\n\n\n\n<li id=\"wd-429d02f8\" class=\"wp-block-wd-list-item\"><div class=\"wd-icon\"><\/div><span class=\"wd-list-content\">Anillo de apertura con opci\u00f3n de clic o declic para v\u00eddeo<\/span><\/li>\n\n\n\n<li id=\"wd-72f3bc50\" class=\"wp-block-wd-list-item\"><div class=\"wd-icon\"><\/div><span class=\"wd-list-content\">Bot\u00f3n AFL programable e interruptor de modos de enfoque<\/span><\/li>\n\n\n\n<li id=\"wd-f0e7ea87\" class=\"wp-block-wd-list-item\"><div class=\"wd-icon\"><\/div><span class=\"wd-list-content\">Recubrimiento multicapa que reduce los flare y ghosting<\/span><\/li>\n\n\n\n<li id=\"wd-e29e6eb3\" class=\"wp-block-wd-list-item\"><div class=\"wd-icon\"><\/div><span class=\"wd-list-content\">Construcci\u00f3n robusta y resistente a la intemperie.<\/span><\/li>\n<\/ul>\n<\/div><figure class=\"wp-block-media-text__media\"><img loading=\"lazy\" decoding=\"async\" width=\"1024\" height=\"683\" src=\"https:\/\/hi-techwonder.com\/wp-content\/themes\/woodmart\/images\/lazy.svg\" data-src=\"https:\/\/hi-techwonder.com\/wp-content\/uploads\/2025\/09\/7029392513-1024x683.jpg\" alt=\"\" class=\"wp-image-85176 size-full\" srcset=\"\" data-srcset=\"https:\/\/hi-techwonder.com\/wp-content\/uploads\/2025\/09\/7029392513-1024x683.jpg 1024w, https:\/\/hi-techwonder.com\/wp-content\/uploads\/2025\/09\/7029392513-300x200.jpg 300w, https:\/\/hi-techwonder.com\/wp-content\/uploads\/2025\/09\/7029392513-768x512.jpg 768w, https:\/\/hi-techwonder.com\/wp-content\/uploads\/2025\/09\/7029392513-1200x800.jpg 1200w, https:\/\/hi-techwonder.com\/wp-content\/uploads\/2025\/09\/7029392513-150x100.jpg 150w, https:\/\/hi-techwonder.com\/wp-content\/uploads\/2025\/09\/7029392513.jpg 1500w\" sizes=\"auto, (max-width: 1024px) 100vw, 1024px\" \/><\/figure><\/div>\n\n\n\n<figure class=\"wp-block-gallery has-nested-images columns-default is-cropped wp-block-gallery-1 is-layout-flex wp-block-gallery-is-layout-flex\">\n<figure class=\"wp-block-image size-large\"><img loading=\"lazy\" decoding=\"async\" width=\"683\" height=\"1024\" data-id=\"85180\" src=\"https:\/\/hi-techwonder.com\/wp-content\/themes\/woodmart\/images\/lazy.svg\" data-src=\"https:\/\/hi-techwonder.com\/wp-content\/uploads\/2025\/09\/1089556736-683x1024.jpg\" alt=\"\" class=\"wp-image-85180\" srcset=\"\" data-srcset=\"https:\/\/hi-techwonder.com\/wp-content\/uploads\/2025\/09\/1089556736-683x1024.jpg 683w, https:\/\/hi-techwonder.com\/wp-content\/uploads\/2025\/09\/1089556736-200x300.jpg 200w, https:\/\/hi-techwonder.com\/wp-content\/uploads\/2025\/09\/1089556736-768x1152.jpg 768w, https:\/\/hi-techwonder.com\/wp-content\/uploads\/2025\/09\/1089556736-150x225.jpg 150w, https:\/\/hi-techwonder.com\/wp-content\/uploads\/2025\/09\/1089556736.jpg 1000w\" sizes=\"auto, (max-width: 683px) 100vw, 683px\" \/><\/figure>\n\n\n\n<figure class=\"wp-block-image size-large\"><img loading=\"lazy\" decoding=\"async\" width=\"683\" height=\"1024\" data-id=\"85178\" src=\"https:\/\/hi-techwonder.com\/wp-content\/themes\/woodmart\/images\/lazy.svg\" data-src=\"https:\/\/hi-techwonder.com\/wp-content\/uploads\/2025\/09\/2204421484-683x1024.jpg\" alt=\"\" class=\"wp-image-85178\" srcset=\"\" data-srcset=\"https:\/\/hi-techwonder.com\/wp-content\/uploads\/2025\/09\/2204421484-683x1024.jpg 683w, https:\/\/hi-techwonder.com\/wp-content\/uploads\/2025\/09\/2204421484-200x300.jpg 200w, https:\/\/hi-techwonder.com\/wp-content\/uploads\/2025\/09\/2204421484-768x1152.jpg 768w, https:\/\/hi-techwonder.com\/wp-content\/uploads\/2025\/09\/2204421484-150x225.jpg 150w, https:\/\/hi-techwonder.com\/wp-content\/uploads\/2025\/09\/2204421484.jpg 1000w\" sizes=\"auto, (max-width: 683px) 100vw, 683px\" \/><\/figure>\n\n\n\n<figure class=\"wp-block-image size-large\"><img loading=\"lazy\" decoding=\"async\" width=\"683\" height=\"1024\" data-id=\"85182\" src=\"https:\/\/hi-techwonder.com\/wp-content\/themes\/woodmart\/images\/lazy.svg\" data-src=\"https:\/\/hi-techwonder.com\/wp-content\/uploads\/2025\/09\/9375090222-683x1024.jpg\" alt=\"\" class=\"wp-image-85182\" srcset=\"\" data-srcset=\"https:\/\/hi-techwonder.com\/wp-content\/uploads\/2025\/09\/9375090222-683x1024.jpg 683w, https:\/\/hi-techwonder.com\/wp-content\/uploads\/2025\/09\/9375090222-200x300.jpg 200w, https:\/\/hi-techwonder.com\/wp-content\/uploads\/2025\/09\/9375090222-768x1152.jpg 768w, https:\/\/hi-techwonder.com\/wp-content\/uploads\/2025\/09\/9375090222-150x225.jpg 150w, https:\/\/hi-techwonder.com\/wp-content\/uploads\/2025\/09\/9375090222.jpg 1000w\" sizes=\"auto, (max-width: 683px) 100vw, 683px\" \/><\/figure>\n<\/figure>\n\n\n\n<figure class=\"wp-block-table\"><table class=\"has-fixed-layout\"><thead><tr><th>Especificaci\u00f3n<\/th><th>Detalle<\/th><\/tr><\/thead><tbody><tr><td>Distancia focal<\/td><td>135mm<\/td><\/tr><tr><td>Apertura m\u00e1xima<\/td><td>f\/1.4<\/td><\/tr><tr><td>Apertura m\u00ednima<\/td><td>f\/16<\/td><\/tr><tr><td>Montura<\/td><td>Sony E<\/td><\/tr><tr><td>Cobertura del formato<\/td><td>Full-Frame<\/td><\/tr><tr><td>\u00c1ngulo de visi\u00f3n<\/td><td>18.2\u00b0<\/td><\/tr><tr><td>Distancia m\u00ednima de enfoque<\/td><td>110 cm<\/td><\/tr><tr><td>Aumento m\u00e1ximo<\/td><td>0.14x (1:6.9)<\/td><\/tr><tr><td>Construcci\u00f3n \u00f3ptica<\/td><td>17 elementos en 13 grupos<\/td><\/tr><tr><td>Palas del diafragma<\/td><td>13, redondeadas<\/td><\/tr><tr><td>Estabilizaci\u00f3n de imagen<\/td><td>No<\/td><\/tr><tr><td>Tipo de enfoque<\/td><td>Autofoco (motor HLA)<\/td><\/tr><tr><td>Montura para tr\u00edpode<\/td><td>Soporte desmontable y giratorio (tipo Arca)<\/td><\/tr><tr><td>Tama\u00f1o del filtro<\/td><td>105 mm (frontal)<\/td><\/tr><tr><td>Dimensiones<\/td><td>111.7 \u00d7 135.5 mm<\/td><\/tr><tr><td>Peso<\/td><td>1.43 kg<\/td><\/tr><\/tbody><\/table><\/figure>\n","protected":false},"excerpt":{"rendered":"<ul>\n<li>Teleobjetivo prime de 135 mm para Sony E | L-Mount full frame.<\/li>\n<li>Apertura m\u00e1xima s\u00faper r\u00e1pida de f\/1,4 para retratos con un exuberante efecto bokeh.<\/li>\n<li>Sistema AF de alta velocidad con motor HLA silencioso.<\/li>\n<li>Construcci\u00f3n \u00f3ptica avanzada con 17 elementos en 13 grupos.<\/li>\n<li>Diafragma redondeado de 13 hojas para un desenfoque suave.<\/li>\n<li>Recubrimiento resistente al agua y al aceite para una mayor durabilidad.<\/li>\n<li>Estructura sellada contra el polvo y las salpicaduras.<\/li>\n<li>Soporte de tr\u00edpode extra\u00edble compatible con el acoplamiento Arca.<\/li>\n<\/ul>\n","protected":false},"featured_media":85158,"comment_status":"open","ping_status":"closed","template":"","meta":{"_acf_changed":false},"product_brand":[2647],"product_cat":[1034,1062],"product_tag":[],"class_list":{"0":"post-85234","1":"product","2":"type-product","3":"status-publish","4":"has-post-thumbnail","6":"product_brand-sigma-es","7":"product_cat-objetivos","8":"product_cat-mirrorless-objectivos","9":"pa_abertura-maxima-f-1-4-es","10":"pa_cor-negro","11":"pa_diametro-105mm-es","12":"pa_estabilizacao-de-imagem-no","13":"pa_montagem-da-objetiva-l-mount-es","14":"pa_montagem-da-objetiva-sony-e-es","15":"pa_sensor-fotograma-completo","16":"pa_tipo-de-foco-enfoque-automatico","17":"pa_tipo-de-objetiva-teleobjetivo","18":"pa_zoom-fixa-fijo","20":"first","21":"outofstock","22":"taxable","23":"shipping-taxable","24":"purchasable","25":"product-type-variable","26":"has-default-attributes"},"bundled_by":[],"bundle_stock_status":"outofstock","bundle_stock_quantity":null,"bundle_virtual":false,"bundle_layout":"","bundle_add_to_cart_form_location":"","bundle_editable_in_cart":false,"bundle_sold_individually_context":"","bundle_item_grouping":"","bundle_min_size":"","bundle_max_size":"","bundle_price":[],"bundled_items":[],"bundle_sell_ids":[],"acf":[],"_links":{"self":[{"href":"https:\/\/hi-techwonder.com\/es\/wp-json\/wp\/v2\/product\/85234","targetHints":{"allow":["GET"]}}],"collection":[{"href":"https:\/\/hi-techwonder.com\/es\/wp-json\/wp\/v2\/product"}],"about":[{"href":"https:\/\/hi-techwonder.com\/es\/wp-json\/wp\/v2\/types\/product"}],"replies":[{"embeddable":true,"href":"https:\/\/hi-techwonder.com\/es\/wp-json\/wp\/v2\/comments?post=85234"}],"wp:featuredmedia":[{"embeddable":true,"href":"https:\/\/hi-techwonder.com\/es\/wp-json\/wp\/v2\/media\/85158"}],"wp:attachment":[{"href":"https:\/\/hi-techwonder.com\/es\/wp-json\/wp\/v2\/media?parent=85234"}],"wp:term":[{"taxonomy":"product_brand","embeddable":true,"href":"https:\/\/hi-techwonder.com\/es\/wp-json\/wp\/v2\/product_brand?post=85234"},{"taxonomy":"product_cat","embeddable":true,"href":"https:\/\/hi-techwonder.com\/es\/wp-json\/wp\/v2\/product_cat?post=85234"},{"taxonomy":"product_tag","embeddable":true,"href":"https:\/\/hi-techwonder.com\/es\/wp-json\/wp\/v2\/product_tag?post=85234"}],"curies":[{"name":"wp","href":"https:\/\/api.w.org\/{rel}","templated":true}]}}