{"id":85238,"date":"2025-09-15T11:30:07","date_gmt":"2025-09-15T11:30:07","guid":{"rendered":"https:\/\/hi-techwonder.com\/product\/nisi-jetmag-pro-para-fujifilm-x100\/"},"modified":"2026-04-10T18:35:47","modified_gmt":"2026-04-10T17:35:47","slug":"nisi-jetmag-pro-para-fujifilm-x100","status":"publish","type":"product","link":"https:\/\/hi-techwonder.com\/es\/producto\/nisi-jetmag-pro-para-fujifilm-x100\/","title":{"rendered":"NiSi JetMag Pro para Fujifilm X100  (UV + Parasol + Tapa)"},"content":{"rendered":"\n<h3 id=\"wd-59fb6f7b\" class=\"wp-block-wd-title title\"><strong><strong>NiSi JetMag Pro para Fujifilm X100 \u2013 Kit de Parasol Magn\u00e9tico, Filtro NC UV 49mm y Tapa Magn\u00e9tica (Negro o Plateado)<\/strong><\/strong><\/h3>\n\n\n\n<div id=\"wd-bb4b1731\" class=\"wp-block-wd-video wd-el-video wd-action-without wd-video-external wd-with-aspect-ratio wd-custom-width\"><iframe allowfullscreen allow=\"accelerometer; autoplay; encrypted-media; gyroscope; picture-in-picture\" width=\"100%\" height=\"100%\" loading=\"lazy\" src=\"https:\/\/www.youtube.com\/embed\/IsIVFvZD7Gs?feature=oembed&amp;controls=1\"><\/iframe><\/div>\n\n\n\n<p>El\u00a0<strong>NiSi JetMag Pro para la serie Fujifilm X100<\/strong>\u00a0es el accesorio definitivo para fot\u00f3grafos que valoran tanto la protecci\u00f3n de su objetivo como la est\u00e9tica atemporal de la X100. Desarrollado espec\u00edficamente para los modelos X100, X100S, X100F, X100T, X100V y X100VI, este kit re\u00fane tres piezas esenciales: filtro NC UV, parasol cuadrado magn\u00e9tico y tapa magn\u00e9tica.<\/p>\n\n\n\n<p id=\"wd-14dbd3d0\" class=\"wp-block-wd-paragraph\">En el coraz\u00f3n del sistema se encuentra el filtro NC UV multicapa, fabricado en cristal \u00f3ptico de precisi\u00f3n. Adem\u00e1s de bloquear la luz ultravioleta y reducir la neblina atmosf\u00e9rica para obtener im\u00e1genes m\u00e1s n\u00edtidas y contrastadas, este filtro protege permanentemente la lente contra polvo, ara\u00f1azos e impactos. Con la rosca frontal de 49 mm, tambi\u00e9n es posible acoplar filtros adicionales sin retirar el kit.<\/p>\n\n\n\n<p id=\"wd-a4e6f792\" class=\"wp-block-wd-paragraph\">La verdadera innovaci\u00f3n es el parasol magn\u00e9tico de aluminio: basta acercarlo para que se fije de forma inmediata y segura, ayudando a controlar los reflejos y manteniendo el contraste en condiciones de luz exigentes. Acompa\u00f1ando el conjunto, la tapa magn\u00e9tica completa el sistema, encajando al instante para ofrecer la m\u00e1xima protecci\u00f3n cuando la c\u00e1mara no est\u00e1 en uso.<\/p>\n\n\n\n<p>Disponible en negro o plateado, el JetMag Pro ha sido dise\u00f1ado para complementar a la perfecci\u00f3n el dise\u00f1o ic\u00f3nico de la Fujifilm X100, elevando no solo la protecci\u00f3n y funcionalidad, sino tambi\u00e9n la elegancia de tu c\u00e1mara.<\/p>\n\n\n\n<div class=\"wp-block-media-text has-media-on-the-right is-stacked-on-mobile\" style=\"grid-template-columns:auto 35%\"><div class=\"wp-block-media-text__content\">\n<h2 id=\"wd-8809c8e3\" class=\"wp-block-wd-title title\"><strong>Contenido del Paquete<\/strong><\/h2>\n\n\n\n<p>1x Filtro NC UV con adaptador de 49 mm<\/p>\n\n\n\n<p>1x Parasol cuadrado magn\u00e9tico de metal<\/p>\n\n\n\n<p>1x Tapa magn\u00e9tica NiSi JetMag Pro<\/p>\n\n\n\n<p>Manual\/folleto de instrucciones<\/p>\n<\/div><figure class=\"wp-block-media-text__media\"><img loading=\"lazy\" decoding=\"async\" width=\"1024\" height=\"1024\" src=\"https:\/\/hi-techwonder.com\/wp-content\/themes\/woodmart\/images\/lazy.svg\" data-src=\"https:\/\/hi-techwonder.com\/wp-content\/uploads\/2025\/09\/DSC00263-1-1024x1024.jpg\" alt=\"\" class=\"wp-image-85232 size-full\" srcset=\"\" data-srcset=\"https:\/\/hi-techwonder.com\/wp-content\/uploads\/2025\/09\/DSC00263-1-1024x1024.jpg 1024w, https:\/\/hi-techwonder.com\/wp-content\/uploads\/2025\/09\/DSC00263-1-300x300.jpg 300w, https:\/\/hi-techwonder.com\/wp-content\/uploads\/2025\/09\/DSC00263-1-150x150.jpg 150w, https:\/\/hi-techwonder.com\/wp-content\/uploads\/2025\/09\/DSC00263-1-768x768.jpg 768w, https:\/\/hi-techwonder.com\/wp-content\/uploads\/2025\/09\/DSC00263-1-600x600.jpg 600w, https:\/\/hi-techwonder.com\/wp-content\/uploads\/2025\/09\/DSC00263-1-1200x1200.jpg 1200w, https:\/\/hi-techwonder.com\/wp-content\/uploads\/2025\/09\/DSC00263-1.jpg 1500w\" sizes=\"auto, (max-width: 1024px) 100vw, 1024px\" \/><\/figure><\/div>\n\n\n\n<div id=\"wd-068b9c39\" class=\"wp-block-wd-gallery wd-grid-g wd-caption-mask\" style=\"--wd-col-lg:3;--wd-col-md:3;--wd-col-sm:1;--wd-gap-lg:20px;--wd-gap-sm: 10px;\">\n<div id=\"wd-2562b12f\" class=\"wp-block-wd-gallery-item wd-col photoswipe-images\"><div class=\"wd-block-image\"><a href=\"https:\/\/hi-techwonder.com\/wp-content\/uploads\/2025\/09\/DSC9593.jpg\" data-width=\"1500\" data-height=\"1200\" data-elementor-open-lightbox=\"no\"><img loading=\"lazy\" decoding=\"async\" width=\"1500\" height=\"1200\" class=\"wp-image-85230\" src=\"https:\/\/hi-techwonder.com\/wp-content\/themes\/woodmart\/images\/lazy.svg\" data-src=\"https:\/\/hi-techwonder.com\/wp-content\/uploads\/2025\/09\/DSC9593.jpg\" alt=\"\" srcset=\"\" data-srcset=\"https:\/\/hi-techwonder.com\/wp-content\/uploads\/2025\/09\/DSC9593.jpg 1500w, https:\/\/hi-techwonder.com\/wp-content\/uploads\/2025\/09\/DSC9593-300x240.jpg 300w, https:\/\/hi-techwonder.com\/wp-content\/uploads\/2025\/09\/DSC9593-1024x819.jpg 1024w, https:\/\/hi-techwonder.com\/wp-content\/uploads\/2025\/09\/DSC9593-768x614.jpg 768w, https:\/\/hi-techwonder.com\/wp-content\/uploads\/2025\/09\/DSC9593-1200x960.jpg 1200w, https:\/\/hi-techwonder.com\/wp-content\/uploads\/2025\/09\/DSC9593-150x120.jpg 150w\" sizes=\"auto, (max-width: 1500px) 100vw, 1500px\" \/><\/a><\/div><\/div>\n\n\n\n<div id=\"wd-94916b5b\" class=\"wp-block-wd-gallery-item wd-col photoswipe-images\"><div class=\"wd-block-image\"><a href=\"https:\/\/hi-techwonder.com\/wp-content\/uploads\/2025\/09\/DSC8395-Edit.jpg\" data-width=\"1500\" data-height=\"1200\" data-elementor-open-lightbox=\"no\"><img loading=\"lazy\" decoding=\"async\" width=\"1500\" height=\"1200\" class=\"wp-image-85222\" src=\"https:\/\/hi-techwonder.com\/wp-content\/themes\/woodmart\/images\/lazy.svg\" data-src=\"https:\/\/hi-techwonder.com\/wp-content\/uploads\/2025\/09\/DSC8395-Edit.jpg\" alt=\"\" srcset=\"\" data-srcset=\"https:\/\/hi-techwonder.com\/wp-content\/uploads\/2025\/09\/DSC8395-Edit.jpg 1500w, https:\/\/hi-techwonder.com\/wp-content\/uploads\/2025\/09\/DSC8395-Edit-300x240.jpg 300w, https:\/\/hi-techwonder.com\/wp-content\/uploads\/2025\/09\/DSC8395-Edit-1024x819.jpg 1024w, https:\/\/hi-techwonder.com\/wp-content\/uploads\/2025\/09\/DSC8395-Edit-768x614.jpg 768w, https:\/\/hi-techwonder.com\/wp-content\/uploads\/2025\/09\/DSC8395-Edit-1200x960.jpg 1200w, https:\/\/hi-techwonder.com\/wp-content\/uploads\/2025\/09\/DSC8395-Edit-150x120.jpg 150w\" sizes=\"auto, (max-width: 1500px) 100vw, 1500px\" \/><\/a><\/div><\/div>\n\n\n\n<div id=\"wd-cac9a368\" class=\"wp-block-wd-gallery-item wd-col photoswipe-images\"><div class=\"wd-block-image\"><a href=\"https:\/\/hi-techwonder.com\/wp-content\/uploads\/2025\/09\/DSC8465-Edit.jpg\" data-width=\"1500\" data-height=\"1200\" data-elementor-open-lightbox=\"no\"><img loading=\"lazy\" decoding=\"async\" width=\"1500\" height=\"1200\" class=\"wp-image-85224\" src=\"https:\/\/hi-techwonder.com\/wp-content\/themes\/woodmart\/images\/lazy.svg\" data-src=\"https:\/\/hi-techwonder.com\/wp-content\/uploads\/2025\/09\/DSC8465-Edit.jpg\" alt=\"\" srcset=\"\" data-srcset=\"https:\/\/hi-techwonder.com\/wp-content\/uploads\/2025\/09\/DSC8465-Edit.jpg 1500w, https:\/\/hi-techwonder.com\/wp-content\/uploads\/2025\/09\/DSC8465-Edit-300x240.jpg 300w, https:\/\/hi-techwonder.com\/wp-content\/uploads\/2025\/09\/DSC8465-Edit-1024x819.jpg 1024w, https:\/\/hi-techwonder.com\/wp-content\/uploads\/2025\/09\/DSC8465-Edit-768x614.jpg 768w, https:\/\/hi-techwonder.com\/wp-content\/uploads\/2025\/09\/DSC8465-Edit-1200x960.jpg 1200w, https:\/\/hi-techwonder.com\/wp-content\/uploads\/2025\/09\/DSC8465-Edit-150x120.jpg 150w\" sizes=\"auto, (max-width: 1500px) 100vw, 1500px\" \/><\/a><\/div><\/div>\n\n\n\n<div id=\"wd-905bdd63\" class=\"wp-block-wd-gallery-item wd-col photoswipe-images\"><div class=\"wd-block-image\"><a href=\"https:\/\/hi-techwonder.com\/wp-content\/uploads\/2025\/09\/DSC8716.jpg\" data-width=\"1500\" data-height=\"998\" data-elementor-open-lightbox=\"no\"><img loading=\"lazy\" decoding=\"async\" width=\"1500\" height=\"998\" class=\"wp-image-85220\" src=\"https:\/\/hi-techwonder.com\/wp-content\/themes\/woodmart\/images\/lazy.svg\" data-src=\"https:\/\/hi-techwonder.com\/wp-content\/uploads\/2025\/09\/DSC8716.jpg\" alt=\"\" srcset=\"\" data-srcset=\"https:\/\/hi-techwonder.com\/wp-content\/uploads\/2025\/09\/DSC8716.jpg 1500w, https:\/\/hi-techwonder.com\/wp-content\/uploads\/2025\/09\/DSC8716-300x200.jpg 300w, https:\/\/hi-techwonder.com\/wp-content\/uploads\/2025\/09\/DSC8716-1024x681.jpg 1024w, https:\/\/hi-techwonder.com\/wp-content\/uploads\/2025\/09\/DSC8716-768x511.jpg 768w, https:\/\/hi-techwonder.com\/wp-content\/uploads\/2025\/09\/DSC8716-1200x798.jpg 1200w, https:\/\/hi-techwonder.com\/wp-content\/uploads\/2025\/09\/DSC8716-150x100.jpg 150w\" sizes=\"auto, (max-width: 1500px) 100vw, 1500px\" \/><\/a><\/div><\/div>\n\n\n\n<div id=\"wd-7d54f7b3\" class=\"wp-block-wd-gallery-item wd-col photoswipe-images\"><div class=\"wd-block-image\"><a href=\"https:\/\/hi-techwonder.com\/wp-content\/uploads\/2025\/09\/DSC8529-Edit.jpg\" data-width=\"1500\" data-height=\"998\" data-elementor-open-lightbox=\"no\"><img loading=\"lazy\" decoding=\"async\" width=\"1500\" height=\"998\" class=\"wp-image-85226\" src=\"https:\/\/hi-techwonder.com\/wp-content\/themes\/woodmart\/images\/lazy.svg\" data-src=\"https:\/\/hi-techwonder.com\/wp-content\/uploads\/2025\/09\/DSC8529-Edit.jpg\" alt=\"\" srcset=\"\" data-srcset=\"https:\/\/hi-techwonder.com\/wp-content\/uploads\/2025\/09\/DSC8529-Edit.jpg 1500w, https:\/\/hi-techwonder.com\/wp-content\/uploads\/2025\/09\/DSC8529-Edit-300x200.jpg 300w, https:\/\/hi-techwonder.com\/wp-content\/uploads\/2025\/09\/DSC8529-Edit-1024x681.jpg 1024w, https:\/\/hi-techwonder.com\/wp-content\/uploads\/2025\/09\/DSC8529-Edit-768x511.jpg 768w, https:\/\/hi-techwonder.com\/wp-content\/uploads\/2025\/09\/DSC8529-Edit-1200x798.jpg 1200w, https:\/\/hi-techwonder.com\/wp-content\/uploads\/2025\/09\/DSC8529-Edit-150x100.jpg 150w\" sizes=\"auto, (max-width: 1500px) 100vw, 1500px\" \/><\/a><\/div><\/div>\n\n\n\n<div id=\"wd-fb8e8681\" class=\"wp-block-wd-gallery-item wd-col photoswipe-images\"><div class=\"wd-block-image\"><a href=\"https:\/\/hi-techwonder.com\/wp-content\/uploads\/2025\/09\/DSC8585-Edit.jpg\" data-width=\"1500\" data-height=\"997\" data-elementor-open-lightbox=\"no\"><img loading=\"lazy\" decoding=\"async\" width=\"1500\" height=\"997\" class=\"wp-image-85228\" src=\"https:\/\/hi-techwonder.com\/wp-content\/themes\/woodmart\/images\/lazy.svg\" data-src=\"https:\/\/hi-techwonder.com\/wp-content\/uploads\/2025\/09\/DSC8585-Edit.jpg\" alt=\"\" srcset=\"\" data-srcset=\"https:\/\/hi-techwonder.com\/wp-content\/uploads\/2025\/09\/DSC8585-Edit.jpg 1500w, https:\/\/hi-techwonder.com\/wp-content\/uploads\/2025\/09\/DSC8585-Edit-300x199.jpg 300w, https:\/\/hi-techwonder.com\/wp-content\/uploads\/2025\/09\/DSC8585-Edit-1024x681.jpg 1024w, https:\/\/hi-techwonder.com\/wp-content\/uploads\/2025\/09\/DSC8585-Edit-768x510.jpg 768w, https:\/\/hi-techwonder.com\/wp-content\/uploads\/2025\/09\/DSC8585-Edit-1200x798.jpg 1200w, https:\/\/hi-techwonder.com\/wp-content\/uploads\/2025\/09\/DSC8585-Edit-150x100.jpg 150w\" sizes=\"auto, (max-width: 1500px) 100vw, 1500px\" \/><\/a><\/div><\/div>\n<\/div>\n\n\n\n<h2 id=\"wd-2ce88656\" class=\"wp-block-wd-title title\">Especificaciones T\u00e9cnicas<\/h2>\n\n\n\n<figure class=\"wp-block-table\"><table class=\"has-fixed-layout\"><thead><tr><th>Especificaci\u00f3n<\/th><th>Detalle<\/th><\/tr><\/thead><tbody><tr><td>Compatibilidad<\/td><td>Fujifilm X100, X100S, X100F, X100T, X100V, X100VI<\/td><\/tr><tr><td>Tipo de filtro<\/td><td>NC UV (cristal \u00f3ptico con multi-revestimiento nano)<\/td><\/tr><tr><td>Di\u00e1metro de rosca frontal<\/td><td>49 mm<\/td><\/tr><tr><td>Funciones del filtro<\/td><td>Bloqueo UV, reducci\u00f3n de neblina, protecci\u00f3n contra ara\u00f1azos e impactos<\/td><\/tr><tr><td>Material del parasol<\/td><td>Aluminio mecanizado con acabado anodizado<\/td><\/tr><tr><td>Tipo de fijaci\u00f3n del parasol<\/td><td>Magn\u00e9tica (acople r\u00e1pido y seguro)<\/td><\/tr><tr><td>Tapa frontal<\/td><td>Magn\u00e9tica, compatible con filtro y parasol<\/td><\/tr><tr><td>Colores disponibles<\/td><td>Negro \/ Plateado<\/td><\/tr><tr><td>Compatibilidad extra<\/td><td>Permite el uso de la tapa original de la Fujifilm X100 (sin el parasol)<\/td><\/tr><\/tbody><\/table><\/figure>\n","protected":false},"excerpt":{"rendered":"<ul>\n<li data-start=\"300\" data-end=\"387\">Compatible con toda la serie Fujifilm X100 (X100, X100S, X100F, X100T, X100V y X100VI)<\/li>\n<li data-start=\"300\" data-end=\"387\">Incluye filtro NC UV de alta calidad con rosca frontal de 49 mm<\/li>\n<li data-start=\"300\" data-end=\"387\">Parasol cuadrado met\u00e1lico con fijaci\u00f3n magn\u00e9tica instant\u00e1nea<\/li>\n<li data-start=\"300\" data-end=\"387\">Tapa magn\u00e9tica para una protecci\u00f3n r\u00e1pida y pr\u00e1ctica del objetivo<\/li>\n<li data-start=\"300\" data-end=\"387\">Construcci\u00f3n met\u00e1lica robusta y acabado elegante (negro o plateado)<\/li>\n<li data-start=\"300\" data-end=\"387\">Mantiene la compatibilidad con la tapa original de Fujifilm X100<\/li>\n<li data-start=\"300\" data-end=\"387\">Protecci\u00f3n permanente contra polvo, ara\u00f1azos, impactos y luz UV<\/li>\n<li data-start=\"300\" data-end=\"387\">Dise\u00f1o premium que se integra perfectamente con el estilo cl\u00e1sico de la X100<\/li>\n<\/ul>\n","protected":false},"featured_media":85215,"comment_status":"open","ping_status":"closed","template":"","meta":{"_acf_changed":false},"product_brand":[2543],"product_cat":[1050],"product_tag":[],"class_list":{"0":"post-85238","1":"product","2":"type-product","3":"status-publish","4":"has-post-thumbnail","6":"product_brand-nisioptics-es","7":"product_cat-otros-filtros-circulares","8":"pa_cor-negro","9":"pa_cor-plata","11":"first","12":"instock","13":"taxable","14":"shipping-taxable","15":"purchasable","16":"product-type-variable"},"bundled_by":[],"bundle_stock_status":"instock","bundle_stock_quantity":null,"bundle_virtual":false,"bundle_layout":"","bundle_add_to_cart_form_location":"","bundle_editable_in_cart":false,"bundle_sold_individually_context":"","bundle_item_grouping":"","bundle_min_size":"","bundle_max_size":"","bundle_price":[],"bundled_items":[],"bundle_sell_ids":[],"acf":[],"_links":{"self":[{"href":"https:\/\/hi-techwonder.com\/es\/wp-json\/wp\/v2\/product\/85238","targetHints":{"allow":["GET"]}}],"collection":[{"href":"https:\/\/hi-techwonder.com\/es\/wp-json\/wp\/v2\/product"}],"about":[{"href":"https:\/\/hi-techwonder.com\/es\/wp-json\/wp\/v2\/types\/product"}],"replies":[{"embeddable":true,"href":"https:\/\/hi-techwonder.com\/es\/wp-json\/wp\/v2\/comments?post=85238"}],"wp:featuredmedia":[{"embeddable":true,"href":"https:\/\/hi-techwonder.com\/es\/wp-json\/wp\/v2\/media\/85215"}],"wp:attachment":[{"href":"https:\/\/hi-techwonder.com\/es\/wp-json\/wp\/v2\/media?parent=85238"}],"wp:term":[{"taxonomy":"product_brand","embeddable":true,"href":"https:\/\/hi-techwonder.com\/es\/wp-json\/wp\/v2\/product_brand?post=85238"},{"taxonomy":"product_cat","embeddable":true,"href":"https:\/\/hi-techwonder.com\/es\/wp-json\/wp\/v2\/product_cat?post=85238"},{"taxonomy":"product_tag","embeddable":true,"href":"https:\/\/hi-techwonder.com\/es\/wp-json\/wp\/v2\/product_tag?post=85238"}],"curies":[{"name":"wp","href":"https:\/\/api.w.org\/{rel}","templated":true}]}}