{"id":85310,"date":"2025-09-15T14:31:22","date_gmt":"2025-09-15T14:31:22","guid":{"rendered":"https:\/\/hi-techwonder.com\/product\/sigma-20-200mm-f3-5-6-3-c-dg\/"},"modified":"2026-04-01T16:21:15","modified_gmt":"2026-04-01T15:21:15","slug":"sigma-20-200mm-f3-5-6-3-c-dg","status":"publish","type":"product","link":"https:\/\/hi-techwonder.com\/es\/producto\/sigma-20-200mm-f3-5-6-3-c-dg\/","title":{"rendered":"Sigma 20-200mm f3.5\/6.3 (C) DG"},"content":{"rendered":"\n<h2 class=\"wp-block-heading\">Sigma 20-200mm f3.5\/6.3 (C) DG<\/h2>\n\n\n\n<div id=\"wd-a7f83bfc\" class=\"wp-block-wd-video wd-el-video wd-action-without wd-video-external wd-with-aspect-ratio wd-custom-width\"><iframe allowfullscreen allow=\"accelerometer; autoplay; encrypted-media; gyroscope; picture-in-picture\" width=\"100%\" height=\"100%\" loading=\"lazy\" src=\"https:\/\/www.youtube.com\/embed\/IVTwHlNijs8?feature=oembed&amp;controls=1\"><\/iframe><\/div>\n\n\n\n<p id=\"wd-34040b4a\" class=\"wp-block-wd-paragraph\"><\/p>\n\n\n\n<p id=\"wd-ad96e8a9\" class=\"wp-block-wd-paragraph\">El Sigma 20-200 mm f\/3,5-6,3 DG DN Contemporary redefine el concepto de objetivo zoom vers\u00e1til. Dise\u00f1ado para c\u00e1maras Sony E de fotograma completo, combina un alcance extremo y portabilidad, lo que lo convierte en el compa\u00f1ero ideal para viajes, fotograf\u00eda urbana, retratos e incluso deportes.<br>Con solo 550 g y 11,5 cm de longitud, este objetivo ofrece un rendimiento \u00f3ptico de vanguardia: los elementos especiales SLD, FLD y asf\u00e9ricos garantizan una nitidez constante en todo el rango de zoom, mientras que el motor HLA proporciona un autofoco r\u00e1pido y silencioso.<br>La capacidad de aproximaci\u00f3n macro (1:2) a\u00f1ade creatividad para capturar texturas y detalles impresionantes. Adem\u00e1s, el revestimiento repelente al agua y al aceite, junto con la resistencia al polvo y a las salpicaduras, garantiza un rendimiento fiable incluso en entornos dif\u00edciles.<br>Una verdadera \u00ablente \u00fanica para todo\u00bb, lista para cualquier aventura fotogr\u00e1fica.<\/p>\n\n\n\n<div class=\"wp-block-media-text has-media-on-the-right is-stacked-on-mobile\"><div class=\"wp-block-media-text__content\">\n<h4 class=\"wp-block-heading\">Contenido del paquete<\/h4>\n\n\n\n<ul id=\"wd-d3b9400f\" class=\"wp-block-wd-list wd-list wd-type-unordered wd-style-default\">\n<li id=\"wd-495e491e\" class=\"wp-block-wd-list-item\"><div class=\"wd-icon\"><\/div><span class=\"wd-list-content\">Lente <strong>Sigma 20-200mm f\/3.5-6.3 DG DN Contemporary <\/strong><\/span><\/li>\n\n\n\n<li id=\"wd-29e70f9a\" class=\"wp-block-wd-list-item\"><div class=\"wd-icon\"><\/div><span class=\"wd-list-content\">Parasol Sigma dedicado<\/span><\/li>\n\n\n\n<li id=\"wd-60ca40e5\" class=\"wp-block-wd-list-item\"><div class=\"wd-icon\"><\/div><span class=\"wd-list-content\">Tapa frontal Sigma LCF-72 IV (72 mm)<\/span><\/li>\n\n\n\n<li id=\"wd-f3c84a90\" class=\"wp-block-wd-list-item\"><div class=\"wd-icon\"><\/div><span class=\"wd-list-content\">Tapa trasera Sigma LCR III<\/span><\/li>\n<\/ul>\n<\/div><figure class=\"wp-block-media-text__media\"><img loading=\"lazy\" decoding=\"async\" width=\"1024\" height=\"683\" src=\"https:\/\/hi-techwonder.com\/wp-content\/themes\/woodmart\/images\/lazy.svg\" data-src=\"https:\/\/hi-techwonder.com\/wp-content\/uploads\/2025\/09\/0633659286-1024x683.jpg\" alt=\"\" class=\"wp-image-85295 size-full\" srcset=\"\" data-srcset=\"https:\/\/hi-techwonder.com\/wp-content\/uploads\/2025\/09\/0633659286-1024x683.jpg 1024w, https:\/\/hi-techwonder.com\/wp-content\/uploads\/2025\/09\/0633659286-300x200.jpg 300w, https:\/\/hi-techwonder.com\/wp-content\/uploads\/2025\/09\/0633659286-768x512.jpg 768w, https:\/\/hi-techwonder.com\/wp-content\/uploads\/2025\/09\/0633659286-1200x800.jpg 1200w, https:\/\/hi-techwonder.com\/wp-content\/uploads\/2025\/09\/0633659286-150x100.jpg 150w, https:\/\/hi-techwonder.com\/wp-content\/uploads\/2025\/09\/0633659286.jpg 1500w\" sizes=\"auto, (max-width: 1024px) 100vw, 1024px\" \/><\/figure><\/div>\n\n\n\n<div class=\"wp-block-media-text is-stacked-on-mobile\"><figure class=\"wp-block-media-text__media\"><img loading=\"lazy\" decoding=\"async\" width=\"1024\" height=\"683\" src=\"https:\/\/hi-techwonder.com\/wp-content\/themes\/woodmart\/images\/lazy.svg\" data-src=\"https:\/\/hi-techwonder.com\/wp-content\/uploads\/2025\/09\/5116591324-1024x683.jpg\" alt=\"\" class=\"wp-image-85297 size-full\" srcset=\"\" data-srcset=\"https:\/\/hi-techwonder.com\/wp-content\/uploads\/2025\/09\/5116591324-1024x683.jpg 1024w, https:\/\/hi-techwonder.com\/wp-content\/uploads\/2025\/09\/5116591324-300x200.jpg 300w, https:\/\/hi-techwonder.com\/wp-content\/uploads\/2025\/09\/5116591324-768x512.jpg 768w, https:\/\/hi-techwonder.com\/wp-content\/uploads\/2025\/09\/5116591324-1200x800.jpg 1200w, https:\/\/hi-techwonder.com\/wp-content\/uploads\/2025\/09\/5116591324-150x100.jpg 150w, https:\/\/hi-techwonder.com\/wp-content\/uploads\/2025\/09\/5116591324.jpg 1500w\" sizes=\"auto, (max-width: 1024px) 100vw, 1024px\" \/><\/figure><div class=\"wp-block-media-text__content\">\n<p>Este objetivo es perfecto para fot\u00f3grafos que buscan versatilidad en un solo equipo, ya sean entusiastas de los viajes, creadores de contenido, vloggers o profesionales que necesitan un objetivo ligero, fiable y capaz de cubrir desde escenarios amplios hasta detalles en primer plano.<\/p>\n<\/div><\/div>\n\n\n\n<div class=\"wp-block-media-text has-media-on-the-right is-stacked-on-mobile\"><div class=\"wp-block-media-text__content\">\n<h4 class=\"wp-block-heading\">Caracter\u00edsticas<\/h4>\n\n\n\n<ul id=\"wd-642f2d0e\" class=\"wp-block-wd-list wd-list wd-type-unordered wd-style-default\">\n<li id=\"wd-93524c6b\" class=\"wp-block-wd-list-item\"><div class=\"wd-icon\"><\/div><span class=\"wd-list-content\">Zoom 20\u2013200 mm: cubre paisajes, retratos y acci\u00f3n deportiva.<\/span><\/li>\n\n\n\n<li id=\"wd-a1fd9ceb\" class=\"wp-block-wd-list-item\"><div class=\"wd-icon\"><\/div><span class=\"wd-list-content\">Motor HLA (actuador lineal de alta respuesta) para un enfoque preciso y r\u00e1pido.<\/span><\/li>\n\n\n\n<li id=\"wd-76321aaf\" class=\"wp-block-wd-list-item\"><div class=\"wd-icon\"><\/div><span class=\"wd-list-content\">Estructura \u00f3ptica avanzada con elementos SLD, FLD y asf\u00e9ricos.<\/span><\/li>\n\n\n\n<li id=\"wd-d0ecac4f\" class=\"wp-block-wd-list-item\"><div class=\"wd-icon\"><\/div><span class=\"wd-list-content\">Revestimiento antirreflectante para reducir los destellos y el efecto fantasma.<\/span><\/li>\n\n\n\n<li id=\"wd-4480b9dc\" class=\"wp-block-wd-list-item\"><div class=\"wd-icon\"><\/div><span class=\"wd-list-content\">Sistema de bloqueo del zoom e interruptor del modo de enfoque<\/span><\/li>\n\n\n\n<li id=\"wd-0adca5f6\" class=\"wp-block-wd-list-item\"><div class=\"wd-icon\"><\/div><span class=\"wd-list-content\">Distancia m\u00ednima de enfoque: 25 cm (gran angular) | 65 cm (teleobjetivo)<\/span><\/li>\n\n\n\n<li id=\"wd-06ae4009\" class=\"wp-block-wd-list-item\"><div class=\"wd-icon\"><\/div><span class=\"wd-list-content\">Construcci\u00f3n resistente a condiciones adversas (polvo\/salpicaduras)<\/span><\/li>\n\n\n\n<li id=\"wd-dcdab376\" class=\"wp-block-wd-list-item\"><div class=\"wd-icon\"><\/div><span class=\"wd-list-content\">Peso ultraligero de solo 1,2 lb \/ 550 g<\/span><\/li>\n<\/ul>\n<\/div><figure class=\"wp-block-media-text__media\"><img loading=\"lazy\" decoding=\"async\" width=\"1024\" height=\"683\" src=\"https:\/\/hi-techwonder.com\/wp-content\/themes\/woodmart\/images\/lazy.svg\" data-src=\"https:\/\/hi-techwonder.com\/wp-content\/uploads\/2025\/09\/9917250575-1024x683.jpg\" alt=\"\" class=\"wp-image-85299 size-full\" srcset=\"\" data-srcset=\"https:\/\/hi-techwonder.com\/wp-content\/uploads\/2025\/09\/9917250575-1024x683.jpg 1024w, https:\/\/hi-techwonder.com\/wp-content\/uploads\/2025\/09\/9917250575-300x200.jpg 300w, https:\/\/hi-techwonder.com\/wp-content\/uploads\/2025\/09\/9917250575-768x512.jpg 768w, https:\/\/hi-techwonder.com\/wp-content\/uploads\/2025\/09\/9917250575-1200x800.jpg 1200w, https:\/\/hi-techwonder.com\/wp-content\/uploads\/2025\/09\/9917250575-150x100.jpg 150w, https:\/\/hi-techwonder.com\/wp-content\/uploads\/2025\/09\/9917250575.jpg 1500w\" sizes=\"auto, (max-width: 1024px) 100vw, 1024px\" \/><\/figure><\/div>\n\n\n\n<figure class=\"wp-block-gallery has-nested-images columns-default is-cropped wp-block-gallery-1 is-layout-flex wp-block-gallery-is-layout-flex\">\n<figure class=\"wp-block-image size-large\"><img loading=\"lazy\" decoding=\"async\" width=\"683\" height=\"1024\" data-id=\"85303\" src=\"https:\/\/hi-techwonder.com\/wp-content\/themes\/woodmart\/images\/lazy.svg\" data-src=\"https:\/\/hi-techwonder.com\/wp-content\/uploads\/2025\/09\/0157715327-683x1024.jpg\" alt=\"\" class=\"wp-image-85303\" srcset=\"\" data-srcset=\"https:\/\/hi-techwonder.com\/wp-content\/uploads\/2025\/09\/0157715327-683x1024.jpg 683w, https:\/\/hi-techwonder.com\/wp-content\/uploads\/2025\/09\/0157715327-200x300.jpg 200w, https:\/\/hi-techwonder.com\/wp-content\/uploads\/2025\/09\/0157715327-768x1152.jpg 768w, https:\/\/hi-techwonder.com\/wp-content\/uploads\/2025\/09\/0157715327-150x225.jpg 150w, https:\/\/hi-techwonder.com\/wp-content\/uploads\/2025\/09\/0157715327.jpg 1000w\" sizes=\"auto, (max-width: 683px) 100vw, 683px\" \/><\/figure>\n\n\n\n<figure class=\"wp-block-image size-large\"><img loading=\"lazy\" decoding=\"async\" width=\"683\" height=\"1024\" data-id=\"85301\" src=\"https:\/\/hi-techwonder.com\/wp-content\/themes\/woodmart\/images\/lazy.svg\" data-src=\"https:\/\/hi-techwonder.com\/wp-content\/uploads\/2025\/09\/0702459838-683x1024.jpg\" alt=\"\" class=\"wp-image-85301\" srcset=\"\" data-srcset=\"https:\/\/hi-techwonder.com\/wp-content\/uploads\/2025\/09\/0702459838-683x1024.jpg 683w, https:\/\/hi-techwonder.com\/wp-content\/uploads\/2025\/09\/0702459838-200x300.jpg 200w, https:\/\/hi-techwonder.com\/wp-content\/uploads\/2025\/09\/0702459838-768x1152.jpg 768w, https:\/\/hi-techwonder.com\/wp-content\/uploads\/2025\/09\/0702459838-150x225.jpg 150w, https:\/\/hi-techwonder.com\/wp-content\/uploads\/2025\/09\/0702459838.jpg 1000w\" sizes=\"auto, (max-width: 683px) 100vw, 683px\" \/><\/figure>\n\n\n\n<figure class=\"wp-block-image size-large\"><img loading=\"lazy\" decoding=\"async\" width=\"683\" height=\"1024\" data-id=\"85305\" src=\"https:\/\/hi-techwonder.com\/wp-content\/themes\/woodmart\/images\/lazy.svg\" data-src=\"https:\/\/hi-techwonder.com\/wp-content\/uploads\/2025\/09\/1986805866-683x1024.jpg\" alt=\"\" class=\"wp-image-85305\" srcset=\"\" data-srcset=\"https:\/\/hi-techwonder.com\/wp-content\/uploads\/2025\/09\/1986805866-683x1024.jpg 683w, https:\/\/hi-techwonder.com\/wp-content\/uploads\/2025\/09\/1986805866-200x300.jpg 200w, https:\/\/hi-techwonder.com\/wp-content\/uploads\/2025\/09\/1986805866-768x1152.jpg 768w, https:\/\/hi-techwonder.com\/wp-content\/uploads\/2025\/09\/1986805866-150x225.jpg 150w, https:\/\/hi-techwonder.com\/wp-content\/uploads\/2025\/09\/1986805866.jpg 1000w\" sizes=\"auto, (max-width: 683px) 100vw, 683px\" \/><\/figure>\n<\/figure>\n\n\n\n<figure class=\"wp-block-table\"><table class=\"has-fixed-layout\"><thead><tr><th>Especificaci\u00f3n<\/th><th>Detalle<\/th><\/tr><\/thead><tbody><tr><td>Distancia focal<\/td><td>20\u2013200mm<\/td><\/tr><tr><td>Apertura m\u00e1xima<\/td><td>f\/3.5 \u2013 6.3<\/td><\/tr><tr><td>Apertura m\u00ednima<\/td><td>f\/22 \u2013 40<\/td><\/tr><tr><td>Montura<\/td><td>Sony E (Full Frame)<\/td><\/tr><tr><td>Cobertura de imagen<\/td><td>Full Frame<\/td><\/tr><tr><td>\u00c1ngulo de visi\u00f3n<\/td><td>94.5\u00b0 \u2013 12.3\u00b0<\/td><\/tr><tr><td>Distancia m\u00ednima de enfoque<\/td><td>25 cm (gran angular) \u2013 65 cm (tele)<\/td><\/tr><tr><td>Aumento m\u00e1ximo<\/td><td>0.5x (1:2)<\/td><\/tr><tr><td>Construcci\u00f3n \u00f3ptica<\/td><td>18 elementos en 14 grupos<\/td><\/tr><tr><td>Hojas del diafragma<\/td><td>9, redondeadas<\/td><\/tr><tr><td>Tipo de enfoque<\/td><td>Autofoco (HLA)<\/td><\/tr><tr><td>Estabilizaci\u00f3n de imagen<\/td><td>No<\/td><\/tr><tr><td>Tama\u00f1o de filtro<\/td><td>72 mm<\/td><\/tr><tr><td>Dimensiones<\/td><td>\u00f8 77,2 x 115,5 mm<\/td><\/tr><tr><td>Peso<\/td><td>550 g<\/td><\/tr><\/tbody><\/table><\/figure>\n","protected":false},"excerpt":{"rendered":"<p>Lente zoom todo en uno: desde ultra gran angular hasta teleobjetivo.<br \/>Compatible con c\u00e1maras Full Frame Sony E-mount.<br \/>Apertura m\u00e1xima de f\/3,5-6,3, ideal para diferentes condiciones de luz.<br \/>Enfoque autom\u00e1tico r\u00e1pido y silencioso con motor HLA.<br \/>Dise\u00f1o compacto y ligero. (550 g)<br \/>Revestimiento resistente al agua y al aceite + dise\u00f1o a prueba de polvo y salpicaduras<br \/>Aumento de 1:2 para fotograf\u00eda macro creativa<br \/>Diafragma redondeado de 9 hojas para un bokeh suave<\/p>\n","protected":false},"featured_media":85288,"comment_status":"open","ping_status":"closed","template":"","meta":{"_acf_changed":false},"product_brand":[2647],"product_cat":[1062],"product_tag":[],"class_list":{"0":"post-85310","1":"product","2":"type-product","3":"status-publish","4":"has-post-thumbnail","6":"product_brand-sigma-es","7":"product_cat-mirrorless-objectivos","8":"pa_abertura-maxima-f-3-5-6-3-es","9":"pa_cor-negro","10":"pa_diametro-72mm-es","11":"pa_estabilizacao-de-imagem-no","12":"pa_montagem-da-objetiva-l-mount-es","13":"pa_montagem-da-objetiva-sony-e-es","14":"pa_sensor-fotograma-completo","15":"pa_tipo-de-foco-enfoque-automatico","16":"pa_tipo-de-objetiva-superzoom","17":"pa_zoom-fixa-zoom-externo-es","19":"first","20":"instock","21":"taxable","22":"shipping-taxable","23":"purchasable","24":"product-type-variable","25":"has-default-attributes"},"bundled_by":[],"bundle_stock_status":"instock","bundle_stock_quantity":null,"bundle_virtual":false,"bundle_layout":"","bundle_add_to_cart_form_location":"","bundle_editable_in_cart":false,"bundle_sold_individually_context":"","bundle_item_grouping":"","bundle_min_size":"","bundle_max_size":"","bundle_price":[],"bundled_items":[],"bundle_sell_ids":[],"acf":[],"_links":{"self":[{"href":"https:\/\/hi-techwonder.com\/es\/wp-json\/wp\/v2\/product\/85310","targetHints":{"allow":["GET"]}}],"collection":[{"href":"https:\/\/hi-techwonder.com\/es\/wp-json\/wp\/v2\/product"}],"about":[{"href":"https:\/\/hi-techwonder.com\/es\/wp-json\/wp\/v2\/types\/product"}],"replies":[{"embeddable":true,"href":"https:\/\/hi-techwonder.com\/es\/wp-json\/wp\/v2\/comments?post=85310"}],"wp:featuredmedia":[{"embeddable":true,"href":"https:\/\/hi-techwonder.com\/es\/wp-json\/wp\/v2\/media\/85288"}],"wp:attachment":[{"href":"https:\/\/hi-techwonder.com\/es\/wp-json\/wp\/v2\/media?parent=85310"}],"wp:term":[{"taxonomy":"product_brand","embeddable":true,"href":"https:\/\/hi-techwonder.com\/es\/wp-json\/wp\/v2\/product_brand?post=85310"},{"taxonomy":"product_cat","embeddable":true,"href":"https:\/\/hi-techwonder.com\/es\/wp-json\/wp\/v2\/product_cat?post=85310"},{"taxonomy":"product_tag","embeddable":true,"href":"https:\/\/hi-techwonder.com\/es\/wp-json\/wp\/v2\/product_tag?post=85310"}],"curies":[{"name":"wp","href":"https:\/\/api.w.org\/{rel}","templated":true}]}}