{"id":85372,"date":"2025-09-15T16:43:30","date_gmt":"2025-09-15T16:43:30","guid":{"rendered":"https:\/\/hi-techwonder.com\/product\/superior-fundo-de-papel-33-ivorine-2-72x11m\/"},"modified":"2026-03-19T15:07:55","modified_gmt":"2026-03-19T15:07:55","slug":"superior-fundo-de-papel-33-ivorine-2-72x11m","status":"publish","type":"product","link":"https:\/\/hi-techwonder.com\/es\/producto\/superior-fundo-de-papel-33-ivorine-2-72x11m\/","title":{"rendered":"SUPERIOR Fondo de Papel\u00a033 IVORINE &#8211; 2.72X11M"},"content":{"rendered":"<p>SUPERIOR Fondo de papel #33 IVORINE &#8211; 2,72X11M<\/p>\n<p>&nbsp;<\/p>\n<p>IMPORTANTE: ESTE ART\u00cdCULO SOLO EST\u00c1 DISPONIBLE PARA RECOGER EN TIENDA. LOS PEDIDOS PARA ENVIAR SER\u00c1N CANCELADOS.<\/p>\n<p>&nbsp;<\/p>\n<p>Los fondos de papel tienen una superficie mate que evita reflejos o brillos en las im\u00e1genes. El papel es de alta resistencia, con un gramaje de 158 g\/m\u00b2. El fondo de papel viene acompa\u00f1ado de un n\u00facleo interior de cart\u00f3n que evita la deformaci\u00f3n del fondo; sin embargo, en zonas con mucha humedad, recomendamos el uso de un n\u00facleo de aluminio.<\/p>\n<p>&nbsp;<\/p>\n<p>Datos medioambientales:<\/p>\n<p>Papeles fabricados a partir de bosques bien gestionados y certificados.<br \/>\nFabricado con energ\u00eda 100 % hidroel\u00e9ctrica.<br \/>\nLibre de cloro elemental.<br \/>\nContiene fibra reciclada.<br \/>\n100 % reciclable.<\/p>\n<p>&nbsp;<\/p>\n<p>Contenido de la caja:<\/p>\n<p>1x SUPERIOR Fondo de papel #33 IVORINE &#8211; 2,72 x 11 m<\/p>\n","protected":false},"excerpt":{"rendered":"<p>Debido al tama\u00f1o de este art\u00edculo, solo se env\u00eda una vez por semana, los viernes, y el transporte puede tardar m\u00e1s de 24 horas.<\/p>\n","protected":false},"featured_media":85367,"comment_status":"open","ping_status":"closed","template":"","meta":{"_acf_changed":false},"product_brand":[2585],"product_cat":[951],"product_tag":[],"class_list":{"0":"post-85372","1":"product","2":"type-product","3":"status-publish","4":"has-post-thumbnail","6":"product_brand-superior-es","7":"product_cat-papel-27m-es","8":"pa_cor-beige","10":"first","11":"instock","12":"taxable","13":"shipping-taxable","14":"purchasable","15":"product-type-simple"},"bundled_by":[],"bundle_stock_status":"instock","bundle_stock_quantity":1,"bundle_virtual":false,"bundle_layout":"","bundle_add_to_cart_form_location":"","bundle_editable_in_cart":false,"bundle_sold_individually_context":"","bundle_item_grouping":"","bundle_min_size":"","bundle_max_size":"","bundle_price":[],"bundled_items":[],"bundle_sell_ids":[],"acf":[],"_links":{"self":[{"href":"https:\/\/hi-techwonder.com\/es\/wp-json\/wp\/v2\/product\/85372","targetHints":{"allow":["GET"]}}],"collection":[{"href":"https:\/\/hi-techwonder.com\/es\/wp-json\/wp\/v2\/product"}],"about":[{"href":"https:\/\/hi-techwonder.com\/es\/wp-json\/wp\/v2\/types\/product"}],"replies":[{"embeddable":true,"href":"https:\/\/hi-techwonder.com\/es\/wp-json\/wp\/v2\/comments?post=85372"}],"wp:featuredmedia":[{"embeddable":true,"href":"https:\/\/hi-techwonder.com\/es\/wp-json\/wp\/v2\/media\/85367"}],"wp:attachment":[{"href":"https:\/\/hi-techwonder.com\/es\/wp-json\/wp\/v2\/media?parent=85372"}],"wp:term":[{"taxonomy":"product_brand","embeddable":true,"href":"https:\/\/hi-techwonder.com\/es\/wp-json\/wp\/v2\/product_brand?post=85372"},{"taxonomy":"product_cat","embeddable":true,"href":"https:\/\/hi-techwonder.com\/es\/wp-json\/wp\/v2\/product_cat?post=85372"},{"taxonomy":"product_tag","embeddable":true,"href":"https:\/\/hi-techwonder.com\/es\/wp-json\/wp\/v2\/product_tag?post=85372"}],"curies":[{"name":"wp","href":"https:\/\/api.w.org\/{rel}","templated":true}]}}