{"id":85495,"date":"2025-09-16T13:42:45","date_gmt":"2025-09-16T13:42:45","guid":{"rendered":"https:\/\/hi-techwonder.com\/product\/canon-rf-85mm-f-1-4-l-vcm\/"},"modified":"2026-04-21T11:04:22","modified_gmt":"2026-04-21T10:04:22","slug":"canon-rf-85mm-f-1-4-l-vcm","status":"publish","type":"product","link":"https:\/\/hi-techwonder.com\/es\/producto\/canon-rf-85mm-f-1-4-l-vcm\/","title":{"rendered":"Canon RF 85mm f\/1.4 L VCM"},"content":{"rendered":"\n<h2 class=\"wp-block-heading\">Canon RF 85mm f\/1.4 L VCM<\/h2>\n\n\n\n<div id=\"wd-a7f83bfc\" class=\"wp-block-wd-video wd-el-video wd-action-without wd-video-external wd-with-aspect-ratio wd-custom-width\"><iframe allowfullscreen allow=\"accelerometer; autoplay; encrypted-media; gyroscope; picture-in-picture\" width=\"100%\" height=\"100%\" loading=\"lazy\" src=\"https:\/\/www.youtube.com\/embed\/hCezs0mB_tg?feature=oembed&amp;controls=1\"><\/iframe><\/div>\n\n\n\n<p id=\"wd-cfbdb811\" class=\"wp-block-wd-paragraph\">El Canon RF 85 mm f\/1,4 L VCM redefine la categor\u00eda de objetivos para retratos para el sistema sin espejo RF. Combinando la legendaria calidad \u00f3ptica de la serie L con innovaciones pensadas para creadores h\u00edbridos, este objetivo ofrece im\u00e1genes n\u00edtidas, un contraste impecable y un suave desenfoque del fondo gracias a su diafragma de 11 l\u00e1minas.<\/p>\n\n\n\n<p id=\"wd-719733d8\" class=\"wp-block-wd-paragraph\">La apertura m\u00e1xima de f\/1,4 permite fotografiar sin esfuerzo en condiciones de poca luz, al tiempo que proporciona una separaci\u00f3n del sujeto impresionante, esencial para retratos impactantes. El motor de enfoque VCM garantiza una rapidez y un silencio absolutos, lo que lo hace perfecto para grabaciones en estudio, entrevistas y filmaciones con audio directo.<\/p>\n\n\n\n<p id=\"wd-ede066fa\" class=\"wp-block-wd-paragraph\">Dise\u00f1ada para v\u00eddeo, la lente minimiza el focus breathing, ofrece un anillo de apertura manual con opci\u00f3n de clic\/desclic y mantiene la coherencia de dise\u00f1o con otras lentes fijas h\u00edbridas de Canon, lo que facilita el cambio en equipos multic\u00e1mara.<\/p>\n\n\n\n<p>Compacto, ligero y robusto, el Canon RF 85 mm f\/1,4 L VCM es el objetivo definitivo para quienes buscan rendimiento, versatilidad y calidad profesional en un solo equipo.<\/p>\n\n\n\n<div class=\"wp-block-media-text has-media-on-the-right is-stacked-on-mobile\"><div class=\"wp-block-media-text__content\">\n<h4 class=\"wp-block-heading\">Contenido del paquete<\/h4>\n\n\n\n<ul id=\"wd-b67a2a8a\" class=\"wp-block-wd-list wd-list wd-type-unordered wd-style-default\">\n<li id=\"wd-7476e5dc\" class=\"wp-block-wd-list-item\"><div class=\"wd-icon\"><\/div><span class=\"wd-list-content\">Lente Canon RF 85mm f\/1.4 L VCM<\/span><\/li>\n\n\n\n<li id=\"wd-b190c067\" class=\"wp-block-wd-list-item\"><div class=\"wd-icon\"><\/div><span class=\"wd-list-content\">Tapa frontal Canon E-67 II<\/span><\/li>\n\n\n\n<li id=\"wd-4be1faaa\" class=\"wp-block-wd-list-item\"><div class=\"wd-icon\"><\/div><span class=\"wd-list-content\">Tapa trasera Canon RF<\/span><\/li>\n\n\n\n<li id=\"wd-f79f1b2a\" class=\"wp-block-wd-list-item\"><div class=\"wd-icon\"><\/div><span class=\"wd-list-content\">Parasol Canon ET-73C<\/span><\/li>\n\n\n\n<li id=\"wd-142ed236\" class=\"wp-block-wd-list-item\"><div class=\"wd-icon\"><\/div><span class=\"wd-list-content\">Estuche Canon LP1219<\/span><\/li>\n<\/ul>\n<\/div><figure class=\"wp-block-media-text__media\"><img loading=\"lazy\" decoding=\"async\" width=\"1024\" height=\"576\" src=\"https:\/\/hi-techwonder.com\/wp-content\/themes\/woodmart\/images\/lazy.svg\" data-src=\"https:\/\/hi-techwonder.com\/wp-content\/uploads\/2025\/09\/RF-85mm-F1.4L-VCM_Lifestyle_CINC_R3A_0365_16_9-1-1024x576.jpg\" alt=\"\" class=\"wp-image-85479 size-full\" srcset=\"\" data-srcset=\"https:\/\/hi-techwonder.com\/wp-content\/uploads\/2025\/09\/RF-85mm-F1.4L-VCM_Lifestyle_CINC_R3A_0365_16_9-1-1024x576.jpg 1024w, https:\/\/hi-techwonder.com\/wp-content\/uploads\/2025\/09\/RF-85mm-F1.4L-VCM_Lifestyle_CINC_R3A_0365_16_9-1-300x169.jpg 300w, https:\/\/hi-techwonder.com\/wp-content\/uploads\/2025\/09\/RF-85mm-F1.4L-VCM_Lifestyle_CINC_R3A_0365_16_9-1-768x432.jpg 768w, https:\/\/hi-techwonder.com\/wp-content\/uploads\/2025\/09\/RF-85mm-F1.4L-VCM_Lifestyle_CINC_R3A_0365_16_9-1-1200x675.jpg 1200w, https:\/\/hi-techwonder.com\/wp-content\/uploads\/2025\/09\/RF-85mm-F1.4L-VCM_Lifestyle_CINC_R3A_0365_16_9-1-150x84.jpg 150w, https:\/\/hi-techwonder.com\/wp-content\/uploads\/2025\/09\/RF-85mm-F1.4L-VCM_Lifestyle_CINC_R3A_0365_16_9-1.jpg 1500w\" sizes=\"auto, (max-width: 1024px) 100vw, 1024px\" \/><\/figure><\/div>\n\n\n\n<div class=\"wp-block-media-text is-stacked-on-mobile\"><figure class=\"wp-block-media-text__media\"><img loading=\"lazy\" decoding=\"async\" width=\"1024\" height=\"683\" src=\"https:\/\/hi-techwonder.com\/wp-content\/themes\/woodmart\/images\/lazy.svg\" data-src=\"https:\/\/hi-techwonder.com\/wp-content\/uploads\/2025\/09\/RF-85mm-F1.4L-VCM_Lifestyle_Filter_CINC_R3A_0699-1-1024x683.jpg\" alt=\"\" class=\"wp-image-85481 size-full\" srcset=\"\" data-srcset=\"https:\/\/hi-techwonder.com\/wp-content\/uploads\/2025\/09\/RF-85mm-F1.4L-VCM_Lifestyle_Filter_CINC_R3A_0699-1-1024x683.jpg 1024w, https:\/\/hi-techwonder.com\/wp-content\/uploads\/2025\/09\/RF-85mm-F1.4L-VCM_Lifestyle_Filter_CINC_R3A_0699-1-300x200.jpg 300w, https:\/\/hi-techwonder.com\/wp-content\/uploads\/2025\/09\/RF-85mm-F1.4L-VCM_Lifestyle_Filter_CINC_R3A_0699-1-768x512.jpg 768w, https:\/\/hi-techwonder.com\/wp-content\/uploads\/2025\/09\/RF-85mm-F1.4L-VCM_Lifestyle_Filter_CINC_R3A_0699-1-1200x800.jpg 1200w, https:\/\/hi-techwonder.com\/wp-content\/uploads\/2025\/09\/RF-85mm-F1.4L-VCM_Lifestyle_Filter_CINC_R3A_0699-1-150x100.jpg 150w, https:\/\/hi-techwonder.com\/wp-content\/uploads\/2025\/09\/RF-85mm-F1.4L-VCM_Lifestyle_Filter_CINC_R3A_0699-1.jpg 1500w\" sizes=\"auto, (max-width: 1024px) 100vw, 1024px\" \/><\/figure><div class=\"wp-block-media-text__content\">\n<p>El Canon RF 85 mm f\/1,4 L VCM est\u00e1 dirigido a creadores h\u00edbridos: fot\u00f3grafos de retratos, bodas y eventos, as\u00ed como vide\u00f3grafos que buscan encuadres selectivos y un bokeh cinematogr\u00e1fico. Es la elecci\u00f3n ideal para quienes necesitan un objetivo fijo de 85 mm vers\u00e1til, r\u00e1pido, silencioso y fiable, tanto en producciones fotogr\u00e1ficas como de v\u00eddeo profesionales.<\/p>\n<\/div><\/div>\n\n\n\n<div class=\"wp-block-media-text has-media-on-the-right is-stacked-on-mobile\"><div class=\"wp-block-media-text__content\">\n<h4 class=\"wp-block-heading\">Caracter\u00edsticas<\/h4>\n\n\n\n<ul id=\"wd-4412cff5\" class=\"wp-block-wd-list wd-list wd-type-unordered wd-style-default\">\n<li id=\"wd-56492302\" class=\"wp-block-wd-list-item\"><div class=\"wd-icon\"><\/div><span class=\"wd-list-content\">Distancia focal de 85 mm, perfecta para retratos y primeros planos.<\/span><\/li>\n\n\n\n<li id=\"wd-6d9c468f\" class=\"wp-block-wd-list-item\"><div class=\"wd-icon\"><\/div><span class=\"wd-list-content\">Apertura f\/1,4 a f\/16, con control creativo de la profundidad de campo<\/span><\/li>\n\n\n\n<li id=\"wd-4397ee91\" class=\"wp-block-wd-list-item\"><div class=\"wd-icon\"><\/div><span class=\"wd-list-content\">Motor de enfoque por bobina de voz (VCM) r\u00e1pido y silencioso<\/span><\/li>\n\n\n\n<li id=\"wd-18b8b1db\" class=\"wp-block-wd-list-item\"><div class=\"wd-icon\"><\/div><span class=\"wd-list-content\">Anillo de control y bot\u00f3n personalizable para un funcionamiento fluido<\/span><\/li>\n\n\n\n<li id=\"wd-bd67da59\" class=\"wp-block-wd-list-item\"><div class=\"wd-icon\"><\/div><span class=\"wd-list-content\">Control de respiraci\u00f3n optimizado para v\u00eddeo<\/span><\/li>\n\n\n\n<li id=\"wd-40e6c500\" class=\"wp-block-wd-list-item\"><div class=\"wd-icon\"><\/div><span class=\"wd-list-content\">Dise\u00f1o compacto y ligero (636 g), ideal para el uso diario.<\/span><\/li>\n\n\n\n<li id=\"wd-e74a1667\" class=\"wp-block-wd-list-item\"><div class=\"wd-icon\"><\/div><span class=\"wd-list-content\">Elementos \u00f3pticos de alto rendimiento: UD + asf\u00e9rico<\/span><\/li>\n\n\n\n<li id=\"wd-9742d697\" class=\"wp-block-wd-list-item\"><div class=\"wd-icon\"><\/div><span class=\"wd-list-content\">Resistencia a la intemperie con revestimiento de fl\u00faor contra el polvo y las salpicaduras.<\/span><\/li>\n<\/ul>\n<\/div><figure class=\"wp-block-media-text__media\"><img loading=\"lazy\" decoding=\"async\" width=\"1024\" height=\"683\" src=\"https:\/\/hi-techwonder.com\/wp-content\/themes\/woodmart\/images\/lazy.svg\" data-src=\"https:\/\/hi-techwonder.com\/wp-content\/uploads\/2025\/09\/RF-85mm-F1.4L-VCM_Lifestyle_CINC_R3A_0397-1-1024x683.jpg\" alt=\"\" class=\"wp-image-85483 size-full\" srcset=\"\" data-srcset=\"https:\/\/hi-techwonder.com\/wp-content\/uploads\/2025\/09\/RF-85mm-F1.4L-VCM_Lifestyle_CINC_R3A_0397-1-1024x683.jpg 1024w, https:\/\/hi-techwonder.com\/wp-content\/uploads\/2025\/09\/RF-85mm-F1.4L-VCM_Lifestyle_CINC_R3A_0397-1-300x200.jpg 300w, https:\/\/hi-techwonder.com\/wp-content\/uploads\/2025\/09\/RF-85mm-F1.4L-VCM_Lifestyle_CINC_R3A_0397-1-768x512.jpg 768w, https:\/\/hi-techwonder.com\/wp-content\/uploads\/2025\/09\/RF-85mm-F1.4L-VCM_Lifestyle_CINC_R3A_0397-1-1200x800.jpg 1200w, https:\/\/hi-techwonder.com\/wp-content\/uploads\/2025\/09\/RF-85mm-F1.4L-VCM_Lifestyle_CINC_R3A_0397-1-150x100.jpg 150w, https:\/\/hi-techwonder.com\/wp-content\/uploads\/2025\/09\/RF-85mm-F1.4L-VCM_Lifestyle_CINC_R3A_0397-1.jpg 1500w\" sizes=\"auto, (max-width: 1024px) 100vw, 1024px\" \/><\/figure><\/div>\n\n\n\n<figure class=\"wp-block-gallery has-nested-images columns-default is-cropped wp-block-gallery-1 is-layout-flex wp-block-gallery-is-layout-flex\">\n<figure class=\"wp-block-image size-large\"><img loading=\"lazy\" decoding=\"async\" width=\"1024\" height=\"683\" data-id=\"85467\" src=\"https:\/\/hi-techwonder.com\/wp-content\/themes\/woodmart\/images\/lazy.svg\" data-src=\"https:\/\/hi-techwonder.com\/wp-content\/uploads\/2025\/09\/RF-85mm-F1.4L-VCM_Bokeh_F1.4_CINC_Sample_R52A8637-1-1024x683.jpg\" alt=\"\" class=\"wp-image-85467\" srcset=\"\" data-srcset=\"https:\/\/hi-techwonder.com\/wp-content\/uploads\/2025\/09\/RF-85mm-F1.4L-VCM_Bokeh_F1.4_CINC_Sample_R52A8637-1-1024x683.jpg 1024w, https:\/\/hi-techwonder.com\/wp-content\/uploads\/2025\/09\/RF-85mm-F1.4L-VCM_Bokeh_F1.4_CINC_Sample_R52A8637-1-300x200.jpg 300w, https:\/\/hi-techwonder.com\/wp-content\/uploads\/2025\/09\/RF-85mm-F1.4L-VCM_Bokeh_F1.4_CINC_Sample_R52A8637-1-768x512.jpg 768w, https:\/\/hi-techwonder.com\/wp-content\/uploads\/2025\/09\/RF-85mm-F1.4L-VCM_Bokeh_F1.4_CINC_Sample_R52A8637-1-1200x800.jpg 1200w, https:\/\/hi-techwonder.com\/wp-content\/uploads\/2025\/09\/RF-85mm-F1.4L-VCM_Bokeh_F1.4_CINC_Sample_R52A8637-1-150x100.jpg 150w, https:\/\/hi-techwonder.com\/wp-content\/uploads\/2025\/09\/RF-85mm-F1.4L-VCM_Bokeh_F1.4_CINC_Sample_R52A8637-1.jpg 1500w\" sizes=\"auto, (max-width: 1024px) 100vw, 1024px\" \/><\/figure>\n\n\n\n<figure class=\"wp-block-image size-large\"><img loading=\"lazy\" decoding=\"async\" width=\"1024\" height=\"683\" data-id=\"85473\" src=\"https:\/\/hi-techwonder.com\/wp-content\/themes\/woodmart\/images\/lazy.svg\" data-src=\"https:\/\/hi-techwonder.com\/wp-content\/uploads\/2025\/09\/RF-85mm-F1.4L-VCM_Portrait_CINC_Sample_R52A6964-1-1024x683.jpg\" alt=\"\" class=\"wp-image-85473\" srcset=\"\" data-srcset=\"https:\/\/hi-techwonder.com\/wp-content\/uploads\/2025\/09\/RF-85mm-F1.4L-VCM_Portrait_CINC_Sample_R52A6964-1-1024x683.jpg 1024w, https:\/\/hi-techwonder.com\/wp-content\/uploads\/2025\/09\/RF-85mm-F1.4L-VCM_Portrait_CINC_Sample_R52A6964-1-300x200.jpg 300w, https:\/\/hi-techwonder.com\/wp-content\/uploads\/2025\/09\/RF-85mm-F1.4L-VCM_Portrait_CINC_Sample_R52A6964-1-768x512.jpg 768w, https:\/\/hi-techwonder.com\/wp-content\/uploads\/2025\/09\/RF-85mm-F1.4L-VCM_Portrait_CINC_Sample_R52A6964-1-1200x800.jpg 1200w, https:\/\/hi-techwonder.com\/wp-content\/uploads\/2025\/09\/RF-85mm-F1.4L-VCM_Portrait_CINC_Sample_R52A6964-1-150x100.jpg 150w, https:\/\/hi-techwonder.com\/wp-content\/uploads\/2025\/09\/RF-85mm-F1.4L-VCM_Portrait_CINC_Sample_R52A6964-1.jpg 1500w\" sizes=\"auto, (max-width: 1024px) 100vw, 1024px\" \/><\/figure>\n\n\n\n<figure class=\"wp-block-image size-large\"><img loading=\"lazy\" decoding=\"async\" width=\"1024\" height=\"683\" data-id=\"85469\" src=\"https:\/\/hi-techwonder.com\/wp-content\/themes\/woodmart\/images\/lazy.svg\" data-src=\"https:\/\/hi-techwonder.com\/wp-content\/uploads\/2025\/09\/RF-85mm-F1.4L-VCM_Portrait_CINC_Sample_R52A8250-1-1024x683.jpg\" alt=\"\" class=\"wp-image-85469\" srcset=\"\" data-srcset=\"https:\/\/hi-techwonder.com\/wp-content\/uploads\/2025\/09\/RF-85mm-F1.4L-VCM_Portrait_CINC_Sample_R52A8250-1-1024x683.jpg 1024w, https:\/\/hi-techwonder.com\/wp-content\/uploads\/2025\/09\/RF-85mm-F1.4L-VCM_Portrait_CINC_Sample_R52A8250-1-300x200.jpg 300w, https:\/\/hi-techwonder.com\/wp-content\/uploads\/2025\/09\/RF-85mm-F1.4L-VCM_Portrait_CINC_Sample_R52A8250-1-768x512.jpg 768w, https:\/\/hi-techwonder.com\/wp-content\/uploads\/2025\/09\/RF-85mm-F1.4L-VCM_Portrait_CINC_Sample_R52A8250-1-1200x800.jpg 1200w, https:\/\/hi-techwonder.com\/wp-content\/uploads\/2025\/09\/RF-85mm-F1.4L-VCM_Portrait_CINC_Sample_R52A8250-1-150x100.jpg 150w, https:\/\/hi-techwonder.com\/wp-content\/uploads\/2025\/09\/RF-85mm-F1.4L-VCM_Portrait_CINC_Sample_R52A8250-1.jpg 1500w\" sizes=\"auto, (max-width: 1024px) 100vw, 1024px\" \/><\/figure>\n\n\n\n<figure class=\"wp-block-image size-large\"><img loading=\"lazy\" decoding=\"async\" width=\"1024\" height=\"683\" data-id=\"85477\" src=\"https:\/\/hi-techwonder.com\/wp-content\/themes\/woodmart\/images\/lazy.svg\" data-src=\"https:\/\/hi-techwonder.com\/wp-content\/uploads\/2025\/09\/RF-85mm-F1.4L-VCM_Still_CINC_Sample_R52A9097-1-1024x683.jpg\" alt=\"\" class=\"wp-image-85477\" srcset=\"\" data-srcset=\"https:\/\/hi-techwonder.com\/wp-content\/uploads\/2025\/09\/RF-85mm-F1.4L-VCM_Still_CINC_Sample_R52A9097-1-1024x683.jpg 1024w, https:\/\/hi-techwonder.com\/wp-content\/uploads\/2025\/09\/RF-85mm-F1.4L-VCM_Still_CINC_Sample_R52A9097-1-300x200.jpg 300w, https:\/\/hi-techwonder.com\/wp-content\/uploads\/2025\/09\/RF-85mm-F1.4L-VCM_Still_CINC_Sample_R52A9097-1-768x512.jpg 768w, https:\/\/hi-techwonder.com\/wp-content\/uploads\/2025\/09\/RF-85mm-F1.4L-VCM_Still_CINC_Sample_R52A9097-1-1200x800.jpg 1200w, https:\/\/hi-techwonder.com\/wp-content\/uploads\/2025\/09\/RF-85mm-F1.4L-VCM_Still_CINC_Sample_R52A9097-1-150x100.jpg 150w, https:\/\/hi-techwonder.com\/wp-content\/uploads\/2025\/09\/RF-85mm-F1.4L-VCM_Still_CINC_Sample_R52A9097-1.jpg 1500w\" sizes=\"auto, (max-width: 1024px) 100vw, 1024px\" \/><\/figure>\n\n\n\n<figure class=\"wp-block-image size-large\"><img loading=\"lazy\" decoding=\"async\" width=\"1024\" height=\"683\" data-id=\"85471\" src=\"https:\/\/hi-techwonder.com\/wp-content\/themes\/woodmart\/images\/lazy.svg\" data-src=\"https:\/\/hi-techwonder.com\/wp-content\/uploads\/2025\/09\/RF-85mm-F1.4L-VCM_Portrait_Outdoor_CINC_Sample_R52A3973-1-1024x683.jpg\" alt=\"\" class=\"wp-image-85471\" srcset=\"\" data-srcset=\"https:\/\/hi-techwonder.com\/wp-content\/uploads\/2025\/09\/RF-85mm-F1.4L-VCM_Portrait_Outdoor_CINC_Sample_R52A3973-1-1024x683.jpg 1024w, https:\/\/hi-techwonder.com\/wp-content\/uploads\/2025\/09\/RF-85mm-F1.4L-VCM_Portrait_Outdoor_CINC_Sample_R52A3973-1-300x200.jpg 300w, https:\/\/hi-techwonder.com\/wp-content\/uploads\/2025\/09\/RF-85mm-F1.4L-VCM_Portrait_Outdoor_CINC_Sample_R52A3973-1-768x512.jpg 768w, https:\/\/hi-techwonder.com\/wp-content\/uploads\/2025\/09\/RF-85mm-F1.4L-VCM_Portrait_Outdoor_CINC_Sample_R52A3973-1-1200x800.jpg 1200w, https:\/\/hi-techwonder.com\/wp-content\/uploads\/2025\/09\/RF-85mm-F1.4L-VCM_Portrait_Outdoor_CINC_Sample_R52A3973-1-150x100.jpg 150w, https:\/\/hi-techwonder.com\/wp-content\/uploads\/2025\/09\/RF-85mm-F1.4L-VCM_Portrait_Outdoor_CINC_Sample_R52A3973-1.jpg 1500w\" sizes=\"auto, (max-width: 1024px) 100vw, 1024px\" \/><\/figure>\n\n\n\n<figure class=\"wp-block-image size-large\"><img loading=\"lazy\" decoding=\"async\" width=\"1024\" height=\"683\" data-id=\"85475\" src=\"https:\/\/hi-techwonder.com\/wp-content\/themes\/woodmart\/images\/lazy.svg\" data-src=\"https:\/\/hi-techwonder.com\/wp-content\/uploads\/2025\/09\/RF-85mm-F1.4L-VCM_F1.4_Flare_Ghosting_CINC_Sample_R52A6473-1-1024x683.jpg\" alt=\"\" class=\"wp-image-85475\" srcset=\"\" data-srcset=\"https:\/\/hi-techwonder.com\/wp-content\/uploads\/2025\/09\/RF-85mm-F1.4L-VCM_F1.4_Flare_Ghosting_CINC_Sample_R52A6473-1-1024x683.jpg 1024w, https:\/\/hi-techwonder.com\/wp-content\/uploads\/2025\/09\/RF-85mm-F1.4L-VCM_F1.4_Flare_Ghosting_CINC_Sample_R52A6473-1-300x200.jpg 300w, https:\/\/hi-techwonder.com\/wp-content\/uploads\/2025\/09\/RF-85mm-F1.4L-VCM_F1.4_Flare_Ghosting_CINC_Sample_R52A6473-1-768x512.jpg 768w, https:\/\/hi-techwonder.com\/wp-content\/uploads\/2025\/09\/RF-85mm-F1.4L-VCM_F1.4_Flare_Ghosting_CINC_Sample_R52A6473-1-1200x800.jpg 1200w, https:\/\/hi-techwonder.com\/wp-content\/uploads\/2025\/09\/RF-85mm-F1.4L-VCM_F1.4_Flare_Ghosting_CINC_Sample_R52A6473-1-150x100.jpg 150w, https:\/\/hi-techwonder.com\/wp-content\/uploads\/2025\/09\/RF-85mm-F1.4L-VCM_F1.4_Flare_Ghosting_CINC_Sample_R52A6473-1.jpg 1500w\" sizes=\"auto, (max-width: 1024px) 100vw, 1024px\" \/><\/figure>\n<\/figure>\n\n\n\n<figure class=\"wp-block-table\"><table class=\"has-fixed-layout\"><thead><tr><th>Especificaci\u00f3n<\/th><th>Detalle<\/th><\/tr><\/thead><tbody><tr><td>Distancia focal<\/td><td>85 mm<\/td><\/tr><tr><td>Apertura m\u00e1xima\/m\u00ednima<\/td><td>f\/1.4 \u2013 f\/16<\/td><\/tr><tr><td>Montura<\/td><td>Canon RF<\/td><\/tr><tr><td>Cobertura de formato<\/td><td>Full-Frame<\/td><\/tr><tr><td>\u00c1ngulo de visi\u00f3n<\/td><td>28\u00b0 30&#8242;<\/td><\/tr><tr><td>Distancia m\u00ednima de enfoque<\/td><td>75 cm<\/td><\/tr><tr><td>Ampliaci\u00f3n m\u00e1xima<\/td><td>0.12x (1:8.3)<\/td><\/tr><tr><td>Construcci\u00f3n \u00f3ptica<\/td><td>14 elementos en 10 grupos<\/td><\/tr><tr><td>Hojas del diafragma<\/td><td>11, redondeadas<\/td><\/tr><tr><td>Estabilizaci\u00f3n de imagen<\/td><td>No<\/td><\/tr><tr><td>Tipo de enfoque<\/td><td>Autofocus (VCM) + MF<\/td><\/tr><tr><td>Di\u00e1metro del filtro<\/td><td>67 mm<\/td><\/tr><tr><td>Dimensiones<\/td><td>76,5 \u00d7 99,3 mm<\/td><\/tr><tr><td>Peso<\/td><td>636 g<\/td><\/tr><\/tbody><\/table><\/figure>\n","protected":false},"excerpt":{"rendered":"<ul>\n<li data-start=\"176\" data-end=\"246\">Lente prime de 85 mm dise\u00f1ada para fot\u00f3grafos y vide\u00f3grafos h\u00edbridos<\/li>\n<li data-start=\"249\" data-end=\"313\">Gran apertura f\/1.4 para condiciones de poca luz y desenfoque suave del fondo<\/li>\n<li data-start=\"316\" data-end=\"382\">Sistema de enfoque VCM silencioso y r\u00e1pido, ideal para v\u00eddeo y fotograf\u00eda<\/li>\n<li data-start=\"385\" data-end=\"440\">Anillo de apertura manual con opci\u00f3n de clic\/desclic<\/li>\n<li data-start=\"443\" data-end=\"513\">Elementos UD y asf\u00e9ricos para una nitidez m\u00e1xima y un control de las aberraciones<\/li>\n<li data-start=\"516\" data-end=\"565\">Revestimientos avanzados contra el destello y el efecto fantasma<\/li>\n<li data-start=\"568\" data-end=\"629\">Diafragma redondeado de 11 l\u00e1minas para un bokeh profesional<\/li>\n<li data-start=\"632\" data-end=\"686\">Construcci\u00f3n resistente con sellado contra las inclemencias meteorol\u00f3gicas.<\/li>\n<\/ul>\n","protected":false},"featured_media":85392,"comment_status":"open","ping_status":"closed","template":"","meta":{"_acf_changed":false},"product_brand":[2538],"product_cat":[1062],"product_tag":[],"class_list":{"0":"post-85495","1":"product","2":"type-product","3":"status-publish","4":"has-post-thumbnail","6":"product_brand-canon-es","7":"product_cat-mirrorless-objectivos","8":"pa_abertura-maxima-f-1-4-es","9":"pa_cor-negro","10":"pa_diametro-67mm-es","11":"pa_estabilizacao-de-imagem-no","12":"pa_montagem-da-objetiva-canon-rf-es","13":"pa_sensor-fotograma-completo","14":"pa_tipo-de-foco-enfoque-automatico","15":"pa_tipo-de-objetiva-teleobjetivo","16":"pa_zoom-fixa-fijo","18":"first","19":"pre-order","20":"sale","21":"taxable","22":"shipping-taxable","23":"purchasable","24":"product-type-simple"},"bundled_by":[],"bundle_stock_status":"pre-order","bundle_stock_quantity":null,"bundle_virtual":false,"bundle_layout":"","bundle_add_to_cart_form_location":"","bundle_editable_in_cart":false,"bundle_sold_individually_context":"","bundle_item_grouping":"","bundle_min_size":"","bundle_max_size":"","bundle_price":[],"bundled_items":[],"bundle_sell_ids":[],"acf":[],"_links":{"self":[{"href":"https:\/\/hi-techwonder.com\/es\/wp-json\/wp\/v2\/product\/85495","targetHints":{"allow":["GET"]}}],"collection":[{"href":"https:\/\/hi-techwonder.com\/es\/wp-json\/wp\/v2\/product"}],"about":[{"href":"https:\/\/hi-techwonder.com\/es\/wp-json\/wp\/v2\/types\/product"}],"replies":[{"embeddable":true,"href":"https:\/\/hi-techwonder.com\/es\/wp-json\/wp\/v2\/comments?post=85495"}],"wp:featuredmedia":[{"embeddable":true,"href":"https:\/\/hi-techwonder.com\/es\/wp-json\/wp\/v2\/media\/85392"}],"wp:attachment":[{"href":"https:\/\/hi-techwonder.com\/es\/wp-json\/wp\/v2\/media?parent=85495"}],"wp:term":[{"taxonomy":"product_brand","embeddable":true,"href":"https:\/\/hi-techwonder.com\/es\/wp-json\/wp\/v2\/product_brand?post=85495"},{"taxonomy":"product_cat","embeddable":true,"href":"https:\/\/hi-techwonder.com\/es\/wp-json\/wp\/v2\/product_cat?post=85495"},{"taxonomy":"product_tag","embeddable":true,"href":"https:\/\/hi-techwonder.com\/es\/wp-json\/wp\/v2\/product_tag?post=85495"}],"curies":[{"name":"wp","href":"https:\/\/api.w.org\/{rel}","templated":true}]}}