{"id":85680,"date":"2025-09-17T15:42:07","date_gmt":"2025-09-17T15:42:07","guid":{"rendered":"https:\/\/hi-techwonder.com\/product\/anel-de-acoplamento-67mm-82mm-2\/"},"modified":"2026-01-30T12:52:48","modified_gmt":"2026-01-30T12:52:48","slug":"jjc-anel-de-acoplamento-67mm-82mm-2","status":"publish","type":"product","link":"https:\/\/hi-techwonder.com\/es\/producto\/jjc-anel-de-acoplamento-67mm-82mm-2\/","title":{"rendered":"Anillo de acoplamiento 67mm-82mm"},"content":{"rendered":"\n<h2 class=\"wp-block-heading\">Anillo de acoplamiento 67mm-82mm<\/h2>\n\n\n\n<p id=\"wd-1b8aa49c\" class=\"wp-block-wd-paragraph\">Esta serie de anillos est\u00e1 dise\u00f1ada para permitir al fot\u00f3grafo girar el objetivo de modo que la parte delantera quede orientada hacia la c\u00e1mara, quedando as\u00ed el objetivo conectado a la c\u00e1mara al rev\u00e9s, mediante un acoplamiento macho-macho, lo que permite obtener macrofotograf\u00edas de alta calidad (primeros planos).<br>Im\u00e1genes con alta resoluci\u00f3n y nitidez.<\/p>\n","protected":false},"excerpt":{"rendered":"<p>Anillo de acoplamiento 67mm-82mm<\/p>\n","protected":false},"featured_media":85587,"comment_status":"open","ping_status":"closed","template":"","meta":{"_acf_changed":false},"product_brand":[2547],"product_cat":[972,973],"product_tag":[],"class_list":{"0":"post-85680","1":"product","2":"type-product","3":"status-publish","4":"has-post-thumbnail","6":"product_brand-jjc-es","7":"product_cat-fotografia-macro-es","8":"product_cat-anillos-de-acoplamiento","10":"first","11":"instock","12":"taxable","13":"shipping-taxable","14":"purchasable","15":"product-type-simple"},"bundled_by":[],"bundle_stock_status":"instock","bundle_stock_quantity":3,"bundle_virtual":false,"bundle_layout":"","bundle_add_to_cart_form_location":"","bundle_editable_in_cart":false,"bundle_sold_individually_context":"","bundle_item_grouping":"","bundle_min_size":"","bundle_max_size":"","bundle_price":[],"bundled_items":[],"bundle_sell_ids":[],"acf":[],"_links":{"self":[{"href":"https:\/\/hi-techwonder.com\/es\/wp-json\/wp\/v2\/product\/85680","targetHints":{"allow":["GET"]}}],"collection":[{"href":"https:\/\/hi-techwonder.com\/es\/wp-json\/wp\/v2\/product"}],"about":[{"href":"https:\/\/hi-techwonder.com\/es\/wp-json\/wp\/v2\/types\/product"}],"replies":[{"embeddable":true,"href":"https:\/\/hi-techwonder.com\/es\/wp-json\/wp\/v2\/comments?post=85680"}],"wp:featuredmedia":[{"embeddable":true,"href":"https:\/\/hi-techwonder.com\/es\/wp-json\/wp\/v2\/media\/85587"}],"wp:attachment":[{"href":"https:\/\/hi-techwonder.com\/es\/wp-json\/wp\/v2\/media?parent=85680"}],"wp:term":[{"taxonomy":"product_brand","embeddable":true,"href":"https:\/\/hi-techwonder.com\/es\/wp-json\/wp\/v2\/product_brand?post=85680"},{"taxonomy":"product_cat","embeddable":true,"href":"https:\/\/hi-techwonder.com\/es\/wp-json\/wp\/v2\/product_cat?post=85680"},{"taxonomy":"product_tag","embeddable":true,"href":"https:\/\/hi-techwonder.com\/es\/wp-json\/wp\/v2\/product_tag?post=85680"}],"curies":[{"name":"wp","href":"https:\/\/api.w.org\/{rel}","templated":true}]}}