{"id":85989,"date":"2025-09-19T13:55:36","date_gmt":"2025-09-19T13:55:36","guid":{"rendered":"https:\/\/hi-techwonder.com\/product\/godox-speedlite-v860iii-ttl-p-nikon\/"},"modified":"2026-04-14T14:37:58","modified_gmt":"2026-04-14T13:37:58","slug":"godox-speedlite-v860iii-ttl-p-nikon","status":"publish","type":"product","link":"https:\/\/hi-techwonder.com\/es\/producto\/godox-speedlite-v860iii-ttl-p-nikon\/","title":{"rendered":"Godox Speedlite V860III TTL p\/ Nikon"},"content":{"rendered":"\n<h2 class=\"wp-block-heading\">Godox Speedlite V860III TTL p\/ Nikon<\/h2>\n\n\n\n<div id=\"wd-abc6277c\" class=\"wp-block-wd-video wd-el-video wd-action-without wd-video-external wd-with-aspect-ratio wd-custom-width\"><iframe allowfullscreen allow=\"accelerometer; autoplay; encrypted-media; gyroscope; picture-in-picture\" width=\"100%\" height=\"100%\" loading=\"lazy\" src=\"https:\/\/www.youtube.com\/embed\/BvGgS_nnLK4?feature=oembed&amp;controls=1\"><\/iframe><\/div>\n\n\n\n<p id=\"wd-6aa7bd90\" class=\"wp-block-wd-paragraph\">El Godox V860III llega como la evoluci\u00f3n natural de la l\u00ednea de flashes profesionales de la marca, elevando la experiencia fotogr\u00e1fica a un nuevo nivel.<\/p>\n\n\n\n<p id=\"wd-099509a3\" class=\"wp-block-wd-paragraph\">Con una potencia de 76 Ws y un n\u00famero gu\u00eda de 60 (ISO 100, 200 mm), este flash garantiza una iluminaci\u00f3n constante en cualquier escenario. La cobertura de 20-200 mm se ajusta autom\u00e1ticamente al objetivo, lo que ofrece flexibilidad tanto para retratos \u00edntimos como para primeros planos de escenas.<\/p>\n\n\n\n<p id=\"wd-13f91e5a\" class=\"wp-block-wd-paragraph\">La gran novedad es la l\u00e1mpara de modelado LED, que permite previsualizar el resultado de la iluminaci\u00f3n antes del disparo. Adem\u00e1s, el nuevo interruptor r\u00e1pido permite cambiar instant\u00e1neamente entre los modos TTL y Manual, lo que facilita el flujo de trabajo.<\/p>\n\n\n\n<p id=\"wd-6f2de9da\" class=\"wp-block-wd-paragraph\">La bater\u00eda de 7,2 V de iones de litio garantiza hasta 480 disparos a m\u00e1xima potencia y una recarga en solo 1,5 s, para que nunca pierdas ese momento decisivo. Adem\u00e1s, el flash es compatible con HSS hasta 1\/8000 s, FEC, FEB y sincronizaci\u00f3n de segunda cortinilla, lo que te ofrece la m\u00e1xima libertad creativa.<\/p>\n\n\n\n<p id=\"wd-23df75da\" class=\"wp-block-wd-paragraph\">Gracias al sistema Godox 2.4G Wireless X, el V860III funciona tanto como transmisor como receptor, comunic\u00e1ndose con otros flashes y disparadores de la marca con un alcance de hasta 100 metros. Su dise\u00f1o robusto, junto con el bloqueo r\u00e1pido del acoplamiento, garantiza seguridad y practicidad en el uso dentro y fuera de la c\u00e1mara.<\/p>\n\n\n\n<p>En resumen, el Godox V860III es la herramienta perfecta para los fot\u00f3grafos que buscan rendimiento, fiabilidad y versatilidad en un solo equipo.<\/p>\n\n\n\n<div class=\"wp-block-media-text has-media-on-the-right is-stacked-on-mobile\" style=\"grid-template-columns:auto 35%\"><div class=\"wp-block-media-text__content\">\n<h4 class=\"wp-block-heading\">Contenido del paquete<\/h4>\n\n\n\n<ul id=\"wd-7803cc3f\" class=\"wp-block-wd-list wd-list wd-type-unordered wd-style-default\">\n<li id=\"wd-83a6308e\" class=\"wp-block-wd-list-item\"><div class=\"wd-icon\"><\/div><span class=\"wd-list-content\">1x Unidade de Flash Godox V860III<\/span><\/li>\n\n\n\n<li id=\"wd-137c72c9\" class=\"wp-block-wd-list-item\"><div class=\"wd-icon\"><\/div><span class=\"wd-list-content\">1 bater\u00eda recargable de iones de litio<\/span><\/li>\n\n\n\n<li id=\"wd-c4a499e8\" class=\"wp-block-wd-list-item\"><div class=\"wd-icon\"><\/div><span class=\"wd-list-content\">1x Cargador de bater\u00eda USB<\/span><\/li>\n\n\n\n<li id=\"wd-a7b7374b\" class=\"wp-block-wd-list-item\"><div class=\"wd-icon\"><\/div><span class=\"wd-list-content\">1x Cable USB<\/span><\/li>\n\n\n\n<li id=\"wd-1423f91c\" class=\"wp-block-wd-list-item\"><div class=\"wd-icon\"><\/div><span class=\"wd-list-content\">1x Mini soporte para flash<\/span><\/li>\n\n\n\n<li id=\"wd-5c810e53\" class=\"wp-block-wd-list-item\"><div class=\"wd-icon\"><\/div><span class=\"wd-list-content\">1x Bolsa de protecci\u00f3n<\/span><\/li>\n\n\n\n<li id=\"wd-27f2277f\" class=\"wp-block-wd-list-item\"><div class=\"wd-icon\"><\/div><span class=\"wd-list-content\">1x Manual del usuario<\/span><\/li>\n<\/ul>\n<\/div><figure class=\"wp-block-media-text__media\"><img loading=\"lazy\" decoding=\"async\" width=\"1024\" height=\"1024\" src=\"https:\/\/hi-techwonder.com\/wp-content\/themes\/woodmart\/images\/lazy.svg\" data-src=\"https:\/\/hi-techwonder.com\/wp-content\/uploads\/2025\/09\/1629755262_IMG_1594472-1-1024x1024.jpg\" alt=\"\" class=\"wp-image-85986 size-full\" srcset=\"\" data-srcset=\"https:\/\/hi-techwonder.com\/wp-content\/uploads\/2025\/09\/1629755262_IMG_1594472-1-1024x1024.jpg 1024w, https:\/\/hi-techwonder.com\/wp-content\/uploads\/2025\/09\/1629755262_IMG_1594472-1-300x300.jpg 300w, https:\/\/hi-techwonder.com\/wp-content\/uploads\/2025\/09\/1629755262_IMG_1594472-1-150x150.jpg 150w, https:\/\/hi-techwonder.com\/wp-content\/uploads\/2025\/09\/1629755262_IMG_1594472-1-768x768.jpg 768w, https:\/\/hi-techwonder.com\/wp-content\/uploads\/2025\/09\/1629755262_IMG_1594472-1-600x600.jpg 600w, https:\/\/hi-techwonder.com\/wp-content\/uploads\/2025\/09\/1629755262_IMG_1594472-1-1200x1200.jpg 1200w, https:\/\/hi-techwonder.com\/wp-content\/uploads\/2025\/09\/1629755262_IMG_1594472-1.jpg 1500w\" sizes=\"auto, (max-width: 1024px) 100vw, 1024px\" \/><\/figure><\/div>\n\n\n\n<figure class=\"wp-block-table\"><table class=\"has-fixed-layout\"><thead><tr><th><strong>Modelo<\/strong><\/th><th>Godox V860III<\/th><\/tr><\/thead><tbody><tr><td>N\u00famero Gu\u00eda<\/td><td>GN \u2248 60 (ISO100, 200mm)<\/td><\/tr><tr><td>Potencia<\/td><td>76Ws<\/td><\/tr><tr><td>Cobertura del Flash<\/td><td>20-200mm (auto\/manual)<\/td><\/tr><tr><td>Modos de Flash<\/td><td>TTL, Manual, Multi<\/td><\/tr><tr><td>Duraci\u00f3n del Destello<\/td><td>1\/300s \u2013 1\/20000s<\/td><\/tr><tr><td>Sincronizaci\u00f3n<\/td><td>HSS hasta 1\/8000s, primera y segunda cortina<\/td><\/tr><tr><td>Movimiento de la Cabeza<\/td><td>Horizontal: 0\u00b0\u2013330\u00b0 \/ Vertical: -7\u00b0\u2013120\u00b0<\/td><\/tr><tr><td>Sistema Inal\u00e1mbrico<\/td><td>Godox 2.4G (Transmisor y Receptor)<\/td><\/tr><tr><td>Alcance de Transmisi\u00f3n<\/td><td>Hasta 100m<\/td><\/tr><tr><td>Canales\/Grupos<\/td><td>32 canales \/ 5 grupos (A-E)<\/td><\/tr><tr><td>Luz de Modelado<\/td><td>LED 2W, 5300K \u00b1200K, 10 niveles<\/td><\/tr><tr><td>Bater\u00eda<\/td><td>Li-ion 7.2V (intercambiable con Godox V1)<\/td><\/tr><tr><td>Autonom\u00eda<\/td><td>~480 disparos a m\u00e1xima potencia<\/td><\/tr><tr><td>Tiempo de Reciclaje<\/td><td>~1.5s<\/td><\/tr><tr><td>Dimensiones (AnxAlxPr)<\/td><td>195 \u00d7 75 \u00d7 59 mm<\/td><\/tr><tr><td>Peso<\/td><td>530g (con bater\u00eda)<\/td><\/tr><\/tbody><\/table><\/figure>\n","protected":false},"excerpt":{"rendered":"<ul>\n<li data-start=\"181\" data-end=\"243\">Flash de alto rendimiento con n\u00famero gu\u00eda 60 (ISO 100, 200 mm)<\/li>\n<li data-start=\"246\" data-end=\"301\">Cobertura de zoom de 20 a 200 mm, autom\u00e1tica o manual<\/li>\n<li data-start=\"304\" data-end=\"369\">L\u00e1mpara de modelado LED integrada con 10 niveles de intensidad<\/li>\n<li data-start=\"372\" data-end=\"457\">Bater\u00eda recargable de iones de litio (7,2 V, 2600 mAh) con hasta 480 disparos a m\u00e1xima potencia<\/li>\n<li data-start=\"460\" data-end=\"518\">Tiempo de recarga r\u00e1pido de 1,5 s para una mayor eficiencia<\/li>\n<li data-start=\"521\" data-end=\"610\">Totalmente compatible con TTL, Manual, Multi y funciones avanzadas como HSS (hasta 1\/8000 s)<\/li>\n<li data-start=\"613\" data-end=\"683\">Sistema inal\u00e1mbrico 2,4G integrado con funciones de transmisor y receptor<\/li>\n<li data-start=\"686\" data-end=\"763\">Cabezal del flash ajustable de -7\u00b0 a 120\u00b0 (vertical) y de 0\u00b0 a 330\u00b0 (horizontal)<\/li>\n<\/ul>\n","protected":false},"featured_media":85975,"comment_status":"open","ping_status":"closed","template":"","meta":{"_acf_changed":false},"product_brand":[2555],"product_cat":[1024],"product_tag":[],"class_list":{"0":"post-85989","1":"product","2":"type-product","3":"status-publish","4":"has-post-thumbnail","6":"product_brand-godox-es","7":"product_cat-ttl-es","9":"first","10":"pre-order","11":"taxable","12":"shipping-taxable","13":"purchasable","14":"product-type-simple"},"bundled_by":[],"bundle_stock_status":"pre-order","bundle_stock_quantity":null,"bundle_virtual":false,"bundle_layout":"","bundle_add_to_cart_form_location":"","bundle_editable_in_cart":false,"bundle_sold_individually_context":"","bundle_item_grouping":"","bundle_min_size":"","bundle_max_size":"","bundle_price":[],"bundled_items":[],"bundle_sell_ids":[],"acf":[],"_links":{"self":[{"href":"https:\/\/hi-techwonder.com\/es\/wp-json\/wp\/v2\/product\/85989","targetHints":{"allow":["GET"]}}],"collection":[{"href":"https:\/\/hi-techwonder.com\/es\/wp-json\/wp\/v2\/product"}],"about":[{"href":"https:\/\/hi-techwonder.com\/es\/wp-json\/wp\/v2\/types\/product"}],"replies":[{"embeddable":true,"href":"https:\/\/hi-techwonder.com\/es\/wp-json\/wp\/v2\/comments?post=85989"}],"wp:featuredmedia":[{"embeddable":true,"href":"https:\/\/hi-techwonder.com\/es\/wp-json\/wp\/v2\/media\/85975"}],"wp:attachment":[{"href":"https:\/\/hi-techwonder.com\/es\/wp-json\/wp\/v2\/media?parent=85989"}],"wp:term":[{"taxonomy":"product_brand","embeddable":true,"href":"https:\/\/hi-techwonder.com\/es\/wp-json\/wp\/v2\/product_brand?post=85989"},{"taxonomy":"product_cat","embeddable":true,"href":"https:\/\/hi-techwonder.com\/es\/wp-json\/wp\/v2\/product_cat?post=85989"},{"taxonomy":"product_tag","embeddable":true,"href":"https:\/\/hi-techwonder.com\/es\/wp-json\/wp\/v2\/product_tag?post=85989"}],"curies":[{"name":"wp","href":"https:\/\/api.w.org\/{rel}","templated":true}]}}