{"id":86390,"date":"2025-09-23T11:05:36","date_gmt":"2025-09-23T11:05:36","guid":{"rendered":"https:\/\/hi-techwonder.com\/product\/dji-mic-3-tx\/"},"modified":"2026-04-25T00:35:57","modified_gmt":"2026-04-24T23:35:57","slug":"dji-mic-3-tx","status":"publish","type":"product","link":"https:\/\/hi-techwonder.com\/es\/producto\/dji-mic-3-tx\/","title":{"rendered":"DJI Mic 3 Transmisor"},"content":{"rendered":"\n<h2 class=\"wp-block-heading\">DJI Mic 3 TX<\/h2>\n\n\n\n<div id=\"wd-abc6277c\" class=\"wp-block-wd-video wd-el-video wd-action-without wd-video-external wd-with-aspect-ratio wd-custom-width\"><iframe allowfullscreen allow=\"accelerometer; autoplay; encrypted-media; gyroscope; picture-in-picture\" width=\"100%\" height=\"100%\" loading=\"lazy\" src=\"https:\/\/www.youtube.com\/embed\/IYQ9rWGMzI4?feature=oembed&amp;controls=1\"><\/iframe><\/div>\n\n\n\n<p id=\"wd-57a95a5b\" class=\"wp-block-wd-paragraph\">El transmisor\/grabador con clip DJI Mic 3 es la opci\u00f3n ideal para creadores de contenido, cineastas y streamers que buscan un audio profesional en cualquier situaci\u00f3n. Compacto y ligero, combina un micr\u00f3fono omnidireccional integrado con tecnolog\u00eda avanzada de grabaci\u00f3n interna en 32 bits flotantes, lo que garantiza que cada detalle del sonido se capte con la m\u00e1xima claridad y sin distorsiones.<\/p>\n\n\n\n<p id=\"wd-ddf59e79\" class=\"wp-block-wd-paragraph\">Gracias a su conectividad de doble banda (2,4\/5,8 GHz) y Bluetooth 5.4, ofrece un alcance de hasta 400 metros en l\u00ednea recta, lo que permite libertad de movimiento en grabaciones externas, entrevistas o eventos en directo.<\/p>\n\n\n\n<p id=\"wd-81be8968\" class=\"wp-block-wd-paragraph\">Con funciones inteligentes, como cancelaci\u00f3n de ruido en dos niveles, grabaci\u00f3n de doble archivo (pista original + pista procesada) y compatibilidad con c\u00f3digo de tiempo integrado para facilitar la edici\u00f3n en posproducci\u00f3n, este transmisor eleva el est\u00e1ndar de la captura de audio port\u00e1til.<\/p>\n\n\n\n<p id=\"wd-d77eb3a1\" class=\"wp-block-wd-paragraph\">La bater\u00eda interna de larga duraci\u00f3n proporciona hasta 8 horas de uso continuo, mientras que la carga r\u00e1pida (50 min) garantiza agilidad en producciones intensivas. El dise\u00f1o ultracompacto (solo 16 g) y los accesorios incluidos lo hacen perfecto para cualquier escenario, desde vlogs hasta producciones cinematogr\u00e1ficas.<\/p>\n\n\n\n<p>Ya sea junto con el sistema inal\u00e1mbrico DJI Mic 3 o conectado directamente a las c\u00e1maras DJI Osmo, este transmisor es una herramienta esencial para quienes valoran la calidad del sonido, la practicidad y el rendimiento profesional.<\/p>\n\n\n\n<div class=\"wp-block-media-text is-stacked-on-mobile\" style=\"grid-template-columns:35% auto\"><figure class=\"wp-block-media-text__media\"><img loading=\"lazy\" decoding=\"async\" width=\"1024\" height=\"1024\" src=\"https:\/\/hi-techwonder.com\/wp-content\/themes\/woodmart\/images\/lazy.svg\" data-src=\"https:\/\/hi-techwonder.com\/wp-content\/uploads\/2025\/09\/1756367374_IMG_2549746-1024x1024.jpg\" alt=\"\" class=\"wp-image-86388 size-full\" srcset=\"\" data-srcset=\"https:\/\/hi-techwonder.com\/wp-content\/uploads\/2025\/09\/1756367374_IMG_2549746-1024x1024.jpg 1024w, https:\/\/hi-techwonder.com\/wp-content\/uploads\/2025\/09\/1756367374_IMG_2549746-300x300.jpg 300w, https:\/\/hi-techwonder.com\/wp-content\/uploads\/2025\/09\/1756367374_IMG_2549746-150x150.jpg 150w, https:\/\/hi-techwonder.com\/wp-content\/uploads\/2025\/09\/1756367374_IMG_2549746-768x768.jpg 768w, https:\/\/hi-techwonder.com\/wp-content\/uploads\/2025\/09\/1756367374_IMG_2549746-600x600.jpg 600w, https:\/\/hi-techwonder.com\/wp-content\/uploads\/2025\/09\/1756367374_IMG_2549746-1200x1200.jpg 1200w, https:\/\/hi-techwonder.com\/wp-content\/uploads\/2025\/09\/1756367374_IMG_2549746.jpg 1500w\" sizes=\"auto, (max-width: 1024px) 100vw, 1024px\" \/><\/figure><div class=\"wp-block-media-text__content\">\n<h4 class=\"wp-block-heading\">Contenido del paquete<\/h4>\n\n\n\n<ul id=\"wd-4a756539\" class=\"wp-block-wd-list wd-list wd-type-unordered wd-style-default\">\n<li id=\"wd-b17cdea1\" class=\"wp-block-wd-list-item\"><div class=\"wd-icon\"><\/div><span class=\"wd-list-content\">1x DJI Mic 3 Clip-On Transmitter\/Recorder con micr\u00f3fono integrado<\/span><\/li>\n\n\n\n<li id=\"wd-35d7740b\" class=\"wp-block-wd-list-item\"><div class=\"wd-icon\"><\/div><span class=\"wd-list-content\">1x Parabrisas negro<\/span><\/li>\n\n\n\n<li id=\"wd-402f85e4\" class=\"wp-block-wd-list-item\"><div class=\"wd-icon\"><\/div><span class=\"wd-list-content\">1x Parabrisas gris<\/span><\/li>\n\n\n\n<li id=\"wd-9245baf5\" class=\"wp-block-wd-list-item\"><div class=\"wd-icon\"><\/div><span class=\"wd-list-content\">1x Clip magn\u00e9tico<\/span><\/li>\n\n\n\n<li id=\"wd-ef7dd949\" class=\"wp-block-wd-list-item\"><div class=\"wd-icon\"><\/div><span class=\"wd-list-content\">1 im\u00e1n de fijaci\u00f3n<\/span><\/li>\n\n\n\n<li id=\"wd-42e25746\" class=\"wp-block-wd-list-item\"><div class=\"wd-icon\"><\/div><span class=\"wd-list-content\">1x Cable de carga magn\u00e9tico<\/span><\/li>\n\n\n\n<li id=\"wd-98ef04a1\" class=\"wp-block-wd-list-item\"><div class=\"wd-icon\"><\/div><span class=\"wd-list-content\">1x Bolsa de transporte<\/span><\/li>\n<\/ul>\n<\/div><\/div>\n\n\n\n<div class=\"wp-block-media-text has-media-on-the-right is-stacked-on-mobile\" style=\"grid-template-columns:auto 35%\"><div class=\"wp-block-media-text__content\">\n<h4 class=\"wp-block-heading\">Caracter\u00edsticas<\/h4>\n\n\n\n<ul id=\"wd-975f436c\" class=\"wp-block-wd-list wd-list wd-type-unordered wd-style-default\">\n<li id=\"wd-505ab446\" class=\"wp-block-wd-list-item\"><div class=\"wd-icon\"><\/div><span class=\"wd-list-content\">Micr\u00f3fono integrado omnidireccional de alta sensibilidad<\/span><\/li>\n\n\n\n<li id=\"wd-9814a812\" class=\"wp-block-wd-list-item\"><div class=\"wd-icon\"><\/div><span class=\"wd-list-content\">Compatible con grabaci\u00f3n interna sin p\u00e9rdidas (lossless)<\/span><\/li>\n\n\n\n<li id=\"wd-ff7b2da4\" class=\"wp-block-wd-list-item\"><div class=\"wd-icon\"><\/div><span class=\"wd-list-content\">Alcance de hasta 400 m en l\u00ednea recta y 80 m con obst\u00e1culos<\/span><\/li>\n\n\n\n<li id=\"wd-99a5ee72\" class=\"wp-block-wd-list-item\"><div class=\"wd-icon\"><\/div><span class=\"wd-list-content\">Grabaci\u00f3n simult\u00e1nea de la pista original y la pista procesada (archivo dual)<\/span><\/li>\n\n\n\n<li id=\"wd-d69fd97d\" class=\"wp-block-wd-list-item\"><div class=\"wd-icon\"><\/div><span class=\"wd-list-content\">Control r\u00e1pido mediante botones integrados (grabaci\u00f3n, cancelaci\u00f3n de ruido, emparejamiento)<\/span><\/li>\n\n\n\n<li id=\"wd-57001993\" class=\"wp-block-wd-list-item\"><div class=\"wd-icon\"><\/div><span class=\"wd-list-content\">Cuerpo ultracompacto y ligero (16 g)<\/span><\/li>\n\n\n\n<li id=\"wd-f93abd93\" class=\"wp-block-wd-list-item\"><div class=\"wd-icon\"><\/div><span class=\"wd-list-content\">Carga r\u00e1pida mediante cable magn\u00e9tico (50 minutos)<\/span><\/li>\n\n\n\n<li id=\"wd-8ed37f06\" class=\"wp-block-wd-list-item\"><div class=\"wd-icon\"><\/div><span class=\"wd-list-content\">Totalmente compatible con el sistema inal\u00e1mbrico DJI Mic 3<\/span><\/li>\n<\/ul>\n<\/div><figure class=\"wp-block-media-text__media\"><img loading=\"lazy\" decoding=\"async\" width=\"1024\" height=\"1024\" src=\"https:\/\/hi-techwonder.com\/wp-content\/themes\/woodmart\/images\/lazy.svg\" data-src=\"https:\/\/hi-techwonder.com\/wp-content\/uploads\/2025\/09\/1756999413_IMG_2567938-1-1024x1024.jpg\" alt=\"\" class=\"wp-image-86387 size-full\" srcset=\"\" data-srcset=\"https:\/\/hi-techwonder.com\/wp-content\/uploads\/2025\/09\/1756999413_IMG_2567938-1-1024x1024.jpg 1024w, https:\/\/hi-techwonder.com\/wp-content\/uploads\/2025\/09\/1756999413_IMG_2567938-1-300x300.jpg 300w, https:\/\/hi-techwonder.com\/wp-content\/uploads\/2025\/09\/1756999413_IMG_2567938-1-150x150.jpg 150w, https:\/\/hi-techwonder.com\/wp-content\/uploads\/2025\/09\/1756999413_IMG_2567938-1-768x768.jpg 768w, https:\/\/hi-techwonder.com\/wp-content\/uploads\/2025\/09\/1756999413_IMG_2567938-1-600x600.jpg 600w, https:\/\/hi-techwonder.com\/wp-content\/uploads\/2025\/09\/1756999413_IMG_2567938-1-1200x1200.jpg 1200w, https:\/\/hi-techwonder.com\/wp-content\/uploads\/2025\/09\/1756999413_IMG_2567938-1.jpg 1500w\" sizes=\"auto, (max-width: 1024px) 100vw, 1024px\" \/><\/figure><\/div>\n\n\n\n<figure class=\"wp-block-table\"><table class=\"has-fixed-layout\"><thead><tr><th><strong>Categor\u00eda<\/strong><\/th><th><strong>Detalles<\/strong><\/th><\/tr><\/thead><tbody><tr><td><strong>Tecnolog\u00eda inal\u00e1mbrica<\/strong><\/td><td>Digital 2.4\/5.8 GHz \/ Bluetooth 5.4<\/td><\/tr><tr><td><strong>Alcance m\u00e1x. (l\u00ednea de visi\u00f3n)<\/strong><\/td><td>400 m \/ 1312&#8242;<\/td><\/tr><tr><td><strong>Alcance con obst\u00e1culos<\/strong><\/td><td>80 m \/ 262.5&#8242;<\/td><\/tr><tr><td><strong>Micr\u00f3fono<\/strong><\/td><td>Integrado, omnidireccional<\/td><\/tr><tr><td><strong>Sensibilidad<\/strong><\/td><td>-36 dBV (@ 1 kHz, 94 dB SPL)<\/td><\/tr><tr><td><strong>SPL m\u00e1x.<\/strong><\/td><td>126 dB<\/td><\/tr><tr><td><strong>Grabaci\u00f3n interna<\/strong><\/td><td>S\u00ed, 32-bit float<\/td><\/tr><tr><td><strong>Timecode<\/strong><\/td><td>Compatible<\/td><\/tr><tr><td><strong>Bater\u00eda<\/strong><\/td><td>Integrada, 137 mAh, hasta 8 h<\/td><\/tr><tr><td><strong>Tiempo de carga<\/strong><\/td><td>50 minutos<\/td><\/tr><tr><td><strong>Peso<\/strong><\/td><td>16 g<\/td><\/tr><tr><td><strong>Dimensiones<\/strong><\/td><td>28.8 x 28.3 x 16.4 mm<\/td><\/tr><tr><td><strong>Compatibilidad App<\/strong><\/td><td>DJI Mimo (Android\/iOS)<\/td><\/tr><tr><td><strong>Resistencia ambiental<\/strong><\/td><td>No especificada<\/td><\/tr><tr><td><strong>Color<\/strong><\/td><td>Negro<\/td><\/tr><\/tbody><\/table><\/figure>\n","protected":false},"excerpt":{"rendered":"<ul>\n<li data-start=\"171\" data-end=\"232\">Transmisor compacto con micr\u00f3fono omnidireccional integrado<\/li>\n<li data-start=\"235\" data-end=\"292\">Grabaci\u00f3n interna en 32 bits flotantes con soporte para c\u00f3digo de tiempo<\/li>\n<li data-start=\"295\" data-end=\"364\">Conectividad inal\u00e1mbrica de doble banda (2,4\/5,8 GHz) y Bluetooth 5.4<\/li>\n<li data-start=\"367\" data-end=\"421\">Alcance de transmisi\u00f3n de hasta 400 m (l\u00ednea de visi\u00f3n)<\/li>\n<li data-start=\"424\" data-end=\"487\">Duraci\u00f3n de la bater\u00eda de hasta 8 horas con recarga r\u00e1pida (50 min)<\/li>\n<li data-start=\"490\" data-end=\"548\">Funciones de cancelaci\u00f3n de ruido y grabaci\u00f3n en doble archivo<\/li>\n<li data-start=\"551\" data-end=\"613\">Compatible con c\u00e1maras DJI Osmo y la aplicaci\u00f3n DJI Mimo (Android\/iOS)<\/li>\n<\/ul>\n","protected":false},"featured_media":86391,"comment_status":"open","ping_status":"closed","template":"","meta":{"_acf_changed":false},"product_brand":[187],"product_cat":[267],"product_tag":[],"class_list":{"0":"post-86390","1":"product","2":"type-product","3":"status-publish","4":"has-post-thumbnail","6":"product_brand-dji","7":"product_cat-kits-sem-fios","9":"first","10":"instock","11":"taxable","12":"shipping-taxable","13":"purchasable","14":"product-type-simple"},"bundled_by":["86442","98276"],"bundle_stock_status":"instock","bundle_stock_quantity":4,"bundle_virtual":false,"bundle_layout":"","bundle_add_to_cart_form_location":"","bundle_editable_in_cart":false,"bundle_sold_individually_context":"","bundle_item_grouping":"","bundle_min_size":"","bundle_max_size":"","bundle_price":[],"bundled_items":[],"bundle_sell_ids":[],"acf":[],"_links":{"self":[{"href":"https:\/\/hi-techwonder.com\/es\/wp-json\/wp\/v2\/product\/86390","targetHints":{"allow":["GET"]}}],"collection":[{"href":"https:\/\/hi-techwonder.com\/es\/wp-json\/wp\/v2\/product"}],"about":[{"href":"https:\/\/hi-techwonder.com\/es\/wp-json\/wp\/v2\/types\/product"}],"replies":[{"embeddable":true,"href":"https:\/\/hi-techwonder.com\/es\/wp-json\/wp\/v2\/comments?post=86390"}],"wp:featuredmedia":[{"embeddable":true,"href":"https:\/\/hi-techwonder.com\/es\/wp-json\/wp\/v2\/media\/86391"}],"wp:attachment":[{"href":"https:\/\/hi-techwonder.com\/es\/wp-json\/wp\/v2\/media?parent=86390"}],"wp:term":[{"taxonomy":"product_brand","embeddable":true,"href":"https:\/\/hi-techwonder.com\/es\/wp-json\/wp\/v2\/product_brand?post=86390"},{"taxonomy":"product_cat","embeddable":true,"href":"https:\/\/hi-techwonder.com\/es\/wp-json\/wp\/v2\/product_cat?post=86390"},{"taxonomy":"product_tag","embeddable":true,"href":"https:\/\/hi-techwonder.com\/es\/wp-json\/wp\/v2\/product_tag?post=86390"}],"curies":[{"name":"wp","href":"https:\/\/api.w.org\/{rel}","templated":true}]}}