{"id":86442,"date":"2025-09-23T11:51:27","date_gmt":"2025-09-23T11:51:27","guid":{"rendered":"https:\/\/hi-techwonder.com\/product\/dji-mic-3-bundle-ate-4-tx-1-rx-caixa-de-carregamento\/"},"modified":"2026-01-23T16:55:49","modified_gmt":"2026-01-23T16:55:49","slug":"dji-mic-3-bundle-4tx-1rx-cx","status":"publish","type":"product","link":"https:\/\/hi-techwonder.com\/es\/producto\/dji-mic-3-bundle-4tx-1rx-cx\/","title":{"rendered":"DJI Mic 3 (4 TX + 1 RX + Estuche de Carga)"},"content":{"rendered":"\n<h2 class=\"wp-block-heading\" id=\"dji-mic-3-bundle-4-tx-1-rx-caixa-de-carregamento\"><strong>DJI Mic 3 (4 TX + 1 RX + Estuche de carga)<\/strong><\/h2>\n\n\n\n<div class=\"wp-block-rank-math-toc-block\" id=\"rank-math-toc\"><h3>Bundle compuesto por:<\/h3><nav><ul><li class=\"\"><a href=\"#caracteristicas-principais-1-1\">1 paquete \u2014 DJI Mic 3 (2 TX + 1 RX + Estuche de carga)<\/a><\/li><li class=\"\"><a href=\"#dji-mic-3-transmissor\">2 paquetes \u2014 DJI Mic 3 Transmisor (1 TX por paquete)<\/a><\/li><\/ul><\/nav><\/div>\n\n\n\n<div class=\"wp-block-media-text is-stacked-on-mobile\" style=\"grid-template-columns:34% auto\"><figure class=\"wp-block-media-text__media\"><img loading=\"lazy\" decoding=\"async\" width=\"1024\" height=\"1024\" src=\"https:\/\/hi-techwonder.com\/wp-content\/themes\/woodmart\/images\/lazy.svg\" data-src=\"https:\/\/hi-techwonder.com\/wp-content\/uploads\/2025\/08\/DJI-Mic-3-2-TX-1-RX-Charging-Case_2-1024x1024.jpg\" alt=\"\" class=\"wp-image-83431 size-full\" srcset=\"\" data-srcset=\"https:\/\/hi-techwonder.com\/wp-content\/uploads\/2025\/08\/DJI-Mic-3-2-TX-1-RX-Charging-Case_2-1024x1024.jpg 1024w, https:\/\/hi-techwonder.com\/wp-content\/uploads\/2025\/08\/DJI-Mic-3-2-TX-1-RX-Charging-Case_2-300x300.jpg 300w, https:\/\/hi-techwonder.com\/wp-content\/uploads\/2025\/08\/DJI-Mic-3-2-TX-1-RX-Charging-Case_2-150x150.jpg 150w, https:\/\/hi-techwonder.com\/wp-content\/uploads\/2025\/08\/DJI-Mic-3-2-TX-1-RX-Charging-Case_2-768x768.jpg 768w, https:\/\/hi-techwonder.com\/wp-content\/uploads\/2025\/08\/DJI-Mic-3-2-TX-1-RX-Charging-Case_2-600x600.jpg 600w, https:\/\/hi-techwonder.com\/wp-content\/uploads\/2025\/08\/DJI-Mic-3-2-TX-1-RX-Charging-Case_2-1200x1200.jpg 1200w, https:\/\/hi-techwonder.com\/wp-content\/uploads\/2025\/08\/DJI-Mic-3-2-TX-1-RX-Charging-Case_2.jpg 1500w\" sizes=\"auto, (max-width: 1024px) 100vw, 1024px\" \/><\/figure><div class=\"wp-block-media-text__content\">\n<h3 class=\"wp-block-heading\" id=\"caracteristicas-principais-1-1\">1 paquete \u2014 DJI Mic 3 (2 TX + 1 RX + Estuche de carga)<\/h3>\n\n\n\n<ul class=\"wp-block-list\">\n<li>2 \u00d7 Transmisores con micr\u00f3fono integrado<\/li>\n\n\n\n<li>1 \u00d7 Receptor<\/li>\n\n\n\n<li>1 \u00d7 Estuche de carga<\/li>\n\n\n\n<li>1 \u00d7 Adaptador para smartphone (USB-C)<\/li>\n\n\n\n<li>1 \u00d7 Cable de datos USB-C a USB-C<\/li>\n\n\n\n<li>1 \u00d7 Cable de audio con bloqueo (3,5 mm TRS a TRS)<\/li>\n\n\n\n<li>2 \u00d7 Paravientos (negro\/gris)<\/li>\n\n\n\n<li>2 \u00d7 Paravientos (negro)<\/li>\n\n\n\n<li>2 \u00d7 Imanes<\/li>\n\n\n\n<li>2 \u00d7 Clips magn\u00e9ticos<\/li>\n\n\n\n<li>1 \u00d7 Bolsa de transporte<\/li>\n<\/ul>\n<\/div><\/div>\n\n\n\n<div class=\"wp-block-media-text is-stacked-on-mobile\" style=\"grid-template-columns:35% auto\"><figure class=\"wp-block-media-text__media\"><img loading=\"lazy\" decoding=\"async\" width=\"1024\" height=\"1024\" src=\"https:\/\/hi-techwonder.com\/wp-content\/themes\/woodmart\/images\/lazy.svg\" data-src=\"https:\/\/hi-techwonder.com\/wp-content\/uploads\/2025\/09\/1756367374_IMG_2549746-1024x1024.jpg\" alt=\"\" class=\"wp-image-86388 size-full\" srcset=\"\" data-srcset=\"https:\/\/hi-techwonder.com\/wp-content\/uploads\/2025\/09\/1756367374_IMG_2549746-1024x1024.jpg 1024w, https:\/\/hi-techwonder.com\/wp-content\/uploads\/2025\/09\/1756367374_IMG_2549746-300x300.jpg 300w, https:\/\/hi-techwonder.com\/wp-content\/uploads\/2025\/09\/1756367374_IMG_2549746-150x150.jpg 150w, https:\/\/hi-techwonder.com\/wp-content\/uploads\/2025\/09\/1756367374_IMG_2549746-768x768.jpg 768w, https:\/\/hi-techwonder.com\/wp-content\/uploads\/2025\/09\/1756367374_IMG_2549746-600x600.jpg 600w, https:\/\/hi-techwonder.com\/wp-content\/uploads\/2025\/09\/1756367374_IMG_2549746-1200x1200.jpg 1200w, https:\/\/hi-techwonder.com\/wp-content\/uploads\/2025\/09\/1756367374_IMG_2549746.jpg 1500w\" sizes=\"auto, (max-width: 1024px) 100vw, 1024px\" \/><\/figure><div class=\"wp-block-media-text__content\">\n<h3 class=\"wp-block-heading\" id=\"dji-mic-3-transmissor\"><strong>2 paquetes \u2014 DJI Mic 3 Transmisor (1 TX por paquete)<\/strong><\/h3>\n\n\n\n<ul class=\"wp-block-list\">\n<li>1 \u00d7 Transmisor con micr\u00f3fono integrado<\/li>\n\n\n\n<li>1 \u00d7 Paravientos (negro)<\/li>\n\n\n\n<li>1 \u00d7 Paravientos (negro\/gris)<\/li>\n\n\n\n<li>1 \u00d7 Clip magn\u00e9tico<\/li>\n\n\n\n<li>1 \u00d7 Im\u00e1n de fijaci\u00f3n<\/li>\n\n\n\n<li>1 \u00d7 Cable de carga magn\u00e9tico<\/li>\n\n\n\n<li>1 \u00d7 Bolsa de transporte<\/li>\n<\/ul>\n<\/div><\/div>\n","protected":false},"excerpt":{"rendered":"<p>DJI Mic 3 (4 TX + 1 RX + Estuche de Carga)<br data-start=\"155\" data-end=\"158\" \/>Bundle compuesto por:<\/p>\n","protected":false},"featured_media":98261,"comment_status":"open","ping_status":"closed","template":"","meta":{"_acf_changed":false},"product_brand":[2542],"product_cat":[895],"product_tag":[],"class_list":{"0":"post-86442","1":"product","2":"type-product","3":"status-publish","4":"has-post-thumbnail","6":"product_brand-dji-es","7":"product_cat-kits-inalambricos","9":"first","10":"pre-order","11":"taxable","12":"shipping-taxable","13":"purchasable","14":"product-type-bundle"},"bundled_by":[],"bundle_stock_status":"instock","bundle_stock_quantity":5,"bundle_virtual":false,"bundle_layout":"default","bundle_add_to_cart_form_location":"default","bundle_editable_in_cart":false,"bundle_sold_individually_context":"product","bundle_item_grouping":"parent","bundle_min_size":"","bundle_max_size":"","bundle_price":{"price":{"min":{"incl_tax":"517","excl_tax":"420.33"},"max":{"incl_tax":"517","excl_tax":"420.33"}},"regular_price":{"min":{"incl_tax":"517","excl_tax":"420.33"},"max":{"incl_tax":"517","excl_tax":"420.33"}}},"bundled_items":[{"bundled_item_id":18,"product_id":83576,"menu_order":0,"quantity_min":1,"quantity_max":1,"quantity_default":1,"priced_individually":true,"shipped_individually":false,"override_title":false,"title":"DJI Mic 3","override_description":true,"description":"DJI Mic 3","optional":false,"hide_thumbnail":false,"discount":"","override_variations":true,"allowed_variations":[83578],"override_default_variation_attributes":true,"default_variation_attributes":[{"id":59,"name":"Modelo","option":"2-tx-1-rx-estuche-de-carga"}],"single_product_visibility":"visible","cart_visibility":"visible","order_visibility":"visible","single_product_price_visibility":"hidden","cart_price_visibility":"hidden","order_price_visibility":"visible","stock_status":"in_stock"},{"bundled_item_id":19,"product_id":86390,"menu_order":1,"quantity_min":2,"quantity_max":2,"quantity_default":2,"priced_individually":true,"shipped_individually":false,"override_title":false,"title":"DJI Mic 3 TX","override_description":true,"description":"","optional":false,"hide_thumbnail":false,"discount":"","override_variations":false,"allowed_variations":[""],"override_default_variation_attributes":false,"default_variation_attributes":[],"single_product_visibility":"visible","cart_visibility":"visible","order_visibility":"visible","single_product_price_visibility":"hidden","cart_price_visibility":"hidden","order_price_visibility":"visible","stock_status":"in_stock"}],"bundle_sell_ids":[],"acf":[],"_links":{"self":[{"href":"https:\/\/hi-techwonder.com\/es\/wp-json\/wp\/v2\/product\/86442","targetHints":{"allow":["GET"]}}],"collection":[{"href":"https:\/\/hi-techwonder.com\/es\/wp-json\/wp\/v2\/product"}],"about":[{"href":"https:\/\/hi-techwonder.com\/es\/wp-json\/wp\/v2\/types\/product"}],"replies":[{"embeddable":true,"href":"https:\/\/hi-techwonder.com\/es\/wp-json\/wp\/v2\/comments?post=86442"}],"wp:featuredmedia":[{"embeddable":true,"href":"https:\/\/hi-techwonder.com\/es\/wp-json\/wp\/v2\/media\/98261"}],"wp:attachment":[{"href":"https:\/\/hi-techwonder.com\/es\/wp-json\/wp\/v2\/media?parent=86442"}],"wp:term":[{"taxonomy":"product_brand","embeddable":true,"href":"https:\/\/hi-techwonder.com\/es\/wp-json\/wp\/v2\/product_brand?post=86442"},{"taxonomy":"product_cat","embeddable":true,"href":"https:\/\/hi-techwonder.com\/es\/wp-json\/wp\/v2\/product_cat?post=86442"},{"taxonomy":"product_tag","embeddable":true,"href":"https:\/\/hi-techwonder.com\/es\/wp-json\/wp\/v2\/product_tag?post=86442"}],"curies":[{"name":"wp","href":"https:\/\/api.w.org\/{rel}","templated":true}]}}