{"id":86496,"date":"2025-09-23T15:46:03","date_gmt":"2025-09-23T15:46:03","guid":{"rendered":"https:\/\/hi-techwonder.com\/product\/dji-osmo-nano-standard-combo\/"},"modified":"2026-03-30T16:32:10","modified_gmt":"2026-03-30T15:32:10","slug":"dji-osmo-nano-standard-combo","status":"publish","type":"product","link":"https:\/\/hi-techwonder.com\/es\/producto\/dji-osmo-nano-standard-combo\/","title":{"rendered":"DJI Osmo Nano Standard Combo"},"content":{"rendered":"\n<h2 class=\"wp-block-heading\">DJI Osmo Nano Standard Combo<\/h2>\n\n\n\n<div id=\"wd-a7f83bfc\" class=\"wp-block-wd-video wd-el-video wd-action-without wd-video-external wd-with-aspect-ratio wd-custom-width\"><iframe allowfullscreen allow=\"accelerometer; autoplay; encrypted-media; gyroscope; picture-in-picture\" width=\"100%\" height=\"100%\" loading=\"lazy\" src=\"https:\/\/www.youtube.com\/embed\/yECD9TzmW-A?feature=oembed&amp;controls=1\"><\/iframe><\/div>\n\n\n\n<p id=\"wd-4e9f0467\" class=\"wp-block-wd-paragraph\">La DJI Osmo Nano redefine el concepto de c\u00e1mara port\u00e1til. Compacta, ultraligera e incre\u00edblemente potente, combina tecnolog\u00eda punta en un cuerpo minimalista, lista para cualquier aventura. El sensor de 1\/1,3&#8243; con p\u00edxeles de 2,4 \u03bcm y hasta 13,5 pasos de rango din\u00e1mico garantiza im\u00e1genes vibrantes y detalladas, que rivalizan con las c\u00e1maras profesionales.<\/p>\n\n\n\n<p id=\"wd-6b7e081b\" class=\"wp-block-wd-paragraph\">Con capacidad para grabar en 4K\/60 fps o en c\u00e1mara lenta 4K\/120 fps, y una lente ultra gran angular de 143\u00b0, la Osmo Nano captura desde paisajes impresionantes hasta momentos \u00edntimos con la m\u00e1xima inmersi\u00f3n. El modo SuperNight permite capturas nocturnas n\u00edtidas y detalladas, mientras que el perfil de 10 bits y D-Log M garantiza flexibilidad creativa en la edici\u00f3n.Com capacidade de gravar em 4K\/60fps ou slow motion 4K\/120fps, e uma lente de 143\u00b0 ultra-wide, o Osmo Nano capta desde paisagens deslumbrantes a momentos \u00edntimos com a m\u00e1xima imers\u00e3o. O modo SuperNight permite capturas noturnas limpas e detalhadas, enquanto o perfil 10-bit &amp; D-Log M assegura flexibilidade criativa na edi\u00e7\u00e3o.<\/p>\n\n\n\n<p id=\"wd-a636688b\" class=\"wp-block-wd-paragraph\">Gracias al dise\u00f1o magn\u00e9tico, puedes montar la c\u00e1mara en pr\u00e1cticamente cualquier superficie o accesorio, lo que te permite dar rienda suelta a tu creatividad y obtener \u00e1ngulos in\u00e9ditos. La pantalla OLED ofrece un control intuitivo y transmisi\u00f3n en tiempo real, mientras que la autonom\u00eda ampliada con Vision Dock garantiza horas de grabaci\u00f3n continua.<\/p>\n\n\n\n<p>Adem\u00e1s, la Osmo Nano integra una conexi\u00f3n directa para dos micr\u00f3fonos DJI, lo que elimina los receptores y mantiene la configuraci\u00f3n ligera y profesional. Con una resistencia al agua de hasta 10 m y una gama completa de accesorios espec\u00edficos, esta c\u00e1mara es la compa\u00f1era ideal para aventuras, vlogging o compartir espont\u00e1neamente en las redes sociales.<\/p>\n\n\n\n<div class=\"wp-block-media-text has-media-on-the-right is-stacked-on-mobile\" style=\"grid-template-columns:auto 38%\"><div class=\"wp-block-media-text__content\">\n<h4 class=\"wp-block-heading\">Contenido del envase<\/h4>\n\n\n\n<ul id=\"wd-12e671b9\" class=\"wp-block-wd-list wd-list wd-type-unordered wd-style-default\">\n<li id=\"wd-3e27c0a6\" class=\"wp-block-wd-list-item\"><div class=\"wd-icon\"><\/div><span class=\"wd-list-content\">1x DJI Osmo Nano<\/span><\/li>\n\n\n\n<li id=\"wd-26a6033b\" class=\"wp-block-wd-list-item\"><div class=\"wd-icon\"><\/div><span class=\"wd-list-content\">1x Multifunctional Vision Dock<\/span><\/li>\n\n\n\n<li id=\"wd-5a343a44\" class=\"wp-block-wd-list-item\"><div class=\"wd-icon\"><\/div><span class=\"wd-list-content\">1x Cable USB-C PD<\/span><\/li>\n\n\n\n<li id=\"wd-d2a7ee1b\" class=\"wp-block-wd-list-item\"><div class=\"wd-icon\"><\/div><span class=\"wd-list-content\">1x Funda protectora<\/span><\/li>\n\n\n\n<li id=\"wd-dd8bacd1\" class=\"wp-block-wd-list-item\"><div class=\"wd-icon\"><\/div><span class=\"wd-list-content\">1x Manual del usuario<\/span><\/li>\n<\/ul>\n<\/div><figure class=\"wp-block-media-text__media\"><img loading=\"lazy\" decoding=\"async\" width=\"1024\" height=\"1024\" src=\"https:\/\/hi-techwonder.com\/wp-content\/themes\/woodmart\/images\/lazy.svg\" data-src=\"https:\/\/hi-techwonder.com\/wp-content\/uploads\/2025\/09\/508fb2af0121db1eebb0e6d117626957@origin-1-1024x1024.jpg\" alt=\"\" class=\"wp-image-86473 size-full\" srcset=\"\" data-srcset=\"https:\/\/hi-techwonder.com\/wp-content\/uploads\/2025\/09\/508fb2af0121db1eebb0e6d117626957@origin-1-1024x1024.jpg 1024w, https:\/\/hi-techwonder.com\/wp-content\/uploads\/2025\/09\/508fb2af0121db1eebb0e6d117626957@origin-1-300x300.jpg 300w, https:\/\/hi-techwonder.com\/wp-content\/uploads\/2025\/09\/508fb2af0121db1eebb0e6d117626957@origin-1-150x150.jpg 150w, https:\/\/hi-techwonder.com\/wp-content\/uploads\/2025\/09\/508fb2af0121db1eebb0e6d117626957@origin-1-768x768.jpg 768w, https:\/\/hi-techwonder.com\/wp-content\/uploads\/2025\/09\/508fb2af0121db1eebb0e6d117626957@origin-1-600x600.jpg 600w, https:\/\/hi-techwonder.com\/wp-content\/uploads\/2025\/09\/508fb2af0121db1eebb0e6d117626957@origin-1-1200x1200.jpg 1200w, https:\/\/hi-techwonder.com\/wp-content\/uploads\/2025\/09\/508fb2af0121db1eebb0e6d117626957@origin-1.jpg 1500w\" sizes=\"auto, (max-width: 1024px) 100vw, 1024px\" \/><\/figure><\/div>\n\n\n\n<div class=\"wp-block-media-text is-stacked-on-mobile\" style=\"grid-template-columns:46% auto\"><figure class=\"wp-block-media-text__media\"><img loading=\"lazy\" decoding=\"async\" width=\"1024\" height=\"768\" src=\"https:\/\/hi-techwonder.com\/wp-content\/themes\/woodmart\/images\/lazy.svg\" data-src=\"https:\/\/hi-techwonder.com\/wp-content\/uploads\/2025\/09\/Hiking_Backpack-Strap-Mount_\u80a9\u5e26\u652f\u67b6-1024x768.jpg\" alt=\"\" class=\"wp-image-86477 size-full\" srcset=\"\" data-srcset=\"https:\/\/hi-techwonder.com\/wp-content\/uploads\/2025\/09\/Hiking_Backpack-Strap-Mount_\u80a9\u5e26\u652f\u67b6-1024x768.jpg 1024w, https:\/\/hi-techwonder.com\/wp-content\/uploads\/2025\/09\/Hiking_Backpack-Strap-Mount_\u80a9\u5e26\u652f\u67b6-300x225.jpg 300w, https:\/\/hi-techwonder.com\/wp-content\/uploads\/2025\/09\/Hiking_Backpack-Strap-Mount_\u80a9\u5e26\u652f\u67b6-768x576.jpg 768w, https:\/\/hi-techwonder.com\/wp-content\/uploads\/2025\/09\/Hiking_Backpack-Strap-Mount_\u80a9\u5e26\u652f\u67b6-1200x900.jpg 1200w, https:\/\/hi-techwonder.com\/wp-content\/uploads\/2025\/09\/Hiking_Backpack-Strap-Mount_\u80a9\u5e26\u652f\u67b6-150x113.jpg 150w, https:\/\/hi-techwonder.com\/wp-content\/uploads\/2025\/09\/Hiking_Backpack-Strap-Mount_\u80a9\u5e26\u652f\u67b6.jpg 1500w\" sizes=\"auto, (max-width: 1024px) 100vw, 1024px\" \/><\/figure><div class=\"wp-block-media-text__content\">\n<h4 class=\"wp-block-heading\">Compacto, potente y creativo<\/h4>\n\n\n\n<p>El DJI Osmo Nano es perfecto para creadores de contenido, vloggers, aventureros, viajeros y entusiastas de los deportes extremos que buscan la m\u00e1xima calidad de imagen en un cuerpo compacto y port\u00e1til. Tambi\u00e9n es ideal para quienes valoran la practicidad en el d\u00eda a d\u00eda, con un intercambio r\u00e1pido y una edici\u00f3n sencilla directamente en el smartphone.<\/p>\n<\/div><\/div>\n\n\n\n<div class=\"wp-block-media-text has-media-on-the-right is-stacked-on-mobile\" style=\"grid-template-columns:auto 46%\"><div class=\"wp-block-media-text__content\">\n<h4 class=\"wp-block-heading\">Caracter\u00edsticas<\/h4>\n\n\n\n<ul id=\"wd-0fb708ae\" class=\"wp-block-wd-list wd-list wd-type-unordered wd-style-default\">\n<li id=\"wd-419b8324\" class=\"wp-block-wd-list-item\"><div class=\"wd-icon\"><\/div><span class=\"wd-list-content\">Cuerpo compacto y ligero, ideal para el uso diario y en movimiento.<\/span><\/li>\n\n\n\n<li id=\"wd-4774181a\" class=\"wp-block-wd-list-item\"><div class=\"wd-icon\"><\/div><span class=\"wd-list-content\">Sensor avanzado de 1\/1.3\u201d para calidad de imagen profesional<\/span><\/li>\n\n\n\n<li id=\"wd-427c9ccc\" class=\"wp-block-wd-list-item\"><div class=\"wd-icon\"><\/div><span class=\"wd-list-content\">Estabilizaci\u00f3n dual: RockSteady 3.0 + HorizonBalancing<\/span><\/li>\n\n\n\n<li id=\"wd-31edd8b9\" class=\"wp-block-wd-list-item\"><div class=\"wd-icon\"><\/div><span class=\"wd-list-content\">Dise\u00f1o magn\u00e9tico para un montaje r\u00e1pido y flexible<\/span><\/li>\n\n\n\n<li id=\"wd-cb0a57fe\" class=\"wp-block-wd-list-item\"><div class=\"wd-icon\"><\/div><span class=\"wd-list-content\">Grabaci\u00f3n submarina hasta 10m sin carcasa adicional<\/span><\/li>\n\n\n\n<li id=\"wd-5c825158\" class=\"wp-block-wd-list-item\"><div class=\"wd-icon\"><\/div><span class=\"wd-list-content\">Transferencia de archivos ultrarr\u00e1pida de hasta 600 MB\/s (USB 3.1)<\/span><\/li>\n\n\n\n<li id=\"wd-61f8203f\" class=\"wp-block-wd-list-item\"><div class=\"wd-icon\"><\/div><span class=\"wd-list-content\">Compatible con accesorios dedicados para mayor versatilidad<\/span><\/li>\n\n\n\n<li id=\"wd-12e50edf\" class=\"wp-block-wd-list-item\"><div class=\"wd-icon\"><\/div><span class=\"wd-list-content\">Edici\u00f3n r\u00e1pida y creativa mediante la app DJI Mimo con plantillas inteligentes<\/span><\/li>\n<\/ul>\n<\/div><figure class=\"wp-block-media-text__media\"><img loading=\"lazy\" decoding=\"async\" width=\"1024\" height=\"682\" src=\"https:\/\/hi-techwonder.com\/wp-content\/themes\/woodmart\/images\/lazy.svg\" data-src=\"https:\/\/hi-techwonder.com\/wp-content\/uploads\/2025\/09\/Road-Cycling_Lifestyle-1_\u516c\u8def\u8f66Lifestyle-1-1024x682.jpg\" alt=\"\" class=\"wp-image-86476 size-full\" srcset=\"\" data-srcset=\"https:\/\/hi-techwonder.com\/wp-content\/uploads\/2025\/09\/Road-Cycling_Lifestyle-1_\u516c\u8def\u8f66Lifestyle-1-1024x682.jpg 1024w, https:\/\/hi-techwonder.com\/wp-content\/uploads\/2025\/09\/Road-Cycling_Lifestyle-1_\u516c\u8def\u8f66Lifestyle-1-300x200.jpg 300w, https:\/\/hi-techwonder.com\/wp-content\/uploads\/2025\/09\/Road-Cycling_Lifestyle-1_\u516c\u8def\u8f66Lifestyle-1-768x511.jpg 768w, https:\/\/hi-techwonder.com\/wp-content\/uploads\/2025\/09\/Road-Cycling_Lifestyle-1_\u516c\u8def\u8f66Lifestyle-1-1200x799.jpg 1200w, https:\/\/hi-techwonder.com\/wp-content\/uploads\/2025\/09\/Road-Cycling_Lifestyle-1_\u516c\u8def\u8f66Lifestyle-1-150x100.jpg 150w, https:\/\/hi-techwonder.com\/wp-content\/uploads\/2025\/09\/Road-Cycling_Lifestyle-1_\u516c\u8def\u8f66Lifestyle-1.jpg 1500w\" sizes=\"auto, (max-width: 1024px) 100vw, 1024px\" \/><\/figure><\/div>\n\n\n\n<div id=\"wd-26912c9e\" class=\"wp-block-wd-video wd-el-video wd-action-without wd-video-external\"><iframe allowfullscreen allow=\"accelerometer; autoplay; encrypted-media; gyroscope; picture-in-picture\" width=\"100%\" height=\"100%\" loading=\"lazy\" src=\"https:\/\/www.youtube.com\/embed\/97Jyl1xD_dA?feature=oembed&amp;controls=1\"><\/iframe><\/div>\n\n\n\n<figure class=\"wp-block-table\"><table class=\"has-fixed-layout\"><thead><tr><th>Especificaci\u00f3n<\/th><th>Detalle<\/th><\/tr><\/thead><tbody><tr><td>Sensor<\/td><td>CMOS de 1\/1.3\u201d, p\u00edxeles de 2.4\u03bcm<\/td><\/tr><tr><td>Rango Din\u00e1mico<\/td><td>Hasta 13.5 pasos<\/td><\/tr><tr><td>Resoluci\u00f3n de Video<\/td><td>4K\/60fps, 4K\/120fps (c\u00e1mara lenta), 1080p\/24fps<\/td><\/tr><tr><td>Campo de Visi\u00f3n (FOV)<\/td><td>143\u00b0 ultra gran angular<\/td><\/tr><tr><td>Perfiles de Color<\/td><td>10 bits, D-Log M<\/td><\/tr><tr><td>Estabilizaci\u00f3n<\/td><td>RockSteady 3.0 + HorizonBalancing<\/td><\/tr><tr><td>Resistencia al Agua<\/td><td>Hasta 10 m (IPX4 con Vision Dock)<\/td><\/tr><tr><td>Autonom\u00eda<\/td><td>60 min (4K\/30fps), hasta 200 min (1080p\/24fps con Vision Dock)<\/td><\/tr><tr><td>Carga<\/td><td>80% en 20 min (carga r\u00e1pida)<\/td><\/tr><tr><td>Transferencia de Datos<\/td><td>USB 3.1 hasta 600 MB\/s<\/td><\/tr><tr><td>Pantalla<\/td><td>OLED con vista en vivo y control remoto<\/td><\/tr><tr><td>Conectividad de Audio<\/td><td>Compatible con hasta 2 micr\u00f3fonos DJI (sin receptor)<\/td><\/tr><tr><td>Peso<\/td><td>Ultraligero (valor exacto seg\u00fan configuraci\u00f3n)<\/td><\/tr><\/tbody><\/table><\/figure>\n\n\n\n<figure class=\"wp-block-gallery has-nested-images columns-default is-cropped wp-block-gallery-1 is-layout-flex wp-block-gallery-is-layout-flex\">\n<figure class=\"wp-block-image size-large\"><img loading=\"lazy\" decoding=\"async\" width=\"1024\" height=\"768\" data-id=\"86479\" src=\"https:\/\/hi-techwonder.com\/wp-content\/themes\/woodmart\/images\/lazy.svg\" data-src=\"https:\/\/hi-techwonder.com\/wp-content\/uploads\/2025\/09\/Hiking_Magnetic-Headband_\u78c1\u5438\u5934\u5e26-1024x768.jpg\" alt=\"\" class=\"wp-image-86479\" srcset=\"\" data-srcset=\"https:\/\/hi-techwonder.com\/wp-content\/uploads\/2025\/09\/Hiking_Magnetic-Headband_\u78c1\u5438\u5934\u5e26-1024x768.jpg 1024w, https:\/\/hi-techwonder.com\/wp-content\/uploads\/2025\/09\/Hiking_Magnetic-Headband_\u78c1\u5438\u5934\u5e26-300x225.jpg 300w, https:\/\/hi-techwonder.com\/wp-content\/uploads\/2025\/09\/Hiking_Magnetic-Headband_\u78c1\u5438\u5934\u5e26-768x576.jpg 768w, https:\/\/hi-techwonder.com\/wp-content\/uploads\/2025\/09\/Hiking_Magnetic-Headband_\u78c1\u5438\u5934\u5e26-1200x900.jpg 1200w, https:\/\/hi-techwonder.com\/wp-content\/uploads\/2025\/09\/Hiking_Magnetic-Headband_\u78c1\u5438\u5934\u5e26-150x113.jpg 150w, https:\/\/hi-techwonder.com\/wp-content\/uploads\/2025\/09\/Hiking_Magnetic-Headband_\u78c1\u5438\u5934\u5e26.jpg 1500w\" sizes=\"auto, (max-width: 1024px) 100vw, 1024px\" \/><\/figure>\n\n\n\n<figure class=\"wp-block-image size-large\"><img loading=\"lazy\" decoding=\"async\" width=\"1024\" height=\"882\" data-id=\"86481\" src=\"https:\/\/hi-techwonder.com\/wp-content\/themes\/woodmart\/images\/lazy.svg\" data-src=\"https:\/\/hi-techwonder.com\/wp-content\/uploads\/2025\/09\/Road-Cycling_Lifestyle-2_\u516c\u8def\u8f66Lifestyle-2-1024x882.jpg\" alt=\"\" class=\"wp-image-86481\" srcset=\"\" data-srcset=\"https:\/\/hi-techwonder.com\/wp-content\/uploads\/2025\/09\/Road-Cycling_Lifestyle-2_\u516c\u8def\u8f66Lifestyle-2-1024x882.jpg 1024w, https:\/\/hi-techwonder.com\/wp-content\/uploads\/2025\/09\/Road-Cycling_Lifestyle-2_\u516c\u8def\u8f66Lifestyle-2-300x258.jpg 300w, https:\/\/hi-techwonder.com\/wp-content\/uploads\/2025\/09\/Road-Cycling_Lifestyle-2_\u516c\u8def\u8f66Lifestyle-2-768x662.jpg 768w, https:\/\/hi-techwonder.com\/wp-content\/uploads\/2025\/09\/Road-Cycling_Lifestyle-2_\u516c\u8def\u8f66Lifestyle-2-1200x1034.jpg 1200w, https:\/\/hi-techwonder.com\/wp-content\/uploads\/2025\/09\/Road-Cycling_Lifestyle-2_\u516c\u8def\u8f66Lifestyle-2-150x129.jpg 150w, https:\/\/hi-techwonder.com\/wp-content\/uploads\/2025\/09\/Road-Cycling_Lifestyle-2_\u516c\u8def\u8f66Lifestyle-2.jpg 1500w\" sizes=\"auto, (max-width: 1024px) 100vw, 1024px\" \/><\/figure>\n\n\n\n<figure class=\"wp-block-image size-large\"><img loading=\"lazy\" decoding=\"async\" width=\"1024\" height=\"768\" data-id=\"86480\" src=\"https:\/\/hi-techwonder.com\/wp-content\/themes\/woodmart\/images\/lazy.svg\" data-src=\"https:\/\/hi-techwonder.com\/wp-content\/uploads\/2025\/09\/Road-Cycling_Magnetic-Lanyard_\u78c1\u5438\u6302\u7ef3-1024x768.jpg\" alt=\"\" class=\"wp-image-86480\" srcset=\"\" data-srcset=\"https:\/\/hi-techwonder.com\/wp-content\/uploads\/2025\/09\/Road-Cycling_Magnetic-Lanyard_\u78c1\u5438\u6302\u7ef3-1024x768.jpg 1024w, https:\/\/hi-techwonder.com\/wp-content\/uploads\/2025\/09\/Road-Cycling_Magnetic-Lanyard_\u78c1\u5438\u6302\u7ef3-300x225.jpg 300w, https:\/\/hi-techwonder.com\/wp-content\/uploads\/2025\/09\/Road-Cycling_Magnetic-Lanyard_\u78c1\u5438\u6302\u7ef3-768x576.jpg 768w, https:\/\/hi-techwonder.com\/wp-content\/uploads\/2025\/09\/Road-Cycling_Magnetic-Lanyard_\u78c1\u5438\u6302\u7ef3-1200x900.jpg 1200w, https:\/\/hi-techwonder.com\/wp-content\/uploads\/2025\/09\/Road-Cycling_Magnetic-Lanyard_\u78c1\u5438\u6302\u7ef3-150x113.jpg 150w, https:\/\/hi-techwonder.com\/wp-content\/uploads\/2025\/09\/Road-Cycling_Magnetic-Lanyard_\u78c1\u5438\u6302\u7ef3.jpg 1500w\" sizes=\"auto, (max-width: 1024px) 100vw, 1024px\" \/><\/figure>\n<\/figure>\n","protected":false},"excerpt":{"rendered":"<p>Sensor de 1\/1.3\u201d con p\u00edxeles de 2.4\u03bcm y 13.5 pasos de rango din\u00e1mico<br \/>Grabaci\u00f3n en 4K\/60fps y c\u00e1mara lenta 4K\/120fps<br \/>Lente ultra gran angular de 143\u00b0 para capturas inmersivas<br \/>Colores ricos con 10-bit y D-Log M + Modo SuperNoche<br \/>Ultraligero, magn\u00e9tico y f\u00e1cil de montar en cualquier superficie<br \/>Pantalla OLED para vista en directo y control remoto<br \/>Autonom\u00eda de hasta 200 min con la Vision Dock y carga r\u00e1pida (80% en 20 min)<br \/>Conexi\u00f3n directa para dos micr\u00f3fonos DJI, sin receptor<\/p>\n","protected":false},"featured_media":86497,"comment_status":"open","ping_status":"closed","template":"","meta":{"_acf_changed":false},"product_brand":[2542],"product_cat":[927],"product_tag":[],"class_list":{"0":"post-86496","1":"product","2":"type-product","3":"status-publish","4":"has-post-thumbnail","6":"product_brand-dji-es","7":"product_cat-camaras-accion-360o","8":"pa_cartoes-memoria-compativeis-microsd-es","9":"pa_estabilizacao-de-imagem-si","10":"pa_iso-25600-es","11":"pa_resolucao-de-video-4k-es","12":"pa_resolucao-mp-35-mp","13":"pa_sensor-1-1-3-pulgadas","15":"first","16":"instock","17":"taxable","18":"shipping-taxable","19":"purchasable","20":"product-type-variable"},"bundled_by":[],"bundle_stock_status":"instock","bundle_stock_quantity":null,"bundle_virtual":false,"bundle_layout":"","bundle_add_to_cart_form_location":"","bundle_editable_in_cart":false,"bundle_sold_individually_context":"","bundle_item_grouping":"","bundle_min_size":"","bundle_max_size":"","bundle_price":[],"bundled_items":[],"bundle_sell_ids":[],"acf":[],"_links":{"self":[{"href":"https:\/\/hi-techwonder.com\/es\/wp-json\/wp\/v2\/product\/86496","targetHints":{"allow":["GET"]}}],"collection":[{"href":"https:\/\/hi-techwonder.com\/es\/wp-json\/wp\/v2\/product"}],"about":[{"href":"https:\/\/hi-techwonder.com\/es\/wp-json\/wp\/v2\/types\/product"}],"replies":[{"embeddable":true,"href":"https:\/\/hi-techwonder.com\/es\/wp-json\/wp\/v2\/comments?post=86496"}],"wp:featuredmedia":[{"embeddable":true,"href":"https:\/\/hi-techwonder.com\/es\/wp-json\/wp\/v2\/media\/86497"}],"wp:attachment":[{"href":"https:\/\/hi-techwonder.com\/es\/wp-json\/wp\/v2\/media?parent=86496"}],"wp:term":[{"taxonomy":"product_brand","embeddable":true,"href":"https:\/\/hi-techwonder.com\/es\/wp-json\/wp\/v2\/product_brand?post=86496"},{"taxonomy":"product_cat","embeddable":true,"href":"https:\/\/hi-techwonder.com\/es\/wp-json\/wp\/v2\/product_cat?post=86496"},{"taxonomy":"product_tag","embeddable":true,"href":"https:\/\/hi-techwonder.com\/es\/wp-json\/wp\/v2\/product_tag?post=86496"}],"curies":[{"name":"wp","href":"https:\/\/api.w.org\/{rel}","templated":true}]}}