{"id":86537,"date":"2025-09-24T10:25:25","date_gmt":"2025-09-24T10:25:25","guid":{"rendered":"https:\/\/hi-techwonder.com\/product\/canon-eos-c50-nisi-athena-prime-t2-4-1-9-5-lens-kit-bundle\/"},"modified":"2025-10-14T09:46:26","modified_gmt":"2025-10-14T09:46:26","slug":"canon-eos-c50-nisi-athena-prime-t2-4-1-9-5-lens-kit-bundle","status":"publish","type":"product","link":"https:\/\/hi-techwonder.com\/es\/producto\/canon-eos-c50-nisi-athena-prime-t2-4-1-9-5-lens-kit-bundle\/","title":{"rendered":"Canon EOS C50 + Nisi Athena Prime T2.4\/1.9 5-Lens kit (BUNDLE)"},"content":{"rendered":"\n<h2 id=\"wd-0175fbf6\" class=\"wp-block-wd-title title\">Canon EOS C50 + Nisi Athena Prime T2.4\/1.9 5-Lens kit (BUNDLE)<\/h2>\n\n\n\n<h5 id=\"wd-41820dee\" class=\"wp-block-wd-title title\">Notas<\/h5>\n\n\n\n<p id=\"wd-b3564ed7\" class=\"wp-block-wd-paragraph\"><em>La versi\u00f3n para montura Fuji G del objetivo 14 mm T2.4 produce vi\u00f1eteo cuando se utiliza en modo formato medio. Para evitar el vi\u00f1eteo, debe usarse este objetivo en modo 35 mm.<\/em><\/p>\n\n\n\n<p id=\"wd-19051628\" class=\"wp-block-wd-paragraph\"><em>Los objetivos con montura PL\u00a0<strong>no<\/strong>\u00a0son compatibles con la c\u00e1mara Blackmagic 6K (Montura EF).<\/em><\/p>\n\n\n\n<h5 id=\"wd-c9524cec\" class=\"wp-block-wd-title title\"><strong>El Bundle incluye<\/strong>:<\/h5>\n\n\n\n<ul class=\"wp-block-list\">\n<li>Canon EOS C50<\/li>\n\n\n\n<li>Athena 14mm T2.4<\/li>\n\n\n\n<li>Athena 25mm T1.9<\/li>\n\n\n\n<li>Athena 35mm T1.9<\/li>\n\n\n\n<li>Athena 50mm T1.9<\/li>\n\n\n\n<li>Athena 85mm T1.9<\/li>\n\n\n\n<li>Estuche r\u00edgido<\/li>\n\n\n\n<li>1 x NiSi 4\u00d75,65\u2033 Black Mist 1\/8<\/li>\n\n\n\n<li>1 x NiSi 4 \u00d7 5,65\u2033 Polarizador<\/li>\n<\/ul>\n\n\n\n<figure class=\"wp-block-embed is-type-wp-embed is-provider-hi-techwonder wp-block-embed-hi-techwonder\"><div class=\"wp-block-embed__wrapper\">\n<blockquote class=\"wp-embedded-content\" data-secret=\"cFHcKbKX0i\"><a href=\"https:\/\/hi-techwonder.com\/produto\/canon-eos-c50\/\">Canon EOS C50<\/a><\/blockquote><iframe loading=\"lazy\" class=\"wp-embedded-content\" sandbox=\"allow-scripts\" security=\"restricted\" style=\"position: absolute; visibility: hidden;\" title=\"&#8220;Canon EOS C50&#8221; &#8212; hi-techwonder\" src=\"https:\/\/hi-techwonder.com\/produto\/canon-eos-c50\/embed\/#?secret=oxvnybjWqW#?secret=cFHcKbKX0i\" data-secret=\"cFHcKbKX0i\" width=\"500\" height=\"282\" frameborder=\"0\" marginwidth=\"0\" marginheight=\"0\" scrolling=\"no\"><\/iframe>\n<\/div><\/figure>\n\n\n\n<figure class=\"wp-block-embed is-type-wp-embed is-provider-hi-techwonder wp-block-embed-hi-techwonder\"><div class=\"wp-block-embed__wrapper\">\n<blockquote class=\"wp-embedded-content\" data-secret=\"Hvd8znWW2J\"><a href=\"https:\/\/hi-techwonder.com\/produto\/nisi-kit-5-objetivas-athena-prime\/\">NiSi Kit 5 Objetivas Athena Prime<\/a><\/blockquote><iframe loading=\"lazy\" class=\"wp-embedded-content\" sandbox=\"allow-scripts\" security=\"restricted\" style=\"position: absolute; visibility: hidden;\" title=\"&#8220;NiSi Kit 5 Objetivas Athena Prime&#8221; &#8212; hi-techwonder\" src=\"https:\/\/hi-techwonder.com\/produto\/nisi-kit-5-objetivas-athena-prime\/embed\/#?secret=I92KNIJKnr#?secret=Hvd8znWW2J\" data-secret=\"Hvd8znWW2J\" width=\"500\" height=\"282\" frameborder=\"0\" marginwidth=\"0\" marginheight=\"0\" scrolling=\"no\"><\/iframe>\n<\/div><\/figure>\n","protected":false},"excerpt":{"rendered":"","protected":false},"featured_media":86287,"comment_status":"open","ping_status":"closed","template":"","meta":{"_acf_changed":false},"product_brand":[2538,2543],"product_cat":[934,1042],"product_tag":[],"class_list":{"0":"post-86537","1":"product","2":"type-product","3":"status-publish","4":"has-post-thumbnail","6":"product_brand-canon-es","7":"product_brand-nisioptics-es","8":"product_cat-video-es-2","9":"product_cat-cine","11":"first","12":"pre-order","13":"sale","14":"taxable","15":"shipping-taxable","16":"purchasable","17":"product-type-bundle"},"bundled_by":[],"bundle_stock_status":"instock","bundle_stock_quantity":"","bundle_virtual":false,"bundle_layout":"default","bundle_add_to_cart_form_location":"default","bundle_editable_in_cart":false,"bundle_sold_individually_context":"product","bundle_item_grouping":"parent","bundle_min_size":"","bundle_max_size":"","bundle_price":{"price":{"min":{"incl_tax":"9034.2","excl_tax":"7344.88"},"max":{"incl_tax":"9034.2","excl_tax":"7344.88"}},"regular_price":{"min":{"incl_tax":"10318","excl_tax":"8388.62"},"max":{"incl_tax":"10318","excl_tax":"8388.62"}}},"bundled_items":[{"bundled_item_id":22,"product_id":85068,"menu_order":0,"quantity_min":1,"quantity_max":1,"quantity_default":1,"priced_individually":true,"shipped_individually":false,"override_title":false,"title":"Canon EOS C50","override_description":true,"description":"","optional":false,"hide_thumbnail":false,"discount":"","override_variations":false,"allowed_variations":[""],"override_default_variation_attributes":false,"default_variation_attributes":[],"single_product_visibility":"visible","cart_visibility":"visible","order_visibility":"visible","single_product_price_visibility":"visible","cart_price_visibility":"visible","order_price_visibility":"visible","stock_status":"in_stock"},{"bundled_item_id":23,"product_id":12570,"menu_order":1,"quantity_min":1,"quantity_max":1,"quantity_default":1,"priced_individually":true,"shipped_individually":false,"override_title":false,"title":"NiSi Kit 5 Objetivas Athena Prime","override_description":true,"description":"","optional":false,"hide_thumbnail":false,"discount":"20","override_variations":false,"allowed_variations":[""],"override_default_variation_attributes":false,"default_variation_attributes":[],"single_product_visibility":"visible","cart_visibility":"visible","order_visibility":"visible","single_product_price_visibility":"visible","cart_price_visibility":"visible","order_price_visibility":"visible","stock_status":"in_stock"}],"bundle_sell_ids":[],"acf":[],"_links":{"self":[{"href":"https:\/\/hi-techwonder.com\/es\/wp-json\/wp\/v2\/product\/86537","targetHints":{"allow":["GET"]}}],"collection":[{"href":"https:\/\/hi-techwonder.com\/es\/wp-json\/wp\/v2\/product"}],"about":[{"href":"https:\/\/hi-techwonder.com\/es\/wp-json\/wp\/v2\/types\/product"}],"replies":[{"embeddable":true,"href":"https:\/\/hi-techwonder.com\/es\/wp-json\/wp\/v2\/comments?post=86537"}],"wp:featuredmedia":[{"embeddable":true,"href":"https:\/\/hi-techwonder.com\/es\/wp-json\/wp\/v2\/media\/86287"}],"wp:attachment":[{"href":"https:\/\/hi-techwonder.com\/es\/wp-json\/wp\/v2\/media?parent=86537"}],"wp:term":[{"taxonomy":"product_brand","embeddable":true,"href":"https:\/\/hi-techwonder.com\/es\/wp-json\/wp\/v2\/product_brand?post=86537"},{"taxonomy":"product_cat","embeddable":true,"href":"https:\/\/hi-techwonder.com\/es\/wp-json\/wp\/v2\/product_cat?post=86537"},{"taxonomy":"product_tag","embeddable":true,"href":"https:\/\/hi-techwonder.com\/es\/wp-json\/wp\/v2\/product_tag?post=86537"}],"curies":[{"name":"wp","href":"https:\/\/api.w.org\/{rel}","templated":true}]}}