{"id":86582,"date":"2025-09-24T11:50:22","date_gmt":"2025-09-24T11:50:22","guid":{"rendered":"https:\/\/hi-techwonder.com\/product\/nikon-zr-nisi-kit-5-objetivas-athena-prime-bundle\/"},"modified":"2026-01-30T16:53:26","modified_gmt":"2026-01-30T16:53:26","slug":"nikon-zr-nisi-kit-5-objetivas-athena-prime-bundle","status":"publish","type":"product","link":"https:\/\/hi-techwonder.com\/es\/producto\/nikon-zr-nisi-kit-5-objetivas-athena-prime-bundle\/","title":{"rendered":"Nikon ZR + NiSi Kit 5 Objetivas Athena Prime (BUNDLE)"},"content":{"rendered":"\n<h5 id=\"wd-43ca264e\" class=\"wp-block-wd-title title\">Notas<\/h5>\n\n\n\n<p id=\"wd-cdbdd5f0\" class=\"wp-block-wd-paragraph\"><em>La versi\u00f3n para montura Fuji G del objetivo 14 mm T2.4 produce vi\u00f1eteo cuando se utiliza en modo formato medio. Para evitar el vi\u00f1eteo, debe usarse este objetivo en modo 35 mm.<\/em><\/p>\n\n\n\n<p id=\"wd-352758fd\" class=\"wp-block-wd-paragraph\"><em>Los objetivos con montura PL\u00a0<strong>no<\/strong>\u00a0son compatibles con la c\u00e1mara Blackmagic 6K (Montura EF).<\/em><\/p>\n\n\n\n<h5 id=\"wd-9b979b43\" class=\"wp-block-wd-title title\"><strong>El Bundle incluye<\/strong>:<\/h5>\n\n\n\n<ul class=\"wp-block-list\">\n<li>Nikon ZR<\/li>\n\n\n\n<li>Athena 14mm T2.4<\/li>\n\n\n\n<li>Athena 25mm T1.9<\/li>\n\n\n\n<li>Athena 35mm T1.9<\/li>\n\n\n\n<li>Athena 50mm T1.9<\/li>\n\n\n\n<li>Athena 85mm T1.9<\/li>\n\n\n\n<li>Estuche r\u00edgido<\/li>\n\n\n\n<li>1 x NiSi 4\u00d75,65\u2033 Black Mist 1\/8<\/li>\n\n\n\n<li>1 x NiSi 4 \u00d7 5,65\u2033 Polarizador<\/li>\n<\/ul>\n\n\n\n<figure class=\"wp-block-embed is-type-wp-embed is-provider-hi-techwonder wp-block-embed-hi-techwonder\"><div class=\"wp-block-embed__wrapper\">\n<blockquote class=\"wp-embedded-content\" data-secret=\"YQbxYe2pyk\"><a href=\"https:\/\/hi-techwonder.com\/produto\/nikon-zr-corpo\/\">Nikon ZR &#8211; Corpo<\/a><\/blockquote><iframe loading=\"lazy\" class=\"wp-embedded-content\" sandbox=\"allow-scripts\" security=\"restricted\" style=\"position: absolute; visibility: hidden;\" title=\"&#8220;Nikon ZR &#8211; Corpo&#8221; &#8212; hi-techwonder\" src=\"https:\/\/hi-techwonder.com\/produto\/nikon-zr-corpo\/embed\/#?secret=SjiIcb3rnM#?secret=YQbxYe2pyk\" data-secret=\"YQbxYe2pyk\" width=\"500\" height=\"282\" frameborder=\"0\" marginwidth=\"0\" marginheight=\"0\" scrolling=\"no\"><\/iframe>\n<\/div><\/figure>\n\n\n\n<figure class=\"wp-block-embed is-type-wp-embed is-provider-hi-techwonder wp-block-embed-hi-techwonder\"><div class=\"wp-block-embed__wrapper\">\n<blockquote class=\"wp-embedded-content\" data-secret=\"8Vqne1mJPt\"><a href=\"https:\/\/hi-techwonder.com\/produto\/nisi-kit-5-objetivas-athena-prime\/\">NiSi Kit 5 Objetivas Athena Prime<\/a><\/blockquote><iframe loading=\"lazy\" class=\"wp-embedded-content\" sandbox=\"allow-scripts\" security=\"restricted\" style=\"position: absolute; visibility: hidden;\" title=\"&#8220;NiSi Kit 5 Objetivas Athena Prime&#8221; &#8212; hi-techwonder\" src=\"https:\/\/hi-techwonder.com\/produto\/nisi-kit-5-objetivas-athena-prime\/embed\/#?secret=GsgIUPPdZo#?secret=8Vqne1mJPt\" data-secret=\"8Vqne1mJPt\" width=\"500\" height=\"282\" frameborder=\"0\" marginwidth=\"0\" marginheight=\"0\" scrolling=\"no\"><\/iframe>\n<\/div><\/figure>\n","protected":false},"excerpt":{"rendered":"","protected":false},"featured_media":86583,"comment_status":"open","ping_status":"closed","template":"","meta":{"_acf_changed":false},"product_brand":[2541,2543],"product_cat":[934,1062],"product_tag":[],"class_list":{"0":"post-86582","1":"product","2":"type-product","3":"status-publish","4":"has-post-thumbnail","6":"product_brand-nikon-es","7":"product_brand-nisioptics-es","8":"product_cat-video-es-2","9":"product_cat-mirrorless-objectivos","11":"first","12":"instock","13":"sale","14":"virtual","15":"taxable","16":"purchasable","17":"product-type-bundle"},"bundled_by":[],"bundle_stock_status":"instock","bundle_stock_quantity":"","bundle_virtual":false,"bundle_layout":"default","bundle_add_to_cart_form_location":"default","bundle_editable_in_cart":false,"bundle_sold_individually_context":"product","bundle_item_grouping":"parent","bundle_min_size":"","bundle_max_size":"","bundle_price":{"price":{"min":{"incl_tax":"7434.2","excl_tax":"6044.07"},"max":{"incl_tax":"8134.2","excl_tax":"6613.17"}},"regular_price":{"min":{"incl_tax":"8718","excl_tax":"7087.81"},"max":{"incl_tax":"9418","excl_tax":"7656.91"}}},"bundled_items":[{"bundled_item_id":38,"product_id":84967,"menu_order":0,"quantity_min":1,"quantity_max":1,"quantity_default":1,"priced_individually":true,"shipped_individually":false,"override_title":false,"title":"Nikon ZR &#8211; Cuerpo","override_description":true,"description":"","optional":false,"hide_thumbnail":false,"discount":"","override_variations":false,"allowed_variations":[""],"override_default_variation_attributes":false,"default_variation_attributes":[],"single_product_visibility":"visible","cart_visibility":"visible","order_visibility":"visible","single_product_price_visibility":"visible","cart_price_visibility":"visible","order_price_visibility":"visible","stock_status":"in_stock"},{"bundled_item_id":39,"product_id":12570,"menu_order":1,"quantity_min":1,"quantity_max":1,"quantity_default":1,"priced_individually":true,"shipped_individually":false,"override_title":false,"title":"NiSi Kit 5 Objetivas Athena Prime","override_description":true,"description":"","optional":false,"hide_thumbnail":false,"discount":"20","override_variations":false,"allowed_variations":[""],"override_default_variation_attributes":false,"default_variation_attributes":[],"single_product_visibility":"visible","cart_visibility":"visible","order_visibility":"visible","single_product_price_visibility":"visible","cart_price_visibility":"visible","order_price_visibility":"visible","stock_status":"in_stock"}],"bundle_sell_ids":[],"acf":[],"_links":{"self":[{"href":"https:\/\/hi-techwonder.com\/es\/wp-json\/wp\/v2\/product\/86582","targetHints":{"allow":["GET"]}}],"collection":[{"href":"https:\/\/hi-techwonder.com\/es\/wp-json\/wp\/v2\/product"}],"about":[{"href":"https:\/\/hi-techwonder.com\/es\/wp-json\/wp\/v2\/types\/product"}],"replies":[{"embeddable":true,"href":"https:\/\/hi-techwonder.com\/es\/wp-json\/wp\/v2\/comments?post=86582"}],"wp:featuredmedia":[{"embeddable":true,"href":"https:\/\/hi-techwonder.com\/es\/wp-json\/wp\/v2\/media\/86583"}],"wp:attachment":[{"href":"https:\/\/hi-techwonder.com\/es\/wp-json\/wp\/v2\/media?parent=86582"}],"wp:term":[{"taxonomy":"product_brand","embeddable":true,"href":"https:\/\/hi-techwonder.com\/es\/wp-json\/wp\/v2\/product_brand?post=86582"},{"taxonomy":"product_cat","embeddable":true,"href":"https:\/\/hi-techwonder.com\/es\/wp-json\/wp\/v2\/product_cat?post=86582"},{"taxonomy":"product_tag","embeddable":true,"href":"https:\/\/hi-techwonder.com\/es\/wp-json\/wp\/v2\/product_tag?post=86582"}],"curies":[{"name":"wp","href":"https:\/\/api.w.org\/{rel}","templated":true}]}}