{"id":86744,"date":"2025-09-25T09:45:36","date_gmt":"2025-09-25T09:45:36","guid":{"rendered":"https:\/\/hi-techwonder.com\/product\/lumix-s-100-500-mm-f5-7-1-o-i-s\/"},"modified":"2026-04-21T17:11:15","modified_gmt":"2026-04-21T16:11:15","slug":"panasonic-lumix-panasonic-es-panasonic-lumix-lumix-s-100-500-mm-f5-7-1-o-i-s","status":"publish","type":"product","link":"https:\/\/hi-techwonder.com\/es\/producto\/panasonic-lumix-panasonic-es-panasonic-lumix-lumix-s-100-500-mm-f5-7-1-o-i-s\/","title":{"rendered":"Lumix S 100-500mm f5-7.1 O.I.S."},"content":{"rendered":"\n<h2 class=\"wp-block-heading\">Lumix S 100-500mm f5-7.1 O.I.S.<\/h2>\n\n\n\n<div id=\"wd-a7f83bfc\" class=\"wp-block-wd-video wd-el-video wd-action-without wd-video-external wd-with-aspect-ratio wd-custom-width\"><iframe allowfullscreen allow=\"accelerometer; autoplay; encrypted-media; gyroscope; picture-in-picture\" width=\"100%\" height=\"100%\" loading=\"lazy\" src=\"https:\/\/www.youtube.com\/embed\/QUlBe31B2lk?feature=oembed&amp;controls=1\"><\/iframe><\/div>\n\n\n\n<p id=\"wd-575b0832\" class=\"wp-block-wd-paragraph\">La <strong>LUMIX S 100-500mm F5-7.1 O.I.S.<\/strong> redefine la fotograf\u00eda ultra teleobjetivo con la mayor distancia focal de la serie LUMIX S hasta ahora. Compacta y potente, ofrece una calidad de imagen excepcional en todo el rango de 100 a 500mm, garantizando nitidez de borde a borde con un bokeh suave y envolvente.<\/p>\n\n\n\n<p id=\"wd-2b1ce616\" class=\"wp-block-wd-paragraph\">Ya sea para capturar aves en vuelo, detalles minuciosos de la vida salvaje o la acci\u00f3n intensa de un evento deportivo, este objetivo entrega im\u00e1genes impactantes con compresi\u00f3n dram\u00e1tica y colores vibrantes. Gracias a la estabilizaci\u00f3n Dual I.S. 2, incluso en distancias focales extremas es posible fotografiar con confianza a mano alzada.<\/p>\n\n\n\n<p id=\"wd-a1298703\" class=\"wp-block-wd-paragraph\">Con un dise\u00f1o resistente al polvo, salpicaduras y fr\u00edo hasta -10 \u00b0C, est\u00e1 preparada para los retos del terreno. Su motor lineal bif\u00e1sico garantiza un enfoque autom\u00e1tico r\u00e1pido y silencioso, esencial tanto para fotograf\u00eda como para grabaci\u00f3n de v\u00eddeo, donde la supresi\u00f3n del <em>focus breathing<\/em> asegura fluidez profesional.<\/p>\n\n\n\n<p>Y con compatibilidad con teleconvertidores opcionales, su potencia va a\u00fan m\u00e1s lejos, alcanzando unos impresionantes 1000mm. Una lente dise\u00f1ada para quienes buscan superar l\u00edmites creativos y explorar el mundo a distancia, sin comprometer la movilidad.<\/p>\n\n\n\n<div class=\"wp-block-media-text has-media-on-the-right is-stacked-on-mobile\"><div class=\"wp-block-media-text__content\">\n<h4 class=\"wp-block-heading\">Contenido de la caja<\/h4>\n\n\n\n<ul id=\"wd-244be540\" class=\"wp-block-wd-list wd-list wd-type-unordered wd-style-default\">\n<li id=\"wd-919c0b23\" class=\"wp-block-wd-list-item\"><div class=\"wd-icon\"><\/div><span class=\"wd-list-content\">Objetiva <strong>Panasonic Lumix S 100-500mm f\/5-7.1 O.I.S.<\/strong> (L-Mount)<\/span><\/li>\n\n\n\n<li id=\"wd-c14f15a4\" class=\"wp-block-wd-list-item\"><div class=\"wd-icon\"><\/div><span class=\"wd-list-content\">Para-sol<\/span><\/li>\n\n\n\n<li id=\"wd-1cfee3c3\" class=\"wp-block-wd-list-item\"><div class=\"wd-icon\"><\/div><span class=\"wd-list-content\">Suporte de trip\u00e9 externo<\/span><\/li>\n\n\n\n<li id=\"wd-0f76f7a7\" class=\"wp-block-wd-list-item\"><div class=\"wd-icon\"><\/div><span class=\"wd-list-content\">Tapa frontal<\/span><\/li>\n\n\n\n<li id=\"wd-78d77609\" class=\"wp-block-wd-list-item\"><div class=\"wd-icon\"><\/div><span class=\"wd-list-content\">Tapa trasera<\/span><\/li>\n<\/ul>\n<\/div><figure class=\"wp-block-media-text__media\"><img loading=\"lazy\" decoding=\"async\" width=\"1024\" height=\"683\" src=\"https:\/\/hi-techwonder.com\/wp-content\/themes\/woodmart\/images\/lazy.svg\" data-src=\"https:\/\/hi-techwonder.com\/wp-content\/uploads\/2025\/09\/h4TPFXPyLPPqBYSxyqNeRD-1-1024x683.jpg\" alt=\"\" class=\"wp-image-86707 size-full\" srcset=\"\" data-srcset=\"https:\/\/hi-techwonder.com\/wp-content\/uploads\/2025\/09\/h4TPFXPyLPPqBYSxyqNeRD-1-1024x683.jpg 1024w, https:\/\/hi-techwonder.com\/wp-content\/uploads\/2025\/09\/h4TPFXPyLPPqBYSxyqNeRD-1-300x200.jpg 300w, https:\/\/hi-techwonder.com\/wp-content\/uploads\/2025\/09\/h4TPFXPyLPPqBYSxyqNeRD-1-768x512.jpg 768w, https:\/\/hi-techwonder.com\/wp-content\/uploads\/2025\/09\/h4TPFXPyLPPqBYSxyqNeRD-1-1536x1024.jpg 1536w, https:\/\/hi-techwonder.com\/wp-content\/uploads\/2025\/09\/h4TPFXPyLPPqBYSxyqNeRD-1-2048x1365.jpg 2048w, https:\/\/hi-techwonder.com\/wp-content\/uploads\/2025\/09\/h4TPFXPyLPPqBYSxyqNeRD-1-1200x800.jpg 1200w, https:\/\/hi-techwonder.com\/wp-content\/uploads\/2025\/09\/h4TPFXPyLPPqBYSxyqNeRD-1-150x100.jpg 150w\" sizes=\"auto, (max-width: 1024px) 100vw, 1024px\" \/><\/figure><\/div>\n\n\n\n<div class=\"wp-block-media-text is-stacked-on-mobile\"><figure class=\"wp-block-media-text__media\"><img loading=\"lazy\" decoding=\"async\" width=\"1024\" height=\"683\" src=\"https:\/\/hi-techwonder.com\/wp-content\/themes\/woodmart\/images\/lazy.svg\" data-src=\"https:\/\/hi-techwonder.com\/wp-content\/uploads\/2025\/09\/NPesenbYUWc27WvEpMLHjD-1-1024x683.jpg\" alt=\"\" class=\"wp-image-86708 size-full\" srcset=\"\" data-srcset=\"https:\/\/hi-techwonder.com\/wp-content\/uploads\/2025\/09\/NPesenbYUWc27WvEpMLHjD-1-1024x683.jpg 1024w, https:\/\/hi-techwonder.com\/wp-content\/uploads\/2025\/09\/NPesenbYUWc27WvEpMLHjD-1-300x200.jpg 300w, https:\/\/hi-techwonder.com\/wp-content\/uploads\/2025\/09\/NPesenbYUWc27WvEpMLHjD-1-768x512.jpg 768w, https:\/\/hi-techwonder.com\/wp-content\/uploads\/2025\/09\/NPesenbYUWc27WvEpMLHjD-1-1536x1024.jpg 1536w, https:\/\/hi-techwonder.com\/wp-content\/uploads\/2025\/09\/NPesenbYUWc27WvEpMLHjD-1-2048x1365.jpg 2048w, https:\/\/hi-techwonder.com\/wp-content\/uploads\/2025\/09\/NPesenbYUWc27WvEpMLHjD-1-1200x800.jpg 1200w, https:\/\/hi-techwonder.com\/wp-content\/uploads\/2025\/09\/NPesenbYUWc27WvEpMLHjD-1-150x100.jpg 150w\" sizes=\"auto, (max-width: 1024px) 100vw, 1024px\" \/><\/figure><div class=\"wp-block-media-text__content\">\n<h3 class=\"wp-block-heading\">F\u00e1cil de transportar, lista para el terreno<\/h3>\n\n\n\n<p>La LUMIX S 100-500mm F5-7.1 O.I.S. est\u00e1 pensada para fot\u00f3grafos y vide\u00f3grafos que buscan un gran alcance sin renunciar a la movilidad. Perfecta para entusiastas y profesionales de fotograf\u00eda de fauna, aves, deportes o eventos donde no es posible utilizar tr\u00edpode. Su combinaci\u00f3n de potencia \u00f3ptica, estabilizaci\u00f3n avanzada y portabilidad la convierten en la lente definitiva para capturar momentos \u00fanicos a distancia.<\/p>\n<\/div><\/div>\n\n\n\n<div class=\"wp-block-media-text has-media-on-the-right is-stacked-on-mobile\"><div class=\"wp-block-media-text__content\">\n<h3 class=\"wp-block-heading\">Caracter\u00edsticas<\/h3>\n\n\n\n<ul id=\"wd-94b78c99\" class=\"wp-block-wd-list wd-list wd-type-unordered wd-style-default\">\n<li id=\"wd-d0541918\" class=\"wp-block-wd-list-item\"><div class=\"wd-icon\"><\/div><span class=\"wd-list-content\">Alcance ultra telefoto de 100 a 500mm con compresi\u00f3n dram\u00e1tica<\/span><\/li>\n\n\n\n<li id=\"wd-e79d5b7a\" class=\"wp-block-wd-list-item\"><div class=\"wd-icon\"><\/div><span class=\"wd-list-content\">Zoom h\u00edbrido hasta 1562mm para foto y v\u00eddeo<\/span><\/li>\n\n\n\n<li id=\"wd-eca8d329\" class=\"wp-block-wd-list-item\"><div class=\"wd-icon\"><\/div><span class=\"wd-list-content\">Bokeh suave y natural con transici\u00f3n refinada entre \u00e1reas enfocadas y desenfocadas<\/span><\/li>\n\n\n\n<li id=\"wd-547f53fc\" class=\"wp-block-wd-list-item\"><div class=\"wd-icon\"><\/div><span class=\"wd-list-content\">Estabilizaci\u00f3n de imagen \u00f3ptica y Dual I.S. 2 para disparos a mano segura<\/span><\/li>\n\n\n\n<li id=\"wd-9a8f4eae\" class=\"wp-block-wd-list-item\"><div class=\"wd-icon\"><\/div><span class=\"wd-list-content\">Motor lineal bif\u00e1sico para AF r\u00e1pido, preciso y silencioso<\/span><\/li>\n\n\n\n<li id=\"wd-8e615802\" class=\"wp-block-wd-list-item\"><div class=\"wd-icon\"><\/div><span class=\"wd-list-content\">Control personalizable: anillo de enfoque, bot\u00f3n Fn y modos de zoom ajustables<\/span><\/li>\n\n\n\n<li id=\"wd-e84664ef\" class=\"wp-block-wd-list-item\"><div class=\"wd-icon\"><\/div><span class=\"wd-list-content\">Estructura compacta y resistente, perfecta para trabajo en exteriores<\/span><\/li>\n\n\n\n<li id=\"wd-03120bbb\" class=\"wp-block-wd-list-item\"><div class=\"wd-icon\"><\/div><span class=\"wd-list-content\">Optimizada para foto y v\u00eddeo, con supresi\u00f3n de <em>focus breathing<\/em><\/span><\/li>\n<\/ul>\n<\/div><figure class=\"wp-block-media-text__media\"><img loading=\"lazy\" decoding=\"async\" width=\"1024\" height=\"683\" src=\"https:\/\/hi-techwonder.com\/wp-content\/themes\/woodmart\/images\/lazy.svg\" data-src=\"https:\/\/hi-techwonder.com\/wp-content\/uploads\/2025\/09\/j2GsKNX5mE8WcZ4czZB8XD-1-1024x683.jpg\" alt=\"\" class=\"wp-image-86709 size-full\" srcset=\"\" data-srcset=\"https:\/\/hi-techwonder.com\/wp-content\/uploads\/2025\/09\/j2GsKNX5mE8WcZ4czZB8XD-1-1024x683.jpg 1024w, https:\/\/hi-techwonder.com\/wp-content\/uploads\/2025\/09\/j2GsKNX5mE8WcZ4czZB8XD-1-300x200.jpg 300w, https:\/\/hi-techwonder.com\/wp-content\/uploads\/2025\/09\/j2GsKNX5mE8WcZ4czZB8XD-1-768x512.jpg 768w, https:\/\/hi-techwonder.com\/wp-content\/uploads\/2025\/09\/j2GsKNX5mE8WcZ4czZB8XD-1-1536x1024.jpg 1536w, https:\/\/hi-techwonder.com\/wp-content\/uploads\/2025\/09\/j2GsKNX5mE8WcZ4czZB8XD-1-2048x1365.jpg 2048w, https:\/\/hi-techwonder.com\/wp-content\/uploads\/2025\/09\/j2GsKNX5mE8WcZ4czZB8XD-1-1200x800.jpg 1200w, https:\/\/hi-techwonder.com\/wp-content\/uploads\/2025\/09\/j2GsKNX5mE8WcZ4czZB8XD-1-150x100.jpg 150w\" sizes=\"auto, (max-width: 1024px) 100vw, 1024px\" \/><\/figure><\/div>\n\n\n\n<h4 class=\"wp-block-heading\">Hasta 1000 mm con teleconvertidores<\/h4>\n\n\n\n<p id=\"wd-cc09fe23\" class=\"wp-block-wd-paragraph\">Compatible con los teleconvertidores opcionales 1,4x (DMW-STC14) y 2,0x (DMW-STC20), este objetivo ampl\u00eda su distancia focal hasta 700mm* o incluso 1000mm*. Incluso con estas distancias focales ampliadas, su dise\u00f1o compacto permite fotografiar con la c\u00e1mara en mano sin tr\u00edpode, lo que lo hace ideal para la fotograf\u00eda din\u00e1mica con teleobjetivo sobre el terreno.<\/p>\n\n\n\n<p id=\"wd-3e23d512\" class=\"wp-block-wd-paragraph\">*El uso del convertidor teleobjetivo reduce la apertura real en un f\/stop (DMW-STC14) o dos f\/stops (DMW-STC20).<br>**Cuando se conecta un teleconvertidor, la distancia focal de este objetivo se limita a 150-500mm.<\/p>\n\n\n\n<h4 class=\"wp-block-heading\">Bonito bokeh que resalta tu objeto<\/h4>\n\n\n\n<p>Un bonito efecto bokeh es uno de los verdaderos placeres de la fotograf\u00eda con teleobjetivo. Este objetivo proporciona una transici\u00f3n suave entre las \u00e1reas enfocadas y las desenfocadas, creando una sensaci\u00f3n natural de profundidad y textura rica. Su \u00f3ptica dise\u00f1ada con precisi\u00f3n minimiza los contornos de los bordes, los vi\u00f1eteados y el desenfoque de doble l\u00ednea, produciendo un impresionante efecto bokeh que destaca el objeto con claridad e impacto.<\/p>\n\n\n\n<h4 class=\"wp-block-heading\">Controles sensibles para cada situaci\u00f3n de disparo<\/h4>\n\n\n\n<p>Dise\u00f1ado para adaptarse a su flujo de trabajo, este objetivo ofrece un control sensible en una amplia variedad de situaciones de disparo. Puede alternar entre los modos O.I.S. o ajustar el par del zoom con el anillo firme y suave para obtener fotos con teleobjetivo suaves y estables. Las funciones de uso frecuente se pueden asignar al anillo de enfoque personalizable o al bot\u00f3n de enfoque (bot\u00f3n Fn) para acceder a ellas al instante. En el modo de enfoque manual, el objetivo ofrece ajustes precisos e intuitivos que se adaptan a su idea creativa. Incluso cuando se monta en un tr\u00edpode, la montura para tr\u00edpode incluida le permite girar el objetivo entre las posiciones horizontal y vertical sin mover el cabezal del tr\u00edpode.<\/p>\n\n\n\n<figure class=\"wp-block-gallery has-nested-images columns-default is-cropped wp-block-gallery-1 is-layout-flex wp-block-gallery-is-layout-flex\">\n<figure class=\"wp-block-image size-large\"><img loading=\"lazy\" decoding=\"async\" width=\"1024\" height=\"683\" data-id=\"86713\" src=\"https:\/\/hi-techwonder.com\/wp-content\/themes\/woodmart\/images\/lazy.svg\" data-src=\"https:\/\/hi-techwonder.com\/wp-content\/uploads\/2025\/09\/92ePHLRsm6cgA9XY6vQYoD-1-1024x683.jpg\" alt=\"\" class=\"wp-image-86713\" srcset=\"\" data-srcset=\"https:\/\/hi-techwonder.com\/wp-content\/uploads\/2025\/09\/92ePHLRsm6cgA9XY6vQYoD-1-1024x683.jpg 1024w, https:\/\/hi-techwonder.com\/wp-content\/uploads\/2025\/09\/92ePHLRsm6cgA9XY6vQYoD-1-300x200.jpg 300w, https:\/\/hi-techwonder.com\/wp-content\/uploads\/2025\/09\/92ePHLRsm6cgA9XY6vQYoD-1-768x512.jpg 768w, https:\/\/hi-techwonder.com\/wp-content\/uploads\/2025\/09\/92ePHLRsm6cgA9XY6vQYoD-1-1536x1024.jpg 1536w, https:\/\/hi-techwonder.com\/wp-content\/uploads\/2025\/09\/92ePHLRsm6cgA9XY6vQYoD-1-2048x1365.jpg 2048w, https:\/\/hi-techwonder.com\/wp-content\/uploads\/2025\/09\/92ePHLRsm6cgA9XY6vQYoD-1-1200x800.jpg 1200w, https:\/\/hi-techwonder.com\/wp-content\/uploads\/2025\/09\/92ePHLRsm6cgA9XY6vQYoD-1-150x100.jpg 150w\" sizes=\"auto, (max-width: 1024px) 100vw, 1024px\" \/><\/figure>\n\n\n\n<figure class=\"wp-block-image size-large\"><img loading=\"lazy\" decoding=\"async\" width=\"1024\" height=\"683\" data-id=\"86712\" src=\"https:\/\/hi-techwonder.com\/wp-content\/themes\/woodmart\/images\/lazy.svg\" data-src=\"https:\/\/hi-techwonder.com\/wp-content\/uploads\/2025\/09\/BVp3A7LDb5zXyNUEkeG9oD-1-1024x683.jpg\" alt=\"\" class=\"wp-image-86712\" srcset=\"\" data-srcset=\"https:\/\/hi-techwonder.com\/wp-content\/uploads\/2025\/09\/BVp3A7LDb5zXyNUEkeG9oD-1-1024x683.jpg 1024w, https:\/\/hi-techwonder.com\/wp-content\/uploads\/2025\/09\/BVp3A7LDb5zXyNUEkeG9oD-1-300x200.jpg 300w, https:\/\/hi-techwonder.com\/wp-content\/uploads\/2025\/09\/BVp3A7LDb5zXyNUEkeG9oD-1-768x512.jpg 768w, https:\/\/hi-techwonder.com\/wp-content\/uploads\/2025\/09\/BVp3A7LDb5zXyNUEkeG9oD-1-1536x1024.jpg 1536w, https:\/\/hi-techwonder.com\/wp-content\/uploads\/2025\/09\/BVp3A7LDb5zXyNUEkeG9oD-1-2048x1365.jpg 2048w, https:\/\/hi-techwonder.com\/wp-content\/uploads\/2025\/09\/BVp3A7LDb5zXyNUEkeG9oD-1-1200x800.jpg 1200w, https:\/\/hi-techwonder.com\/wp-content\/uploads\/2025\/09\/BVp3A7LDb5zXyNUEkeG9oD-1-150x100.jpg 150w\" sizes=\"auto, (max-width: 1024px) 100vw, 1024px\" \/><\/figure>\n\n\n\n<figure class=\"wp-block-image size-large\"><img loading=\"lazy\" decoding=\"async\" width=\"1024\" height=\"683\" data-id=\"86711\" src=\"https:\/\/hi-techwonder.com\/wp-content\/themes\/woodmart\/images\/lazy.svg\" data-src=\"https:\/\/hi-techwonder.com\/wp-content\/uploads\/2025\/09\/vNHgtxGLbk5SdPgw3eV7gD-1-1024x683.jpg\" alt=\"\" class=\"wp-image-86711\" srcset=\"\" data-srcset=\"https:\/\/hi-techwonder.com\/wp-content\/uploads\/2025\/09\/vNHgtxGLbk5SdPgw3eV7gD-1-1024x683.jpg 1024w, https:\/\/hi-techwonder.com\/wp-content\/uploads\/2025\/09\/vNHgtxGLbk5SdPgw3eV7gD-1-300x200.jpg 300w, https:\/\/hi-techwonder.com\/wp-content\/uploads\/2025\/09\/vNHgtxGLbk5SdPgw3eV7gD-1-768x512.jpg 768w, https:\/\/hi-techwonder.com\/wp-content\/uploads\/2025\/09\/vNHgtxGLbk5SdPgw3eV7gD-1-1536x1024.jpg 1536w, https:\/\/hi-techwonder.com\/wp-content\/uploads\/2025\/09\/vNHgtxGLbk5SdPgw3eV7gD-1-2048x1365.jpg 2048w, https:\/\/hi-techwonder.com\/wp-content\/uploads\/2025\/09\/vNHgtxGLbk5SdPgw3eV7gD-1-1200x800.jpg 1200w, https:\/\/hi-techwonder.com\/wp-content\/uploads\/2025\/09\/vNHgtxGLbk5SdPgw3eV7gD-1-150x100.jpg 150w\" sizes=\"auto, (max-width: 1024px) 100vw, 1024px\" \/><\/figure>\n\n\n\n<figure class=\"wp-block-image size-large\"><img loading=\"lazy\" decoding=\"async\" width=\"1024\" height=\"683\" data-id=\"86710\" src=\"https:\/\/hi-techwonder.com\/wp-content\/themes\/woodmart\/images\/lazy.svg\" data-src=\"https:\/\/hi-techwonder.com\/wp-content\/uploads\/2025\/09\/vWDS4obo4gmgyj5QkzFAHD-1-1024x683.jpg\" alt=\"\" class=\"wp-image-86710\" srcset=\"\" data-srcset=\"https:\/\/hi-techwonder.com\/wp-content\/uploads\/2025\/09\/vWDS4obo4gmgyj5QkzFAHD-1-1024x683.jpg 1024w, https:\/\/hi-techwonder.com\/wp-content\/uploads\/2025\/09\/vWDS4obo4gmgyj5QkzFAHD-1-300x200.jpg 300w, https:\/\/hi-techwonder.com\/wp-content\/uploads\/2025\/09\/vWDS4obo4gmgyj5QkzFAHD-1-768x512.jpg 768w, https:\/\/hi-techwonder.com\/wp-content\/uploads\/2025\/09\/vWDS4obo4gmgyj5QkzFAHD-1-1536x1024.jpg 1536w, https:\/\/hi-techwonder.com\/wp-content\/uploads\/2025\/09\/vWDS4obo4gmgyj5QkzFAHD-1-2048x1365.jpg 2048w, https:\/\/hi-techwonder.com\/wp-content\/uploads\/2025\/09\/vWDS4obo4gmgyj5QkzFAHD-1-1200x800.jpg 1200w, https:\/\/hi-techwonder.com\/wp-content\/uploads\/2025\/09\/vWDS4obo4gmgyj5QkzFAHD-1-150x100.jpg 150w\" sizes=\"auto, (max-width: 1024px) 100vw, 1024px\" \/><\/figure>\n<\/figure>\n\n\n\n<figure class=\"wp-block-table\"><table class=\"has-fixed-layout\"><thead><tr><th><strong>Especificaci\u00f3n<\/strong><\/th><th><strong>Detalles<\/strong><\/th><\/tr><\/thead><tbody><tr><td><strong>Construcci\u00f3n del objetivo<\/strong><\/td><td>19 elementos en 12 grupos (2 UED, 2 ED, 2 UHR)<\/td><\/tr><tr><td><strong>Montura<\/strong><\/td><td>L-Mount<\/td><\/tr><tr><td><strong>Estabilizador \u00d3ptico de Imagen<\/strong><\/td><td>S\u00ed<\/td><\/tr><tr><td><strong>Distancia focal<\/strong><\/td><td>100\u2013500mm<\/td><\/tr><tr><td><strong>Tipo de diafragma<\/strong><\/td><td>11 palas \/ Diafragma circular<\/td><\/tr><tr><td><strong>Apertura m\u00e1xima<\/strong><\/td><td>F5 (Gran angular) \u2013 F7.1 (Teleobjetivo)<\/td><\/tr><tr><td><strong>Apertura m\u00ednima<\/strong><\/td><td>F29 (Gran angular) \u2013 F40 (Teleobjetivo)<\/td><\/tr><tr><td><strong>Distancia m\u00ednima de enfoque<\/strong><\/td><td>0,80 m (gran angular) \/ 1,50 m (teleobjetivo)<\/td><\/tr><tr><td><strong>Ampliaci\u00f3n m\u00e1xima<\/strong><\/td><td>0.16x (gran angular) \/ 0.36x (teleobjetivo)<\/td><\/tr><tr><td><strong>\u00c1ngulo de visi\u00f3n diagonal<\/strong><\/td><td>24\u00b0 (Gran angular) \u2013 5.0\u00b0 (Teleobjetivo)<\/td><\/tr><tr><td><strong>Resistencia al polvo y a las salpicaduras<\/strong><\/td><td>S\u00ed* *El dise\u00f1o resistente al polvo y a las salpicaduras no garantiza que no ocurran da\u00f1os en caso de contacto directo con polvo o agua<\/td><\/tr><tr><td><strong>Temperatura de funcionamiento<\/strong><\/td><td>-10 \u2103 a 40 \u2103 (14 \u2109 a 104 \u2109)<\/td><\/tr><tr><td><strong>Tama\u00f1o del filtro<\/strong><\/td><td>\u03c682mm<\/td><\/tr><tr><td><strong>Di\u00e1metro m\u00e1ximo<\/strong><\/td><td>\u03c692,0mm \/ 3,62\u201d (sin montura de tr\u00edpode externa)<\/td><\/tr><tr><td><strong>Longitud<\/strong><\/td><td>196,1mm \/ 7,72\u201d (desde el extremo del objetivo hasta la base de la montura)<\/td><\/tr><tr><td><strong>Peso<\/strong><\/td><td>Aprox. 1.285g \/ 2,83lb (sin tapas, parasol ni soporte de tr\u00edpode)<\/td><\/tr><tr><td><strong>Accesorios est\u00e1ndar<\/strong><\/td><td>Tapa frontal, tapa trasera, parasol, montura de tr\u00edpode externa<\/td><\/tr><\/tbody><\/table><\/figure>\n","protected":false},"excerpt":{"rendered":"<ul>\n<li data-start=\"269\" data-end=\"333\">Teleobjetivo zoom ultra potente de 100-500mm (zoom \u00f3ptico 5x)<\/li>\n<li data-start=\"336\" data-end=\"399\">Compatible con teleconvertidores hasta 1000mm (2x DMW-STC20)<\/li>\n<li>Estabilizaci\u00f3n Dual I.S. 2 de hasta 7 pasos para im\u00e1genes n\u00edtidas<\/li>\n<li>\u00d3ptica de alta precisi\u00f3n con elementos UED y ED para m\u00e1xima calidad<\/li>\n<li>Distancia m\u00ednima de enfoque de 0,8 m y ampliaci\u00f3n hasta 0,36x<\/li>\n<li>Compacta y ligera (196,1 mm de largo y ~1285g)<\/li>\n<li>Construcci\u00f3n resistente al polvo, salpicaduras y temperaturas hasta -10 \u00b0C<\/li>\n<li>Ideal para naturaleza, aves, deportes y fotograf\u00eda de acci\u00f3n<\/li>\n<\/ul>\n","protected":false},"featured_media":86746,"comment_status":"open","ping_status":"closed","template":"","meta":{"_acf_changed":false},"product_brand":[2536],"product_cat":[1062],"product_tag":[],"class_list":{"0":"post-86744","1":"product","2":"type-product","3":"status-publish","4":"has-post-thumbnail","6":"product_brand-panasonic-es","7":"product_cat-mirrorless-objectivos","8":"pa_abertura-maxima-f-5-7-1-es","9":"pa_cor-negro","10":"pa_diametro-82mm-es","11":"pa_estabilizacao-de-imagem-si","12":"pa_montagem-da-objetiva-l-mount-es","13":"pa_sensor-fotograma-completo","14":"pa_tipo-de-foco-enfoque-automatico","15":"pa_tipo-de-objetiva-ultra-teleobjetivo","16":"pa_zoom-fixa-zoom-externo-es","18":"first","19":"instock","20":"taxable","21":"shipping-taxable","22":"purchasable","23":"product-type-simple"},"bundled_by":[],"bundle_stock_status":"instock","bundle_stock_quantity":2,"bundle_virtual":false,"bundle_layout":"","bundle_add_to_cart_form_location":"","bundle_editable_in_cart":false,"bundle_sold_individually_context":"","bundle_item_grouping":"","bundle_min_size":"","bundle_max_size":"","bundle_price":[],"bundled_items":[],"bundle_sell_ids":[],"acf":[],"_links":{"self":[{"href":"https:\/\/hi-techwonder.com\/es\/wp-json\/wp\/v2\/product\/86744","targetHints":{"allow":["GET"]}}],"collection":[{"href":"https:\/\/hi-techwonder.com\/es\/wp-json\/wp\/v2\/product"}],"about":[{"href":"https:\/\/hi-techwonder.com\/es\/wp-json\/wp\/v2\/types\/product"}],"replies":[{"embeddable":true,"href":"https:\/\/hi-techwonder.com\/es\/wp-json\/wp\/v2\/comments?post=86744"}],"wp:featuredmedia":[{"embeddable":true,"href":"https:\/\/hi-techwonder.com\/es\/wp-json\/wp\/v2\/media\/86746"}],"wp:attachment":[{"href":"https:\/\/hi-techwonder.com\/es\/wp-json\/wp\/v2\/media?parent=86744"}],"wp:term":[{"taxonomy":"product_brand","embeddable":true,"href":"https:\/\/hi-techwonder.com\/es\/wp-json\/wp\/v2\/product_brand?post=86744"},{"taxonomy":"product_cat","embeddable":true,"href":"https:\/\/hi-techwonder.com\/es\/wp-json\/wp\/v2\/product_cat?post=86744"},{"taxonomy":"product_tag","embeddable":true,"href":"https:\/\/hi-techwonder.com\/es\/wp-json\/wp\/v2\/product_tag?post=86744"}],"curies":[{"name":"wp","href":"https:\/\/api.w.org\/{rel}","templated":true}]}}