{"id":86945,"date":"2025-09-25T14:22:57","date_gmt":"2025-09-25T14:22:57","guid":{"rendered":"https:\/\/hi-techwonder.com\/product\/om-system-m-zuiko-digital-ed-12-40mm-f-2-8-pro-ii\/"},"modified":"2026-04-08T12:29:01","modified_gmt":"2026-04-08T11:29:01","slug":"om-system-m-zuiko-digital-ed-12-40mm-f-2-8-pro-ii","status":"publish","type":"product","link":"https:\/\/hi-techwonder.com\/es\/producto\/om-system-m-zuiko-digital-ed-12-40mm-f-2-8-pro-ii\/","title":{"rendered":"OM SYSTEM M.Zuiko Digital ED 12-40mm f\/2.8 PRO II"},"content":{"rendered":"\n<h2 class=\"wp-block-heading\">OM SYSTEM M.Zuiko Digital ED 12-40mm f\/2.8 PRO II<\/h2>\n\n\n\n<div id=\"wd-a7f83bfc\" class=\"wp-block-wd-video wd-el-video wd-action-without wd-video-external wd-with-aspect-ratio wd-custom-width\"><iframe allowfullscreen allow=\"accelerometer; autoplay; encrypted-media; gyroscope; picture-in-picture\" width=\"100%\" height=\"100%\" loading=\"lazy\" src=\"https:\/\/www.youtube.com\/embed\/Tn4-Jqjgx6E?feature=oembed&amp;controls=1\"><\/iframe><\/div>\n\n\n\n<p id=\"wd-7f295229\" class=\"wp-block-wd-paragraph\">El <strong>M.Zuiko Digital ED 12-40mm F2.8 PRO II<\/strong> de OM SYSTEM es un objetivo <strong>todo en uno para profesionales exigentes<\/strong>. Compacto y ligero, ofrece la versatilidad de un zoom de gran angular a teleobjetivo medio (24-80mm equivalentes), garantizando im\u00e1genes de alta resoluci\u00f3n en cualquier situaci\u00f3n.<\/p>\n\n\n\n<p id=\"wd-db3dac83\" class=\"wp-block-wd-paragraph\">Su <strong>apertura constante F2.8<\/strong> permite fotografiar con la m\u00e1xima nitidez incluso en condiciones de poca luz, adem\u00e1s de proporcionar un atractivo efecto bokeh. La construcci\u00f3n \u00f3ptica integra elementos especiales de vidrio (ED, HR, HD, DSA y asf\u00e9ricos) que reducen aberraciones crom\u00e1ticas y esf\u00e9ricas, garantizando <strong>colores precisos, alto contraste y una claridad excepcional<\/strong>.<\/p>\n\n\n\n<p id=\"wd-52b724f8\" class=\"wp-block-wd-paragraph\">El <strong>revestimiento ZERO<\/strong> elimina reflejos y destellos, mientras que el <strong>revestimiento de fl\u00faor<\/strong> ofrece protecci\u00f3n contra polvo, agua, grasa y suciedad. Con certificaci\u00f3n <strong>IP53<\/strong>, este objetivo est\u00e1 dise\u00f1ado para resistir las condiciones m\u00e1s adversas, desde lluvia intensa hasta ambientes con polvo o fr\u00edo extremo.<\/p>\n\n\n\n<p id=\"wd-fd3ecf9d\" class=\"wp-block-wd-paragraph\">Gracias al sistema <strong>MSC (Movie &amp; Still Compatible)<\/strong>, el autofoco es r\u00e1pido, suave y silencioso, ideal tanto para fotograf\u00eda como para v\u00eddeo. Y con una distancia m\u00ednima de enfoque de solo 20 cm, tambi\u00e9n abre posibilidades creativas para <strong>macro y primeros planos detallados<\/strong>.<\/p>\n\n\n\n<p id=\"wd-ac9ff044\" class=\"wp-block-wd-paragraph\">Ya sea en viaje, reportaje, paisaje o retrato, este objetivo es un <strong>aut\u00e9ntico caballo de batalla<\/strong>, combinando ligereza, robustez y calidad de imagen profesional.<\/p>\n\n\n\n<div class=\"wp-block-media-text has-media-on-the-right is-stacked-on-mobile\"><div class=\"wp-block-media-text__content\">\n<h3 class=\"wp-block-heading\">Contenido de la Caja<\/h3>\n\n\n\n<ul id=\"wd-b6e668a4\" class=\"wp-block-wd-list wd-list wd-type-unordered wd-style-default\">\n<li id=\"wd-ad67131c\" class=\"wp-block-wd-list-item\"><div class=\"wd-icon\"><\/div><span class=\"wd-list-content\">Objetiva <strong>M.Zuiko ED 12-40mm F2.8 PRO II<\/strong><\/span><\/li>\n\n\n\n<li id=\"wd-0a91eb6e\" class=\"wp-block-wd-list-item\"><div class=\"wd-icon\"><\/div><span class=\"wd-list-content\">Tapa frontal del objetivo<\/span><\/li>\n\n\n\n<li id=\"wd-2ab0508b\" class=\"wp-block-wd-list-item\"><div class=\"wd-icon\"><\/div><span class=\"wd-list-content\">Tampa traseira de objetiva<\/span><\/li>\n\n\n\n<li id=\"wd-92dd7102\" class=\"wp-block-wd-list-item\"><div class=\"wd-icon\"><\/div><span class=\"wd-list-content\">Para-sol LH-66D<\/span><\/li>\n\n\n\n<li id=\"wd-743add35\" class=\"wp-block-wd-list-item\"><div class=\"wd-icon\"><\/div><span class=\"wd-list-content\">Pa\u00f1o de protecci\u00f3n\/envoltorio<\/span><\/li>\n<\/ul>\n<\/div><figure class=\"wp-block-media-text__media\"><img loading=\"lazy\" decoding=\"async\" width=\"1024\" height=\"1024\" src=\"https:\/\/hi-techwonder.com\/wp-content\/themes\/woodmart\/images\/lazy.svg\" data-src=\"https:\/\/hi-techwonder.com\/wp-content\/uploads\/2025\/09\/1670347947_IMG_1890095-1-1024x1024.jpg\" alt=\"\" class=\"wp-image-86931 size-full\" srcset=\"\" data-srcset=\"https:\/\/hi-techwonder.com\/wp-content\/uploads\/2025\/09\/1670347947_IMG_1890095-1-1024x1024.jpg 1024w, https:\/\/hi-techwonder.com\/wp-content\/uploads\/2025\/09\/1670347947_IMG_1890095-1-300x300.jpg 300w, https:\/\/hi-techwonder.com\/wp-content\/uploads\/2025\/09\/1670347947_IMG_1890095-1-150x150.jpg 150w, https:\/\/hi-techwonder.com\/wp-content\/uploads\/2025\/09\/1670347947_IMG_1890095-1-768x768.jpg 768w, https:\/\/hi-techwonder.com\/wp-content\/uploads\/2025\/09\/1670347947_IMG_1890095-1-600x600.jpg 600w, https:\/\/hi-techwonder.com\/wp-content\/uploads\/2025\/09\/1670347947_IMG_1890095-1-1200x1200.jpg 1200w, https:\/\/hi-techwonder.com\/wp-content\/uploads\/2025\/09\/1670347947_IMG_1890095-1.jpg 1500w\" sizes=\"auto, (max-width: 1024px) 100vw, 1024px\" \/><\/figure><\/div>\n\n\n\n<div class=\"wp-block-media-text is-stacked-on-mobile\"><figure class=\"wp-block-media-text__media\"><img loading=\"lazy\" decoding=\"async\" width=\"1024\" height=\"1024\" src=\"https:\/\/hi-techwonder.com\/wp-content\/themes\/woodmart\/images\/lazy.svg\" data-src=\"https:\/\/hi-techwonder.com\/wp-content\/uploads\/2025\/09\/1670347341_IMG_1689182-1-1024x1024.jpg\" alt=\"\" class=\"wp-image-86932 size-full\" srcset=\"\" data-srcset=\"https:\/\/hi-techwonder.com\/wp-content\/uploads\/2025\/09\/1670347341_IMG_1689182-1-1024x1024.jpg 1024w, https:\/\/hi-techwonder.com\/wp-content\/uploads\/2025\/09\/1670347341_IMG_1689182-1-300x300.jpg 300w, https:\/\/hi-techwonder.com\/wp-content\/uploads\/2025\/09\/1670347341_IMG_1689182-1-150x150.jpg 150w, https:\/\/hi-techwonder.com\/wp-content\/uploads\/2025\/09\/1670347341_IMG_1689182-1-768x768.jpg 768w, https:\/\/hi-techwonder.com\/wp-content\/uploads\/2025\/09\/1670347341_IMG_1689182-1-600x600.jpg 600w, https:\/\/hi-techwonder.com\/wp-content\/uploads\/2025\/09\/1670347341_IMG_1689182-1-1200x1200.jpg 1200w, https:\/\/hi-techwonder.com\/wp-content\/uploads\/2025\/09\/1670347341_IMG_1689182-1.jpg 1500w\" sizes=\"auto, (max-width: 1024px) 100vw, 1024px\" \/><\/figure><div class=\"wp-block-media-text__content\">\n<h3 class=\"wp-block-heading\">Zoom de alta resolu\u00e7\u00e3o e grande abertura oferece uma versatilidade incrivel<\/h3>\n\n\n\n<p>La <strong>M.Zuiko ED 12-40mm F2.8 PRO II<\/strong> es perfecta para <strong>fot\u00f3grafos profesionales y entusiastas avanzados<\/strong> que buscan un objetivo vers\u00e1til, resistente y de alta calidad \u00f3ptica. Ideal para <strong>viajes, reportaje, retratos, naturaleza, v\u00eddeo e incluso macrofotograf\u00eda<\/strong>, es la elecci\u00f3n perfecta para quienes desean ligereza sin comprometer el rendimiento.<\/p>\n<\/div><\/div>\n\n\n\n<div class=\"wp-block-media-text has-media-on-the-right is-stacked-on-mobile\"><div class=\"wp-block-media-text__content\">\n<h3 class=\"wp-block-heading\">Caracter\u00edsticas<\/h3>\n\n\n\n<ul id=\"wd-664e9ef3\" class=\"wp-block-wd-list wd-list wd-type-unordered wd-style-default\">\n<li id=\"wd-1f7d2f62\" class=\"wp-block-wd-list-item\"><div class=\"wd-icon\"><\/div><span class=\"wd-list-content\">Sistema Micro Four Thirds con zoom gran angular a retrato<\/span><\/li>\n\n\n\n<li id=\"wd-97971891\" class=\"wp-block-wd-list-item\"><div class=\"wd-icon\"><\/div><span class=\"wd-list-content\">Apertura m\u00e1xima constante F2.8 para bajo ruido y gran control creativo<\/span><\/li>\n\n\n\n<li id=\"wd-ea71d99d\" class=\"wp-block-wd-list-item\"><div class=\"wd-icon\"><\/div><span class=\"wd-list-content\">Construcci\u00f3n \u00f3ptica premium: elementos ED, HR, HD, DSA y asf\u00e9ricos<\/span><\/li>\n\n\n\n<li id=\"wd-e4a365c6\" class=\"wp-block-wd-list-item\"><div class=\"wd-icon\"><\/div><span class=\"wd-list-content\">Revestimiento ZERO contra reflejos y destellos + recubrimiento de fl\u00faor protector<\/span><\/li>\n\n\n\n<li id=\"wd-cbf320c5\" class=\"wp-block-wd-list-item\"><div class=\"wd-icon\"><\/div><span class=\"wd-list-content\">Autofoco r\u00e1pido y silencioso, ideal para foto y v\u00eddeo<\/span><\/li>\n\n\n\n<li id=\"wd-c66a93aa\" class=\"wp-block-wd-list-item\"><div class=\"wd-icon\"><\/div><span class=\"wd-list-content\">Estructura sellada contra polvo, salpicaduras y fr\u00edo (IP53)<\/span><\/li>\n\n\n\n<li id=\"wd-f077fd85\" class=\"wp-block-wd-list-item\"><div class=\"wd-icon\"><\/div><span class=\"wd-list-content\">Distancia m\u00ednima de enfoque de solo 20 cm (7,9\u201d)<\/span><\/li>\n\n\n\n<li id=\"wd-ba7839fe\" class=\"wp-block-wd-list-item\"><div class=\"wd-icon\"><\/div><span class=\"wd-list-content\">Diafragma redondeado de 7 hojas para un bokeh suave<\/span><\/li>\n<\/ul>\n<\/div><figure class=\"wp-block-media-text__media\"><img loading=\"lazy\" decoding=\"async\" width=\"1024\" height=\"1024\" src=\"https:\/\/hi-techwonder.com\/wp-content\/themes\/woodmart\/images\/lazy.svg\" data-src=\"https:\/\/hi-techwonder.com\/wp-content\/uploads\/2025\/09\/1670347947_IMG_1890091-1-1024x1024.jpg\" alt=\"\" class=\"wp-image-86933 size-full\" srcset=\"\" data-srcset=\"https:\/\/hi-techwonder.com\/wp-content\/uploads\/2025\/09\/1670347947_IMG_1890091-1-1024x1024.jpg 1024w, https:\/\/hi-techwonder.com\/wp-content\/uploads\/2025\/09\/1670347947_IMG_1890091-1-300x300.jpg 300w, https:\/\/hi-techwonder.com\/wp-content\/uploads\/2025\/09\/1670347947_IMG_1890091-1-150x150.jpg 150w, https:\/\/hi-techwonder.com\/wp-content\/uploads\/2025\/09\/1670347947_IMG_1890091-1-768x768.jpg 768w, https:\/\/hi-techwonder.com\/wp-content\/uploads\/2025\/09\/1670347947_IMG_1890091-1-600x600.jpg 600w, https:\/\/hi-techwonder.com\/wp-content\/uploads\/2025\/09\/1670347947_IMG_1890091-1-1200x1200.jpg 1200w, https:\/\/hi-techwonder.com\/wp-content\/uploads\/2025\/09\/1670347947_IMG_1890091-1.jpg 1500w\" sizes=\"auto, (max-width: 1024px) 100vw, 1024px\" \/><\/figure><\/div>\n\n\n\n<figure class=\"wp-block-gallery has-nested-images columns-default is-cropped wp-block-gallery-1 is-layout-flex wp-block-gallery-is-layout-flex\">\n<figure class=\"wp-block-image size-large\"><img loading=\"lazy\" decoding=\"async\" width=\"1024\" height=\"768\" data-id=\"86939\" src=\"https:\/\/hi-techwonder.com\/wp-content\/themes\/woodmart\/images\/lazy.svg\" data-src=\"https:\/\/hi-techwonder.com\/wp-content\/uploads\/2025\/09\/2072753937-1024x768.jpg\" alt=\"\" class=\"wp-image-86939\" srcset=\"\" data-srcset=\"https:\/\/hi-techwonder.com\/wp-content\/uploads\/2025\/09\/2072753937-1024x768.jpg 1024w, https:\/\/hi-techwonder.com\/wp-content\/uploads\/2025\/09\/2072753937-300x225.jpg 300w, https:\/\/hi-techwonder.com\/wp-content\/uploads\/2025\/09\/2072753937-768x576.jpg 768w, https:\/\/hi-techwonder.com\/wp-content\/uploads\/2025\/09\/2072753937-150x113.jpg 150w, https:\/\/hi-techwonder.com\/wp-content\/uploads\/2025\/09\/2072753937.jpg 1200w\" sizes=\"auto, (max-width: 1024px) 100vw, 1024px\" \/><\/figure>\n\n\n\n<figure class=\"wp-block-image size-large\"><img loading=\"lazy\" decoding=\"async\" width=\"1024\" height=\"768\" data-id=\"86935\" src=\"https:\/\/hi-techwonder.com\/wp-content\/themes\/woodmart\/images\/lazy.svg\" data-src=\"https:\/\/hi-techwonder.com\/wp-content\/uploads\/2025\/09\/2304296010-1024x768.jpg\" alt=\"\" class=\"wp-image-86935\" srcset=\"\" data-srcset=\"https:\/\/hi-techwonder.com\/wp-content\/uploads\/2025\/09\/2304296010-1024x768.jpg 1024w, https:\/\/hi-techwonder.com\/wp-content\/uploads\/2025\/09\/2304296010-300x225.jpg 300w, https:\/\/hi-techwonder.com\/wp-content\/uploads\/2025\/09\/2304296010-768x576.jpg 768w, https:\/\/hi-techwonder.com\/wp-content\/uploads\/2025\/09\/2304296010-150x113.jpg 150w, https:\/\/hi-techwonder.com\/wp-content\/uploads\/2025\/09\/2304296010.jpg 1200w\" sizes=\"auto, (max-width: 1024px) 100vw, 1024px\" \/><\/figure>\n\n\n\n<figure class=\"wp-block-image size-large\"><img loading=\"lazy\" decoding=\"async\" width=\"1024\" height=\"768\" data-id=\"86938\" src=\"https:\/\/hi-techwonder.com\/wp-content\/themes\/woodmart\/images\/lazy.svg\" data-src=\"https:\/\/hi-techwonder.com\/wp-content\/uploads\/2025\/09\/2958364301-1024x768.jpg\" alt=\"\" class=\"wp-image-86938\" srcset=\"\" data-srcset=\"https:\/\/hi-techwonder.com\/wp-content\/uploads\/2025\/09\/2958364301-1024x768.jpg 1024w, https:\/\/hi-techwonder.com\/wp-content\/uploads\/2025\/09\/2958364301-300x225.jpg 300w, https:\/\/hi-techwonder.com\/wp-content\/uploads\/2025\/09\/2958364301-768x576.jpg 768w, https:\/\/hi-techwonder.com\/wp-content\/uploads\/2025\/09\/2958364301-150x113.jpg 150w, https:\/\/hi-techwonder.com\/wp-content\/uploads\/2025\/09\/2958364301.jpg 1200w\" sizes=\"auto, (max-width: 1024px) 100vw, 1024px\" \/><\/figure>\n\n\n\n<figure class=\"wp-block-image size-large\"><img loading=\"lazy\" decoding=\"async\" width=\"1024\" height=\"768\" data-id=\"86941\" src=\"https:\/\/hi-techwonder.com\/wp-content\/themes\/woodmart\/images\/lazy.svg\" data-src=\"https:\/\/hi-techwonder.com\/wp-content\/uploads\/2025\/09\/5275567087-1024x768.jpg\" alt=\"\" class=\"wp-image-86941\" srcset=\"\" data-srcset=\"https:\/\/hi-techwonder.com\/wp-content\/uploads\/2025\/09\/5275567087-1024x768.jpg 1024w, https:\/\/hi-techwonder.com\/wp-content\/uploads\/2025\/09\/5275567087-300x225.jpg 300w, https:\/\/hi-techwonder.com\/wp-content\/uploads\/2025\/09\/5275567087-768x576.jpg 768w, https:\/\/hi-techwonder.com\/wp-content\/uploads\/2025\/09\/5275567087-150x113.jpg 150w, https:\/\/hi-techwonder.com\/wp-content\/uploads\/2025\/09\/5275567087.jpg 1200w\" sizes=\"auto, (max-width: 1024px) 100vw, 1024px\" \/><\/figure>\n\n\n\n<figure class=\"wp-block-image size-large\"><img loading=\"lazy\" decoding=\"async\" width=\"1024\" height=\"768\" data-id=\"86936\" src=\"https:\/\/hi-techwonder.com\/wp-content\/themes\/woodmart\/images\/lazy.svg\" data-src=\"https:\/\/hi-techwonder.com\/wp-content\/uploads\/2025\/09\/7218768212-1024x768.jpg\" alt=\"\" class=\"wp-image-86936\" srcset=\"\" data-srcset=\"https:\/\/hi-techwonder.com\/wp-content\/uploads\/2025\/09\/7218768212-1024x768.jpg 1024w, https:\/\/hi-techwonder.com\/wp-content\/uploads\/2025\/09\/7218768212-300x225.jpg 300w, https:\/\/hi-techwonder.com\/wp-content\/uploads\/2025\/09\/7218768212-768x576.jpg 768w, https:\/\/hi-techwonder.com\/wp-content\/uploads\/2025\/09\/7218768212-150x113.jpg 150w, https:\/\/hi-techwonder.com\/wp-content\/uploads\/2025\/09\/7218768212.jpg 1200w\" sizes=\"auto, (max-width: 1024px) 100vw, 1024px\" \/><\/figure>\n\n\n\n<figure class=\"wp-block-image size-large\"><img loading=\"lazy\" decoding=\"async\" width=\"1024\" height=\"768\" data-id=\"86940\" src=\"https:\/\/hi-techwonder.com\/wp-content\/themes\/woodmart\/images\/lazy.svg\" data-src=\"https:\/\/hi-techwonder.com\/wp-content\/uploads\/2025\/09\/7517729896-1024x768.jpg\" alt=\"\" class=\"wp-image-86940\" srcset=\"\" data-srcset=\"https:\/\/hi-techwonder.com\/wp-content\/uploads\/2025\/09\/7517729896-1024x768.jpg 1024w, https:\/\/hi-techwonder.com\/wp-content\/uploads\/2025\/09\/7517729896-300x225.jpg 300w, https:\/\/hi-techwonder.com\/wp-content\/uploads\/2025\/09\/7517729896-768x576.jpg 768w, https:\/\/hi-techwonder.com\/wp-content\/uploads\/2025\/09\/7517729896-150x113.jpg 150w, https:\/\/hi-techwonder.com\/wp-content\/uploads\/2025\/09\/7517729896.jpg 1200w\" sizes=\"auto, (max-width: 1024px) 100vw, 1024px\" \/><\/figure>\n\n\n\n<figure class=\"wp-block-image size-large\"><img loading=\"lazy\" decoding=\"async\" width=\"1024\" height=\"768\" data-id=\"86937\" src=\"https:\/\/hi-techwonder.com\/wp-content\/themes\/woodmart\/images\/lazy.svg\" data-src=\"https:\/\/hi-techwonder.com\/wp-content\/uploads\/2025\/09\/9309059317-1024x768.jpg\" alt=\"\" class=\"wp-image-86937\" srcset=\"\" data-srcset=\"https:\/\/hi-techwonder.com\/wp-content\/uploads\/2025\/09\/9309059317-1024x768.jpg 1024w, https:\/\/hi-techwonder.com\/wp-content\/uploads\/2025\/09\/9309059317-300x225.jpg 300w, https:\/\/hi-techwonder.com\/wp-content\/uploads\/2025\/09\/9309059317-768x576.jpg 768w, https:\/\/hi-techwonder.com\/wp-content\/uploads\/2025\/09\/9309059317-150x113.jpg 150w, https:\/\/hi-techwonder.com\/wp-content\/uploads\/2025\/09\/9309059317.jpg 1200w\" sizes=\"auto, (max-width: 1024px) 100vw, 1024px\" \/><\/figure>\n<\/figure>\n\n\n\n<figure class=\"wp-block-table\"><table class=\"has-fixed-layout\"><thead><tr><th>Especificaci\u00f3n<\/th><th>Detalle<\/th><\/tr><\/thead><tbody><tr><td>Montura<\/td><td>Micro Four Thirds<\/td><\/tr><tr><td>Distancia focal (equivalente 35mm)<\/td><td>24-80mm<\/td><\/tr><tr><td>Apertura m\u00e1xima<\/td><td>F2.8 (constante)<\/td><\/tr><tr><td>Apertura m\u00ednima<\/td><td>F22<\/td><\/tr><tr><td>Construcci\u00f3n \u00f3ptica<\/td><td>14 elementos en 9 grupos<\/td><\/tr><tr><td>Elementos especiales<\/td><td>2 ED, 2 HR, 1 EDA, 1 HD, 1 DSA, 2 Asf\u00e9ricos<\/td><\/tr><tr><td>Revestimientos<\/td><td>ZERO (antirreflejo), Fl\u00faor (protecci\u00f3n)<\/td><\/tr><tr><td>Hojas de diafragma<\/td><td>7 (redondeadas)<\/td><\/tr><tr><td>Distancia m\u00ednima de enfoque<\/td><td>20 cm (7,9\u201d)<\/td><\/tr><tr><td>Ampliaci\u00f3n m\u00e1xima de imagen<\/td><td>0,6x (equivalente 35mm)<\/td><\/tr><tr><td>Sistema AF<\/td><td>MSC (r\u00e1pido, suave y silencioso)<\/td><\/tr><tr><td>Resistencia a la intemperie<\/td><td>IP53 \u2013 polvo, salpicaduras y congelaci\u00f3n<\/td><\/tr><tr><td>Dimensiones<\/td><td>Aprox. 69,9 \u00d7 84 mm<\/td><\/tr><tr><td>Peso<\/td><td>Aprox. 382 g<\/td><\/tr><\/tbody><\/table><\/figure>\n","protected":false},"excerpt":{"rendered":"<ul>\n<li data-start=\"204\" data-end=\"250\">Zoom profesional con apertura constante F2.8<\/li>\n<li data-start=\"253\" data-end=\"307\">Distancia focal equivalente a 24-80mm (formato 35mm)<\/li>\n<li data-start=\"310\" data-end=\"369\">Construcci\u00f3n \u00f3ptica avanzada con 14 elementos en 9 grupos<\/li>\n<li data-start=\"372\" data-end=\"436\">Revestimiento ZERO y de fl\u00faor para m\u00e1xima calidad y protecci\u00f3n<\/li>\n<li data-start=\"439\" data-end=\"501\">Estructura resistente a la intemperie con certificaci\u00f3n IP53<\/li>\n<li data-start=\"504\" data-end=\"562\">Autofoco r\u00e1pido, silencioso y compatible con v\u00eddeo (MSC)<\/li>\n<li data-start=\"565\" data-end=\"603\">Compacta, ligera e ideal para viajes<\/li>\n<li data-start=\"606\" data-end=\"657\">Excelente rendimiento tambi\u00e9n en fotograf\u00eda macro<\/li>\n<\/ul>\n","protected":false},"featured_media":86946,"comment_status":"open","ping_status":"closed","template":"","meta":{"_acf_changed":false},"product_brand":[2540],"product_cat":[1062],"product_tag":[],"class_list":{"0":"post-86945","1":"product","2":"type-product","3":"status-publish","4":"has-post-thumbnail","6":"product_brand-om-system-es","7":"product_cat-mirrorless-objectivos","8":"pa_abertura-maxima-f-2-8-es","9":"pa_cor-negro","10":"pa_diametro-62mm-es","11":"pa_estabilizacao-de-imagem-no","12":"pa_montagem-da-objetiva-micro-4-3-es","13":"pa_sensor-micro-cuatro-tercios","14":"pa_tipo-de-foco-enfoque-automatico","15":"pa_tipo-de-objetiva-gran-angular","16":"pa_zoom-fixa-zoom-externo-es","18":"first","19":"instock","20":"taxable","21":"shipping-taxable","22":"purchasable","23":"product-type-simple"},"bundled_by":[],"bundle_stock_status":"instock","bundle_stock_quantity":1,"bundle_virtual":false,"bundle_layout":"","bundle_add_to_cart_form_location":"","bundle_editable_in_cart":false,"bundle_sold_individually_context":"","bundle_item_grouping":"","bundle_min_size":"","bundle_max_size":"","bundle_price":[],"bundled_items":[],"bundle_sell_ids":[],"acf":[],"_links":{"self":[{"href":"https:\/\/hi-techwonder.com\/es\/wp-json\/wp\/v2\/product\/86945","targetHints":{"allow":["GET"]}}],"collection":[{"href":"https:\/\/hi-techwonder.com\/es\/wp-json\/wp\/v2\/product"}],"about":[{"href":"https:\/\/hi-techwonder.com\/es\/wp-json\/wp\/v2\/types\/product"}],"replies":[{"embeddable":true,"href":"https:\/\/hi-techwonder.com\/es\/wp-json\/wp\/v2\/comments?post=86945"}],"wp:featuredmedia":[{"embeddable":true,"href":"https:\/\/hi-techwonder.com\/es\/wp-json\/wp\/v2\/media\/86946"}],"wp:attachment":[{"href":"https:\/\/hi-techwonder.com\/es\/wp-json\/wp\/v2\/media?parent=86945"}],"wp:term":[{"taxonomy":"product_brand","embeddable":true,"href":"https:\/\/hi-techwonder.com\/es\/wp-json\/wp\/v2\/product_brand?post=86945"},{"taxonomy":"product_cat","embeddable":true,"href":"https:\/\/hi-techwonder.com\/es\/wp-json\/wp\/v2\/product_cat?post=86945"},{"taxonomy":"product_tag","embeddable":true,"href":"https:\/\/hi-techwonder.com\/es\/wp-json\/wp\/v2\/product_tag?post=86945"}],"curies":[{"name":"wp","href":"https:\/\/api.w.org\/{rel}","templated":true}]}}