{"id":87140,"date":"2025-09-29T11:17:54","date_gmt":"2025-09-29T11:17:54","guid":{"rendered":"https:\/\/hi-techwonder.com\/product\/canon-rf-85mm-f-1-2l-usm\/"},"modified":"2026-05-07T00:55:35","modified_gmt":"2026-05-06T23:55:35","slug":"canon-rf-85mm-f-1-2l-usm","status":"publish","type":"product","link":"https:\/\/hi-techwonder.com\/es\/producto\/canon-rf-85mm-f-1-2l-usm\/","title":{"rendered":"Canon RF 85mm f\/1.2L USM"},"content":{"rendered":"\n<h2 class=\"wp-block-heading\">Canon RF 85mm f\/1.2L USM<\/h2>\n\n\n\n<div id=\"wd-a7f83bfc\" class=\"wp-block-wd-video wd-el-video wd-action-without wd-video-external wd-with-aspect-ratio wd-custom-width\"><iframe allowfullscreen allow=\"accelerometer; autoplay; encrypted-media; gyroscope; picture-in-picture\" width=\"100%\" height=\"100%\" loading=\"lazy\" src=\"https:\/\/www.youtube.com\/embed\/SttD4F4_0Cw?feature=oembed&amp;controls=1\"><\/iframe><\/div>\n\n\n\n<p id=\"wd-ce224f3e\" class=\"wp-block-wd-paragraph\">El Canon RF 85mm f\/1.2 L USM es mucho m\u00e1s que un objetivo de retrato: es un referente en calidad \u00f3ptica y creatividad. Su apertura m\u00e1xima f\/1.2 no solo permite trabajar en condiciones de luz dif\u00edciles, sino que ofrece un control absoluto sobre la profundidad de campo, generando retratos con un desenfoque de fondo suave y envolvente.<\/p>\n\n\n\n<p id=\"wd-2e9cfb1e\" class=\"wp-block-wd-paragraph\">El elemento Blue Spectrum Refractive minimiza de forma dr\u00e1stica las aberraciones crom\u00e1ticas, garantizando colores fieles y una nitidez impecable. Combinado con elementos UD y asf\u00e9ricos, este dise\u00f1o \u00f3ptico asegura im\u00e1genes claras y detalladas en todo el encuadre. El revestimiento Air Sphere (ASC) mantiene el contraste incluso en situaciones de contraluz, reduciendo reflejos y ghosting.<\/p>\n\n\n\n<p id=\"wd-97a29857\" class=\"wp-block-wd-paragraph\">En cuanto al enfoque, el motor USM proporciona rapidez y silencio, ideal tanto para fotograf\u00eda como para v\u00eddeo, mientras que el anillo de control configurable a\u00f1ade versatilidad al flujo de trabajo. La robustez propia de la serie L de Canon asegura fiabilidad incluso en condiciones clim\u00e1ticas adversas.<\/p>\n\n\n\n<p id=\"wd-13e0e50e\" class=\"wp-block-wd-paragraph\">Combinando ingenier\u00eda de vanguardia, construcci\u00f3n profesional y resultados de excelencia, este objetivo es una inversi\u00f3n imprescindible para quienes llevan la fotograf\u00eda de retrato y art\u00edstica al m\u00e1s alto nivel.<\/p>\n\n\n\n<div class=\"wp-block-media-text has-media-on-the-right is-stacked-on-mobile\"><div class=\"wp-block-media-text__content\">\n<h4 class=\"wp-block-heading\">Contenido de la Caja<\/h4>\n\n\n\n<ul id=\"wd-8a2ceb2b\" class=\"wp-block-wd-list wd-list wd-type-unordered wd-style-default\">\n<li id=\"wd-9bb0ed35\" class=\"wp-block-wd-list-item\"><div class=\"wd-icon\"><\/div><span class=\"wd-list-content\">Canon RF 85mm f\/1.2 L USM Lens<\/span><\/li>\n\n\n\n<li id=\"wd-b2bee93b\" class=\"wp-block-wd-list-item\"><div class=\"wd-icon\"><\/div><span class=\"wd-list-content\">Tapa frontal Canon E-82 II<\/span><\/li>\n\n\n\n<li id=\"wd-f5c7bcf2\" class=\"wp-block-wd-list-item\"><div class=\"wd-icon\"><\/div><span class=\"wd-list-content\">Tapa trasera Canon RF<\/span><\/li>\n\n\n\n<li id=\"wd-b1549db9\" class=\"wp-block-wd-list-item\"><div class=\"wd-icon\"><\/div><span class=\"wd-list-content\">Parasol Canon ET-89<\/span><\/li>\n\n\n\n<li id=\"wd-21389f2e\" class=\"wp-block-wd-list-item\"><div class=\"wd-icon\"><\/div><span class=\"wd-list-content\">Bolsa de transporte Canon LP1424<\/span><\/li>\n<\/ul>\n<\/div><figure class=\"wp-block-media-text__media\"><img loading=\"lazy\" decoding=\"async\" width=\"1024\" height=\"683\" src=\"https:\/\/hi-techwonder.com\/wp-content\/themes\/woodmart\/images\/lazy.svg\" data-src=\"https:\/\/hi-techwonder.com\/wp-content\/uploads\/2025\/09\/0182516215-1024x683.jpg\" alt=\"\" class=\"wp-image-87135 size-full\" srcset=\"\" data-srcset=\"https:\/\/hi-techwonder.com\/wp-content\/uploads\/2025\/09\/0182516215-1024x683.jpg 1024w, https:\/\/hi-techwonder.com\/wp-content\/uploads\/2025\/09\/0182516215-300x200.jpg 300w, https:\/\/hi-techwonder.com\/wp-content\/uploads\/2025\/09\/0182516215-768x512.jpg 768w, https:\/\/hi-techwonder.com\/wp-content\/uploads\/2025\/09\/0182516215-150x100.jpg 150w, https:\/\/hi-techwonder.com\/wp-content\/uploads\/2025\/09\/0182516215.jpg 1200w\" sizes=\"auto, (max-width: 1024px) 100vw, 1024px\" \/><\/figure><\/div>\n\n\n\n<div class=\"wp-block-media-text is-stacked-on-mobile\"><figure class=\"wp-block-media-text__media\"><img loading=\"lazy\" decoding=\"async\" width=\"1024\" height=\"683\" src=\"https:\/\/hi-techwonder.com\/wp-content\/themes\/woodmart\/images\/lazy.svg\" data-src=\"https:\/\/hi-techwonder.com\/wp-content\/uploads\/2025\/09\/8332394058-1024x683.jpg\" alt=\"\" class=\"wp-image-87136 size-full\" srcset=\"\" data-srcset=\"https:\/\/hi-techwonder.com\/wp-content\/uploads\/2025\/09\/8332394058-1024x683.jpg 1024w, https:\/\/hi-techwonder.com\/wp-content\/uploads\/2025\/09\/8332394058-300x200.jpg 300w, https:\/\/hi-techwonder.com\/wp-content\/uploads\/2025\/09\/8332394058-768x512.jpg 768w, https:\/\/hi-techwonder.com\/wp-content\/uploads\/2025\/09\/8332394058-150x100.jpg 150w, https:\/\/hi-techwonder.com\/wp-content\/uploads\/2025\/09\/8332394058.jpg 1200w\" sizes=\"auto, (max-width: 1024px) 100vw, 1024px\" \/><\/figure><div class=\"wp-block-media-text__content\">\n<p>El Canon RF 85mm f\/1.2L USM est\u00e1 dirigido a fot\u00f3grafos profesionales y entusiastas avanzados que buscan la m\u00e1xima calidad en retratos, moda, bodas y trabajos creativos que requieran una profundidad de campo reducida y un bokeh excepcional.<\/p>\n<\/div><\/div>\n\n\n\n<div class=\"wp-block-media-text has-media-on-the-right is-stacked-on-mobile\"><div class=\"wp-block-media-text__content\">\n<h4 class=\"wp-block-heading\">Caracter\u00edsticas<\/h4>\n\n\n\n<ul id=\"wd-2a357e6c\" class=\"wp-block-wd-list wd-list wd-type-unordered wd-style-default\">\n<li id=\"wd-b8ebf456\" class=\"wp-block-wd-list-item\"><div class=\"wd-icon\"><\/div><span class=\"wd-list-content\">Distancia focal fija de 85mm, ideal para retratos y fotograf\u00eda creativa<\/span><\/li>\n\n\n\n<li id=\"wd-8fbe8ad2\" class=\"wp-block-wd-list-item\"><div class=\"wd-icon\"><\/div><span class=\"wd-list-content\">Apertura f\/1.2 extremadamente luminosa, perfecta para escenas con poca luz<\/span><\/li>\n\n\n\n<li id=\"wd-e5d026a8\" class=\"wp-block-wd-list-item\"><div class=\"wd-icon\"><\/div><span class=\"wd-list-content\">Dise\u00f1o \u00f3ptico de 13 elementos en 9 grupos con tecnolog\u00edas avanzadas<\/span><\/li>\n\n\n\n<li id=\"wd-20ffbdf6\" class=\"wp-block-wd-list-item\"><div class=\"wd-icon\"><\/div><span class=\"wd-list-content\">Diafragma de 9 hojas redondeadas para un bokeh suave y natural<\/span><\/li>\n\n\n\n<li id=\"wd-a91e613d\" class=\"wp-block-wd-list-item\"><div class=\"wd-icon\"><\/div><span class=\"wd-list-content\">Motor USM con algoritmos optimizados para un enfoque r\u00e1pido y preciso<\/span><\/li>\n\n\n\n<li id=\"wd-21179748\" class=\"wp-block-wd-list-item\"><div class=\"wd-icon\"><\/div><span class=\"wd-list-content\">Anillo de control configurable para ISO, apertura o compensaci\u00f3n de exposici\u00f3n<\/span><\/li>\n\n\n\n<li id=\"wd-a27e62d5\" class=\"wp-block-wd-list-item\"><div class=\"wd-icon\"><\/div><span class=\"wd-list-content\">Construcci\u00f3n robusta de la serie L, preparada para condiciones exigentes<\/span><\/li>\n\n\n\n<li id=\"wd-81d183c3\" class=\"wp-block-wd-list-item\"><div class=\"wd-icon\"><\/div><span class=\"wd-list-content\">Rosca de filtro frontal de 82mm<\/span><\/li>\n<\/ul>\n<\/div><figure class=\"wp-block-media-text__media\"><img loading=\"lazy\" decoding=\"async\" width=\"1024\" height=\"683\" src=\"https:\/\/hi-techwonder.com\/wp-content\/themes\/woodmart\/images\/lazy.svg\" data-src=\"https:\/\/hi-techwonder.com\/wp-content\/uploads\/2025\/09\/7021546438-1024x683.jpg\" alt=\"\" class=\"wp-image-87137 size-full\" srcset=\"\" data-srcset=\"https:\/\/hi-techwonder.com\/wp-content\/uploads\/2025\/09\/7021546438-1024x683.jpg 1024w, https:\/\/hi-techwonder.com\/wp-content\/uploads\/2025\/09\/7021546438-300x200.jpg 300w, https:\/\/hi-techwonder.com\/wp-content\/uploads\/2025\/09\/7021546438-768x512.jpg 768w, https:\/\/hi-techwonder.com\/wp-content\/uploads\/2025\/09\/7021546438-150x100.jpg 150w, https:\/\/hi-techwonder.com\/wp-content\/uploads\/2025\/09\/7021546438.jpg 1200w\" sizes=\"auto, (max-width: 1024px) 100vw, 1024px\" \/><\/figure><\/div>\n\n\n\n<figure class=\"wp-block-table\"><table class=\"has-fixed-layout\"><thead><tr><th>Caracter\u00edstica<\/th><th>Detalle<\/th><\/tr><\/thead><tbody><tr><td>Distancia focal<\/td><td>85mm<\/td><\/tr><tr><td>Apertura m\u00e1xima<\/td><td>f\/1.2<\/td><\/tr><tr><td>Apertura m\u00ednima<\/td><td>f\/16<\/td><\/tr><tr><td>Montura<\/td><td>Canon RF<\/td><\/tr><tr><td>Cobertura de formato<\/td><td>Full-Frame<\/td><\/tr><tr><td>\u00c1ngulo de visi\u00f3n<\/td><td>28\u00b030&#8242;<\/td><\/tr><tr><td>Distancia m\u00ednima de enfoque<\/td><td>85 cm<\/td><\/tr><tr><td>Ampliaci\u00f3n m\u00e1xima<\/td><td>0.12x<\/td><\/tr><tr><td>Dise\u00f1o \u00f3ptico<\/td><td>13 elementos en 9 grupos<\/td><\/tr><tr><td>Hojas de diafragma<\/td><td>9, redondeadas<\/td><\/tr><tr><td>Tipo de enfoque<\/td><td>Autofocus (con anulaci\u00f3n manual)<\/td><\/tr><tr><td>Estabilizaci\u00f3n de imagen<\/td><td>No<\/td><\/tr><tr><td>Tama\u00f1o de filtro<\/td><td>82 mm<\/td><\/tr><tr><td>Dimensiones<\/td><td>103,2 x 117,3 mm<\/td><\/tr><tr><td>Peso<\/td><td>1195 g<\/td><\/tr><\/tbody><\/table><\/figure>\n","protected":false},"excerpt":{"rendered":"<ul>\n<li data-start=\"158\" data-end=\"226\">Objetivo prime de 85mm para c\u00e1maras mirrorless Canon RF full-frame<\/li>\n<li data-start=\"229\" data-end=\"343\">Apertura m\u00e1xima f\/1.2 para un rendimiento excepcional en condiciones de poca luz y profundidad de campo reducida<\/li>\n<li data-start=\"346\" data-end=\"417\">Elemento Blue Spectrum Refractive que elimina aberraciones crom\u00e1ticas<\/li>\n<li data-start=\"420\" data-end=\"492\">Dise\u00f1o \u00f3ptico avanzado con elementos asf\u00e9rico y UD para m\u00e1xima nitidez<\/li>\n<li data-start=\"495\" data-end=\"559\">Revestimiento Air Sphere (ASC) que reduce destellos y ghosting<\/li>\n<li data-start=\"562\" data-end=\"635\">Enfoque autom\u00e1tico r\u00e1pido y silencioso con motor USM y anulaci\u00f3n manual<\/li>\n<li data-start=\"638\" data-end=\"708\">Anillo de control personalizable para ajustes de exposici\u00f3n directos<\/li>\n<li data-start=\"711\" data-end=\"789\">Construcci\u00f3n profesional de la serie L con resistencia al polvo y la humedad<\/li>\n<\/ul>\n","protected":false},"featured_media":87141,"comment_status":"open","ping_status":"closed","template":"","meta":{"_acf_changed":false},"product_brand":[138],"product_cat":[355],"product_tag":[],"class_list":{"0":"post-87140","1":"product","2":"type-product","3":"status-publish","4":"has-post-thumbnail","6":"product_brand-canon","7":"product_cat-mirrorless-objetivas","8":"pa_abertura-maxima-f-1-2","9":"pa_cor-preto","10":"pa_diametro-82mm","11":"pa_estabilizacao-de-imagem-nao","12":"pa_montagem-da-objetiva-canon-rf","13":"pa_sensor-full-frame","14":"pa_tipo-de-foco-foco-automatico","15":"pa_tipo-de-objetiva-standard","16":"pa_zoom-fixa-fixa","18":"first","19":"onbackorder","20":"taxable","21":"shipping-taxable","22":"purchasable","23":"product-type-simple"},"bundled_by":[],"bundle_stock_status":"onbackorder","bundle_stock_quantity":null,"bundle_virtual":false,"bundle_layout":"","bundle_add_to_cart_form_location":"","bundle_editable_in_cart":false,"bundle_sold_individually_context":"","bundle_item_grouping":"","bundle_min_size":"","bundle_max_size":"","bundle_price":[],"bundled_items":[],"bundle_sell_ids":[],"acf":[],"_links":{"self":[{"href":"https:\/\/hi-techwonder.com\/es\/wp-json\/wp\/v2\/product\/87140","targetHints":{"allow":["GET"]}}],"collection":[{"href":"https:\/\/hi-techwonder.com\/es\/wp-json\/wp\/v2\/product"}],"about":[{"href":"https:\/\/hi-techwonder.com\/es\/wp-json\/wp\/v2\/types\/product"}],"replies":[{"embeddable":true,"href":"https:\/\/hi-techwonder.com\/es\/wp-json\/wp\/v2\/comments?post=87140"}],"wp:featuredmedia":[{"embeddable":true,"href":"https:\/\/hi-techwonder.com\/es\/wp-json\/wp\/v2\/media\/87141"}],"wp:attachment":[{"href":"https:\/\/hi-techwonder.com\/es\/wp-json\/wp\/v2\/media?parent=87140"}],"wp:term":[{"taxonomy":"product_brand","embeddable":true,"href":"https:\/\/hi-techwonder.com\/es\/wp-json\/wp\/v2\/product_brand?post=87140"},{"taxonomy":"product_cat","embeddable":true,"href":"https:\/\/hi-techwonder.com\/es\/wp-json\/wp\/v2\/product_cat?post=87140"},{"taxonomy":"product_tag","embeddable":true,"href":"https:\/\/hi-techwonder.com\/es\/wp-json\/wp\/v2\/product_tag?post=87140"}],"curies":[{"name":"wp","href":"https:\/\/api.w.org\/{rel}","templated":true}]}}