{"id":88156,"date":"2025-10-09T15:01:48","date_gmt":"2025-10-09T15:01:48","guid":{"rendered":"https:\/\/hi-techwonder.com\/product\/smallrig-5480-rm-03-macro-led-light\/"},"modified":"2026-02-19T16:05:45","modified_gmt":"2026-02-19T16:05:45","slug":"smallrig-5480-rm-03-macro-led-light","status":"publish","type":"product","link":"https:\/\/hi-techwonder.com\/es\/producto\/smallrig-5480-rm-03-macro-led-light\/","title":{"rendered":"Smallrig 5480 RM 03 Macro Led Light"},"content":{"rendered":"\n<h2 class=\"wp-block-heading\">Smallrig 5480 RM 03 Macro Led Light<\/h2>\n\n\n\n<div id=\"wd-5cfe9411\" class=\"wp-block-wd-video wd-el-video wd-action-without wd-video-external\"><iframe allowfullscreen allow=\"accelerometer; autoplay; encrypted-media; gyroscope; picture-in-picture\" width=\"100%\" height=\"100%\" loading=\"lazy\" src=\"https:\/\/www.youtube.com\/embed\/J52cBDSbGkY?feature=oembed&amp;controls=1\"><\/iframe><\/div>\n\n\n\n<p>La <strong>SmallRig RM 03 Macro Photography LED Light<\/strong> redefine la iluminaci\u00f3n de proximidad. Dise\u00f1ada para fot\u00f3grafos que exploran el mundo en detalle extremo, esta luz combina una <strong>potencia de 3W<\/strong> con <strong>flexibilidad total<\/strong>, permitiendo dirigir y modelar la iluminaci\u00f3n con precisi\u00f3n quir\u00fargica.<br>Con <strong>5 colores LED integrados<\/strong> y un conjunto completo de accesorios, la RM 03 ofrece libertad creativa para generar atm\u00f3sferas \u00fanicas: tonos fr\u00edos para resaltar texturas o matices c\u00e1lidos para dar vida a los objetos m\u00e1s peque\u00f1os.<br>Su <strong>estructura sellada y reforzada (IP54)<\/strong> garantiza un rendimiento impecable incluso en condiciones exigentes, mientras que la <strong>bater\u00eda de 2000mAh<\/strong> asegura largas sesiones de trabajo sin interrupciones.<br>Tanto en estudio como en exteriores, la RM 03 es una herramienta indispensable para quienes desean <strong>elevar la iluminaci\u00f3n macro al nivel profesional<\/strong>, con <strong>precisi\u00f3n, durabilidad y estilo<\/strong>.<\/p>\n\n\n\n<div class=\"wp-block-media-text has-media-on-the-right is-stacked-on-mobile\"><div class=\"wp-block-media-text__content\">\n<h4 class=\"wp-block-heading\">Contenido del paquete<\/h4>\n\n\n\n<ul id=\"wd-afcf5558\" class=\"wp-block-wd-list wd-list wd-type-unordered wd-style-default\">\n<li id=\"wd-4085319a\" class=\"wp-block-wd-list-item\"><div class=\"wd-icon\"><\/div><span class=\"wd-list-content\">1x RM 03 LED Light<\/span><\/li>\n\n\n\n<li id=\"wd-f68016c1\" class=\"wp-block-wd-list-item\"><div class=\"wd-icon\"><\/div><span class=\"wd-list-content\">1x Difusor<\/span><\/li>\n\n\n\n<li id=\"wd-a30bbdcd\" class=\"wp-block-wd-list-item\"><div class=\"wd-icon\"><\/div><span class=\"wd-list-content\">1x Barndoor de cuatro hojas<\/span><\/li>\n\n\n\n<li id=\"wd-af014e66\" class=\"wp-block-wd-list-item\"><div class=\"wd-icon\"><\/div><span class=\"wd-list-content\">1x Abrazadera robusta<\/span><\/li>\n\n\n\n<li id=\"wd-c1a804f9\" class=\"wp-block-wd-list-item\"><div class=\"wd-icon\"><\/div><span class=\"wd-list-content\">1x Estaca de suelo<\/span><\/li>\n\n\n\n<li id=\"wd-518c5c3b\" class=\"wp-block-wd-list-item\"><div class=\"wd-icon\"><\/div><span class=\"wd-list-content\">1x Soporte con zapata fr\u00eda<\/span><\/li>\n\n\n\n<li id=\"wd-11e68c18\" class=\"wp-block-wd-list-item\"><div class=\"wd-icon\"><\/div><span class=\"wd-list-content\">1x Spotlight<\/span><\/li>\n\n\n\n<li id=\"wd-afdaf1da\" class=\"wp-block-wd-list-item\"><div class=\"wd-icon\"><\/div><span class=\"wd-list-content\">10x Filtros de color (Film Slides)<\/span><\/li>\n\n\n\n<li id=\"wd-0106e8d8\" class=\"wp-block-wd-list-item\"><div class=\"wd-icon\"><\/div><span class=\"wd-list-content\">1x Cable USB-C<\/span><\/li>\n\n\n\n<li id=\"wd-74999832\" class=\"wp-block-wd-list-item\"><div class=\"wd-icon\"><\/div><span class=\"wd-list-content\">1x Manual del usuario<\/span><\/li>\n<\/ul>\n<\/div><figure class=\"wp-block-media-text__media\"><img loading=\"lazy\" decoding=\"async\" width=\"1024\" height=\"1024\" src=\"https:\/\/hi-techwonder.com\/wp-content\/themes\/woodmart\/images\/lazy.svg\" data-src=\"https:\/\/hi-techwonder.com\/wp-content\/uploads\/2025\/10\/phmtr7czsgs-1755082751723_-1024x1024.jpg\" alt=\"\" class=\"wp-image-88147 size-full\" srcset=\"\" data-srcset=\"https:\/\/hi-techwonder.com\/wp-content\/uploads\/2025\/10\/phmtr7czsgs-1755082751723_-1024x1024.jpg 1024w, https:\/\/hi-techwonder.com\/wp-content\/uploads\/2025\/10\/phmtr7czsgs-1755082751723_-300x300.jpg 300w, https:\/\/hi-techwonder.com\/wp-content\/uploads\/2025\/10\/phmtr7czsgs-1755082751723_-150x150.jpg 150w, https:\/\/hi-techwonder.com\/wp-content\/uploads\/2025\/10\/phmtr7czsgs-1755082751723_-768x768.jpg 768w, https:\/\/hi-techwonder.com\/wp-content\/uploads\/2025\/10\/phmtr7czsgs-1755082751723_-1536x1536.jpg 1536w, https:\/\/hi-techwonder.com\/wp-content\/uploads\/2025\/10\/phmtr7czsgs-1755082751723_-600x600.jpg 600w, https:\/\/hi-techwonder.com\/wp-content\/uploads\/2025\/10\/phmtr7czsgs-1755082751723_-1200x1200.jpg 1200w, https:\/\/hi-techwonder.com\/wp-content\/uploads\/2025\/10\/phmtr7czsgs-1755082751723_.jpg 1600w\" sizes=\"auto, (max-width: 1024px) 100vw, 1024px\" \/><\/figure><\/div>\n\n\n\n<div class=\"wp-block-media-text is-stacked-on-mobile\"><figure class=\"wp-block-media-text__media\"><img loading=\"lazy\" decoding=\"async\" width=\"1024\" height=\"1024\" src=\"https:\/\/hi-techwonder.com\/wp-content\/themes\/woodmart\/images\/lazy.svg\" data-src=\"https:\/\/hi-techwonder.com\/wp-content\/uploads\/2025\/10\/mb0tc7vucea-1755082751696_-1024x1024.jpg\" alt=\"\" class=\"wp-image-88148 size-full\" srcset=\"\" data-srcset=\"https:\/\/hi-techwonder.com\/wp-content\/uploads\/2025\/10\/mb0tc7vucea-1755082751696_-1024x1024.jpg 1024w, https:\/\/hi-techwonder.com\/wp-content\/uploads\/2025\/10\/mb0tc7vucea-1755082751696_-300x300.jpg 300w, https:\/\/hi-techwonder.com\/wp-content\/uploads\/2025\/10\/mb0tc7vucea-1755082751696_-150x150.jpg 150w, https:\/\/hi-techwonder.com\/wp-content\/uploads\/2025\/10\/mb0tc7vucea-1755082751696_-768x768.jpg 768w, https:\/\/hi-techwonder.com\/wp-content\/uploads\/2025\/10\/mb0tc7vucea-1755082751696_-1536x1536.jpg 1536w, https:\/\/hi-techwonder.com\/wp-content\/uploads\/2025\/10\/mb0tc7vucea-1755082751696_-600x600.jpg 600w, https:\/\/hi-techwonder.com\/wp-content\/uploads\/2025\/10\/mb0tc7vucea-1755082751696_-1200x1200.jpg 1200w, https:\/\/hi-techwonder.com\/wp-content\/uploads\/2025\/10\/mb0tc7vucea-1755082751696_.jpg 1600w\" sizes=\"auto, (max-width: 1024px) 100vw, 1024px\" \/><\/figure><div class=\"wp-block-media-text__content\">\n<p>Fot\u00f3grafos y creadores de contenido que buscan <strong>control absoluto sobre la iluminaci\u00f3n macro<\/strong>, ya sea en <strong>fotograf\u00eda de producto, naturaleza, insectos o miniaturas<\/strong>. Perfecto para profesionales que valoran la <strong>precisi\u00f3n, versatilidad y resistencia<\/strong>, as\u00ed como para entusiastas que desean capturar el detalle m\u00e1s extremo.<\/p>\n<\/div><\/div>\n\n\n\n<div class=\"wp-block-media-text has-media-on-the-right is-stacked-on-mobile\"><div class=\"wp-block-media-text__content\">\n<h4 class=\"wp-block-heading\">Caracter\u00edsticas<\/h4>\n\n\n\n<ul id=\"wd-1472bddc\" class=\"wp-block-wd-list wd-list wd-type-unordered wd-style-default\">\n<li id=\"wd-1bfdce5e\" class=\"wp-block-wd-list-item\"><div class=\"wd-icon\"><\/div><span class=\"wd-list-content\"><strong>Iluminaci\u00f3n creativa 5 en 1<\/strong>: LEDs en rojo, verde, azul, blanco fr\u00edo y blanco c\u00e1lido.<\/span><\/li>\n\n\n\n<li id=\"wd-16baeaba\" class=\"wp-block-wd-list-item\"><div class=\"wd-icon\"><\/div><span class=\"wd-list-content\"><strong>Brazo articulado de alta durabilidad<\/strong> con estructura met\u00e1lica y movimiento estable.<\/span><\/li>\n\n\n\n<li id=\"wd-52277e47\" class=\"wp-block-wd-list-item\"><div class=\"wd-icon\"><\/div><span class=\"wd-list-content\"><strong>Sistema completo de modelado de luz<\/strong> con difusor, barndoor de cuatro hojas y spotlight.<\/span><\/li>\n\n\n\n<li id=\"wd-61b4255a\" class=\"wp-block-wd-list-item\"><div class=\"wd-icon\"><\/div><span class=\"wd-list-content\"><strong>Brillo ajustable en 5 niveles<\/strong>, para controlar la atm\u00f3sfera y el contraste con precisi\u00f3n.<\/span><\/li>\n\n\n\n<li id=\"wd-878878bd\" class=\"wp-block-wd-list-item\"><div class=\"wd-icon\"><\/div><span class=\"wd-list-content\"><strong>Enfoque variable (4\u00b0\u201332\u00b0)<\/strong> que resalta los detalles m\u00e1s finos.<\/span><\/li>\n\n\n\n<li id=\"wd-02e76fa0\" class=\"wp-block-wd-list-item\"><div class=\"wd-icon\"><\/div><span class=\"wd-list-content\"><strong>Construcci\u00f3n resistente IP54<\/strong>, ideal para uso en exteriores.<\/span><\/li>\n\n\n\n<li id=\"wd-86734d2a\" class=\"wp-block-wd-list-item\"><div class=\"wd-icon\"><\/div><span class=\"wd-list-content\"><strong>Montaje vers\u00e1til<\/strong>: incluye abrazadera, zapata fr\u00eda, estaca de suelo y m\u00faltiples opciones de fijaci\u00f3n.<\/span><\/li>\n\n\n\n<li id=\"wd-8f2d588e\" class=\"wp-block-wd-list-item\"><div class=\"wd-icon\"><\/div><span class=\"wd-list-content\"><strong>Dise\u00f1o ligero y port\u00e1til<\/strong>, pensado para fot\u00f3grafos de estudio o de campo.<\/span><\/li>\n<\/ul>\n<\/div><figure class=\"wp-block-media-text__media\"><img loading=\"lazy\" decoding=\"async\" width=\"1024\" height=\"1024\" src=\"https:\/\/hi-techwonder.com\/wp-content\/themes\/woodmart\/images\/lazy.svg\" data-src=\"https:\/\/hi-techwonder.com\/wp-content\/uploads\/2025\/10\/n4lz94m95zb-1755082751106_-1024x1024.jpg\" alt=\"\" class=\"wp-image-88149 size-full\" srcset=\"\" data-srcset=\"https:\/\/hi-techwonder.com\/wp-content\/uploads\/2025\/10\/n4lz94m95zb-1755082751106_-1024x1024.jpg 1024w, https:\/\/hi-techwonder.com\/wp-content\/uploads\/2025\/10\/n4lz94m95zb-1755082751106_-300x300.jpg 300w, https:\/\/hi-techwonder.com\/wp-content\/uploads\/2025\/10\/n4lz94m95zb-1755082751106_-150x150.jpg 150w, https:\/\/hi-techwonder.com\/wp-content\/uploads\/2025\/10\/n4lz94m95zb-1755082751106_-768x768.jpg 768w, https:\/\/hi-techwonder.com\/wp-content\/uploads\/2025\/10\/n4lz94m95zb-1755082751106_-1536x1536.jpg 1536w, https:\/\/hi-techwonder.com\/wp-content\/uploads\/2025\/10\/n4lz94m95zb-1755082751106_-600x600.jpg 600w, https:\/\/hi-techwonder.com\/wp-content\/uploads\/2025\/10\/n4lz94m95zb-1755082751106_-1200x1200.jpg 1200w, https:\/\/hi-techwonder.com\/wp-content\/uploads\/2025\/10\/n4lz94m95zb-1755082751106_.jpg 1600w\" sizes=\"auto, (max-width: 1024px) 100vw, 1024px\" \/><\/figure><\/div>\n\n\n\n<figure class=\"wp-block-gallery has-nested-images columns-default is-cropped wp-block-gallery-1 is-layout-flex wp-block-gallery-is-layout-flex\">\n<figure class=\"wp-block-image size-large\"><img loading=\"lazy\" decoding=\"async\" width=\"470\" height=\"350\" data-id=\"88152\" src=\"https:\/\/hi-techwonder.com\/wp-content\/themes\/woodmart\/images\/lazy.svg\" data-src=\"https:\/\/hi-techwonder.com\/wp-content\/uploads\/2025\/10\/k7bzw20c9-1756694340828_.jpg\" alt=\"\" class=\"wp-image-88152\" srcset=\"\" data-srcset=\"https:\/\/hi-techwonder.com\/wp-content\/uploads\/2025\/10\/k7bzw20c9-1756694340828_.jpg 470w, https:\/\/hi-techwonder.com\/wp-content\/uploads\/2025\/10\/k7bzw20c9-1756694340828_-300x223.jpg 300w, https:\/\/hi-techwonder.com\/wp-content\/uploads\/2025\/10\/k7bzw20c9-1756694340828_-150x112.jpg 150w\" sizes=\"auto, (max-width: 470px) 100vw, 470px\" \/><\/figure>\n\n\n\n<figure class=\"wp-block-image size-large\"><img loading=\"lazy\" decoding=\"async\" width=\"470\" height=\"350\" data-id=\"88151\" src=\"https:\/\/hi-techwonder.com\/wp-content\/themes\/woodmart\/images\/lazy.svg\" data-src=\"https:\/\/hi-techwonder.com\/wp-content\/uploads\/2025\/10\/qnnjn48bsu-1756694320694_.jpg\" alt=\"\" class=\"wp-image-88151\" srcset=\"\" data-srcset=\"https:\/\/hi-techwonder.com\/wp-content\/uploads\/2025\/10\/qnnjn48bsu-1756694320694_.jpg 470w, https:\/\/hi-techwonder.com\/wp-content\/uploads\/2025\/10\/qnnjn48bsu-1756694320694_-300x223.jpg 300w, https:\/\/hi-techwonder.com\/wp-content\/uploads\/2025\/10\/qnnjn48bsu-1756694320694_-150x112.jpg 150w\" sizes=\"auto, (max-width: 470px) 100vw, 470px\" \/><\/figure>\n\n\n\n<figure class=\"wp-block-image size-large\"><img loading=\"lazy\" decoding=\"async\" width=\"470\" height=\"350\" data-id=\"88150\" src=\"https:\/\/hi-techwonder.com\/wp-content\/themes\/woodmart\/images\/lazy.svg\" data-src=\"https:\/\/hi-techwonder.com\/wp-content\/uploads\/2025\/10\/kay0402ogmg-1756694333373_.jpg\" alt=\"\" class=\"wp-image-88150\" srcset=\"\" data-srcset=\"https:\/\/hi-techwonder.com\/wp-content\/uploads\/2025\/10\/kay0402ogmg-1756694333373_.jpg 470w, https:\/\/hi-techwonder.com\/wp-content\/uploads\/2025\/10\/kay0402ogmg-1756694333373_-300x223.jpg 300w, https:\/\/hi-techwonder.com\/wp-content\/uploads\/2025\/10\/kay0402ogmg-1756694333373_-150x112.jpg 150w\" sizes=\"auto, (max-width: 470px) 100vw, 470px\" \/><\/figure>\n<\/figure>\n\n\n\n<figure class=\"wp-block-table\"><table class=\"has-fixed-layout\"><thead><tr><th><strong>Par\u00e1metro<\/strong><\/th><th><strong>Detalle<\/strong><\/th><\/tr><\/thead><tbody><tr><td>Potencia m\u00e1xima<\/td><td>3W<\/td><\/tr><tr><td>Entrada<\/td><td>5V \/ 1A<\/td><\/tr><tr><td>Colores de LED<\/td><td>Rojo, Verde, Azul, Blanco Fr\u00edo, Blanco C\u00e1lido<\/td><\/tr><tr><td>Niveles de brillo<\/td><td>5<\/td><\/tr><tr><td>\u00c1ngulo de haz<\/td><td>4\u00b0\u201332\u00b0<\/td><\/tr><tr><td>Capacidad de la bater\u00eda<\/td><td>2000mAh (3.7V \/ 7.4Wh)<\/td><\/tr><tr><td>Autonom\u00eda<\/td><td>Hasta 140 minutos (a m\u00e1xima potencia)<\/td><\/tr><tr><td>Material<\/td><td>Aleaci\u00f3n de aluminio<\/td><\/tr><tr><td>Resistencia clim\u00e1tica<\/td><td>IP54 (a prueba de viento, lluvia y polvo)<\/td><\/tr><tr><td>Peso del producto<\/td><td>300g<\/td><\/tr><tr><td>Dimensiones del producto<\/td><td>530 \u00d7 \u00d828 mm<\/td><\/tr><tr><td>Peso del paquete<\/td><td>0.64 kg<\/td><\/tr><tr><td>Dimensiones del paquete<\/td><td>215 \u00d7 156 \u00d7 94 mm<\/td><\/tr><tr><td>Contenido de la caja<\/td><td>Luz RM 03 + accesorios completos<\/td><\/tr><tr><td>C\u00f3digo del producto (SKU)<\/td><td>5480<\/td><\/tr><\/tbody><\/table><\/figure>\n","protected":false},"excerpt":{"rendered":"<ul>\n<li data-start=\"344\" data-end=\"431\">Iluminaci\u00f3n macro profesional con <strong data-start=\"378\" data-end=\"395\">5 colores LED<\/strong> y accesorios creativos incluidos.<\/li>\n<li data-start=\"434\" data-end=\"526\"><strong data-start=\"434\" data-end=\"458\">Flexible y ajustable<\/strong>: brazo articulado que permite dirigir la luz en cualquier \u00e1ngulo.<\/li>\n<li data-start=\"529\" data-end=\"639\"><strong data-start=\"529\" data-end=\"566\">Alta precisi\u00f3n de posicionamiento<\/strong> con resorte met\u00e1lico interno (m\u00e1s de 1.000 flexiones sin deformaci\u00f3n).<\/li>\n<li data-start=\"642\" data-end=\"728\"><strong data-start=\"642\" data-end=\"669\">Control total de la luz<\/strong> con 5 niveles de brillo y enfoque ajustable de 4\u00b0 a 32\u00b0.<\/li>\n<li data-start=\"731\" data-end=\"816\"><strong data-start=\"731\" data-end=\"771\">Resistente a las inclemencias (IP54)<\/strong>: protecci\u00f3n contra viento, lluvia y polvo.<\/li>\n<li data-start=\"819\" data-end=\"928\"><strong data-start=\"819\" data-end=\"848\">Bater\u00eda de larga duraci\u00f3n<\/strong> (2000mAh) con 140 minutos de autonom\u00eda y posibilidad de uso durante la carga.<\/li>\n<li data-start=\"931\" data-end=\"1027\">Ideal para <strong data-start=\"942\" data-end=\"1024\">fotograf\u00eda de insectos, plantas, miniaturas y objetos peque\u00f1os en primer plano<\/strong>.<\/li>\n<\/ul>\n","protected":false},"featured_media":88158,"comment_status":"open","ping_status":"closed","template":"","meta":{"_acf_changed":false},"product_brand":[2550],"product_cat":[972,977],"product_tag":[],"class_list":{"0":"post-88156","1":"product","2":"type-product","3":"status-publish","4":"has-post-thumbnail","6":"product_brand-smallrig-es","7":"product_cat-fotografia-macro-es","8":"product_cat-iluminacion-2","10":"first","11":"instock","12":"taxable","13":"shipping-taxable","14":"purchasable","15":"product-type-simple"},"bundled_by":[],"bundle_stock_status":"instock","bundle_stock_quantity":2,"bundle_virtual":false,"bundle_layout":"","bundle_add_to_cart_form_location":"","bundle_editable_in_cart":false,"bundle_sold_individually_context":"","bundle_item_grouping":"","bundle_min_size":"","bundle_max_size":"","bundle_price":[],"bundled_items":[],"bundle_sell_ids":[],"acf":[],"_links":{"self":[{"href":"https:\/\/hi-techwonder.com\/es\/wp-json\/wp\/v2\/product\/88156","targetHints":{"allow":["GET"]}}],"collection":[{"href":"https:\/\/hi-techwonder.com\/es\/wp-json\/wp\/v2\/product"}],"about":[{"href":"https:\/\/hi-techwonder.com\/es\/wp-json\/wp\/v2\/types\/product"}],"replies":[{"embeddable":true,"href":"https:\/\/hi-techwonder.com\/es\/wp-json\/wp\/v2\/comments?post=88156"}],"wp:featuredmedia":[{"embeddable":true,"href":"https:\/\/hi-techwonder.com\/es\/wp-json\/wp\/v2\/media\/88158"}],"wp:attachment":[{"href":"https:\/\/hi-techwonder.com\/es\/wp-json\/wp\/v2\/media?parent=88156"}],"wp:term":[{"taxonomy":"product_brand","embeddable":true,"href":"https:\/\/hi-techwonder.com\/es\/wp-json\/wp\/v2\/product_brand?post=88156"},{"taxonomy":"product_cat","embeddable":true,"href":"https:\/\/hi-techwonder.com\/es\/wp-json\/wp\/v2\/product_cat?post=88156"},{"taxonomy":"product_tag","embeddable":true,"href":"https:\/\/hi-techwonder.com\/es\/wp-json\/wp\/v2\/product_tag?post=88156"}],"curies":[{"name":"wp","href":"https:\/\/api.w.org\/{rel}","templated":true}]}}