{"id":89141,"date":"2025-10-20T16:50:22","date_gmt":"2025-10-20T16:50:22","guid":{"rendered":"https:\/\/hi-techwonder.com\/product\/dji-osmo-360-lentes-de-protecao\/"},"modified":"2026-02-26T17:51:49","modified_gmt":"2026-02-26T17:51:49","slug":"dji-osmo-360-lentes-de-protecao","status":"publish","type":"product","link":"https:\/\/hi-techwonder.com\/es\/producto\/dji-osmo-360-lentes-de-protecao\/","title":{"rendered":"DJI Osmo 360 Lentes de Prote\u00e7\u00e3o"},"content":{"rendered":"\n<h2 class=\"wp-block-heading\">DJI Osmo 360 Lentes de Prote\u00e7\u00e3o<\/h2>\n\n\n\n<div id=\"wd-abc6277c\" class=\"wp-block-wd-video wd-el-video wd-action-without wd-video-external wd-with-aspect-ratio wd-custom-width\"><iframe allowfullscreen allow=\"accelerometer; autoplay; encrypted-media; gyroscope; picture-in-picture\" width=\"100%\" height=\"100%\" loading=\"lazy\" src=\"https:\/\/www.youtube.com\/embed\/OklNVNKftJ8?feature=oembed&amp;controls=1\"><\/iframe><\/div>\n\n\n\n<p id=\"wd-b2da5a5e\" class=\"wp-block-wd-paragraph\">Las lentes protectoras del Osmo 360 son el escudo invisible que protege tu c\u00e1mara en cualquier aventura. Dise\u00f1adas con precisi\u00f3n para el Osmo 360, estas protecciones ofrecen una defensa eficaz contra ara\u00f1azos, polvo y peque\u00f1os impactos, sin interferir en la claridad de tus grabaciones.<\/p>\n\n\n\n<p id=\"wd-24fc05b8\" class=\"wp-block-wd-paragraph\">El cristal \u00f3ptico multicapa con revestimiento antirreflectante garantiza una transmisi\u00f3n de luz superior y reduce los reflejos, preservando el contraste, los colores y los detalles de tus im\u00e1genes 360\u00b0. Gracias a su perfecto ajuste, se mantienen firmes incluso en condiciones exigentes o durante movimientos intensos.<\/p>\n\n\n\n<p>Con un dise\u00f1o ligero, discreto y totalmente transparente, los protectores pr\u00e1cticamente desaparecen a la vista, pero marcan la diferencia en la durabilidad de tu equipo. Son el complemento ideal para quienes exigen calidad y seguridad en cada grabaci\u00f3n.<\/p>\n\n\n\n<div class=\"wp-block-media-text has-media-on-the-right is-stacked-on-mobile\" style=\"grid-template-columns:auto 35%\"><div class=\"wp-block-media-text__content\">\n<h4 class=\"wp-block-heading\">Contenido del paquete<\/h4>\n\n\n\n<p id=\"wd-b928b57e\" class=\"wp-block-wd-paragraph\">2x Protetores de lente transparentes Osmo 360<\/p>\n\n\n\n<p id=\"wd-e1fe6ea7\" class=\"wp-block-wd-paragraph\">1x Pa\u00f1o de limpieza para lentes Osmo<\/p>\n<\/div><figure class=\"wp-block-media-text__media\"><img loading=\"lazy\" decoding=\"async\" width=\"1024\" height=\"683\" src=\"https:\/\/hi-techwonder.com\/wp-content\/themes\/woodmart\/images\/lazy.svg\" data-src=\"https:\/\/hi-techwonder.com\/wp-content\/uploads\/2025\/10\/e7edd1907e795c4e50c2bfa5e1a590c8@origin-1-1024x683.jpg\" alt=\"\" class=\"wp-image-89140 size-full\" srcset=\"\" data-srcset=\"https:\/\/hi-techwonder.com\/wp-content\/uploads\/2025\/10\/e7edd1907e795c4e50c2bfa5e1a590c8@origin-1-1024x683.jpg 1024w, https:\/\/hi-techwonder.com\/wp-content\/uploads\/2025\/10\/e7edd1907e795c4e50c2bfa5e1a590c8@origin-1-300x200.jpg 300w, https:\/\/hi-techwonder.com\/wp-content\/uploads\/2025\/10\/e7edd1907e795c4e50c2bfa5e1a590c8@origin-1-768x512.jpg 768w, https:\/\/hi-techwonder.com\/wp-content\/uploads\/2025\/10\/e7edd1907e795c4e50c2bfa5e1a590c8@origin-1-1200x800.jpg 1200w, https:\/\/hi-techwonder.com\/wp-content\/uploads\/2025\/10\/e7edd1907e795c4e50c2bfa5e1a590c8@origin-1-150x100.jpg 150w, https:\/\/hi-techwonder.com\/wp-content\/uploads\/2025\/10\/e7edd1907e795c4e50c2bfa5e1a590c8@origin-1.jpg 1500w\" sizes=\"auto, (max-width: 1024px) 100vw, 1024px\" \/><\/figure><\/div>\n\n\n\n<figure class=\"wp-block-table\"><table class=\"has-fixed-layout\"><thead><tr><th><strong>Categor\u00eda<\/strong><\/th><th><strong>Detalles<\/strong><\/th><\/tr><\/thead><tbody><tr><td><strong>Compatibilidad<\/strong><\/td><td>Osmo 360<\/td><\/tr><tr><td><strong>Dimensiones<\/strong><\/td><td>38 \u00d7 18,5 \u00d7 41 mm (L \u00d7 A \u00d7 H)<\/td><\/tr><tr><td><strong>Peso<\/strong><\/td><td>4 g (2 piezas)<\/td><\/tr><tr><td><strong>Material<\/strong><\/td><td>Vidrio \u00f3ptico multicapa<\/td><\/tr><tr><td><strong>Revestimiento<\/strong><\/td><td>Antirreflejos y alta transmisi\u00f3n de luz<\/td><\/tr><tr><td><strong>Uso bajo el agua<\/strong><\/td><td>No recomendado<\/td><\/tr><tr><td><strong>Cantidad de protectores<\/strong><\/td><td>2<\/td><\/tr><tr><td><strong>Accesorios incluidos<\/strong><\/td><td>Pa\u00f1o de limpieza Osmo<\/td><\/tr><\/tbody><\/table><\/figure>\n","protected":false},"excerpt":{"rendered":"<ul>\n<li data-start=\"70\" data-end=\"114\">Dise\u00f1ados espec\u00edficamente para el Osmo 360<\/li>\n<li data-start=\"117\" data-end=\"165\">Protecci\u00f3n contra ara\u00f1azos, polvo y da\u00f1os f\u00edsicos<\/li>\n<li data-start=\"168\" data-end=\"245\">Cristal \u00f3ptico multicapa con revestimiento antirreflectante y alta transparencia<\/li>\n<li data-start=\"248\" data-end=\"295\">Mantiene la nitidez y el detalle de las im\u00e1genes de 360\u00b0<\/li>\n<li data-start=\"298\" data-end=\"360\">Ajuste firme y seguro sin comprometer la calidad de la imagen<\/li>\n<li data-start=\"363\" data-end=\"420\">Ideal para filmaciones en exteriores y condiciones extremas<\/li>\n<li data-start=\"423\" data-end=\"473\">Peso ultraligero de solo 4 g (par de protectores)<\/li>\n<li data-start=\"476\" data-end=\"529\">Incluye pa\u00f1o de limpieza profesional para el mantenimiento<\/li>\n<\/ul>\n","protected":false},"featured_media":89142,"comment_status":"open","ping_status":"closed","template":"","meta":{"_acf_changed":false},"product_brand":[2542],"product_cat":[926],"product_tag":[],"class_list":{"0":"post-89141","1":"product","2":"type-product","3":"status-publish","4":"has-post-thumbnail","6":"product_brand-dji-es","7":"product_cat-acessorios-accion-360o","9":"first","10":"instock","11":"taxable","12":"shipping-taxable","13":"purchasable","14":"product-type-simple"},"bundled_by":[],"bundle_stock_status":"instock","bundle_stock_quantity":1,"bundle_virtual":false,"bundle_layout":"","bundle_add_to_cart_form_location":"","bundle_editable_in_cart":false,"bundle_sold_individually_context":"","bundle_item_grouping":"","bundle_min_size":"","bundle_max_size":"","bundle_price":[],"bundled_items":[],"bundle_sell_ids":[],"acf":[],"_links":{"self":[{"href":"https:\/\/hi-techwonder.com\/es\/wp-json\/wp\/v2\/product\/89141","targetHints":{"allow":["GET"]}}],"collection":[{"href":"https:\/\/hi-techwonder.com\/es\/wp-json\/wp\/v2\/product"}],"about":[{"href":"https:\/\/hi-techwonder.com\/es\/wp-json\/wp\/v2\/types\/product"}],"replies":[{"embeddable":true,"href":"https:\/\/hi-techwonder.com\/es\/wp-json\/wp\/v2\/comments?post=89141"}],"wp:featuredmedia":[{"embeddable":true,"href":"https:\/\/hi-techwonder.com\/es\/wp-json\/wp\/v2\/media\/89142"}],"wp:attachment":[{"href":"https:\/\/hi-techwonder.com\/es\/wp-json\/wp\/v2\/media?parent=89141"}],"wp:term":[{"taxonomy":"product_brand","embeddable":true,"href":"https:\/\/hi-techwonder.com\/es\/wp-json\/wp\/v2\/product_brand?post=89141"},{"taxonomy":"product_cat","embeddable":true,"href":"https:\/\/hi-techwonder.com\/es\/wp-json\/wp\/v2\/product_cat?post=89141"},{"taxonomy":"product_tag","embeddable":true,"href":"https:\/\/hi-techwonder.com\/es\/wp-json\/wp\/v2\/product_tag?post=89141"}],"curies":[{"name":"wp","href":"https:\/\/api.w.org\/{rel}","templated":true}]}}