{"id":89185,"date":"2025-10-21T11:43:08","date_gmt":"2025-10-21T11:43:08","guid":{"rendered":"https:\/\/hi-techwonder.com\/product\/panasonic-lumix-s9-corpo-cinza\/"},"modified":"2026-04-21T17:09:03","modified_gmt":"2026-04-21T16:09:03","slug":"panasonic-lumix-panasonic-es-panasonic-lumix-s9-corpo-cinza","status":"publish","type":"product","link":"https:\/\/hi-techwonder.com\/es\/producto\/panasonic-lumix-panasonic-es-panasonic-lumix-s9-corpo-cinza\/","title":{"rendered":"PANASONIC Lumix S9 Cuerpo (Gris)"},"content":{"rendered":"\n<h2 class=\"wp-block-heading\">PANASONIC Lumix S9 Cuerpo (Gris)<\/h2>\n\n\n\n<div id=\"wd-abc6277c\" class=\"wp-block-wd-video wd-el-video wd-action-without wd-video-external wd-with-aspect-ratio wd-custom-width\"><iframe allowfullscreen allow=\"accelerometer; autoplay; encrypted-media; gyroscope; picture-in-picture\" width=\"100%\" height=\"100%\" loading=\"lazy\" src=\"https:\/\/www.youtube.com\/embed\/9AfSqkDKSU8?feature=oembed&amp;controls=1\"><\/iframe><\/div>\n\n\n\n<p id=\"wd-5d9062d3\" class=\"wp-block-wd-paragraph\">La <strong>Panasonic Lumix S9<\/strong> marca una revoluci\u00f3n en el mundo de las c\u00e1maras mirrorless full frame. Compacta, ligera y sorprendentemente elegante, combina la potencia de un sensor full frame de 24.2MP con grabaci\u00f3n de v\u00eddeo 6K30p 10-bit, todo en un cuerpo dise\u00f1ado para creadores modernos que exigen movilidad sin comprometer la calidad.<\/p>\n\n\n\n<p id=\"wd-e09ded6f\" class=\"wp-block-wd-paragraph\">El <strong>LUT en Tiempo Real<\/strong> transforma la est\u00e9tica visual directamente en la c\u00e1mara, permitiendo aplicar estilos de color personalizados antes incluso de compartir el contenido. Con la aplicaci\u00f3n <strong>LUMIX Lab<\/strong>, las fotos y v\u00eddeos se transfieren al smartphone en segundos, manteniendo un flujo creativo continuo \u2014 de la captura a la publicaci\u00f3n en menos de 30 segundos.<\/p>\n\n\n\n<p id=\"wd-217ea575\" class=\"wp-block-wd-paragraph\">La <strong>estabilizaci\u00f3n de imagen de 5 ejes<\/strong>, combinada con el <strong>autofoco h\u00edbrido por detecci\u00f3n de fase<\/strong>, garantiza tomas estables y precisas en cualquier situaci\u00f3n, incluso en movimiento. La <strong>funci\u00f3n Crop Zoom &amp; Hybrid Zoom<\/strong> ampl\u00eda las posibilidades de encuadre, permitiendo crear distintos planos sin cambiar de lente.<\/p>\n\n\n\n<p id=\"wd-2b87dccd\" class=\"wp-block-wd-paragraph\">La Lumix S9 Silver no es solo una c\u00e1mara: es un estudio port\u00e1til de creaci\u00f3n, dise\u00f1ado para seguir el ritmo de quienes viven la creatividad cada d\u00eda.<\/p>\n\n\n\n<div class=\"wp-block-media-text has-media-on-the-right is-stacked-on-mobile\" style=\"grid-template-columns:auto 35%\"><div class=\"wp-block-media-text__content\">\n<h4 class=\"wp-block-heading\">Conte\u00fado da Embalagem<\/h4>\n\n\n\n<ul class=\"wp-block-list\">\n<li>Cuerpo de c\u00e1mara Panasonic Lumix S9 (Silver)<\/li>\n\n\n\n<li>Tapa del cuerpo<\/li>\n\n\n\n<li>Bater\u00eda recargable<\/li>\n\n\n\n<li>Correa de hombro<\/li>\n\n\n\n<li>Cable USB de carga<\/li>\n\n\n\n<li>Manual del usuario<\/li>\n<\/ul>\n<\/div><figure class=\"wp-block-media-text__media\"><img loading=\"lazy\" decoding=\"async\" width=\"1024\" height=\"768\" src=\"https:\/\/hi-techwonder.com\/wp-content\/themes\/woodmart\/images\/lazy.svg\" data-src=\"https:\/\/hi-techwonder.com\/wp-content\/uploads\/2025\/10\/image001-1-1024x768.png\" alt=\"\" class=\"wp-image-89167 size-full\" srcset=\"\" data-srcset=\"https:\/\/hi-techwonder.com\/wp-content\/uploads\/2025\/10\/image001-1-1024x768.png 1024w, https:\/\/hi-techwonder.com\/wp-content\/uploads\/2025\/10\/image001-1-300x225.png 300w, https:\/\/hi-techwonder.com\/wp-content\/uploads\/2025\/10\/image001-1-768x576.png 768w, https:\/\/hi-techwonder.com\/wp-content\/uploads\/2025\/10\/image001-1-1200x900.png 1200w, https:\/\/hi-techwonder.com\/wp-content\/uploads\/2025\/10\/image001-1-150x113.png 150w, https:\/\/hi-techwonder.com\/wp-content\/uploads\/2025\/10\/image001-1.png 1500w\" sizes=\"auto, (max-width: 1024px) 100vw, 1024px\" \/><\/figure><\/div>\n\n\n\n<figure class=\"wp-block-table\"><table class=\"has-fixed-layout\"><thead><tr><th><strong>Atributo<\/strong><\/th><th><strong>Especificaci\u00f3n<\/strong><\/th><\/tr><\/thead><tbody><tr><td><strong>Tipo<\/strong><\/td><td>C\u00e1mara Digital Mirrorless de Lente Intercambiable<\/td><\/tr><tr><td><strong>Montura de Lente<\/strong><\/td><td>L-Mount<\/td><\/tr><tr><td><strong>Sensor de Imagen<\/strong><\/td><td>CMOS Full Frame 35mm (35.6mm x 23.8mm)<\/td><\/tr><tr><td><strong>P\u00edxeles Efectivos \/ Totales<\/strong><\/td><td>24.20MP \/ 25.30MP<\/td><\/tr><tr><td><strong>Revestimiento Antirreflejo<\/strong><\/td><td>S\u00ed<\/td><\/tr><tr><td><strong>Relaci\u00f3n \/ Filtro de Color<\/strong><\/td><td>3:2 \/ Filtro de color primario<\/td><\/tr><tr><td><strong>Reducci\u00f3n de Polvo<\/strong><\/td><td>Desplazamiento del sensor<\/td><\/tr><tr><td><strong>Rango Din\u00e1mico (V-Log)<\/strong><\/td><td>14+ pasos<\/td><\/tr><tr><td><strong>Formatos de Imagen<\/strong><\/td><td>JPEG (DCF, Exif 3.0), RAW<\/td><\/tr><tr><td><strong>Proporciones<\/strong><\/td><td>4:3, 3:2, 16:9, 1:1, 65:24, 2:1<\/td><\/tr><tr><td><strong>Formatos de V\u00eddeo<\/strong><\/td><td>MOV, MP4, MP4(Lite); H.264 \/ H.265<\/td><\/tr><tr><td><strong>Audio<\/strong><\/td><td>LPCM \/ AAC (2 canales)<\/td><\/tr><tr><td><strong>Resoluci\u00f3n de V\u00eddeo<\/strong><\/td><td>6K (5952\u00d73968) 29.97p, 200Mbps (10-bit)<\/td><\/tr><tr><td><strong>Monitor<\/strong><\/td><td>LCD TFT t\u00e1ctil de 3.0&#8243; (1.84M puntos)<\/td><\/tr><tr><td><strong>Campo de Visi\u00f3n<\/strong><\/td><td>Aproximadamente 100%<\/td><\/tr><tr><td><strong>Autofoco<\/strong><\/td><td>Detecci\u00f3n por Fase + Contraste (AF H\u00edbrido)<\/td><\/tr><tr><td><strong>Modos de Enfoque<\/strong><\/td><td>AFS \/ AFC \/ MF<\/td><\/tr><tr><td><strong>Estabilizaci\u00f3n<\/strong><\/td><td>5 ejes B.I.S. \/ Dual I.S. 2 hasta 6.5-stop<\/td><\/tr><tr><td><strong>Obturador<\/strong><\/td><td>Electr\u00f3nico, hasta 1\/8000s<\/td><\/tr><tr><td><strong>Balance de Blancos<\/strong><\/td><td>Autom\u00e1tico, Luz de D\u00eda, Nublado, Sombra, Incandescente, Manual<\/td><\/tr><tr><td><strong>Conectividad<\/strong><\/td><td>Wi-Fi, Bluetooth, App LUMIX Lab<\/td><\/tr><tr><td><strong>Temperatura de Operaci\u00f3n<\/strong><\/td><td>0\u00b0C a 40\u00b0C<\/td><\/tr><tr><td><strong>Accesorios Incluidos<\/strong><\/td><td>Tapa del cuerpo, bater\u00eda, correa, software LUMIX Lab\/Sync\/Tether<\/td><\/tr><\/tbody><\/table><\/figure>\n","protected":false},"excerpt":{"rendered":"<p>\u2022 Sensor CMOS Full Frame de 24.2MP para im\u00e1genes n\u00edtidas y detalladas<br data-start=\"217\" data-end=\"220\" \/>\u2022 Dise\u00f1o compacto, ligero y elegante con acabado plateado<br data-start=\"277\" data-end=\"280\" \/>\u2022 Grabaci\u00f3n de v\u00eddeo 6K30p y C4K\/4K60p 10-bit para resultados cinematogr\u00e1ficos<br data-start=\"358\" data-end=\"361\" \/>\u2022 Estabilizaci\u00f3n de imagen de 5 ejes con desplazamiento del sensor<br data-start=\"427\" data-end=\"430\" \/>\u2022 LUT en tiempo real para estilos de color instant\u00e1neos y personalizados<br data-start=\"502\" data-end=\"505\" \/>\u2022 Pantalla LCD t\u00e1ctil abatible de 3\u201d con 1,84M puntos<br data-start=\"558\" data-end=\"561\" \/>\u2022 Autofoco h\u00edbrido r\u00e1pido con detecci\u00f3n por fase<br data-start=\"609\" data-end=\"612\" \/>\u2022 Transferencia veloz mediante la app LUMIX Lab con Wi-Fi<\/p>\n","protected":false},"featured_media":89222,"comment_status":"open","ping_status":"closed","template":"","meta":{"_acf_changed":false},"product_brand":[2536],"product_cat":[932],"product_tag":[],"class_list":{"0":"post-89185","1":"product","2":"type-product","3":"status-publish","4":"has-post-thumbnail","6":"product_brand-panasonic-es","7":"product_cat-mirrorless-es","8":"pa_cartoes-memoria-compativeis-sd-es","9":"pa_cor-gris","10":"pa_estabilizacao-de-imagem-si","11":"pa_iso-51200-es","12":"pa_montagem-l-mount-es","13":"pa_resolucao-de-video-6k-es","14":"pa_resolucao-mp-24-mp-es","15":"pa_sensor-fotograma-completo","16":"pa_tamanho-resolucao-lcd-3-0-1-84m-puntos","17":"pa_tipo-de-lcd-totalmente-articulada","19":"first","20":"onbackorder","21":"taxable","22":"shipping-taxable","23":"purchasable","24":"product-type-simple"},"bundled_by":[],"bundle_stock_status":"onbackorder","bundle_stock_quantity":null,"bundle_virtual":false,"bundle_layout":"","bundle_add_to_cart_form_location":"","bundle_editable_in_cart":false,"bundle_sold_individually_context":"","bundle_item_grouping":"","bundle_min_size":"","bundle_max_size":"","bundle_price":[],"bundled_items":[],"bundle_sell_ids":[],"acf":[],"_links":{"self":[{"href":"https:\/\/hi-techwonder.com\/es\/wp-json\/wp\/v2\/product\/89185","targetHints":{"allow":["GET"]}}],"collection":[{"href":"https:\/\/hi-techwonder.com\/es\/wp-json\/wp\/v2\/product"}],"about":[{"href":"https:\/\/hi-techwonder.com\/es\/wp-json\/wp\/v2\/types\/product"}],"replies":[{"embeddable":true,"href":"https:\/\/hi-techwonder.com\/es\/wp-json\/wp\/v2\/comments?post=89185"}],"wp:featuredmedia":[{"embeddable":true,"href":"https:\/\/hi-techwonder.com\/es\/wp-json\/wp\/v2\/media\/89222"}],"wp:attachment":[{"href":"https:\/\/hi-techwonder.com\/es\/wp-json\/wp\/v2\/media?parent=89185"}],"wp:term":[{"taxonomy":"product_brand","embeddable":true,"href":"https:\/\/hi-techwonder.com\/es\/wp-json\/wp\/v2\/product_brand?post=89185"},{"taxonomy":"product_cat","embeddable":true,"href":"https:\/\/hi-techwonder.com\/es\/wp-json\/wp\/v2\/product_cat?post=89185"},{"taxonomy":"product_tag","embeddable":true,"href":"https:\/\/hi-techwonder.com\/es\/wp-json\/wp\/v2\/product_tag?post=89185"}],"curies":[{"name":"wp","href":"https:\/\/api.w.org\/{rel}","templated":true}]}}