{"id":89238,"date":"2025-10-22T09:54:19","date_gmt":"2025-10-22T09:54:19","guid":{"rendered":"https:\/\/hi-techwonder.com\/product\/panasonic-lumix-s9-s-18-40mm-f-4-5-6-3-cinza\/"},"modified":"2026-04-24T17:42:04","modified_gmt":"2026-04-24T16:42:04","slug":"panasonic-lumix-panasonic-es-panasonic-lumix-s9-s-18-40mm-f-4-5-6-3-cinza","status":"publish","type":"product","link":"https:\/\/hi-techwonder.com\/es\/producto\/panasonic-lumix-panasonic-es-panasonic-lumix-s9-s-18-40mm-f-4-5-6-3-cinza\/","title":{"rendered":"PANASONIC Lumix S9 + S 18-40mm f\/4.5-6.3 (Gris)"},"content":{"rendered":"\n<h2 class=\"wp-block-heading\">PANASONIC Lumix S9 + S 18-40mm f\/4.5-6.3 (Gris)<\/h2>\n\n\n\n<div id=\"wd-abc6277c\" class=\"wp-block-wd-video wd-el-video wd-action-without wd-video-external wd-with-aspect-ratio wd-custom-width\"><iframe allowfullscreen allow=\"accelerometer; autoplay; encrypted-media; gyroscope; picture-in-picture\" width=\"100%\" height=\"100%\" loading=\"lazy\" src=\"https:\/\/www.youtube.com\/embed\/9AfSqkDKSU8?feature=oembed&amp;controls=1\"><\/iframe><\/div>\n\n\n\n<p id=\"wd-1d8b0c2b\" class=\"wp-block-wd-paragraph\">La Panasonic Lumix S9 Silver \/ Black redefine lo que significa una c\u00e1mara full frame compacta. Es la m\u00e1s peque\u00f1a y ligera de la serie LUMIX S, pero con un rendimiento que rivaliza con modelos mucho m\u00e1s grandes. Su sensor CMOS de 24.2MP y el enfoque autom\u00e1tico por detecci\u00f3n de fase (PDAF) ofrecen im\u00e1genes n\u00edtidas, colores vibrantes y un rendimiento excepcional incluso en condiciones de poca luz.<\/p>\n\n\n\n<p id=\"wd-da4fc50d\" class=\"wp-block-wd-paragraph\">El dise\u00f1o minimalista y sofisticado, en combinaci\u00f3n de plata y negro, equilibra perfectamente estilo y funcionalidad. La estabilizaci\u00f3n de imagen de 5 ejes Dual I.S. 2 garantiza capturas estables tanto en fotograf\u00eda como en v\u00eddeo, mientras que la funci\u00f3n REAL TIME LUT permite aplicar estilos de color personalizados directamente en la c\u00e1mara, ideal para creadores que buscan identidad visual y eficiencia.<\/p>\n\n\n\n<p id=\"wd-49f7379c\" class=\"wp-block-wd-paragraph\">El kit incluye el objetivo LUMIX S 18\u201340mm f\/4.5\u20136.3, uno de los m\u00e1s ligeros del mundo en formato full frame. Su rango focal ofrece versatilidad para paisajes, retratos y fotograf\u00eda urbana, con un rendimiento de v\u00eddeo impecable gracias a la reducci\u00f3n de \u201cfocus breathing\u201d.<\/p>\n\n\n\n<p id=\"wd-44be9b31\" class=\"wp-block-wd-paragraph\">Compacta, potente y conectada, la Lumix S9 es el compa\u00f1ero ideal para transformar cada momento cotidiano en una historia visual cinematogr\u00e1fica.<\/p>\n\n\n\n<div class=\"wp-block-media-text has-media-on-the-right is-stacked-on-mobile\" style=\"grid-template-columns:auto 35%\"><div class=\"wp-block-media-text__content\">\n<h4 class=\"wp-block-heading\">Contenido de la Caja<\/h4>\n\n\n\n<ul id=\"wd-021555e7\" class=\"wp-block-wd-list wd-list wd-type-unordered wd-style-default\">\n<li id=\"wd-bf4d272f\" class=\"wp-block-wd-list-item\"><div class=\"wd-icon\"><\/div><span class=\"wd-list-content\">C\u00e1mara Panasonic Lumix S9 Silver \/ Black<\/span><\/li>\n\n\n\n<li id=\"wd-bea111c7\" class=\"wp-block-wd-list-item\"><div class=\"wd-icon\"><\/div><span class=\"wd-list-content\">Objetivo Lumix S 18-40mm f\/4.5-6.3 L-Mount<\/span><\/li>\n\n\n\n<li id=\"wd-907d03e3\" class=\"wp-block-wd-list-item\"><div class=\"wd-icon\"><\/div><span class=\"wd-list-content\">Tapa del cuerpo<\/span><\/li>\n\n\n\n<li id=\"wd-35e1c76a\" class=\"wp-block-wd-list-item\"><div class=\"wd-icon\"><\/div><span class=\"wd-list-content\">Cubierta de zapata<\/span><\/li>\n\n\n\n<li id=\"wd-4ecab8a7\" class=\"wp-block-wd-list-item\"><div class=\"wd-icon\"><\/div><span class=\"wd-list-content\">Correia de ombro<\/span><\/li>\n\n\n\n<li id=\"wd-d866704f\" class=\"wp-block-wd-list-item\"><div class=\"wd-icon\"><\/div><span class=\"wd-list-content\">Bater\u00eda DMW-BLK22 (Li-ion, 2200mAh)<\/span><\/li>\n\n\n\n<li id=\"wd-c9d707e6\" class=\"wp-block-wd-list-item\"><div class=\"wd-icon\"><\/div><span class=\"wd-list-content\">Carga USB-C<\/span><\/li>\n\n\n\n<li id=\"wd-541e5901\" class=\"wp-block-wd-list-item\"><div class=\"wd-icon\"><\/div><span class=\"wd-list-content\">Manual y software LUMIX Lab \/ LUMIX Sync<\/span><\/li>\n<\/ul>\n<\/div><figure class=\"wp-block-media-text__media\"><img loading=\"lazy\" decoding=\"async\" width=\"1024\" height=\"1024\" src=\"https:\/\/hi-techwonder.com\/wp-content\/themes\/woodmart\/images\/lazy.svg\" data-src=\"https:\/\/hi-techwonder.com\/wp-content\/uploads\/2025\/10\/panasonic-s9-silver-black-01-1-1024x1024.jpg\" alt=\"\" class=\"wp-image-89230 size-full\" srcset=\"\" data-srcset=\"https:\/\/hi-techwonder.com\/wp-content\/uploads\/2025\/10\/panasonic-s9-silver-black-01-1-1024x1024.jpg 1024w, https:\/\/hi-techwonder.com\/wp-content\/uploads\/2025\/10\/panasonic-s9-silver-black-01-1-300x300.jpg 300w, https:\/\/hi-techwonder.com\/wp-content\/uploads\/2025\/10\/panasonic-s9-silver-black-01-1-150x150.jpg 150w, https:\/\/hi-techwonder.com\/wp-content\/uploads\/2025\/10\/panasonic-s9-silver-black-01-1-768x768.jpg 768w, https:\/\/hi-techwonder.com\/wp-content\/uploads\/2025\/10\/panasonic-s9-silver-black-01-1-600x600.jpg 600w, https:\/\/hi-techwonder.com\/wp-content\/uploads\/2025\/10\/panasonic-s9-silver-black-01-1-1200x1200.jpg 1200w, https:\/\/hi-techwonder.com\/wp-content\/uploads\/2025\/10\/panasonic-s9-silver-black-01-1.jpg 1500w\" sizes=\"auto, (max-width: 1024px) 100vw, 1024px\" \/><\/figure><\/div>\n\n\n\n<figure class=\"wp-block-table\"><table class=\"has-fixed-layout\"><thead><tr><th><strong>Categor\u00eda<\/strong><\/th><th><strong>Detalles<\/strong><\/th><\/tr><\/thead><tbody><tr><td><strong>Modelo<\/strong><\/td><td>Panasonic Lumix S9 Silver \/ Black + Lumix S 18-40mm f4.5-6.3 Kit<\/td><\/tr><tr><td><strong>Tipo<\/strong><\/td><td>C\u00e1mara sin espejo Full Frame (L-Mount)<\/td><\/tr><tr><td><strong>Sensor<\/strong><\/td><td>CMOS Full Frame, 24.2 megap\u00edxeles efectivos<\/td><\/tr><tr><td><strong>Estabilizaci\u00f3n<\/strong><\/td><td>Dual I.S. 2 (5 ejes, hasta 6.5 pasos)<\/td><\/tr><tr><td><strong>Objetivo Incluido<\/strong><\/td><td>Lumix S 18\u201340mm f\/4.5\u20136.3 L-Mount<\/td><\/tr><tr><td><strong>Apertura M\u00e1xima<\/strong><\/td><td>f\/4.5\u20136.3<\/td><\/tr><tr><td><strong>Distancia Focal<\/strong><\/td><td>18\u201340 mm<\/td><\/tr><tr><td><strong>Distancia M\u00ednima de Enfoque<\/strong><\/td><td>0.15 m<\/td><\/tr><tr><td><strong>Tama\u00f1o de Filtro<\/strong><\/td><td>62 mm<\/td><\/tr><tr><td><strong>Modos Creativos<\/strong><\/td><td>Vivid, Natural, Monochrome, Cinelike D2\/V2, REAL TIME LUT, V-Log, entre otros<\/td><\/tr><tr><td><strong>V\u00eddeo<\/strong><\/td><td>4K\/60p (APS-C), FHD\/30p (Full Frame)<\/td><\/tr><tr><td><strong>Autonom\u00eda (CIPA)<\/strong><\/td><td>Hasta 450 fotos<\/td><\/tr><tr><td><strong>Conectividad<\/strong><\/td><td>USB-C, LUMIX Lab, LUMIX Sync<\/td><\/tr><tr><td><strong>Dimensiones (AnxAlxPr)<\/strong><\/td><td>126 x 73.9 x 87.6 mm<\/td><\/tr><tr><td><strong>Peso<\/strong><\/td><td>486 g (con bater\u00eda y tarjeta SD)<\/td><\/tr><tr><td><strong>Bater\u00eda<\/strong><\/td><td>DMW-BLK22 Li-ion, 7.2V, 2200mAh, 16Wh<\/td><\/tr><tr><td><strong>Software Compatible<\/strong><\/td><td>LUMIX Lab \/ LUMIX Sync \/ LUMIX Tether<\/td><\/tr><\/tbody><\/table><\/figure>\n\n\n\n<figure class=\"wp-block-gallery has-nested-images columns-default is-cropped wp-block-gallery-1 is-layout-flex wp-block-gallery-is-layout-flex\">\n<figure class=\"wp-block-image size-large\"><img loading=\"lazy\" decoding=\"async\" width=\"1024\" height=\"683\" data-id=\"89232\" src=\"https:\/\/hi-techwonder.com\/wp-content\/themes\/woodmart\/images\/lazy.svg\" data-src=\"https:\/\/hi-techwonder.com\/wp-content\/uploads\/2025\/10\/0446543646-1024x683.jpg\" alt=\"\" class=\"wp-image-89232\" srcset=\"\" data-srcset=\"https:\/\/hi-techwonder.com\/wp-content\/uploads\/2025\/10\/0446543646-1024x683.jpg 1024w, https:\/\/hi-techwonder.com\/wp-content\/uploads\/2025\/10\/0446543646-300x200.jpg 300w, https:\/\/hi-techwonder.com\/wp-content\/uploads\/2025\/10\/0446543646-768x512.jpg 768w, https:\/\/hi-techwonder.com\/wp-content\/uploads\/2025\/10\/0446543646-150x100.jpg 150w, https:\/\/hi-techwonder.com\/wp-content\/uploads\/2025\/10\/0446543646.jpg 1200w\" sizes=\"auto, (max-width: 1024px) 100vw, 1024px\" \/><\/figure>\n\n\n\n<figure class=\"wp-block-image size-large\"><img loading=\"lazy\" decoding=\"async\" width=\"1024\" height=\"683\" data-id=\"89235\" src=\"https:\/\/hi-techwonder.com\/wp-content\/themes\/woodmart\/images\/lazy.svg\" data-src=\"https:\/\/hi-techwonder.com\/wp-content\/uploads\/2025\/10\/1271479332-1024x683.jpg\" alt=\"\" class=\"wp-image-89235\" srcset=\"\" data-srcset=\"https:\/\/hi-techwonder.com\/wp-content\/uploads\/2025\/10\/1271479332-1024x683.jpg 1024w, https:\/\/hi-techwonder.com\/wp-content\/uploads\/2025\/10\/1271479332-300x200.jpg 300w, https:\/\/hi-techwonder.com\/wp-content\/uploads\/2025\/10\/1271479332-768x512.jpg 768w, https:\/\/hi-techwonder.com\/wp-content\/uploads\/2025\/10\/1271479332-150x100.jpg 150w, https:\/\/hi-techwonder.com\/wp-content\/uploads\/2025\/10\/1271479332.jpg 1200w\" sizes=\"auto, (max-width: 1024px) 100vw, 1024px\" \/><\/figure>\n\n\n\n<figure class=\"wp-block-image size-large\"><img loading=\"lazy\" decoding=\"async\" width=\"1024\" height=\"683\" data-id=\"89234\" src=\"https:\/\/hi-techwonder.com\/wp-content\/themes\/woodmart\/images\/lazy.svg\" data-src=\"https:\/\/hi-techwonder.com\/wp-content\/uploads\/2025\/10\/2705258049-1024x683.jpg\" alt=\"\" class=\"wp-image-89234\" srcset=\"\" data-srcset=\"https:\/\/hi-techwonder.com\/wp-content\/uploads\/2025\/10\/2705258049-1024x683.jpg 1024w, https:\/\/hi-techwonder.com\/wp-content\/uploads\/2025\/10\/2705258049-300x200.jpg 300w, https:\/\/hi-techwonder.com\/wp-content\/uploads\/2025\/10\/2705258049-768x512.jpg 768w, https:\/\/hi-techwonder.com\/wp-content\/uploads\/2025\/10\/2705258049-150x100.jpg 150w, https:\/\/hi-techwonder.com\/wp-content\/uploads\/2025\/10\/2705258049.jpg 1200w\" sizes=\"auto, (max-width: 1024px) 100vw, 1024px\" \/><\/figure>\n\n\n\n<figure class=\"wp-block-image size-large\"><img loading=\"lazy\" decoding=\"async\" width=\"1024\" height=\"683\" data-id=\"89237\" src=\"https:\/\/hi-techwonder.com\/wp-content\/themes\/woodmart\/images\/lazy.svg\" data-src=\"https:\/\/hi-techwonder.com\/wp-content\/uploads\/2025\/10\/3420815611-1024x683.jpg\" alt=\"\" class=\"wp-image-89237\" srcset=\"\" data-srcset=\"https:\/\/hi-techwonder.com\/wp-content\/uploads\/2025\/10\/3420815611-1024x683.jpg 1024w, https:\/\/hi-techwonder.com\/wp-content\/uploads\/2025\/10\/3420815611-300x200.jpg 300w, https:\/\/hi-techwonder.com\/wp-content\/uploads\/2025\/10\/3420815611-768x512.jpg 768w, https:\/\/hi-techwonder.com\/wp-content\/uploads\/2025\/10\/3420815611-150x100.jpg 150w, https:\/\/hi-techwonder.com\/wp-content\/uploads\/2025\/10\/3420815611.jpg 1200w\" sizes=\"auto, (max-width: 1024px) 100vw, 1024px\" \/><\/figure>\n\n\n\n<figure class=\"wp-block-image size-large\"><img loading=\"lazy\" decoding=\"async\" width=\"1024\" height=\"683\" data-id=\"89233\" src=\"https:\/\/hi-techwonder.com\/wp-content\/themes\/woodmart\/images\/lazy.svg\" data-src=\"https:\/\/hi-techwonder.com\/wp-content\/uploads\/2025\/10\/3807195017-1024x683.jpg\" alt=\"\" class=\"wp-image-89233\" srcset=\"\" data-srcset=\"https:\/\/hi-techwonder.com\/wp-content\/uploads\/2025\/10\/3807195017-1024x683.jpg 1024w, https:\/\/hi-techwonder.com\/wp-content\/uploads\/2025\/10\/3807195017-300x200.jpg 300w, https:\/\/hi-techwonder.com\/wp-content\/uploads\/2025\/10\/3807195017-768x512.jpg 768w, https:\/\/hi-techwonder.com\/wp-content\/uploads\/2025\/10\/3807195017-150x100.jpg 150w, https:\/\/hi-techwonder.com\/wp-content\/uploads\/2025\/10\/3807195017.jpg 1200w\" sizes=\"auto, (max-width: 1024px) 100vw, 1024px\" \/><\/figure>\n\n\n\n<figure class=\"wp-block-image size-large\"><img loading=\"lazy\" decoding=\"async\" width=\"1024\" height=\"683\" data-id=\"89236\" src=\"https:\/\/hi-techwonder.com\/wp-content\/themes\/woodmart\/images\/lazy.svg\" data-src=\"https:\/\/hi-techwonder.com\/wp-content\/uploads\/2025\/10\/6291165278-1024x683.jpg\" alt=\"\" class=\"wp-image-89236\" srcset=\"\" data-srcset=\"https:\/\/hi-techwonder.com\/wp-content\/uploads\/2025\/10\/6291165278-1024x683.jpg 1024w, https:\/\/hi-techwonder.com\/wp-content\/uploads\/2025\/10\/6291165278-300x200.jpg 300w, https:\/\/hi-techwonder.com\/wp-content\/uploads\/2025\/10\/6291165278-768x512.jpg 768w, https:\/\/hi-techwonder.com\/wp-content\/uploads\/2025\/10\/6291165278-150x100.jpg 150w, https:\/\/hi-techwonder.com\/wp-content\/uploads\/2025\/10\/6291165278.jpg 1200w\" sizes=\"auto, (max-width: 1024px) 100vw, 1024px\" \/><\/figure>\n<\/figure>\n","protected":false},"excerpt":{"rendered":"<ul>\n<li data-start=\"156\" data-end=\"222\">La c\u00e1mara full frame sin espejo m\u00e1s compacta de la serie LUMIX S<\/li>\n<li data-start=\"225\" data-end=\"310\">Sensor CMOS de 24.2 megap\u00edxeles con enfoque autom\u00e1tico por detecci\u00f3n de fase (PDAF)<\/li>\n<li data-start=\"313\" data-end=\"384\">Incluye objetivo LUMIX S 18-40mm f\/4.5-6.3 L-Mount, ligero y vers\u00e1til<\/li>\n<li data-start=\"387\" data-end=\"465\">Sistema de estabilizaci\u00f3n Dual I.S. 2 de 5 ejes para fotos y v\u00eddeos estables<\/li>\n<li data-start=\"468\" data-end=\"530\">Dise\u00f1o elegante en plata y negro, liviano y port\u00e1til (486 g)<\/li>\n<li data-start=\"533\" data-end=\"613\">Total compatibilidad con la app LUMIX Lab para edici\u00f3n y uso compartido r\u00e1pido<\/li>\n<li data-start=\"616\" data-end=\"679\">Funci\u00f3n REAL TIME LUT para personalizaci\u00f3n creativa del color<\/li>\n<li data-start=\"682\" data-end=\"754\">Ideal para creadores de contenido, vloggers y fot\u00f3grafos en movimiento<\/li>\n<\/ul>\n","protected":false},"featured_media":89239,"comment_status":"open","ping_status":"closed","template":"","meta":{"_acf_changed":false},"product_brand":[2536],"product_cat":[932],"product_tag":[],"class_list":{"0":"post-89238","1":"product","2":"type-product","3":"status-publish","4":"has-post-thumbnail","6":"product_brand-panasonic-es","7":"product_cat-mirrorless-es","8":"pa_cartoes-memoria-compativeis-sd-es","9":"pa_cor-gris","10":"pa_estabilizacao-de-imagem-si","11":"pa_iso-51200-es","12":"pa_montagem-l-mount-es","13":"pa_resolucao-de-video-6k-es","14":"pa_resolucao-mp-24-mp-es","15":"pa_sensor-fotograma-completo","16":"pa_tamanho-resolucao-lcd-3-0-1-84m-puntos","17":"pa_tipo-de-lcd-totalmente-articulada","19":"first","20":"pre-order","21":"featured","22":"taxable","23":"shipping-taxable","24":"purchasable","25":"product-type-simple"},"bundled_by":[],"bundle_stock_status":"pre-order","bundle_stock_quantity":null,"bundle_virtual":false,"bundle_layout":"","bundle_add_to_cart_form_location":"","bundle_editable_in_cart":false,"bundle_sold_individually_context":"","bundle_item_grouping":"","bundle_min_size":"","bundle_max_size":"","bundle_price":[],"bundled_items":[],"bundle_sell_ids":[],"acf":[],"_links":{"self":[{"href":"https:\/\/hi-techwonder.com\/es\/wp-json\/wp\/v2\/product\/89238","targetHints":{"allow":["GET"]}}],"collection":[{"href":"https:\/\/hi-techwonder.com\/es\/wp-json\/wp\/v2\/product"}],"about":[{"href":"https:\/\/hi-techwonder.com\/es\/wp-json\/wp\/v2\/types\/product"}],"replies":[{"embeddable":true,"href":"https:\/\/hi-techwonder.com\/es\/wp-json\/wp\/v2\/comments?post=89238"}],"wp:featuredmedia":[{"embeddable":true,"href":"https:\/\/hi-techwonder.com\/es\/wp-json\/wp\/v2\/media\/89239"}],"wp:attachment":[{"href":"https:\/\/hi-techwonder.com\/es\/wp-json\/wp\/v2\/media?parent=89238"}],"wp:term":[{"taxonomy":"product_brand","embeddable":true,"href":"https:\/\/hi-techwonder.com\/es\/wp-json\/wp\/v2\/product_brand?post=89238"},{"taxonomy":"product_cat","embeddable":true,"href":"https:\/\/hi-techwonder.com\/es\/wp-json\/wp\/v2\/product_cat?post=89238"},{"taxonomy":"product_tag","embeddable":true,"href":"https:\/\/hi-techwonder.com\/es\/wp-json\/wp\/v2\/product_tag?post=89238"}],"curies":[{"name":"wp","href":"https:\/\/api.w.org\/{rel}","templated":true}]}}