{"id":89344,"date":"2025-10-23T10:55:09","date_gmt":"2025-10-23T10:55:09","guid":{"rendered":"https:\/\/hi-techwonder.com\/product\/nisi-filtro-pro-nano-huc-protector\/"},"modified":"2026-04-08T12:34:03","modified_gmt":"2026-04-08T11:34:03","slug":"nisi-nisioptics-nisi-filtro-pro-nano-huc-protector","status":"publish","type":"product","link":"https:\/\/hi-techwonder.com\/es\/producto\/nisi-nisioptics-nisi-filtro-pro-nano-huc-protector\/","title":{"rendered":"NiSi Filtro Pro Nano HUC Protector"},"content":{"rendered":"<p>El filtro NiSi Pro Nano HUC Protector est\u00e1 dise\u00f1ado para brindar la mejor protecci\u00f3n contra el polvo o los impactos en el elemento frontal de las lentes de las c\u00e1maras. Fabricado con vidrio de alta calidad con nano revestimiento en ambos lados, el filtro NiSi Pro Nano HUC Protector permite que el 99,3% de la luz lo atraviese. El marco est\u00e1 hecho de aluminio de alta calidad con un grosor de solo 5,2 mm.<\/p>\n<p>Adem\u00e1s, el pulido mate extrafino y el moleteado elaborado aseguran que el marco no palidecer\u00e1 debido a la rotaci\u00f3n repetida; estos marcos de filtro ultrafinos ayudan a evitar el vi\u00f1eteado en lentes s\u00faper gran angular.<\/p>\n","protected":false},"excerpt":{"rendered":"<ul>\n<li>Montura ultrafina para minimizar el vi\u00f1eteado en lentes gran angular<br data-start=\"68\" data-end=\"71\" \/>Revestimiento nano para una mejor transmisi\u00f3n de la luz<br data-start=\"126\" data-end=\"129\" \/>Superficie de vidrio de alta suavidad<\/li>\n<\/ul>\n","protected":false},"featured_media":89346,"comment_status":"open","ping_status":"closed","template":"","meta":{"_acf_changed":false},"product_brand":[2543],"product_cat":[1052],"product_tag":[],"class_list":{"0":"post-89344","1":"product","2":"type-product","3":"status-publish","4":"has-post-thumbnail","6":"product_brand-nisioptics-es","7":"product_cat-proteccion-uv","8":"pa_diametro-105mm-es","9":"pa_diametro-37mm-es","10":"pa_diametro-40-5mm-es","11":"pa_diametro-43mm-es","12":"pa_diametro-46mm-es","13":"pa_diametro-49mm-es","14":"pa_diametro-52mm-es","15":"pa_diametro-55mm-es","16":"pa_diametro-58mm-es","17":"pa_diametro-62mm-es","18":"pa_diametro-77mm-es","19":"pa_diametro-86mm-es","21":"first","22":"instock","23":"taxable","24":"shipping-taxable","25":"purchasable","26":"product-type-variable"},"bundled_by":[],"bundle_stock_status":"instock","bundle_stock_quantity":null,"bundle_virtual":false,"bundle_layout":"","bundle_add_to_cart_form_location":"","bundle_editable_in_cart":false,"bundle_sold_individually_context":"","bundle_item_grouping":"","bundle_min_size":"","bundle_max_size":"","bundle_price":[],"bundled_items":[],"bundle_sell_ids":[],"acf":[],"_links":{"self":[{"href":"https:\/\/hi-techwonder.com\/es\/wp-json\/wp\/v2\/product\/89344","targetHints":{"allow":["GET"]}}],"collection":[{"href":"https:\/\/hi-techwonder.com\/es\/wp-json\/wp\/v2\/product"}],"about":[{"href":"https:\/\/hi-techwonder.com\/es\/wp-json\/wp\/v2\/types\/product"}],"replies":[{"embeddable":true,"href":"https:\/\/hi-techwonder.com\/es\/wp-json\/wp\/v2\/comments?post=89344"}],"wp:featuredmedia":[{"embeddable":true,"href":"https:\/\/hi-techwonder.com\/es\/wp-json\/wp\/v2\/media\/89346"}],"wp:attachment":[{"href":"https:\/\/hi-techwonder.com\/es\/wp-json\/wp\/v2\/media?parent=89344"}],"wp:term":[{"taxonomy":"product_brand","embeddable":true,"href":"https:\/\/hi-techwonder.com\/es\/wp-json\/wp\/v2\/product_brand?post=89344"},{"taxonomy":"product_cat","embeddable":true,"href":"https:\/\/hi-techwonder.com\/es\/wp-json\/wp\/v2\/product_cat?post=89344"},{"taxonomy":"product_tag","embeddable":true,"href":"https:\/\/hi-techwonder.com\/es\/wp-json\/wp\/v2\/product_tag?post=89344"}],"curies":[{"name":"wp","href":"https:\/\/api.w.org\/{rel}","templated":true}]}}