{"id":91187,"date":"2025-11-06T16:06:53","date_gmt":"2025-11-06T16:06:53","guid":{"rendered":"https:\/\/hi-techwonder.com\/?post_type=product&#038;p=91187"},"modified":"2026-04-06T16:09:36","modified_gmt":"2026-04-06T15:09:36","slug":"tarion-titanrig-cart-carro-de-transporte-plegable-y-modular","status":"publish","type":"product","link":"https:\/\/hi-techwonder.com\/es\/producto\/tarion-titanrig-cart-carro-de-transporte-plegable-y-modular\/","title":{"rendered":"TARION TitanRig Cart \u2013 Carro de Transporte Plegable y Modular"},"content":{"rendered":"\n<h2 class=\"wp-block-heading\">TARION TitanRig Cart \u2013 Carro de Transporte Plegable y Modular<\/h2>\n\n\n\n<div id=\"wd-a82d4533\" class=\"wp-block-wd-video wd-el-video wd-action-without wd-video-external wd-with-aspect-ratio wd-custom-width\"><iframe allowfullscreen allow=\"accelerometer; autoplay; encrypted-media; gyroscope; picture-in-picture\" width=\"100%\" height=\"100%\" loading=\"lazy\" src=\"https:\/\/www.youtube.com\/embed\/XjAwipAxuo0?feature=oembed&amp;controls=1\"><\/iframe><\/div>\n\n\n\n<p id=\"wd-4ba2dae6\" class=\"wp-block-wd-paragraph\"><\/p>\n\n\n\n<p id=\"wd-e8a13f3f\" class=\"wp-block-wd-paragraph\">El <strong>TARION TitanRig Cart<\/strong> es la soluci\u00f3n definitiva para quienes necesitan <strong>movilidad, organizaci\u00f3n y resistencia<\/strong> en el transporte de equipos de producci\u00f3n. Gracias a su <strong>dise\u00f1o plegable inteligente<\/strong>, se transforma en segundos en una estaci\u00f3n de trabajo funcional, con <strong>amplias bandejas<\/strong>, <strong>mesa desmontable<\/strong> y <strong>brazo modular<\/strong> para accesorios.<\/p>\n\n\n\n<p id=\"wd-92a9c862\" class=\"wp-block-wd-paragraph\">Su <strong>estructura de aluminio de alta resistencia<\/strong> garantiza una <strong>capacidad de carga de hasta 200 kg<\/strong> sin comprometer la ligereza \u2014pesa solo 20 kg, lo que permite que una sola persona lo transporte con facilidad.<\/p>\n\n\n\n<p id=\"wd-4eb0ee05\" class=\"wp-block-wd-paragraph\">Las <strong>ruedas neum\u00e1ticas de 9&#8243; con freno de pie<\/strong> proporcionan una excelente estabilidad y absorci\u00f3n de impactos, adapt\u00e1ndose a todo tipo de terreno, ya sea en estudio, exteriores o suelos irregulares.<\/p>\n\n\n\n<p id=\"wd-a7dc9ee8\" class=\"wp-block-wd-paragraph\">Gracias a su <strong>sistema modular ampliable<\/strong>, el TitanRig puede personalizarse e integrarse con nuevos accesorios o componentes seg\u00fan las necesidades de cada producci\u00f3n.<\/p>\n\n\n\n<p>Compacto al plegarse y extremadamente funcional en uso, el <strong>TARION TitanRig Cart<\/strong> es el aliado ideal para los profesionales que valoran <strong>eficiencia, rapidez y fiabilidad<\/strong> en el set de rodaje.<\/p>\n\n\n\n<div class=\"wp-block-media-text has-media-on-the-right is-stacked-on-mobile\"><div class=\"wp-block-media-text__content\">\n<p>El <strong>TARION TitanRig Cart<\/strong> est\u00e1 dise\u00f1ado para <strong>equipos de producci\u00f3n, cineastas, fot\u00f3grafos y t\u00e9cnicos de sonido o iluminaci\u00f3n<\/strong> que buscan una estaci\u00f3n de trabajo m\u00f3vil, robusta y f\u00e1cil de transportar entre sets o estudios.<\/p>\n<\/div><figure class=\"wp-block-media-text__media\"><img loading=\"lazy\" decoding=\"async\" width=\"1024\" height=\"1024\" src=\"https:\/\/hi-techwonder.com\/wp-content\/themes\/woodmart\/images\/lazy.svg\" data-src=\"https:\/\/hi-techwonder.com\/wp-content\/uploads\/2025\/11\/1746621466_IMG_2487312-2-1024x1024.jpg\" alt=\"\" class=\"wp-image-91215 size-full\" srcset=\"\" data-srcset=\"https:\/\/hi-techwonder.com\/wp-content\/uploads\/2025\/11\/1746621466_IMG_2487312-2-1024x1024.jpg 1024w, https:\/\/hi-techwonder.com\/wp-content\/uploads\/2025\/11\/1746621466_IMG_2487312-2-300x300.jpg 300w, https:\/\/hi-techwonder.com\/wp-content\/uploads\/2025\/11\/1746621466_IMG_2487312-2-150x150.jpg 150w, https:\/\/hi-techwonder.com\/wp-content\/uploads\/2025\/11\/1746621466_IMG_2487312-2-768x768.jpg 768w, https:\/\/hi-techwonder.com\/wp-content\/uploads\/2025\/11\/1746621466_IMG_2487312-2-600x600.jpg 600w, https:\/\/hi-techwonder.com\/wp-content\/uploads\/2025\/11\/1746621466_IMG_2487312-2-1200x1200.jpg 1200w, https:\/\/hi-techwonder.com\/wp-content\/uploads\/2025\/11\/1746621466_IMG_2487312-2.jpg 1500w\" sizes=\"auto, (max-width: 1024px) 100vw, 1024px\" \/><\/figure><\/div>\n\n\n\n<div class=\"wp-block-media-text is-stacked-on-mobile\"><figure class=\"wp-block-media-text__media\"><img loading=\"lazy\" decoding=\"async\" width=\"1024\" height=\"1024\" src=\"https:\/\/hi-techwonder.com\/wp-content\/themes\/woodmart\/images\/lazy.svg\" data-src=\"https:\/\/hi-techwonder.com\/wp-content\/uploads\/2025\/11\/1746621466_IMG_2487317-2-1024x1024.jpg\" alt=\"\" class=\"wp-image-91216 size-full\" srcset=\"\" data-srcset=\"https:\/\/hi-techwonder.com\/wp-content\/uploads\/2025\/11\/1746621466_IMG_2487317-2-1024x1024.jpg 1024w, https:\/\/hi-techwonder.com\/wp-content\/uploads\/2025\/11\/1746621466_IMG_2487317-2-300x300.jpg 300w, https:\/\/hi-techwonder.com\/wp-content\/uploads\/2025\/11\/1746621466_IMG_2487317-2-150x150.jpg 150w, https:\/\/hi-techwonder.com\/wp-content\/uploads\/2025\/11\/1746621466_IMG_2487317-2-768x768.jpg 768w, https:\/\/hi-techwonder.com\/wp-content\/uploads\/2025\/11\/1746621466_IMG_2487317-2-600x600.jpg 600w, https:\/\/hi-techwonder.com\/wp-content\/uploads\/2025\/11\/1746621466_IMG_2487317-2-1200x1200.jpg 1200w, https:\/\/hi-techwonder.com\/wp-content\/uploads\/2025\/11\/1746621466_IMG_2487317-2.jpg 1500w\" sizes=\"auto, (max-width: 1024px) 100vw, 1024px\" \/><\/figure><div class=\"wp-block-media-text__content\">\n<p><\/p>\n<\/div><\/div>\n\n\n\n<div class=\"wp-block-media-text has-media-on-the-right is-stacked-on-mobile\"><div class=\"wp-block-media-text__content\">\n<p><\/p>\n<\/div><figure class=\"wp-block-media-text__media\"><img loading=\"lazy\" decoding=\"async\" width=\"1024\" height=\"1024\" src=\"https:\/\/hi-techwonder.com\/wp-content\/themes\/woodmart\/images\/lazy.svg\" data-src=\"https:\/\/hi-techwonder.com\/wp-content\/uploads\/2025\/11\/1746621466_IMG_2487313-2-1024x1024.jpg\" alt=\"\" class=\"wp-image-91217 size-full\" srcset=\"\" data-srcset=\"https:\/\/hi-techwonder.com\/wp-content\/uploads\/2025\/11\/1746621466_IMG_2487313-2-1024x1024.jpg 1024w, https:\/\/hi-techwonder.com\/wp-content\/uploads\/2025\/11\/1746621466_IMG_2487313-2-300x300.jpg 300w, https:\/\/hi-techwonder.com\/wp-content\/uploads\/2025\/11\/1746621466_IMG_2487313-2-150x150.jpg 150w, https:\/\/hi-techwonder.com\/wp-content\/uploads\/2025\/11\/1746621466_IMG_2487313-2-768x768.jpg 768w, https:\/\/hi-techwonder.com\/wp-content\/uploads\/2025\/11\/1746621466_IMG_2487313-2-600x600.jpg 600w, https:\/\/hi-techwonder.com\/wp-content\/uploads\/2025\/11\/1746621466_IMG_2487313-2-1200x1200.jpg 1200w, https:\/\/hi-techwonder.com\/wp-content\/uploads\/2025\/11\/1746621466_IMG_2487313-2.jpg 1500w\" sizes=\"auto, (max-width: 1024px) 100vw, 1024px\" \/><\/figure><\/div>\n\n\n\n<div id=\"wd-bb338ece\" class=\"wp-block-wd-container wd-dir-col\">\n<div class=\"wp-block-columns is-layout-flex wp-container-core-columns-is-layout-9d6595d7 wp-block-columns-is-layout-flex\">\n<div class=\"wp-block-column is-layout-flow wp-block-column-is-layout-flow\" style=\"flex-basis:100%\">\n<div id=\"wd-9ead6c89\" class=\"wp-block-wd-carousel wd-carousel-container\"><div class=\"wd-carousel-inner\"><div class=\"wd-carousel wd-grid\" style=\"--wd-col-lg:3;--wd-col-md:3;--wd-col-sm:1;--wd-gap-lg:20px;--wd-gap-sm:10px;\" data-scroll_per_page=\"yes\"><div class=\"wd-carousel-wrap\">\n<div id=\"wd-e0d5efc6\" class=\"wp-block-wd-carousel-item wd-carousel-item\">\n<div id=\"wd-e93481b7\" class=\"wp-block-wd-container wd-dir-col\">\n<div id=\"wd-532c94b6\" class=\"wp-block-wd-image wd-block-image\"><\/div>\n<\/div>\n<\/div>\n<\/div><\/div><div class=\"wd-nav-arrows wd-pos-sep wd-hover-1 wd-icon-1\"><div class=\"wd-btn-arrow wd-prev\"><div class=\"wd-arrow-inner\"><\/div><\/div><div class=\"wd-btn-arrow wd-next\"><div class=\"wd-arrow-inner\"><\/div><\/div><\/div><\/div><div class=\"wd-nav-pagin-wrap text-center wd-style-shape\"><ul class=\"wd-nav-pagin\"><\/ul><\/div><\/div>\n<\/div>\n<\/div>\n<\/div>\n\n\n\n<p>Especifa\u00e7\u00f5es<\/p>\n\n\n\n<figure class=\"wp-block-gallery alignwide has-nested-images columns-default is-cropped wp-block-gallery-1 is-layout-flex wp-block-gallery-is-layout-flex\">\n<figure class=\"wp-block-image size-large\"><img loading=\"lazy\" decoding=\"async\" width=\"1024\" height=\"1024\" data-id=\"91220\" src=\"https:\/\/hi-techwonder.com\/wp-content\/themes\/woodmart\/images\/lazy.svg\" data-src=\"https:\/\/hi-techwonder.com\/wp-content\/uploads\/2025\/11\/1746621466_IMG_2487311-4-1024x1024.jpg\" alt=\"\" class=\"wp-image-91220\" srcset=\"\" data-srcset=\"https:\/\/hi-techwonder.com\/wp-content\/uploads\/2025\/11\/1746621466_IMG_2487311-4-1024x1024.jpg 1024w, https:\/\/hi-techwonder.com\/wp-content\/uploads\/2025\/11\/1746621466_IMG_2487311-4-300x300.jpg 300w, https:\/\/hi-techwonder.com\/wp-content\/uploads\/2025\/11\/1746621466_IMG_2487311-4-150x150.jpg 150w, https:\/\/hi-techwonder.com\/wp-content\/uploads\/2025\/11\/1746621466_IMG_2487311-4-768x768.jpg 768w, https:\/\/hi-techwonder.com\/wp-content\/uploads\/2025\/11\/1746621466_IMG_2487311-4-600x600.jpg 600w, https:\/\/hi-techwonder.com\/wp-content\/uploads\/2025\/11\/1746621466_IMG_2487311-4-1200x1200.jpg 1200w, https:\/\/hi-techwonder.com\/wp-content\/uploads\/2025\/11\/1746621466_IMG_2487311-4.jpg 1500w\" sizes=\"auto, (max-width: 1024px) 100vw, 1024px\" \/><\/figure>\n\n\n\n<figure class=\"wp-block-image size-large\"><img loading=\"lazy\" decoding=\"async\" width=\"1024\" height=\"1024\" data-id=\"91222\" src=\"https:\/\/hi-techwonder.com\/wp-content\/themes\/woodmart\/images\/lazy.svg\" data-src=\"https:\/\/hi-techwonder.com\/wp-content\/uploads\/2025\/11\/1746621466_IMG_2487314-3-1024x1024.jpg\" alt=\"\" class=\"wp-image-91222\" srcset=\"\" data-srcset=\"https:\/\/hi-techwonder.com\/wp-content\/uploads\/2025\/11\/1746621466_IMG_2487314-3-1024x1024.jpg 1024w, https:\/\/hi-techwonder.com\/wp-content\/uploads\/2025\/11\/1746621466_IMG_2487314-3-300x300.jpg 300w, https:\/\/hi-techwonder.com\/wp-content\/uploads\/2025\/11\/1746621466_IMG_2487314-3-150x150.jpg 150w, https:\/\/hi-techwonder.com\/wp-content\/uploads\/2025\/11\/1746621466_IMG_2487314-3-768x768.jpg 768w, https:\/\/hi-techwonder.com\/wp-content\/uploads\/2025\/11\/1746621466_IMG_2487314-3-600x600.jpg 600w, https:\/\/hi-techwonder.com\/wp-content\/uploads\/2025\/11\/1746621466_IMG_2487314-3-1200x1200.jpg 1200w, https:\/\/hi-techwonder.com\/wp-content\/uploads\/2025\/11\/1746621466_IMG_2487314-3.jpg 1500w\" sizes=\"auto, (max-width: 1024px) 100vw, 1024px\" \/><\/figure>\n<\/figure>\n\n\n\n<figure class=\"wp-block-table\"><table class=\"has-fixed-layout\"><thead><tr><th><strong>Especificaci\u00f3n<\/strong><\/th><th><strong>Detalle<\/strong><\/th><\/tr><\/thead><tbody><tr><td><strong>Capacidad m\u00e1xima de carga<\/strong><\/td><td>200 kg<\/td><\/tr><tr><td><strong>Peso del carro<\/strong><\/td><td>20 kg<\/td><\/tr><tr><td><strong>N\u00famero de estantes<\/strong><\/td><td>3 planos<\/td><\/tr><tr><td><strong>Tipo de rueda<\/strong><\/td><td>Neum\u00e1tica<\/td><\/tr><tr><td><strong>Ruedas delanteras<\/strong><\/td><td>9&#8243; \/ 23 cm fijas<\/td><\/tr><tr><td><strong>Ruedas traseras<\/strong><\/td><td>9&#8243; \/ 23 cm giratorias con freno<\/td><\/tr><tr><td><strong>Dimensiones en uso (L \u00d7 A \u00d7 H)<\/strong><\/td><td>103 \u00d7 50 \u00d7 80 cm<\/td><\/tr><tr><td><strong>Dimensiones plegado (L \u00d7 A \u00d7 H)<\/strong><\/td><td>103 \u00d7 50 \u00d7 50 cm<\/td><\/tr><tr><td><strong>Peso del paquete<\/strong><\/td><td>23,5 kg<\/td><\/tr><tr><td><strong>Dimensiones del paquete (L \u00d7 A \u00d7 H)<\/strong><\/td><td>91 \u00d7 53 \u00d7 28 cm<\/td><\/tr><tr><td><strong>EAN<\/strong><\/td><td>5060989791738<\/td><\/tr><tr><td><strong>Nota<\/strong><\/td><td>Im\u00e1genes ilustrativas. Equipos fotogr\u00e1ficos y otros no incluidos. <strong>Consulte el contenido del paquete y las especificaciones para m\u00e1s detalles.<\/strong><\/td><\/tr><\/tbody><\/table><\/figure>\n\n\n\n<p><\/p>\n","protected":false},"excerpt":{"rendered":"<p>\u2022 Capacidad de carga <strong>hasta 200 kg<\/strong><br data-start=\"343\" data-end=\"346\" \/>\u2022 Estructura de <strong>aluminio ligera y resistente<\/strong> (20 kg)<br data-start=\"398\" data-end=\"401\" \/>\u2022 Dise\u00f1o <strong>plegable<\/strong> para transporte <strong>r\u00e1pido y pr\u00e1ctico<\/strong><br data-start=\"452\" data-end=\"455\" \/>\u2022 4 ruedas neum\u00e1ticas de 9&#8243; (<strong>23 cm<\/strong>), 2 <strong>con freno<\/strong><br data-start=\"503\" data-end=\"506\" \/>\u2022<strong> Sistema modular<\/strong> ampliable con accesorios opcionales<br data-start=\"559\" data-end=\"562\" \/>\u2022 Mesa de trabajo extra\u00edble y<strong> brazo modular incluido<\/strong><br data-start=\"614\" data-end=\"617\" \/>\u2022 Ideal para producciones en <strong>estudio o exteriores<\/strong><br data-start=\"666\" data-end=\"669\" \/>\u2022<strong> Montaje r\u00e1pido<\/strong> sin necesidad de herramientas<\/p>\n","protected":false},"featured_media":91188,"comment_status":"open","ping_status":"closed","template":"","meta":{"_acf_changed":false},"product_brand":[3369],"product_cat":[3371],"product_tag":[],"class_list":{"0":"post-91187","1":"product","2":"type-product","3":"status-publish","4":"has-post-thumbnail","6":"product_brand-tarion","7":"product_cat-carros-de-transporte","9":"first","10":"onbackorder","11":"taxable","12":"shipping-taxable","13":"purchasable","14":"product-type-simple"},"bundled_by":[],"bundle_stock_status":"onbackorder","bundle_stock_quantity":null,"bundle_virtual":false,"bundle_layout":"","bundle_add_to_cart_form_location":"","bundle_editable_in_cart":false,"bundle_sold_individually_context":"","bundle_item_grouping":"","bundle_min_size":"","bundle_max_size":"","bundle_price":[],"bundled_items":[],"bundle_sell_ids":[],"acf":[],"_links":{"self":[{"href":"https:\/\/hi-techwonder.com\/es\/wp-json\/wp\/v2\/product\/91187","targetHints":{"allow":["GET"]}}],"collection":[{"href":"https:\/\/hi-techwonder.com\/es\/wp-json\/wp\/v2\/product"}],"about":[{"href":"https:\/\/hi-techwonder.com\/es\/wp-json\/wp\/v2\/types\/product"}],"replies":[{"embeddable":true,"href":"https:\/\/hi-techwonder.com\/es\/wp-json\/wp\/v2\/comments?post=91187"}],"wp:featuredmedia":[{"embeddable":true,"href":"https:\/\/hi-techwonder.com\/es\/wp-json\/wp\/v2\/media\/91188"}],"wp:attachment":[{"href":"https:\/\/hi-techwonder.com\/es\/wp-json\/wp\/v2\/media?parent=91187"}],"wp:term":[{"taxonomy":"product_brand","embeddable":true,"href":"https:\/\/hi-techwonder.com\/es\/wp-json\/wp\/v2\/product_brand?post=91187"},{"taxonomy":"product_cat","embeddable":true,"href":"https:\/\/hi-techwonder.com\/es\/wp-json\/wp\/v2\/product_cat?post=91187"},{"taxonomy":"product_tag","embeddable":true,"href":"https:\/\/hi-techwonder.com\/es\/wp-json\/wp\/v2\/product_tag?post=91187"}],"curies":[{"name":"wp","href":"https:\/\/api.w.org\/{rel}","templated":true}]}}