{"id":92454,"date":"2025-11-14T16:51:23","date_gmt":"2025-11-14T16:51:23","guid":{"rendered":"https:\/\/hi-techwonder.com\/product\/sirui-iluminador-led-cs100-daylight\/"},"modified":"2026-01-30T16:45:19","modified_gmt":"2026-01-30T16:45:19","slug":"sirui-iluminador-led-cs100-daylight","status":"publish","type":"product","link":"https:\/\/hi-techwonder.com\/es\/producto\/sirui-iluminador-led-cs100-daylight\/","title":{"rendered":"SIRUI Iluminador LED CS100 Daylight"},"content":{"rendered":"\n<h2 class=\"wp-block-heading\">SIRUI Iluminador LED CS100 Daylight<\/h2>\n\n\n\n<div id=\"wd-abc6277c\" class=\"wp-block-wd-video wd-el-video wd-action-without wd-video-external wd-with-aspect-ratio wd-custom-width\"><iframe allowfullscreen allow=\"accelerometer; autoplay; encrypted-media; gyroscope; picture-in-picture\" width=\"100%\" height=\"100%\" loading=\"lazy\" src=\"https:\/\/www.youtube.com\/embed\/-PdP-TW8Nzc?feature=oembed&amp;controls=1\"><\/iframe><\/div>\n\n\n\n<p id=\"wd-cc3ca1a0\" class=\"wp-block-wd-paragraph\">La Sirui CS100 Daylight LED Monolight est\u00e1 pensada para creadores que buscan una luz potente, fiable y extremadamente f\u00e1cil de usar. Su temperatura de color fija en 5600K garantiza consistencia en cualquier set, ya sea para grabar entrevistas, v\u00eddeos de producto o contenido diario. Con una salida de 4000 lux a solo 1 metro, sorprende por su intensidad en un cuerpo tan compacto, y su precisi\u00f3n crom\u00e1tica (CRI 96 \/ TLCI 98) mantiene tonos de piel y colores con naturalidad excepcional.<\/p>\n\n\n\n<p id=\"wd-6219090a\" class=\"wp-block-wd-paragraph\">Su dise\u00f1o minimalista reduce la experiencia a lo esencial: dos controles f\u00edsicos intuitivos, cuerpo ligero de aluminio y montura Bowens S, que permite utilizar softboxes, reflectores y otros modificadores profesionales. Para configuraciones din\u00e1micas, la app Sirui Light ofrece control remoto completo, ajuste de brillo, efectos y gesti\u00f3n de grupos de luces, facilitando un flujo de trabajo moderno.<\/p>\n\n\n\n<p>Los ocho efectos integrados aportan versatilidad creativa, desde simulaciones de televisi\u00f3n hasta rel\u00e1mpagos o flashes. Al funcionar mediante alimentaci\u00f3n AC, es ideal para grabaciones prolongadas en interiores. Compacta, robusta y f\u00e1cil de transportar, la CS100 combina potencia, simplicidad y compatibilidad en un formato perfecto para elevar la iluminaci\u00f3n de cualquier creador.<\/p>\n\n\n\n<div class=\"wp-block-media-text has-media-on-the-right is-stacked-on-mobile\" style=\"grid-template-columns:auto 35%\"><div class=\"wp-block-media-text__content\">\n<h3 class=\"wp-block-heading\">Contenido de la caja<\/h3>\n\n\n\n<ul class=\"wp-block-list\">\n<li>Sirui CS100 Daylight LED Monolight<\/li>\n\n\n\n<li>Refletor<\/li>\n\n\n\n<li>Cable de alimentaci\u00f3n (13&#8242;)<\/li>\n\n\n\n<li>Tapa protectora de la l\u00e1mpara<\/li>\n<\/ul>\n<\/div><figure class=\"wp-block-media-text__media\"><img loading=\"lazy\" decoding=\"async\" width=\"1024\" height=\"1024\" src=\"https:\/\/hi-techwonder.com\/wp-content\/themes\/woodmart\/images\/lazy.svg\" data-src=\"https:\/\/hi-techwonder.com\/wp-content\/uploads\/2025\/11\/610045_5-1024x1024.jpg\" alt=\"\" class=\"wp-image-92448 size-full\" srcset=\"\" data-srcset=\"https:\/\/hi-techwonder.com\/wp-content\/uploads\/2025\/11\/610045_5-1024x1024.jpg 1024w, https:\/\/hi-techwonder.com\/wp-content\/uploads\/2025\/11\/610045_5-300x300.jpg 300w, https:\/\/hi-techwonder.com\/wp-content\/uploads\/2025\/11\/610045_5-150x150.jpg 150w, https:\/\/hi-techwonder.com\/wp-content\/uploads\/2025\/11\/610045_5-768x768.jpg 768w, https:\/\/hi-techwonder.com\/wp-content\/uploads\/2025\/11\/610045_5-600x600.jpg 600w, https:\/\/hi-techwonder.com\/wp-content\/uploads\/2025\/11\/610045_5-1200x1200.jpg 1200w, https:\/\/hi-techwonder.com\/wp-content\/uploads\/2025\/11\/610045_5.jpg 1500w\" sizes=\"auto, (max-width: 1024px) 100vw, 1024px\" \/><\/figure><\/div>\n\n\n\n<figure class=\"wp-block-table\"><table class=\"has-fixed-layout\"><thead><tr><th>Especificaci\u00f3n<\/th><th>Detalle<\/th><\/tr><\/thead><tbody><tr><td>Tipo de producto<\/td><td>LED Monolight<\/td><\/tr><tr><td>Temperatura de color<\/td><td>5600K<\/td><\/tr><tr><td>Modos de color<\/td><td>Daylight<\/td><\/tr><tr><td>Precisi\u00f3n de color<\/td><td>CRI 96 \/ TLCI 98<\/td><\/tr><tr><td>Intensidad luminosa<\/td><td>371 fc \/ 4000 lux a 1m<\/td><\/tr><tr><td>Regulaci\u00f3n (dimming)<\/td><td>S\u00ed<\/td><\/tr><tr><td>Efectos<\/td><td>8 efectos especiales<\/td><\/tr><tr><td>Montura frontal<\/td><td>Bowens S<\/td><\/tr><tr><td>Control inal\u00e1mbrico<\/td><td>Bluetooth<\/td><\/tr><tr><td>App compatible<\/td><td>Sirui Light (Android &amp; iOS)<\/td><\/tr><tr><td>Fuente de alimentaci\u00f3n<\/td><td>AC (cable incluido)<\/td><\/tr><tr><td>Entrada de energ\u00eda<\/td><td>100\u2013240 VAC, 50\/60Hz<\/td><\/tr><tr><td>Consumo<\/td><td>100W<\/td><\/tr><tr><td>Montaje<\/td><td>Receptor de 5\/8&#8243;<\/td><\/tr><tr><td>Pantalla<\/td><td>S\u00ed<\/td><\/tr><tr><td>Materiales<\/td><td>Aluminio<\/td><\/tr><tr><td>Dimensiones<\/td><td>21.01 \u00d7 12.24 \u00d7 11.99cm<\/td><\/tr><tr><td>Peso<\/td><td>1.38kg<\/td><\/tr><\/tbody><\/table><\/figure>\n","protected":false},"excerpt":{"rendered":"<p>\u2022 Temperatura de color fija a 5600K para iluminaci\u00f3n consistente<br data-start=\"735\" data-end=\"738\" \/>\u2022 Potencia de 100W con alimentaci\u00f3n AC para uso continuo<br data-start=\"795\" data-end=\"798\" \/>\u2022 Controles f\u00edsicos simples y control inal\u00e1mbrico por app<br data-start=\"855\" data-end=\"858\" \/>\u2022 Construcci\u00f3n resistente de aluminio para uso intensivo<br data-start=\"914\" data-end=\"917\" \/>\u2022 Soporte con inclinaci\u00f3n de 180\u00b0 y montura de 5\/8&#8243;<br data-start=\"968\" data-end=\"971\" \/>\u2022 Compatibilidad total con modificadores Bowens S<br data-start=\"1020\" data-end=\"1023\" \/>\u2022 Efectos especiales: rel\u00e1mpago, flash, fuegos artificiales, pulso, bombilla rota, TV, soldadura, SOS<br data-start=\"1124\" data-end=\"1127\" \/>\u2022 Salida luminosa fuerte y estable para estudios compactos<\/p>\n","protected":false},"featured_media":92455,"comment_status":"open","ping_status":"closed","template":"","meta":{"_acf_changed":false},"product_brand":[2597],"product_cat":[997],"product_tag":[],"class_list":{"0":"post-92454","1":"product","2":"type-product","3":"status-publish","4":"has-post-thumbnail","6":"product_brand-sirui-es","7":"product_cat-focos","9":"first","10":"instock","11":"taxable","12":"shipping-taxable","13":"purchasable","14":"product-type-simple"},"bundled_by":[],"bundle_stock_status":"instock","bundle_stock_quantity":1,"bundle_virtual":false,"bundle_layout":"","bundle_add_to_cart_form_location":"","bundle_editable_in_cart":false,"bundle_sold_individually_context":"","bundle_item_grouping":"","bundle_min_size":"","bundle_max_size":"","bundle_price":[],"bundled_items":[],"bundle_sell_ids":[],"acf":[],"_links":{"self":[{"href":"https:\/\/hi-techwonder.com\/es\/wp-json\/wp\/v2\/product\/92454","targetHints":{"allow":["GET"]}}],"collection":[{"href":"https:\/\/hi-techwonder.com\/es\/wp-json\/wp\/v2\/product"}],"about":[{"href":"https:\/\/hi-techwonder.com\/es\/wp-json\/wp\/v2\/types\/product"}],"replies":[{"embeddable":true,"href":"https:\/\/hi-techwonder.com\/es\/wp-json\/wp\/v2\/comments?post=92454"}],"wp:featuredmedia":[{"embeddable":true,"href":"https:\/\/hi-techwonder.com\/es\/wp-json\/wp\/v2\/media\/92455"}],"wp:attachment":[{"href":"https:\/\/hi-techwonder.com\/es\/wp-json\/wp\/v2\/media?parent=92454"}],"wp:term":[{"taxonomy":"product_brand","embeddable":true,"href":"https:\/\/hi-techwonder.com\/es\/wp-json\/wp\/v2\/product_brand?post=92454"},{"taxonomy":"product_cat","embeddable":true,"href":"https:\/\/hi-techwonder.com\/es\/wp-json\/wp\/v2\/product_cat?post=92454"},{"taxonomy":"product_tag","embeddable":true,"href":"https:\/\/hi-techwonder.com\/es\/wp-json\/wp\/v2\/product_tag?post=92454"}],"curies":[{"name":"wp","href":"https:\/\/api.w.org\/{rel}","templated":true}]}}