{"id":92579,"date":"2025-11-17T14:29:14","date_gmt":"2025-11-17T14:29:14","guid":{"rendered":"https:\/\/hi-techwonder.com\/product\/peak-design-leash-correia-p-camara-ocean\/"},"modified":"2026-02-06T17:03:34","modified_gmt":"2026-02-06T17:03:34","slug":"peak-design-leash-correia-p-camara-ocean","status":"publish","type":"product","link":"https:\/\/hi-techwonder.com\/es\/producto\/peak-design-leash-correia-p-camara-ocean\/","title":{"rendered":"PEAK DESIGN Leash Correia p\/C\u00e2mara Ocean"},"content":{"rendered":"\n<h2 class=\"wp-block-heading\">PEAK DESIGN Leash Correia p\/C\u00e2mara Ocean<\/h2>\n\n\n\n<div id=\"wd-abc6277c\" class=\"wp-block-wd-video wd-el-video wd-action-without wd-video-external wd-with-aspect-ratio wd-custom-width\"><iframe allowfullscreen allow=\"accelerometer; autoplay; encrypted-media; gyroscope; picture-in-picture\" width=\"100%\" height=\"100%\" loading=\"lazy\" src=\"https:\/\/www.youtube.com\/embed\/uQ08kc3lIcY?feature=oembed&amp;controls=1\"><\/iframe><\/div>\n\n\n\n<p id=\"wd-dce346a2\" class=\"wp-block-wd-paragraph\">La Leash Camera Strap Ocean es la respuesta elegante y minimalista de Peak Design para quienes necesitan una correa capaz de seguir el ritmo din\u00e1mico de la fotograf\u00eda contempor\u00e1nea. Su sistema de anclaje r\u00e1pido permite liberar la c\u00e1mara en apenas un gesto, facilitando pasar a un tr\u00edpode o cambiar de cuerpo sin esfuerzo. Los Anchor Links destacan por su resistencia, soportando hasta 90,7 kg cada uno, una cifra muy por encima de cualquier exigencia real, lo que aporta una sensaci\u00f3n de absoluta seguridad.<\/p>\n\n\n\n<p id=\"wd-50a5c374\" class=\"wp-block-wd-paragraph\">El material de nailon con toques de cuero ofrece una textura agradable y un comportamiento estable, evitando giros inc\u00f3modos. Ajustar la longitud es casi intuitivo: basta con tirar de los bucles integrados para adaptar la correa al estilo de transporte deseado. Con el Anchor Mount fijado a la rosca de 1\/4&#8243;-20, la c\u00e1mara queda orientada hacia adelante, lista para elevarla en un movimiento fluido, ideal para paseos fotogr\u00e1ficos o situaciones donde cada segundo cuenta..<\/p>\n\n\n\n<p>Es un accesorio aparentemente simple que transforma la experiencia de fotografiar, dando m\u00e1s agilidad, comodidad y coherencia al movimiento. La Leash Ocean es ligera, fuerte, discreta y lista para a\u00f1os de aventuras creativas.<\/p>\n\n\n\n<div class=\"wp-block-media-text has-media-on-the-right is-stacked-on-mobile\" style=\"grid-template-columns:auto 35%\"><div class=\"wp-block-media-text__content\">\n<h4 class=\"wp-block-heading\">Contenido de la caja<\/h4>\n\n\n\n<ul class=\"wp-block-list\">\n<li>Peak Design Leash Camera Strap (Ocean)<\/li>\n\n\n\n<li>4 x Anchor Link<\/li>\n\n\n\n<li>Anchor Mount<\/li>\n\n\n\n<li>Llave hexagonal<\/li>\n\n\n\n<li>Bolsa de transporte de microfibra<\/li>\n<\/ul>\n<\/div><figure class=\"wp-block-media-text__media\"><img loading=\"lazy\" decoding=\"async\" width=\"1024\" height=\"1024\" src=\"https:\/\/hi-techwonder.com\/wp-content\/themes\/woodmart\/images\/lazy.svg\" data-src=\"https:\/\/hi-techwonder.com\/wp-content\/uploads\/2025\/11\/1761839933_1904812-1024x1024.jpg\" alt=\"\" class=\"wp-image-92576 size-full\" srcset=\"\" data-srcset=\"https:\/\/hi-techwonder.com\/wp-content\/uploads\/2025\/11\/1761839933_1904812-1024x1024.jpg 1024w, https:\/\/hi-techwonder.com\/wp-content\/uploads\/2025\/11\/1761839933_1904812-300x300.jpg 300w, https:\/\/hi-techwonder.com\/wp-content\/uploads\/2025\/11\/1761839933_1904812-150x150.jpg 150w, https:\/\/hi-techwonder.com\/wp-content\/uploads\/2025\/11\/1761839933_1904812-768x768.jpg 768w, https:\/\/hi-techwonder.com\/wp-content\/uploads\/2025\/11\/1761839933_1904812-600x600.jpg 600w, https:\/\/hi-techwonder.com\/wp-content\/uploads\/2025\/11\/1761839933_1904812-1200x1200.jpg 1200w, https:\/\/hi-techwonder.com\/wp-content\/uploads\/2025\/11\/1761839933_1904812.jpg 1500w\" sizes=\"auto, (max-width: 1024px) 100vw, 1024px\" \/><\/figure><\/div>\n\n\n\n<figure class=\"wp-block-table\"><table class=\"has-fixed-layout\"><thead><tr><th>Caracter\u00edstica<\/th><th>Detalle<\/th><\/tr><\/thead><tbody><tr><td>Tipo<\/td><td>Correa de cuello\/hombro<\/td><\/tr><tr><td>Color<\/td><td>Azul Ocean<\/td><\/tr><tr><td>Ajuste de longitud<\/td><td>S\u00ed<\/td><\/tr><tr><td>M\u00e9todo de fijaci\u00f3n<\/td><td>Loop \/ Anchor Mount<\/td><\/tr><tr><td>Capacidad de carga<\/td><td>90,7 kg<\/td><\/tr><tr><td>Liberaci\u00f3n r\u00e1pida<\/td><td>S\u00ed, mediante Anchor Links<\/td><\/tr><tr><td>Materiales<\/td><td>Nailon \/ Cuero<\/td><\/tr><tr><td>Longitud de la correa<\/td><td>99,1 a 145 cm<\/td><\/tr><tr><td>Ancho de la correa<\/td><td>1,9 cm<\/td><\/tr><tr><td>Peso<\/td><td>86 g<\/td><\/tr><tr><td>Peso del paquete<\/td><td>0,3 lb<\/td><\/tr><tr><td>Dimensiones de la caja<\/td><td>7,1 x 2,35 x 2,2&#8243;<\/td><\/tr><\/tbody><\/table><\/figure>\n","protected":false},"excerpt":{"rendered":"<p>\u2022 Ancho de 1,9 cm y longitud ajustable entre 99,1 y 145cm<br data-start=\"707\" data-end=\"710\" \/>\u2022 Conectores Anchor Links de encaje r\u00e1pido, seguros y duraderos<br data-start=\"773\" data-end=\"776\" \/>\u2022 Fijaci\u00f3n mediante loop o mediante Anchor Mount<br data-start=\"824\" data-end=\"827\" \/>\u2022 Cinta resistente a torceduras, ideal para uso prolongado<br data-start=\"885\" data-end=\"888\" \/>\u2022 Materiales premium que combinan ligereza, flexibilidad y robustez<br data-start=\"955\" data-end=\"958\" \/>\u2022 Apta para fot\u00f3grafos diestros y zurdos<br data-start=\"998\" data-end=\"1001\" \/>\u2022 Permite cambiar r\u00e1pidamente entre c\u00e1mara y tr\u00edpode<br data-start=\"1053\" data-end=\"1056\" \/>\u2022 Posicionamiento frontal en modo cross-body para acceso inmediato al disparo<\/p>\n","protected":false},"featured_media":92580,"comment_status":"open","ping_status":"closed","template":"","meta":{"_acf_changed":false},"product_brand":[2640],"product_cat":[903],"product_tag":[],"class_list":{"0":"post-92579","1":"product","2":"type-product","3":"status-publish","4":"has-post-thumbnail","6":"product_brand-peak-design-es","7":"product_cat-correas-y-tirantes","9":"first","10":"onbackorder","11":"taxable","12":"shipping-taxable","13":"purchasable","14":"product-type-simple"},"bundled_by":[],"bundle_stock_status":"onbackorder","bundle_stock_quantity":null,"bundle_virtual":false,"bundle_layout":"","bundle_add_to_cart_form_location":"","bundle_editable_in_cart":false,"bundle_sold_individually_context":"","bundle_item_grouping":"","bundle_min_size":"","bundle_max_size":"","bundle_price":[],"bundled_items":[],"bundle_sell_ids":[],"acf":[],"_links":{"self":[{"href":"https:\/\/hi-techwonder.com\/es\/wp-json\/wp\/v2\/product\/92579","targetHints":{"allow":["GET"]}}],"collection":[{"href":"https:\/\/hi-techwonder.com\/es\/wp-json\/wp\/v2\/product"}],"about":[{"href":"https:\/\/hi-techwonder.com\/es\/wp-json\/wp\/v2\/types\/product"}],"replies":[{"embeddable":true,"href":"https:\/\/hi-techwonder.com\/es\/wp-json\/wp\/v2\/comments?post=92579"}],"wp:featuredmedia":[{"embeddable":true,"href":"https:\/\/hi-techwonder.com\/es\/wp-json\/wp\/v2\/media\/92580"}],"wp:attachment":[{"href":"https:\/\/hi-techwonder.com\/es\/wp-json\/wp\/v2\/media?parent=92579"}],"wp:term":[{"taxonomy":"product_brand","embeddable":true,"href":"https:\/\/hi-techwonder.com\/es\/wp-json\/wp\/v2\/product_brand?post=92579"},{"taxonomy":"product_cat","embeddable":true,"href":"https:\/\/hi-techwonder.com\/es\/wp-json\/wp\/v2\/product_cat?post=92579"},{"taxonomy":"product_tag","embeddable":true,"href":"https:\/\/hi-techwonder.com\/es\/wp-json\/wp\/v2\/product_tag?post=92579"}],"curies":[{"name":"wp","href":"https:\/\/api.w.org\/{rel}","templated":true}]}}