{"id":92917,"date":"2025-11-19T12:51:51","date_gmt":"2025-11-19T12:51:51","guid":{"rendered":"https:\/\/hi-techwonder.com\/product\/osmo-action-6\/"},"modified":"2026-04-10T16:51:09","modified_gmt":"2026-04-10T15:51:09","slug":"dji-osmo-action-6","status":"publish","type":"product","link":"https:\/\/hi-techwonder.com\/es\/producto\/dji-osmo-action-6\/","title":{"rendered":"DJI Osmo Action 6"},"content":{"rendered":"\n<div id=\"wd-b5e19901\" class=\"wp-block-wd-container wd-dir-col\">\n<h1 class=\"wp-block-heading\">Osmo Action 6<\/h1>\n\n\n\n<div id=\"wd-5985490c\" class=\"wp-block-wd-container wd-dir-col\">\n<div class=\"wp-block-rank-math-toc-block\" id=\"rank-math-toc\"><h2>Explora la informaci\u00f3n del producto<\/h2><nav><ul><li class=\"\"><a href=\"#descobre-a-canon-rf-45-mm-f-1-2-stm\">Introducci\u00f3n<\/a><\/li><li class=\"\"><a href=\"#caracteristicas\">Caracter\u00edsticas principales<\/a><\/li><li class=\"\"><a href=\"#quem-deve-escolher-esta-lente\">Contenido del paquete Est\u00e1ndar Combo<\/a><\/li><li class=\"\"><a href=\"#conteudo-da-embalagem\">Contenido del paquete Adventure Combo<\/a><ul><\/ul><\/li><li class=\"\"><a href=\"#especificacoes-tecnicas\">Especificaciones t\u00e9cnicas<\/a><\/li><\/ul><\/nav><\/div>\n<\/div>\n\n\n\n<div id=\"wd-e4465e91\" class=\"wp-block-wd-container wd-dir-col\">\n<h2 class=\"wp-block-heading\" id=\"descobre-a-canon-rf-45-mm-f-1-2-stm\">Introducci\u00f3n<\/h2>\n\n\n\n<p id=\"wd-3301528b\" class=\"wp-block-wd-paragraph\">La DJI Osmo Action 6 representa una nueva generaci\u00f3n de c\u00e1maras de acci\u00f3n, equipada con un sensor de 1\/1,1&#8243; capaz de grabar en 4K120 y capturar fotograf\u00edas con una impresionante nitidez de 38 MP. La apertura variable entre f\/2 y f\/4 permite un control preciso de la luz, ideal tanto para escenarios nocturnos con el modo Starburst como para paisajes detallados durante el d\u00eda.<\/p>\n\n\n\n<p id=\"wd-21dfdc17\" class=\"wp-block-wd-paragraph\">Con la estabilizaci\u00f3n HorizonSteady, el horizonte permanece nivelado incluso con rotaciones completas de 360\u00b0, mientras que la tecnolog\u00eda RockSteady 3.0 compensa las vibraciones intensas sin comprometer el impacto visual. Las pantallas t\u00e1ctiles OLED, frontal y trasera, ofrecen una respuesta r\u00e1pida, incluso con las manos mojadas o con guantes, lo que facilita el encuadre y la configuraci\u00f3n.<\/p>\n\n\n\n<p id=\"wd-bf18d9e4\" class=\"wp-block-wd-paragraph\">Gracias a sus 50 GB de almacenamiento interno, su compatibilidad con tarjetas de hasta 1 TB y su conectividad Wi-Fi 6 para transferencias r\u00e1pidas, la Action 6 est\u00e1 dise\u00f1ada para flujos de trabajo profesionales. Resiste la inmersi\u00f3n hasta 20 metros de profundidad sin necesidad de una carcasa adicional y funciona en condiciones de fr\u00edo extremo, con una autonom\u00eda de hasta cuatro horas y carga r\u00e1pida.<\/p>\n\n\n\n<p id=\"wd-bbe9a066\" class=\"wp-block-wd-paragraph\">Perfecta para aventuras, captura de contenido digital o producciones avanzadas en las que la agilidad sobre el terreno es esencial.<\/p>\n<\/div>\n\n\n\n<div id=\"wd-7cfc2f9e\" class=\"wp-block-wd-container wd-dir-col\">\n<div id=\"wd-28e2c34c\" class=\"wp-block-wd-video wd-el-video wd-action-without wd-video-external\"><iframe allowfullscreen allow=\"accelerometer; autoplay; encrypted-media; gyroscope; picture-in-picture\" width=\"100%\" height=\"100%\" loading=\"lazy\" src=\"https:\/\/www.youtube.com\/embed\/XI7nlAaf4iA?feature=oembed&amp;controls=1\"><\/iframe><\/div>\n<\/div>\n\n\n\n<div class=\"wp-block-media-text is-stacked-on-mobile\" style=\"grid-template-columns:45% auto\"><figure class=\"wp-block-media-text__media\"><img loading=\"lazy\" decoding=\"async\" width=\"1024\" height=\"1024\" src=\"https:\/\/hi-techwonder.com\/wp-content\/themes\/woodmart\/images\/lazy.svg\" data-src=\"https:\/\/hi-techwonder.com\/wp-content\/uploads\/2025\/11\/1763448456_IMG_2611540-1024x1024.jpg\" alt=\"\" class=\"wp-image-92860 size-full\" srcset=\"\" data-srcset=\"https:\/\/hi-techwonder.com\/wp-content\/uploads\/2025\/11\/1763448456_IMG_2611540-1024x1024.jpg 1024w, https:\/\/hi-techwonder.com\/wp-content\/uploads\/2025\/11\/1763448456_IMG_2611540-300x300.jpg 300w, https:\/\/hi-techwonder.com\/wp-content\/uploads\/2025\/11\/1763448456_IMG_2611540-150x150.jpg 150w, https:\/\/hi-techwonder.com\/wp-content\/uploads\/2025\/11\/1763448456_IMG_2611540-768x768.jpg 768w, https:\/\/hi-techwonder.com\/wp-content\/uploads\/2025\/11\/1763448456_IMG_2611540-600x600.jpg 600w, https:\/\/hi-techwonder.com\/wp-content\/uploads\/2025\/11\/1763448456_IMG_2611540-1200x1200.jpg 1200w, https:\/\/hi-techwonder.com\/wp-content\/uploads\/2025\/11\/1763448456_IMG_2611540.jpg 1500w\" sizes=\"auto, (max-width: 1024px) 100vw, 1024px\" \/><\/figure><div class=\"wp-block-media-text__content\">\n<h2 class=\"wp-block-heading\" id=\"caracteristicas\">Caracter\u00edsticas principales<\/h2>\n\n\n\n<ul class=\"wp-block-list\">\n<li>Campo de visi\u00f3n ultra amplio de 155\u00b0<\/li>\n\n\n\n<li>Apertura variable entre f\/2 y f\/4 para mayor versatilidad<\/li>\n\n\n\n<li>Autonom\u00eda de hasta 240 minutos (bater\u00eda de 1950 mAh)<\/li>\n\n\n\n<li>Funciona a temperaturas de hasta -20 \u00b0C<\/li>\n\n\n\n<li>Transferencias de hasta 80 MB\/s a trav\u00e9s de Wi-Fi 6 y USB 3.1<\/li>\n\n\n\n<li>Transmisi\u00f3n en directo v\u00eda Wi-Fi integrada<\/li>\n\n\n\n<li>Control por voz e interfaz adaptativa horizontal\/vertical<\/li>\n\n\n\n<li>Funciones de pregrabaci\u00f3n y marcado de momentos para una edici\u00f3n r\u00e1pida<\/li>\n<\/ul>\n<\/div><\/div>\n\n\n\n<div class=\"wp-block-media-text has-media-on-the-right is-stacked-on-mobile\" style=\"grid-template-columns:auto 45%\"><div class=\"wp-block-media-text__content\">\n<h2 class=\"wp-block-heading\" id=\"quem-deve-escolher-esta-lente\">Contenido del paquete Est\u00e1ndar Combo<\/h2>\n\n\n\n<ul class=\"wp-block-list\">\n<li>DJI Osmo Action 6<\/li>\n\n\n\n<li>Bateria Extreme Plus para Osmo Action 5 (1950mAh)<\/li>\n\n\n\n<li>Soporte adaptador de liberaci\u00f3n r\u00e1pida<\/li>\n\n\n\n<li>Base adhesiva curva<\/li>\n\n\n\n<li>Tornillo de fijaci\u00f3n<\/li>\n\n\n\n<li>Cable de carga USB-C PD<\/li>\n\n\n\n<li>Anti-Slip Pad<\/li>\n<\/ul>\n<\/div><figure class=\"wp-block-media-text__media\"><img loading=\"lazy\" decoding=\"async\" width=\"1024\" height=\"1024\" src=\"https:\/\/hi-techwonder.com\/wp-content\/themes\/woodmart\/images\/lazy.svg\" data-src=\"https:\/\/hi-techwonder.com\/wp-content\/uploads\/2025\/11\/04a79aeb8cec14fb8503161e05a3fd0c@origin-1024x1024.jpg\" alt=\"\" class=\"wp-image-92853 size-full\" srcset=\"\" data-srcset=\"https:\/\/hi-techwonder.com\/wp-content\/uploads\/2025\/11\/04a79aeb8cec14fb8503161e05a3fd0c@origin-1024x1024.jpg 1024w, https:\/\/hi-techwonder.com\/wp-content\/uploads\/2025\/11\/04a79aeb8cec14fb8503161e05a3fd0c@origin-300x300.jpg 300w, https:\/\/hi-techwonder.com\/wp-content\/uploads\/2025\/11\/04a79aeb8cec14fb8503161e05a3fd0c@origin-150x150.jpg 150w, https:\/\/hi-techwonder.com\/wp-content\/uploads\/2025\/11\/04a79aeb8cec14fb8503161e05a3fd0c@origin-768x768.jpg 768w, https:\/\/hi-techwonder.com\/wp-content\/uploads\/2025\/11\/04a79aeb8cec14fb8503161e05a3fd0c@origin-600x600.jpg 600w, https:\/\/hi-techwonder.com\/wp-content\/uploads\/2025\/11\/04a79aeb8cec14fb8503161e05a3fd0c@origin-1200x1200.jpg 1200w, https:\/\/hi-techwonder.com\/wp-content\/uploads\/2025\/11\/04a79aeb8cec14fb8503161e05a3fd0c@origin.jpg 1500w\" sizes=\"auto, (max-width: 1024px) 100vw, 1024px\" \/><\/figure><\/div>\n\n\n\n<div class=\"wp-block-media-text is-stacked-on-mobile\" style=\"grid-template-columns:45% auto\"><figure class=\"wp-block-media-text__media\"><img loading=\"lazy\" decoding=\"async\" width=\"1024\" height=\"1024\" src=\"https:\/\/hi-techwonder.com\/wp-content\/themes\/woodmart\/images\/lazy.svg\" data-src=\"https:\/\/hi-techwonder.com\/wp-content\/uploads\/2025\/11\/1763448456_IMG_2611512-1024x1024.jpg\" alt=\"\" class=\"wp-image-92854 size-full\" srcset=\"\" data-srcset=\"https:\/\/hi-techwonder.com\/wp-content\/uploads\/2025\/11\/1763448456_IMG_2611512-1024x1024.jpg 1024w, https:\/\/hi-techwonder.com\/wp-content\/uploads\/2025\/11\/1763448456_IMG_2611512-300x300.jpg 300w, https:\/\/hi-techwonder.com\/wp-content\/uploads\/2025\/11\/1763448456_IMG_2611512-150x150.jpg 150w, https:\/\/hi-techwonder.com\/wp-content\/uploads\/2025\/11\/1763448456_IMG_2611512-768x768.jpg 768w, https:\/\/hi-techwonder.com\/wp-content\/uploads\/2025\/11\/1763448456_IMG_2611512-600x600.jpg 600w, https:\/\/hi-techwonder.com\/wp-content\/uploads\/2025\/11\/1763448456_IMG_2611512-1200x1200.jpg 1200w, https:\/\/hi-techwonder.com\/wp-content\/uploads\/2025\/11\/1763448456_IMG_2611512.jpg 1500w\" sizes=\"auto, (max-width: 1024px) 100vw, 1024px\" \/><\/figure><div class=\"wp-block-media-text__content\">\n<h2 class=\"wp-block-heading\" id=\"conteudo-da-embalagem\">Contenido del paquete Adventure Combo<\/h2>\n\n\n\n<ul class=\"wp-block-list\">\n<li>DJI Osmo Action 6 <\/li>\n\n\n\n<li>3 \u00d7 Bater\u00eda DJI Extreme Plus para Osmo Action 5 (1950 mAh)<\/li>\n\n\n\n<li>Soporte DJI Dual-Direction Quick Release para Osmo Action 6<\/li>\n\n\n\n<li>Base adhesiva curva<\/li>\n\n\n\n<li>Tornillo de fijaci\u00f3n<\/li>\n\n\n\n<li>Cable de carga USB-C PD<\/li>\n\n\n\n<li>Estuche multifuncional para 3 bater\u00edas DJI Osmo<\/li>\n\n\n\n<li>Kit de varilla extensible Dual-Direction para Osmo Action 6 (1,5 m)<\/li>\n\n\n\n<li>Anti-Slip Pad<\/li>\n<\/ul>\n<\/div><\/div>\n\n\n\n<div class=\"wp-block-media-text has-media-on-the-right is-stacked-on-mobile\"><div class=\"wp-block-media-text__content\">\n<h4 class=\"wp-block-heading\" id=\"abertura-variavel\">Apertura variable<\/h4>\n\n\n\n<p>La Osmo Action 6 es la primera c\u00e1mara de acci\u00f3n de DJI con una apertura variable de f\/2 a f\/4, rompiendo con el dise\u00f1o tradicional de apertura fija. La apertura se ajusta manual o autom\u00e1ticamente dentro de cada rango para obtener resultados n\u00edtidos y equilibrados, desde fotos nocturnas con poca luz hasta paisajes detallados.<br>Cuando se combina con el objetivo macro opcional, puede capturar primeros planos extremos con una profundidad de campo reducida y un suave efecto bokeh.<\/p>\n<\/div><figure class=\"wp-block-media-text__media\"><img loading=\"lazy\" decoding=\"async\" width=\"800\" height=\"450\" src=\"https:\/\/hi-techwonder.com\/wp-content\/themes\/woodmart\/images\/lazy.svg\" data-src=\"https:\/\/hi-techwonder.com\/wp-content\/uploads\/2025\/11\/IMG_2612184.webp\" alt=\"\" class=\"wp-image-92855 size-full\" srcset=\"\" data-srcset=\"https:\/\/hi-techwonder.com\/wp-content\/uploads\/2025\/11\/IMG_2612184.webp 800w, https:\/\/hi-techwonder.com\/wp-content\/uploads\/2025\/11\/IMG_2612184-300x169.webp 300w, https:\/\/hi-techwonder.com\/wp-content\/uploads\/2025\/11\/IMG_2612184-768x432.webp 768w, https:\/\/hi-techwonder.com\/wp-content\/uploads\/2025\/11\/IMG_2612184-150x84.webp 150w\" sizes=\"auto, (max-width: 800px) 100vw, 800px\" \/><\/figure><\/div>\n\n\n\n<div class=\"wp-block-media-text is-stacked-on-mobile\" style=\"grid-template-columns:35% auto\"><figure class=\"wp-block-media-text__media\"><img loading=\"lazy\" decoding=\"async\" width=\"400\" height=\"400\" src=\"https:\/\/hi-techwonder.com\/wp-content\/themes\/woodmart\/images\/lazy.svg\" data-src=\"https:\/\/hi-techwonder.com\/wp-content\/uploads\/2025\/11\/IMG_2612185.webp\" alt=\"\" class=\"wp-image-92856 size-full\" srcset=\"\" data-srcset=\"https:\/\/hi-techwonder.com\/wp-content\/uploads\/2025\/11\/IMG_2612185.webp 400w, https:\/\/hi-techwonder.com\/wp-content\/uploads\/2025\/11\/IMG_2612185-300x300.webp 300w, https:\/\/hi-techwonder.com\/wp-content\/uploads\/2025\/11\/IMG_2612185-150x150.webp 150w\" sizes=\"auto, (max-width: 400px) 100vw, 400px\" \/><\/figure><div class=\"wp-block-media-text__content\">\n<h4 class=\"wp-block-heading\" id=\"sensor-atualizado-com-ampla-gama-dinamica\">Sensor actualizado con amplio rango din\u00e1mico<\/h4>\n\n\n\n<p>El nuevo sensor cuadrado de 1\/1,1&#8243; de la c\u00e1mara graba v\u00eddeos en UHD 4K120 y captura experiencias con detalles din\u00e1micos y n\u00edtidos, incluso con poca luz.<br>Un campo de visi\u00f3n superamplio de 155\u00b0 garantiza que toda la acci\u00f3n quede encuadrada y, como el sensor cuadrado mantiene los detalles finos, esto facilita el encuadre personalizado.<\/p>\n\n\n\n<p>El modo de color D-Log M de 10 bits ofrece m\u00e1s de mil millones de colores y un amplio rango din\u00e1mico de 13,5 pasos para obtener im\u00e1genes v\u00edvidas.<\/p>\n\n\n\n<h4 class=\"wp-block-heading\" id=\"h\">High-Res <\/h4>\n\n\n\n<p id=\"wd-b4bb8d45\" class=\"wp-block-wd-paragraph\">Pulsa el bot\u00f3n del obturador para hacer fotos impresionantes y recortarlas f\u00e1cilmente. Cada foto tiene aproximadamente el doble de nitidez que la generaci\u00f3n anterior, con una resoluci\u00f3n de unos 38 MP (7168 x 5376) u 8K (16:9).<br>Tambi\u00e9n puedes convertir v\u00eddeos de 3 segundos en fotos din\u00e1micas y en movimiento.<\/p>\n<\/div><\/div>\n\n\n\n<div class=\"wp-block-media-text has-media-on-the-right is-stacked-on-mobile\" style=\"grid-template-columns:auto 35%\"><div class=\"wp-block-media-text__content\">\n<h4 class=\"wp-block-heading\" id=\"opcoes-de-camera-lenta-e-captura\">Opciones de c\u00e1mara lenta y captura<\/h4>\n\n\n\n<p>Ralentiza las escenas de acci\u00f3n con la c\u00e1mara superlenta de 32x. El potente chip de 4 nm de Action 6 permite el an\u00e1lisis fotograma a fotograma y la interpolaci\u00f3n de fotogramas 4x para una c\u00e1mara lenta de hasta 32x. Graba en 1080p240 y produce el equivalente a un v\u00eddeo de 960 fps en posproducci\u00f3n.<br>Con la funci\u00f3n de pregrabaci\u00f3n, puedes capturar y guardar momentos emocionantes antes de que comience la grabaci\u00f3n oficial.<\/p>\n\n\n\n<p>La funci\u00f3n de resaltado te permite marcar r\u00e1pidamente momentos importantes para acelerar el proceso de edici\u00f3n.<\/p>\n<\/div><figure class=\"wp-block-media-text__media\"><img loading=\"lazy\" decoding=\"async\" width=\"400\" height=\"400\" src=\"https:\/\/hi-techwonder.com\/wp-content\/themes\/woodmart\/images\/lazy.svg\" data-src=\"https:\/\/hi-techwonder.com\/wp-content\/uploads\/2025\/11\/IMG_2612188.webp\" alt=\"\" class=\"wp-image-92857 size-full\" srcset=\"\" data-srcset=\"https:\/\/hi-techwonder.com\/wp-content\/uploads\/2025\/11\/IMG_2612188.webp 400w, https:\/\/hi-techwonder.com\/wp-content\/uploads\/2025\/11\/IMG_2612188-300x300.webp 300w, https:\/\/hi-techwonder.com\/wp-content\/uploads\/2025\/11\/IMG_2612188-150x150.webp 150w\" sizes=\"auto, (max-width: 400px) 100vw, 400px\" \/><\/figure><\/div>\n\n\n\n<div class=\"wp-block-media-text is-stacked-on-mobile\"><figure class=\"wp-block-media-text__media\"><img loading=\"lazy\" decoding=\"async\" width=\"800\" height=\"450\" src=\"https:\/\/hi-techwonder.com\/wp-content\/themes\/woodmart\/images\/lazy.svg\" data-src=\"https:\/\/hi-techwonder.com\/wp-content\/uploads\/2025\/11\/IMG_2612205.webp\" alt=\"\" class=\"wp-image-92858 size-full\" srcset=\"\" data-srcset=\"https:\/\/hi-techwonder.com\/wp-content\/uploads\/2025\/11\/IMG_2612205.webp 800w, https:\/\/hi-techwonder.com\/wp-content\/uploads\/2025\/11\/IMG_2612205-300x169.webp 300w, https:\/\/hi-techwonder.com\/wp-content\/uploads\/2025\/11\/IMG_2612205-768x432.webp 768w, https:\/\/hi-techwonder.com\/wp-content\/uploads\/2025\/11\/IMG_2612205-150x84.webp 150w\" sizes=\"auto, (max-width: 800px) 100vw, 800px\" \/><\/figure><div class=\"wp-block-media-text__content\">\n<h4 class=\"wp-block-heading\" id=\"ecossistema-de-audio-dji-osmo-audio\">Ecosistema de audio DJI OsmoAudio<\/h4>\n\n\n\n<p>Tres micr\u00f3fonos omnidireccionales integrados graban un sonido preciso y n\u00edtido. El ecosistema DJI OsmoAudio admite la conexi\u00f3n directa a dos transmisores de micr\u00f3fono DJI, lo que permite capturar audio de alta calidad sin necesidad de un receptor. Esta soluci\u00f3n de audio f\u00e1cil de montar cuenta con grabaci\u00f3n de 32 bits flotantes. La c\u00e1mara se puede conectar a otros micr\u00f3fonos externos mediante un cable USB-C a 3,5 mm opcional.<br>Tambi\u00e9n puedes activar la funci\u00f3n de respaldo de audio del micr\u00f3fono integrado para mezclar ricos sonidos ambientales y crear una experiencia verdaderamente inmersiva que da vida a tu escena.<\/p>\n\n\n\n<p>El c\u00f3digo de tiempo integrado en la Osmo Action 6 permite sincronizar f\u00e1cilmente las im\u00e1genes en escenarios de rodaje con varias c\u00e1maras.<\/p>\n<\/div><\/div>\n\n\n\n<div id=\"wd-b4e88cc8\" class=\"wp-block-wd-container wd-dir-col\">\n<h2 class=\"wp-block-heading\" id=\"especificacoes-tecnicas\">Especificaciones t\u00e9cnicas<\/h2>\n\n\n\n<figure class=\"wp-block-table\"><table class=\"has-fixed-layout\"><thead><tr><th><strong>Categor\u00eda<\/strong><\/th><th><strong>Detalles<\/strong><\/th><\/tr><\/thead><tbody><tr><td><strong>Imagen<\/strong><\/td><td><\/td><\/tr><tr><td>Tipo de sensor<\/td><td>CMOS 1\/1.1&#8243;<\/td><\/tr><tr><td>Resoluci\u00f3n efectiva<\/td><td>38 MP (7168 \u00d7 5376)<\/td><\/tr><tr><td>Estabilizaci\u00f3n<\/td><td>Digital<\/td><\/tr><tr><td><strong>\u00d3ptica<\/strong><\/td><td><\/td><\/tr><tr><td>Apertura m\u00e1xima<\/td><td>f\/2 a f\/4<\/td><\/tr><tr><td>Distancia m\u00ednima de enfoque<\/td><td>0,2 m<\/td><\/tr><tr><td>\u00c1ngulo de visi\u00f3n<\/td><td>155\u00b0<\/td><\/tr><tr><td>Zoom<\/td><td>Digital: 2x<\/td><\/tr><tr><td><strong>V\u00eddeo<\/strong><\/td><td><\/td><\/tr><tr><td>Formato de grabaci\u00f3n interna<\/td><td>MP4 (H.265\/HEVC)<\/td><\/tr><tr><td>Resoluciones y FPS<\/td><td>3840\u00d73840 a 24\/25\/30\/48\/50\/60\/100\/120 fps3840\u00d72880 a 24\/25\/30\/48\/50\/60\/100\/120 fps3840\u00d72160 a 24\/25\/30\/48\/50\/60\/100\/120 fps2688\u00d72016 a 24\/25\/30\/48\/50\/60\/100\/120 fps2688\u00d71512 a 24\/25\/30\/48\/50\/60\/100\/120 fps1920\u00d71080 a 24\/25\/30\/48\/50\/60\/100\/120\/200\/240 fps<\/td><\/tr><tr><td><strong>Fotograf\u00eda<\/strong><\/td><td><\/td><\/tr><tr><td>Formato<\/td><td>JPEG \/ RAW<\/td><\/tr><tr><td>Resoluci\u00f3n<\/td><td>38 MP (7168 \u00d7 5376)<\/td><\/tr><tr><td><strong>Audio<\/strong><\/td><td><\/td><\/tr><tr><td>Grabaci\u00f3n<\/td><td>AAC de 16 bits a 48 kHz<\/td><\/tr><tr><td>Micr\u00f3fono integrado<\/td><td>S\u00ed<\/td><\/tr><tr><td>Transmisi\u00f3n IP<\/td><td>No<\/td><\/tr><tr><td><strong>Almacenamiento<\/strong><\/td><td><\/td><\/tr><tr><td>Interno<\/td><td>50 GB<\/td><\/tr><tr><td>Ranura para tarjeta<\/td><td>microSD\/microSDHC\/microSDXC hasta 1 TB<\/td><\/tr><tr><td><strong>Exposici\u00f3n<\/strong><\/td><td><\/td><\/tr><tr><td>Velocidad de obturaci\u00f3n<\/td><td>1\/8000 s a 30 s<\/td><\/tr><tr><td>ISO Foto<\/td><td>100 a 25 600<\/td><\/tr><tr><td>ISO V\u00eddeo<\/td><td>100 a 51 200<\/td><\/tr><tr><td>Modo de exposici\u00f3n<\/td><td>Autom\u00e1tico<\/td><\/tr><tr><td>Balance de blancos<\/td><td>Autom\u00e1tico<\/td><\/tr><tr><td><strong>Conectividad<\/strong><\/td><td><\/td><\/tr><tr><td>Wireless<\/td><td>Wi-Fi 6 (802.11ax) \/ Bluetooth 5.1<\/td><\/tr><tr><td>App compatible<\/td><td>S\u00ed \u2014 Mimo (Android\/iOS)<\/td><\/tr><tr><td>Entradas\/Salidas<\/td><td>1\u00d7 USB-C (alimentaci\u00f3n\/transferencia)<\/td><\/tr><tr><td><strong>Alimentaci\u00f3n<\/strong><\/td><td><\/td><\/tr><tr><td>Tipo de bater\u00eda<\/td><td>Bater\u00eda recargable de ion-litio (3,87 V, 1950 mAh)<\/td><\/tr><tr><td>Tiempo de carga<\/td><td>52 minutos<\/td><\/tr><tr><td>Autonom\u00eda estimada<\/td><td>Hasta 240 minutos<\/td><\/tr><tr><td><strong>Entorno<\/strong><\/td><td><\/td><\/tr><tr><td>Resistencia al agua<\/td><td>Hasta 20 m (sin clasificaci\u00f3n IP)<\/td><\/tr><tr><td>Temperatura de funcionamiento<\/td><td>-20 a 45 \u00b0C<\/td><\/tr><tr><td>Resistencia a impactos<\/td><td>No<\/td><\/tr><tr><td><strong>General<\/strong><\/td><td><\/td><\/tr><tr><td>Tipo de pantalla<\/td><td>2 pantallas t\u00e1ctiles OLED fijas<\/td><\/tr><tr><td>Luz integrada<\/td><td>No<\/td><\/tr><tr><td>Altavoz integrado<\/td><td>S\u00ed<\/td><\/tr><tr><td>Efectos creativos<\/td><td>Bullet Time (slow motion), Horizon Lock, RockSteady 3.0, SuperNight<\/td><\/tr><tr><td>Dimensiones (An \u00d7 Pr \u00d7 Al)<\/td><td>72,8 \u00d7 33,1 \u00d7 47,2 mm<\/td><\/tr><tr><td>Peso<\/td><td>149 g<\/td><\/tr><\/tbody><\/table><\/figure>\n<\/div>\n\n\n\n<div id=\"wd-79fcb89e\" class=\"wp-block-wd-container wd-dir-col\">\n<p>Sitio web oficial de la marca: <a href=\"https:\/\/store.dji.com\/pt\" target=\"_blank\" rel=\"noopener\">https:\/\/store.dji.com\/pt<\/a><\/p>\n\n\n\n<p>Ver otros productos DJI en nuestra p\u00e1gina web: <a href=\"https:\/\/hi-techwonder.com\/es\/marca\/dji-es\/\">https:\/\/hi-techwonder.com\/marca\/dji\/<\/a><\/p>\n<\/div>\n<\/div>\n","protected":false},"excerpt":{"rendered":"<p>\u2022 Sensor CMOS de 38 MP y 1\/1,1&#8243; con hasta 13,5 pasos de rango din\u00e1mico<br data-start=\"410\" data-end=\"413\" \/>\u2022 V\u00eddeo hasta 4K a 120 fps y fotograf\u00edas de 38MP\/8K<br data-start=\"462\" data-end=\"465\" \/>\u2022 Estabilizaci\u00f3n HorizonSteady y RockSteady 3.0 de 360\u00b0<br data-start=\"516\" data-end=\"519\" \/>\u2022 Pantallas t\u00e1ctiles OLED de alto brillo en la parte delantera y trasera<br data-start=\"571\" data-end=\"574\" \/>\u2022 50GB de almacenamiento interno + ranura microSD de hasta 1TB<br data-start=\"628\" data-end=\"631\" \/>\u2022 Modos creativos: Starburst, SuperNight y Super Slow Motion<br data-start=\"692\" data-end=\"695\" \/>\u2022 Audio de nivel profesional con 3 micr\u00f3fonos y soporte OsmoAudio<br data-start=\"761\" data-end=\"764\" \/>\u2022 Cuerpo resistente al agua hasta 20 m sin carcasa adicional<\/p>\n","protected":false},"featured_media":92918,"comment_status":"open","ping_status":"closed","template":"","meta":{"_acf_changed":false},"product_brand":[2542],"product_cat":[927],"product_tag":[],"class_list":{"0":"post-92917","1":"product","2":"type-product","3":"status-publish","4":"has-post-thumbnail","6":"product_brand-dji-es","7":"product_cat-camaras-accion-360o","8":"pa_cartoes-memoria-compativeis-microsd-es","9":"pa_iso-25600-es","10":"pa_iso-51200-es","11":"pa_resolucao-de-video-4k-es","12":"pa_resolucao-mp-38-mp","14":"first","15":"instock","16":"taxable","17":"shipping-taxable","18":"purchasable","19":"product-type-variable"},"bundled_by":[],"bundle_stock_status":"instock","bundle_stock_quantity":null,"bundle_virtual":false,"bundle_layout":"","bundle_add_to_cart_form_location":"","bundle_editable_in_cart":false,"bundle_sold_individually_context":"","bundle_item_grouping":"","bundle_min_size":"","bundle_max_size":"","bundle_price":[],"bundled_items":[],"bundle_sell_ids":[],"acf":[],"_links":{"self":[{"href":"https:\/\/hi-techwonder.com\/es\/wp-json\/wp\/v2\/product\/92917","targetHints":{"allow":["GET"]}}],"collection":[{"href":"https:\/\/hi-techwonder.com\/es\/wp-json\/wp\/v2\/product"}],"about":[{"href":"https:\/\/hi-techwonder.com\/es\/wp-json\/wp\/v2\/types\/product"}],"replies":[{"embeddable":true,"href":"https:\/\/hi-techwonder.com\/es\/wp-json\/wp\/v2\/comments?post=92917"}],"wp:featuredmedia":[{"embeddable":true,"href":"https:\/\/hi-techwonder.com\/es\/wp-json\/wp\/v2\/media\/92918"}],"wp:attachment":[{"href":"https:\/\/hi-techwonder.com\/es\/wp-json\/wp\/v2\/media?parent=92917"}],"wp:term":[{"taxonomy":"product_brand","embeddable":true,"href":"https:\/\/hi-techwonder.com\/es\/wp-json\/wp\/v2\/product_brand?post=92917"},{"taxonomy":"product_cat","embeddable":true,"href":"https:\/\/hi-techwonder.com\/es\/wp-json\/wp\/v2\/product_cat?post=92917"},{"taxonomy":"product_tag","embeddable":true,"href":"https:\/\/hi-techwonder.com\/es\/wp-json\/wp\/v2\/product_tag?post=92917"}],"curies":[{"name":"wp","href":"https:\/\/api.w.org\/{rel}","templated":true}]}}