{"id":94269,"date":"2025-12-04T15:23:35","date_gmt":"2025-12-04T15:23:35","guid":{"rendered":"https:\/\/hi-techwonder.com\/product\/nisi-caddy-100mm-pro-bolsa-p-9-filtros-bulk\/"},"modified":"2026-01-31T00:53:59","modified_gmt":"2026-01-31T00:53:59","slug":"nisi-nisioptics-nisi-caddy-100mm-pro-bolsa-p-9-filtros-bulk","status":"publish","type":"product","link":"https:\/\/hi-techwonder.com\/es\/producto\/nisi-nisioptics-nisi-caddy-100mm-pro-bolsa-p-9-filtros-bulk\/","title":{"rendered":"NiSi Caddy 100mm Pro \u2013 Estuche para 9 Filtros (BULK)"},"content":{"rendered":"<h1 data-start=\"107\" data-end=\"174\"><strong data-start=\"109\" data-end=\"172\">NiSi Bolsa para 9 Filtros (5 de 100x150mm y 4 de 100x100mm)<\/strong><\/h1>\n<p data-start=\"175\" data-end=\"220\"><strong data-start=\"175\" data-end=\"220\">NOTA: Versi\u00f3n BULK \u2014 no incluye embalaje.<\/strong><\/p>\n<p data-start=\"222\" data-end=\"423\"><strong data-start=\"222\" data-end=\"259\">NiSi Caddy 100mm Filter Pouch Pro<\/strong> \u2013 Admite hasta 1 portafiltros de 100mm (V6) y 9 filtros (5 filtros 100x150mm y 4 filtros 100x100mm), incluidos los filtros circulares del V6 y la tapa de objetivo.<\/p>\n<h2 data-start=\"430\" data-end=\"464\"><strong data-start=\"433\" data-end=\"464\">Caracter\u00edsticas principales<\/strong><\/h2>\n<ul data-start=\"466\" data-end=\"904\">\n<li data-start=\"466\" data-end=\"536\">\n<p data-start=\"468\" data-end=\"536\">Capacidad para hasta <strong data-start=\"489\" data-end=\"502\">9 filtros<\/strong> (4 \u00d7 100x100mm y 5 \u00d7 100x150mm)<\/p>\n<\/li>\n<li data-start=\"537\" data-end=\"628\">\n<p data-start=\"539\" data-end=\"628\">Compatible con un portafiltros NiSi 100mm <strong data-start=\"581\" data-end=\"597\">V6\/V5 Pro\/V5<\/strong> (reduciendo las ranuras a 8)<\/p>\n<\/li>\n<li data-start=\"629\" data-end=\"657\">\n<p data-start=\"631\" data-end=\"657\">Dise\u00f1o ligero: <strong data-start=\"646\" data-end=\"655\">350 g<\/strong><\/p>\n<\/li>\n<li data-start=\"658\" data-end=\"723\">\n<p data-start=\"660\" data-end=\"723\">Puede montarse en la pata de un tr\u00edpode para un acceso r\u00e1pido<\/p>\n<\/li>\n<li data-start=\"724\" data-end=\"745\">\n<p data-start=\"726\" data-end=\"745\">Compacta y ligera<\/p>\n<\/li>\n<li data-start=\"746\" data-end=\"797\">\n<p data-start=\"748\" data-end=\"797\">Cabe f\u00e1cilmente en tu mochila o bolsa de c\u00e1mara<\/p>\n<\/li>\n<li data-start=\"798\" data-end=\"865\">\n<p data-start=\"800\" data-end=\"865\">Puede utilizarse como <strong data-start=\"822\" data-end=\"863\">bolsa de hombro, bandolera o cintur\u00f3n<\/strong><\/p>\n<\/li>\n<li data-start=\"866\" data-end=\"904\">\n<p data-start=\"868\" data-end=\"904\">Incluye <strong data-start=\"876\" data-end=\"904\">correa cruzada ajust\u00e1vel<\/strong><\/p>\n<\/li>\n<\/ul>\n<p data-start=\"931\" data-end=\"1212\">La <strong data-start=\"934\" data-end=\"954\">NiSi Caddy 100mm<\/strong> para 9 filtros est\u00e1 dise\u00f1ada para el sistema de filtros NiSi 100mm y ofrece espacio para <strong data-start=\"1044\" data-end=\"1070\">4 filtros de 100x100mm<\/strong> y <strong data-start=\"1073\" data-end=\"1099\">5 filtros de 100x150mm<\/strong>. Dispone de una correa cruzada ajustable y puede llevarse como bolsa de hombro, tipo mensajero o a la cintura.<\/p>\n<p data-start=\"1214\" data-end=\"1399\">Puede montarse de forma pr\u00e1ctica en una pata de tr\u00edpode para un acceso r\u00e1pido y c\u00f3modo durante el uso, y est\u00e1 fabricada con un material ligero que protege los filtros contra ara\u00f1azos.<\/p>\n<p data-start=\"1401\" data-end=\"1564\">La bolsa permite almacenar hasta <strong data-start=\"1434\" data-end=\"1447\">9 filtros<\/strong> en la combinaci\u00f3n mencionada y cuenta con un dise\u00f1o <strong data-start=\"1500\" data-end=\"1512\">flip-top<\/strong>, que mantiene la tapa abierta durante el trabajo.<\/p>\n<p data-start=\"1566\" data-end=\"1706\">La bolsa NiSi Caddy 100mm tambi\u00e9n puede alojar un <strong data-start=\"1616\" data-end=\"1646\">portafiltros NiSi 100mm V6<\/strong> en la primera ranura (reduciendo la capacidad a 8 filtros).<\/p>\n<p data-start=\"1708\" data-end=\"1857\">Con un peso de solo <strong data-start=\"1728\" data-end=\"1737\">350 g<\/strong>, es lo suficientemente peque\u00f1a para caber en la mayor\u00eda de bolsas de c\u00e1mara.<br data-start=\"1814\" data-end=\"1817\" \/><strong data-start=\"1817\" data-end=\"1833\">Dimensiones:<\/strong> 19 cm \u00d7 13,5 cm \u00d7 8 cm.<\/p>\n<h2 data-start=\"1864\" data-end=\"1887\"><strong data-start=\"1867\" data-end=\"1887\">Especificaciones<\/strong><\/h2>\n<p data-start=\"1889\" data-end=\"1938\"><strong data-start=\"1889\" data-end=\"1913\">Filtros compatibles:<\/strong><br data-start=\"1913\" data-end=\"1916\" \/>100x100mm, 100x150mm<\/p>\n<p data-start=\"1940\" data-end=\"1983\"><strong data-start=\"1940\" data-end=\"1956\">Dimensiones:<\/strong><br data-start=\"1956\" data-end=\"1959\" \/>19 cm \u00d7 13,5 cm \u00d7 8 cm<\/p>\n<p data-start=\"1985\" data-end=\"2006\"><strong data-start=\"1985\" data-end=\"1994\">Peso:<\/strong><br data-start=\"1994\" data-end=\"1997\" \/>0,35 kg<\/p>\n<h1><\/h1>\n","protected":false},"excerpt":{"rendered":"<ul>\n<li data-start=\"52\" data-end=\"92\"><strong>Versi\u00f3n BULK: no incluye embalaje.<\/strong><\/li>\n<li data-start=\"95\" data-end=\"168\">Capacidad para <strong data-start=\"110\" data-end=\"129\">hasta 9 filtros<\/strong> (4 de 100\u00d7100 mm y 5 de 100\u00d7150 mm).<\/li>\n<li data-start=\"171\" data-end=\"271\">Compatible con un portafiltros de <strong data-start=\"205\" data-end=\"228\">100 mm V6\/V5 Pro\/V5<\/strong> (reduciendo las ranuras de filtros a 8).<\/li>\n<li data-start=\"274\" data-end=\"303\">Dise\u00f1o ligero de <strong data-start=\"291\" data-end=\"300\">350 g<\/strong>.<\/li>\n<li data-start=\"306\" data-end=\"370\">Puede montarse en un tr\u00edpode para un acceso y uso m\u00e1s c\u00f3modos.<\/li>\n<li data-start=\"373\" data-end=\"393\">Compacto y ligero.<\/li>\n<li data-start=\"396\" data-end=\"439\">Cabe f\u00e1cilmente en la bolsa de tu c\u00e1mara.<\/li>\n<\/ul>\n","protected":false},"featured_media":94271,"comment_status":"open","ping_status":"closed","template":"","meta":{"_acf_changed":false},"product_brand":[2543],"product_cat":[1055,1070],"product_tag":[],"class_list":{"0":"post-94269","1":"product","2":"type-product","3":"status-publish","4":"has-post-thumbnail","6":"product_brand-nisioptics-es","7":"product_cat-accesorios-100mm","8":"product_cat-outlet-es","10":"first","11":"instock","12":"taxable","13":"shipping-taxable","14":"purchasable","15":"product-type-simple"},"bundled_by":[],"bundle_stock_status":"instock","bundle_stock_quantity":1,"bundle_virtual":false,"bundle_layout":"","bundle_add_to_cart_form_location":"","bundle_editable_in_cart":false,"bundle_sold_individually_context":"","bundle_item_grouping":"","bundle_min_size":"","bundle_max_size":"","bundle_price":[],"bundled_items":[],"bundle_sell_ids":[],"acf":[],"_links":{"self":[{"href":"https:\/\/hi-techwonder.com\/es\/wp-json\/wp\/v2\/product\/94269","targetHints":{"allow":["GET"]}}],"collection":[{"href":"https:\/\/hi-techwonder.com\/es\/wp-json\/wp\/v2\/product"}],"about":[{"href":"https:\/\/hi-techwonder.com\/es\/wp-json\/wp\/v2\/types\/product"}],"replies":[{"embeddable":true,"href":"https:\/\/hi-techwonder.com\/es\/wp-json\/wp\/v2\/comments?post=94269"}],"wp:featuredmedia":[{"embeddable":true,"href":"https:\/\/hi-techwonder.com\/es\/wp-json\/wp\/v2\/media\/94271"}],"wp:attachment":[{"href":"https:\/\/hi-techwonder.com\/es\/wp-json\/wp\/v2\/media?parent=94269"}],"wp:term":[{"taxonomy":"product_brand","embeddable":true,"href":"https:\/\/hi-techwonder.com\/es\/wp-json\/wp\/v2\/product_brand?post=94269"},{"taxonomy":"product_cat","embeddable":true,"href":"https:\/\/hi-techwonder.com\/es\/wp-json\/wp\/v2\/product_cat?post=94269"},{"taxonomy":"product_tag","embeddable":true,"href":"https:\/\/hi-techwonder.com\/es\/wp-json\/wp\/v2\/product_tag?post=94269"}],"curies":[{"name":"wp","href":"https:\/\/api.w.org\/{rel}","templated":true}]}}