{"id":94307,"date":"2025-12-05T11:41:43","date_gmt":"2025-12-05T11:41:43","guid":{"rendered":"https:\/\/hi-techwonder.com\/product\/nisi-filtro-100mm-mc-ir-nd1000-10-stops\/"},"modified":"2026-01-31T00:53:06","modified_gmt":"2026-01-31T00:53:06","slug":"nisi-nisioptics-nisi-filtro-100mm-mc-ir-nd1000-10-stops","status":"publish","type":"product","link":"https:\/\/hi-techwonder.com\/es\/producto\/nisi-nisioptics-nisi-filtro-100mm-mc-ir-nd1000-10-stops\/","title":{"rendered":"NiSi Filtro 100x100mm Densidade Neutra MC IR ND1000 (3.0) \u2013 10 Stops (BULK)"},"content":{"rendered":"<h1><strong>NiSi Filtro 100x100mm Densidade Neutra MC IR ND1000 (3.0) \u2013 10 Stops (BULK)<\/strong><\/h1>\n<h2><strong>Versi\u00f3n BULK: no incluye embalaje ni bolsa de transporte.<\/strong><\/h2>\n<div class=\"rte\">\n<p>El filtro\u00a0<strong>NiSi 100x100mm Densidad Neutra MC IR ND1000 (3.0) \u2013 10 Paradas\u00a0<\/strong>es un filtro de densidad neutra (ND) que reduce uniformemente la cantidad de luz que ingresa a la lente. Los filtros ND pueden permitir un mayor desenfoque de movimiento y detalle de la imagen al permitir una gran apertura y una velocidad de obturaci\u00f3n lenta. Los filtros ND tambi\u00e9n son \u00fatiles cuando el contraste entre las luces y las sombras es demasiado alto para obtener una exposici\u00f3n de calidad.<\/p>\n<p>El ND1000 10 Stop se usa durante el d\u00eda fuera de la hora dorada, ya que la luz ambiental brillante requiere mucho m\u00e1s \u00abbloqueo de luz\u00bb. Estos pueden prolongar las exposiciones hasta 5 minutos durante la hora dorada con la configuraci\u00f3n adecuada. Filtro NiSi 100x100mm Densidad Neutra MC IR ND1000 (3.0) \u2013 10 Paradas reduce 1000 veces la luz sin cambiar de color, permitiendo as\u00ed aumentar la velocidad de obturaci\u00f3n 1000 veces (por ejemplo de 1\/1000\u201d a 1\u201d, o de 1\/30\u201d a unos 30\u201d).<\/p>\n<p>Los filtros NiSi ND no afectan la coloraci\u00f3n de la imagen, brindan colores reales y est\u00e1n hechos de vidrio \u00f3ptico de alta calidad (no resina) con un nano revestimiento para evitar que se pierda ning\u00fan detalle. Cuando se utiliza el filtro de densidad neutra, la c\u00e1mara es vulnerable a la luz infrarroja, que arrojar\u00e1 un color rojo no deseado en las fotos cuando se toman fotograf\u00edas con una apertura peque\u00f1a. Los filtros NiSi ND tienen una capa protectora de infrarrojos para eliminar la luz infrarroja a trav\u00e9s de la lente y recuperar el color natural y verdadero.<\/p>\n<p>El sistema de filtro NiSi de 100 mm es ideal para c\u00e1maras con lentes que tienen una rosca de filtro est\u00e1ndar de\u00a0<strong>49 mm a 95 mm<\/strong>.<\/p>\n<p><strong>Este filtro de 100 mm x 100 mm es compatible con el sistema de filtro NiSi de 100 mm.<\/strong><\/p>\n<\/div>\n<h5>Construcci\u00f3n<\/h5>\n<p>Todos los filtros cuadrados de NiSi usan Nano Coating\u00ae, lo que hace que los filtros sean repelentes al agua y oleof\u00f3bicos para una claridad perfecta. Los filtros NiSi tambi\u00e9n utilizan tecnolog\u00eda IR, es decir, un revestimiento que bloquea la luz infrarroja y, por lo tanto, elimina el riesgo de tinte magenta.<\/p>\n<h5>Calidad inigualable<\/h5>\n<p>Todos los filtros NiSi est\u00e1n fabricados con vidrio \u00f3ptico de grado de objetivo de la m\u00e1s alta calidad para que no se pierda ni el m\u00e1s m\u00ednimo detalle en sus im\u00e1genes. El revestimiento especial Nano Coating en ambos lados minimiza los reflejos no deseados y le da a los filtros de densidad neutra NiSi la caracter\u00edstica de ser repelentes al agua y oleof\u00f3bicos. No existen filtros de calidad comparable gracias al exclusivo cristal NiSi utilizado, con el que puedes estar seguro de que tus lentes no perder\u00e1n la definici\u00f3n.<\/p>\n<h5>\u00danico en el mercado<\/h5>\n<p>Gracias a la coincidencia de color muy alta y la ausencia de colores dominantes, finalmente puede decir adi\u00f3s a las correcciones de color poco pr\u00e1cticas y que consumen mucho tiempo en la posproducci\u00f3n. El vidrio \u00f3ptico NiSi no es el cl\u00e1sico B270 que utilizan muchos fabricantes, pero es un vidrio de calidad superior que utilizan los principales fabricantes de lentes fotogr\u00e1ficos espec\u00edficamente para los mejores elementos \u00f3pticos. Los filtros NiSi no degradan la imagen y su lente y sensor fotogr\u00e1fico siempre funcionan al m\u00e1ximo. al m\u00e1ximo de su potencial.<\/p>\n<h5>A prueba de la intemperie<\/h5>\n<p>El Revestimento Nano\u00ae\u00a0 otorga al filtro la capacidad de repeler el agua y los aceites, facilitando la limpieza incluso en condiciones extremas o con presencia de agua de mar. Los bordes acabados y las esquinas redondeadas mejoran la resistencia y la adhesi\u00f3n del filtro. Nuestros filtros y portafiltros nacieron para ser utilizados en exteriores, en cualquier situaci\u00f3n clim\u00e1tica, disfruta de la fotograf\u00eda en su m\u00e1s pura esencia.<\/p>\n<p><img loading=\"lazy\" decoding=\"async\" class=\"alignnone wp-image-26655\" src=\"https:\/\/hi-techwonder.com\/wp-content\/themes\/woodmart\/images\/lazy.svg\" data-src=\"https:\/\/nisioptics.pt\/wp-content\/uploads\/2023\/08\/Filtro-ND-lunghe-esposizioni-ND1000-77mm-1024x683.jpg\" alt=\"Filtro ND lunghe esposizioni ND1000 77mm\" width=\"752\" height=\"502\" data-src=\"https:\/\/nisioptics.pt\/wp-content\/uploads\/2023\/08\/Filtro-ND-lunghe-esposizioni-ND1000-77mm-1024x683.jpg\" \/><\/p>\n","protected":false},"excerpt":{"rendered":"<ul>\n<li><strong>Versi\u00f3n BULK: no incluye embalaje ni bolsa de transporte.<\/strong><\/li>\n<li>Color real, sin tintes de color.<\/li>\n<li>Proporciona una reducci\u00f3n de luz de 10 paradas<\/li>\n<li>Sin vi\u00f1etas<\/li>\n<li>Alta definici\u00f3n<\/li>\n<li>Revestimiento nano en ambos lados, repelente al agua y al aceite.<\/li>\n<li>Serie IR con bloqueo de luz infrarroja<\/li>\n<li>Compatible con el sistema NiSi de 100 mm<\/li>\n<li><\/li>\n<\/ul>\n","protected":false},"featured_media":94308,"comment_status":"open","ping_status":"closed","template":"","meta":{"_acf_changed":false},"product_brand":[2543],"product_cat":[1055,1070],"product_tag":[],"class_list":{"0":"post-94307","1":"product","2":"type-product","3":"status-publish","4":"has-post-thumbnail","6":"product_brand-nisioptics-es","7":"product_cat-accesorios-100mm","8":"product_cat-outlet-es","9":"pa_densidade-nd1000-10-stop-es","11":"first","12":"instock","13":"taxable","14":"shipping-taxable","15":"purchasable","16":"product-type-simple"},"bundled_by":[],"bundle_stock_status":"instock","bundle_stock_quantity":3,"bundle_virtual":false,"bundle_layout":"","bundle_add_to_cart_form_location":"","bundle_editable_in_cart":false,"bundle_sold_individually_context":"","bundle_item_grouping":"","bundle_min_size":"","bundle_max_size":"","bundle_price":[],"bundled_items":[],"bundle_sell_ids":[],"acf":[],"_links":{"self":[{"href":"https:\/\/hi-techwonder.com\/es\/wp-json\/wp\/v2\/product\/94307","targetHints":{"allow":["GET"]}}],"collection":[{"href":"https:\/\/hi-techwonder.com\/es\/wp-json\/wp\/v2\/product"}],"about":[{"href":"https:\/\/hi-techwonder.com\/es\/wp-json\/wp\/v2\/types\/product"}],"replies":[{"embeddable":true,"href":"https:\/\/hi-techwonder.com\/es\/wp-json\/wp\/v2\/comments?post=94307"}],"wp:featuredmedia":[{"embeddable":true,"href":"https:\/\/hi-techwonder.com\/es\/wp-json\/wp\/v2\/media\/94308"}],"wp:attachment":[{"href":"https:\/\/hi-techwonder.com\/es\/wp-json\/wp\/v2\/media?parent=94307"}],"wp:term":[{"taxonomy":"product_brand","embeddable":true,"href":"https:\/\/hi-techwonder.com\/es\/wp-json\/wp\/v2\/product_brand?post=94307"},{"taxonomy":"product_cat","embeddable":true,"href":"https:\/\/hi-techwonder.com\/es\/wp-json\/wp\/v2\/product_cat?post=94307"},{"taxonomy":"product_tag","embeddable":true,"href":"https:\/\/hi-techwonder.com\/es\/wp-json\/wp\/v2\/product_tag?post=94307"}],"curies":[{"name":"wp","href":"https:\/\/api.w.org\/{rel}","templated":true}]}}