{"id":94323,"date":"2025-12-05T13:42:44","date_gmt":"2025-12-05T13:42:44","guid":{"rendered":"https:\/\/hi-techwonder.com\/product\/nisi-filtro-100x150mm-reverse-nano-ir-gnd-nd8-0-9-3-stops-bulk\/"},"modified":"2026-01-31T00:53:01","modified_gmt":"2026-01-31T00:53:01","slug":"nisi-nisioptics-nisi-filtro-100x150mm-reverse-nano-ir-gnd-nd8-0-9-3-stops-bulk","status":"publish","type":"product","link":"https:\/\/hi-techwonder.com\/es\/producto\/nisi-nisioptics-nisi-filtro-100x150mm-reverse-nano-ir-gnd-nd8-0-9-3-stops-bulk\/","title":{"rendered":"NiSi Filtro 100x150mm Reverse Nano IR GND \u2013 ND8 (0.9) \u2013 3 Paradas (BULK)"},"content":{"rendered":"<h1 class=\"product_title entry-title wd-entities-title\">NiSi Filtro 100x150mm Reverse Nano IR GND \u2013 ND8 (0.9) \u2013 3 Paradas<\/h1>\n<h2><strong>Versi\u00f3n BULK: no incluye embalaje ni bolsa de transporte.<\/strong><\/h2>\n<p>El\u00a0<strong>Nisi 100x150mm Reverse Nano IR GND \u2013 ND8 (0.9) \u2013 3 Paradas\u00a0<\/strong>es un filtro rectangular que ayuda a oscurecer \u00e1reas espec\u00edficas de una imagen, como cielos despejados, lo que permite una exposici\u00f3n normal y sin cambios en otras regiones de la imagen. Los GND inversos son similares a los GND normales, excepto que la parte m\u00e1s oscura del filtro est\u00e1 en el punto de transici\u00f3n (centro del filtro). Estos filtros tienen un uso espec\u00edfico para disparar en la fuente de luz donde la luz es m\u00e1s fuerte en el horizonte y se desvanece hacia el cielo.<\/p>\n<p>Este tipo de filtro es m\u00e1s apropiado para escenas que tienen una transici\u00f3n repentina del primer plano al cielo con la parte m\u00e1s brillante de la escena cerca del horizonte. M\u00e1s com\u00fanmente, esto incluir\u00eda paisajes sin elementos que sobresalgan por encima del horizonte, como un paisaje marino frente al mar abierto. Se pueden usar para fotografiar con luz directa, donde se necesita una transici\u00f3n n\u00edtida.<\/p>\n<p>Los filtros inversos tienen una transici\u00f3n definida entre claro y oscuro (en el centro); como los filtros GND duros. Pero a diferencia de los filtros GND duros tradicionales, la zona m\u00e1s oscura se encuentra en el centro del filtro y se aten\u00faa hacia arriba. Estos filtros son ideales cuando la mayor luminiscencia se encuentra en el centro de la imagen (por ejemplo, al amanecer\/atardecer) cuando se desea conservar el primer plano y los detalles del cielo, pero detener la luz del centro de la foto. Son m\u00e1s eficaces con distancias focales m\u00e1s largas.<\/p>\n<p>Los filtros NiSi GND no afectan la coloraci\u00f3n de la imagen, brindan colores reales y est\u00e1n hechos de vidrio \u00f3ptico de alta calidad (no resina) con un nano revestimiento para evitar que se pierda ning\u00fan detalle. Cuando se utiliza el filtro de densidad neutra, la c\u00e1mara es vulnerable a la luz infrarroja, que arroja el color rojo no deseado en las fotos cuando se toman fotograf\u00edas con una apertura peque\u00f1a. Los filtros NiSi GND tienen una capa protectora de infrarrojos para eliminar la luz infrarroja a trav\u00e9s de la lente para recuperar el color natural y verdadero.<\/p>\n<p>El sistema de filtro NiSi de 100 mm es ideal para c\u00e1maras con lentes que tienen una rosca de filtro est\u00e1ndar de\u00a0<strong>49 mm a 95 mm<\/strong>.<\/p>\n<p><strong>Este filtro de 100 mm x 150 mm es compatible con el sistema de filtro NiSi de 100 mm.<\/strong><\/p>\n<h5>Construcci\u00f3n<\/h5>\n<p>Todos los cuadrados de NiSi utilizan Nano Coating\u00ae, este texto indica el uso del exclusivo tratamiento Nano Coating que hace que el filtro sea repelente al agua y oleof\u00f3bico para una nitidez perfecta. Los filtros NiSi tambi\u00e9n utilizan tecnolog\u00eda IR, es decir, un revestimiento que bloquea la luz infrarroja y, por lo tanto, elimina el riesgo de tinte magenta.<\/p>\n<h5>Calidad inigualable<\/h5>\n<p>Todos los filtros NiSi est\u00e1n fabricados con vidrio \u00f3ptico de grado de lente de la m\u00e1s alta calidad para que no se pierda ni el m\u00e1s m\u00ednimo detalle en sus im\u00e1genes. El revestimiento especial Nano Coating en ambos lados minimiza los reflejos no deseados y le da a los filtros de densidad neutra NiSi la caracter\u00edstica de ser repelentes al agua y oleof\u00f3bicos. No existen filtros de calidad comparable gracias al exclusivo cristal NiSi utilizado, con el que puedes estar seguro de que tus lentes no perder\u00e1n la definici\u00f3n.<\/p>\n<h5>\u00danico en el mercado<\/h5>\n<p>Gracias a la coincidencia de color muy alta y la ausencia de colores dominantes, finalmente puede decir adi\u00f3s a las correcciones de color de posproducci\u00f3n poco pr\u00e1cticas y que consumen mucho tiempo. El vidrio \u00f3ptico NiSi no es el cl\u00e1sico B270 utilizado por muchos fabricantes, pero es un vidrio de calidad superior utilizado por los principales fabricantes de lentes fotogr\u00e1ficos espec\u00edficamente para los elementos \u00f3pticos m\u00e1s finos, los filtros NiSi no degradan la imagen y permiten que su lente y sensor fotogr\u00e1fico est\u00e9n siempre funcionando. en su m\u00e1ximo potencial.<\/p>\n<h5>\u00c0 prueba de la intemperie<\/h5>\n<p>El tratamiento Nano\u00ae Coating otorga al filtro la capacidad de repeler el agua y los aceites, facilitando la limpieza incluso en condiciones extremas o con presencia de agua de mar. Los bordes acabados y las esquinas redondeadas mejoran la resistencia y la adhesi\u00f3n del filtro. Nuestros filtros y portafiltros nacieron para ser utilizados en exteriores, en cualquier situaci\u00f3n clim\u00e1tica, disfruta de la fotograf\u00eda en su m\u00e1s pura esencia.<\/p>\n<p><img loading=\"lazy\" decoding=\"async\" class=\"alignnone wp-image-26849\" src=\"https:\/\/hi-techwonder.com\/wp-content\/themes\/woodmart\/images\/lazy.svg\" data-src=\"https:\/\/nisioptics.pt\/wp-content\/uploads\/2020\/09\/Reverse-GND-ENG.jpg\" alt=\"Reverse GND ENG\" width=\"752\" height=\"745\" data-src=\"https:\/\/nisioptics.pt\/wp-content\/uploads\/2020\/09\/Reverse-GND-ENG.jpg\" \/><\/p>\n","protected":false},"excerpt":{"rendered":"<ul>\n<li><strong>Versi\u00f3n BULK: no incluye embalaje ni bolsa de transporte.<\/strong><\/li>\n<li>Color real, sin tintes de color.<\/li>\n<li>Perfecto para equilibrar la exposici\u00f3n cuando la luz es m\u00e1s fuerte en el horizonte y disminuye hacia el cielo<\/li>\n<li>Vidrio \u00f3ptico para alta definici\u00f3n<\/li>\n<li>Recubrimiento nano resistente al agua y de baja reflexi\u00f3n.<\/li>\n<li>Serie IR con bloqueo de luz infrarroja<\/li>\n<li>Compatible con el sistema NiSi de 100 mm<\/li>\n<\/ul>\n","protected":false},"featured_media":94324,"comment_status":"open","ping_status":"closed","template":"","meta":{"_acf_changed":false},"product_brand":[2543],"product_cat":[1058,1070],"product_tag":[],"class_list":{"0":"post-94323","1":"product","2":"type-product","3":"status-publish","4":"has-post-thumbnail","6":"product_brand-nisioptics-es","7":"product_cat-filtros-100mm-es","8":"product_cat-outlet-es","9":"pa_densidade-nd8-3-stop-es","11":"first","12":"instock","13":"taxable","14":"shipping-taxable","15":"purchasable","16":"product-type-simple"},"bundled_by":[],"bundle_stock_status":"instock","bundle_stock_quantity":1,"bundle_virtual":false,"bundle_layout":"","bundle_add_to_cart_form_location":"","bundle_editable_in_cart":false,"bundle_sold_individually_context":"","bundle_item_grouping":"","bundle_min_size":"","bundle_max_size":"","bundle_price":[],"bundled_items":[],"bundle_sell_ids":[],"acf":[],"_links":{"self":[{"href":"https:\/\/hi-techwonder.com\/es\/wp-json\/wp\/v2\/product\/94323","targetHints":{"allow":["GET"]}}],"collection":[{"href":"https:\/\/hi-techwonder.com\/es\/wp-json\/wp\/v2\/product"}],"about":[{"href":"https:\/\/hi-techwonder.com\/es\/wp-json\/wp\/v2\/types\/product"}],"replies":[{"embeddable":true,"href":"https:\/\/hi-techwonder.com\/es\/wp-json\/wp\/v2\/comments?post=94323"}],"wp:featuredmedia":[{"embeddable":true,"href":"https:\/\/hi-techwonder.com\/es\/wp-json\/wp\/v2\/media\/94324"}],"wp:attachment":[{"href":"https:\/\/hi-techwonder.com\/es\/wp-json\/wp\/v2\/media?parent=94323"}],"wp:term":[{"taxonomy":"product_brand","embeddable":true,"href":"https:\/\/hi-techwonder.com\/es\/wp-json\/wp\/v2\/product_brand?post=94323"},{"taxonomy":"product_cat","embeddable":true,"href":"https:\/\/hi-techwonder.com\/es\/wp-json\/wp\/v2\/product_cat?post=94323"},{"taxonomy":"product_tag","embeddable":true,"href":"https:\/\/hi-techwonder.com\/es\/wp-json\/wp\/v2\/product_tag?post=94323"}],"curies":[{"name":"wp","href":"https:\/\/api.w.org\/{rel}","templated":true}]}}