{"id":94583,"date":"2025-12-10T11:33:24","date_gmt":"2025-12-10T11:33:24","guid":{"rendered":"https:\/\/hi-techwonder.com\/product\/smallrig-5359-mini-led-de-video-rm-40c\/"},"modified":"2026-04-06T10:20:15","modified_gmt":"2026-04-06T09:20:15","slug":"smallrig-5359-mini-led-de-video-rm-40c","status":"publish","type":"product","link":"https:\/\/hi-techwonder.com\/es\/producto\/smallrig-5359-mini-led-de-video-rm-40c\/","title":{"rendered":"SMALLRIG 5359 Mini LED de V\u00eddeo RM 40C"},"content":{"rendered":"\n<h4 class=\"wp-block-heading\">SMALLRIG 5359 Mini LED de V\u00eddeo RM 40C<\/h4>\n\n\n\n<div id=\"wd-a7f83bfc\" class=\"wp-block-wd-video wd-el-video wd-action-without wd-video-external wd-with-aspect-ratio wd-custom-width\"><iframe allowfullscreen allow=\"accelerometer; autoplay; encrypted-media; gyroscope; picture-in-picture\" width=\"100%\" height=\"100%\" loading=\"lazy\" src=\"https:\/\/www.youtube.com\/embed\/EZegJLAuDsY?feature=oembed&amp;controls=1\"><\/iframe><\/div>\n\n\n\n<p id=\"wd-db0db0d8\" class=\"wp-block-wd-paragraph\">El <strong>SMALLRIG 5359 Mini LED de V\u00eddeo RM40C<\/strong> es una herramienta compacta dise\u00f1ada para elevar la calidad de tus producciones visuales. Con un potente panel LED RGB y una construcci\u00f3n robusta, ofrece una iluminaci\u00f3n vers\u00e1til y precisa en cualquier entorno. Su amplio rango CCT de <strong>2500K a 8500K<\/strong> permite transiciones perfectas entre tonos c\u00e1lidos y fr\u00edos, mientras que el modo <strong>HSI<\/strong> desbloquea una paleta de colores completa para creaciones visuales \u00fanicas.<\/p>\n\n\n\n<p id=\"wd-0eded49a\" class=\"wp-block-wd-paragraph\">Gracias a su <strong>alto CRI\/TLCI \u226595<\/strong>, garantiza colores naturales y fieles a la realidad, esenciales para trabajo profesional. La bater\u00eda integrada, combinada com a carga por USB-C, proporciona autonom\u00eda suficiente para grabaciones prolongadas.<\/p>\n\n\n\n<p>Os \u00edmanes integrados facilitam a fixa\u00e7\u00e3o instant\u00e1nea em superf\u00edcies met\u00e1licas, sendo ideal para configura\u00e7\u00f5es r\u00e1pidas em interiores, autom\u00f3veis ou sets improvisados. Os efeitos especiais embutidos permitem simular ilumina\u00e7\u00e3o cinematogr\u00e1fica com um s\u00f3 toque. Pequeno, leve e extremamente vers\u00e1til, o RM40C \u00e9 uma ferramenta indispens\u00e1vel para qualquer criador moderno.<\/p>\n\n\n\n<div class=\"wp-block-media-text has-media-on-the-right is-stacked-on-mobile\"><div class=\"wp-block-media-text__content\">\n<p>Pensado para <strong>creadores de v\u00eddeo, fot\u00f3grafos, vloggers, cineastas independientes y utilizadores de setups compactos<\/strong> que necesitan una luz port\u00e1til, vers\u00e1til y capaz de producir colores precisos tanto en interiores como exteriores.<\/p>\n<\/div><figure class=\"wp-block-media-text__media\"><img loading=\"lazy\" decoding=\"async\" width=\"750\" height=\"750\" src=\"https:\/\/hi-techwonder.com\/wp-content\/themes\/woodmart\/images\/lazy.svg\" data-src=\"https:\/\/hi-techwonder.com\/wp-content\/uploads\/2025\/12\/1754958139_IMG_2547257.jpg\" alt=\"\" class=\"wp-image-94574 size-full\" srcset=\"\" data-srcset=\"https:\/\/hi-techwonder.com\/wp-content\/uploads\/2025\/12\/1754958139_IMG_2547257.jpg 750w, https:\/\/hi-techwonder.com\/wp-content\/uploads\/2025\/12\/1754958139_IMG_2547257-300x300.jpg 300w, https:\/\/hi-techwonder.com\/wp-content\/uploads\/2025\/12\/1754958139_IMG_2547257-150x150.jpg 150w, https:\/\/hi-techwonder.com\/wp-content\/uploads\/2025\/12\/1754958139_IMG_2547257-600x600.jpg 600w\" sizes=\"auto, (max-width: 750px) 100vw, 750px\" \/><\/figure><\/div>\n\n\n\n<div class=\"wp-block-media-text is-stacked-on-mobile\"><figure class=\"wp-block-media-text__media\"><img loading=\"lazy\" decoding=\"async\" width=\"750\" height=\"750\" src=\"https:\/\/hi-techwonder.com\/wp-content\/themes\/woodmart\/images\/lazy.svg\" data-src=\"https:\/\/hi-techwonder.com\/wp-content\/uploads\/2025\/12\/1754958139_IMG_2547260.jpg\" alt=\"\" class=\"wp-image-94575 size-full\" srcset=\"\" data-srcset=\"https:\/\/hi-techwonder.com\/wp-content\/uploads\/2025\/12\/1754958139_IMG_2547260.jpg 750w, https:\/\/hi-techwonder.com\/wp-content\/uploads\/2025\/12\/1754958139_IMG_2547260-300x300.jpg 300w, https:\/\/hi-techwonder.com\/wp-content\/uploads\/2025\/12\/1754958139_IMG_2547260-150x150.jpg 150w, https:\/\/hi-techwonder.com\/wp-content\/uploads\/2025\/12\/1754958139_IMG_2547260-600x600.jpg 600w\" sizes=\"auto, (max-width: 750px) 100vw, 750px\" \/><\/figure><div class=\"wp-block-media-text__content\">\n<h4 class=\"wp-block-heading\">Contenido de la caja<\/h4>\n\n\n\n<ul class=\"wp-block-list\">\n<li>1 \u00d7 SMALLRIG Mini LED de V\u00eddeo RM40C<\/li>\n\n\n\n<li>1 \u00d7 Cable USB-C<\/li>\n\n\n\n<li>1 \u00d7 Difusor<\/li>\n\n\n\n<li>1 \u00d7 Bolsa de transporte<\/li>\n\n\n\n<li>1 \u00d7 Manual de usuario<\/li>\n<\/ul>\n<\/div><\/div>\n\n\n\n<div class=\"wp-block-media-text has-media-on-the-right is-stacked-on-mobile\"><div class=\"wp-block-media-text__content\">\n<h4 class=\"wp-block-heading\">Caracter\u00edsticas<\/h4>\n\n\n\n<ul class=\"wp-block-list\">\n<li>Panel <strong>LED RGB compacto<\/strong> con a<strong>mplia gama CCT<\/strong> (2500K\u20138500K)<\/li>\n\n\n\n<li>HSI con 360\u00b0 de <strong>matiz y ajuste de saturaci\u00f3n del 0\u2013100%<\/strong><\/li>\n\n\n\n<li><strong>Brillo regulable<\/strong> del 0\u2013100%<\/li>\n\n\n\n<li><strong>CRI\/TLCI \u226595<\/strong> para iluminaci\u00f3n <strong>profesional<\/strong><\/li>\n\n\n\n<li><strong>Bater\u00eda intern<\/strong>a recargable por USB-C<\/li>\n\n\n\n<li><strong>Efectos especiales integrado<\/strong>s (como f<strong>uego, polic\u00eda, flash, TV, SOS, etc<\/strong>.)<\/li>\n\n\n\n<li><strong>Imanes integrados <\/strong>para fijaci\u00f3n r\u00e1pida<\/li>\n\n\n\n<li>Carcasa met\u00e1lica de <strong>alta durabilidad<\/strong><\/li>\n<\/ul>\n<\/div><figure class=\"wp-block-media-text__media\"><img loading=\"lazy\" decoding=\"async\" width=\"750\" height=\"750\" src=\"https:\/\/hi-techwonder.com\/wp-content\/themes\/woodmart\/images\/lazy.svg\" data-src=\"https:\/\/hi-techwonder.com\/wp-content\/uploads\/2025\/12\/1754958139_IMG_2547255.jpg\" alt=\"\" class=\"wp-image-94576 size-full\" srcset=\"\" data-srcset=\"https:\/\/hi-techwonder.com\/wp-content\/uploads\/2025\/12\/1754958139_IMG_2547255.jpg 750w, https:\/\/hi-techwonder.com\/wp-content\/uploads\/2025\/12\/1754958139_IMG_2547255-300x300.jpg 300w, https:\/\/hi-techwonder.com\/wp-content\/uploads\/2025\/12\/1754958139_IMG_2547255-150x150.jpg 150w, https:\/\/hi-techwonder.com\/wp-content\/uploads\/2025\/12\/1754958139_IMG_2547255-600x600.jpg 600w\" sizes=\"auto, (max-width: 750px) 100vw, 750px\" \/><\/figure><\/div>\n\n\n\n<div id=\"wd-18cc57fd\" class=\"wp-block-wd-table\"><\/div>\n\n\n\n<figure class=\"wp-block-table\"><table class=\"has-fixed-layout\"><thead><tr><th>Caracter\u00edstica<\/th><th>Detalle<\/th><\/tr><\/thead><tbody><tr><td>Tipo de luz<\/td><td>LED RGB port\u00e1til &#8211; 40W<\/td><\/tr><tr><td>Temperatura de color<\/td><td>2500K \u2013 8500K<\/td><\/tr><tr><td>Modo HSI<\/td><td>360\u00b0 matiz, 0\u2013100% saturaci\u00f3n<\/td><\/tr><tr><td>CRI<\/td><td>\u226595<\/td><\/tr><tr><td>TLCI<\/td><td>\u226595<\/td><\/tr><tr><td>Brillo<\/td><td>0\u2013100% regulable<\/td><\/tr><tr><td>Efectos<\/td><td>M\u00faltiples modos FX integrados<\/td><\/tr><tr><td>Bater\u00eda<\/td><td>Integrada, recargable USB-C<\/td><\/tr><tr><td>Material<\/td><td>Aleaci\u00f3n met\u00e1lica<\/td><\/tr><tr><td>Peso del embalaje<\/td><td>628 g<\/td><\/tr><tr><td>Dimensiones del embalaje (L \u00d7 A \u00d7 H)<\/td><td>16,4 \u00d7 13,7 \u00d7 8,6 cm<\/td><\/tr><tr><td>Nota<\/td><td><strong>Im\u00e1genes ilustrativas. Equipos fotogr\u00e1ficos no incluidos. Consulte el contenido del embalaje y las especificaciones para m\u00e1s detalles.<\/strong><\/td><\/tr><\/tbody><\/table><\/figure>\n","protected":false},"excerpt":{"rendered":"<ul>\n<li>Miniluz <strong>LED RGB compacta de 40 W<\/strong> con <strong>alta potencia luminosa<\/strong><\/li>\n<li><strong>4670 lux a 1 m (5600 K)<\/strong> para una iluminaci\u00f3n brillante en espacios reducidos<\/li>\n<li>Temperatura de color ajustable entre<strong> 2500 K y 10 000 K<\/strong><\/li>\n<li><strong>CRI 96 y TLCI 99<\/strong> para una <strong>reproducci\u00f3n fiel del color<\/strong><\/li>\n<li><strong>14 efectos de iluminaci\u00f3n creativos<\/strong> integrados<\/li>\n<li><strong>Bater\u00eda interna de 4800 mAh<\/strong> con hasta <strong>55 minutos de autonom\u00eda al 100 %<\/strong> de carga<\/li>\n<li><strong>Montaje magn\u00e9tico y rosca de 1\/4&#8243;-20<\/strong> para una instalaci\u00f3n vers\u00e1til<\/li>\n<li>I<strong>ncluye difusor, rejilla y cable USB-C<\/strong><\/li>\n<\/ul>\n","protected":false},"featured_media":94585,"comment_status":"open","ping_status":"closed","template":"","meta":{"_acf_changed":false},"product_brand":[2550],"product_cat":[994,983,991],"product_tag":[],"class_list":{"0":"post-94583","1":"product","2":"type-product","3":"status-publish","4":"has-post-thumbnail","6":"product_brand-smallrig-es","7":"product_cat-compactos-es","8":"product_cat-iluminacion","9":"product_cat-luz-continua-es","11":"first","12":"pre-order","13":"taxable","14":"shipping-taxable","15":"purchasable","16":"product-type-simple"},"bundled_by":[],"bundle_stock_status":"pre-order","bundle_stock_quantity":null,"bundle_virtual":false,"bundle_layout":"","bundle_add_to_cart_form_location":"","bundle_editable_in_cart":false,"bundle_sold_individually_context":"","bundle_item_grouping":"","bundle_min_size":"","bundle_max_size":"","bundle_price":[],"bundled_items":[],"bundle_sell_ids":[],"acf":[],"_links":{"self":[{"href":"https:\/\/hi-techwonder.com\/es\/wp-json\/wp\/v2\/product\/94583","targetHints":{"allow":["GET"]}}],"collection":[{"href":"https:\/\/hi-techwonder.com\/es\/wp-json\/wp\/v2\/product"}],"about":[{"href":"https:\/\/hi-techwonder.com\/es\/wp-json\/wp\/v2\/types\/product"}],"replies":[{"embeddable":true,"href":"https:\/\/hi-techwonder.com\/es\/wp-json\/wp\/v2\/comments?post=94583"}],"wp:featuredmedia":[{"embeddable":true,"href":"https:\/\/hi-techwonder.com\/es\/wp-json\/wp\/v2\/media\/94585"}],"wp:attachment":[{"href":"https:\/\/hi-techwonder.com\/es\/wp-json\/wp\/v2\/media?parent=94583"}],"wp:term":[{"taxonomy":"product_brand","embeddable":true,"href":"https:\/\/hi-techwonder.com\/es\/wp-json\/wp\/v2\/product_brand?post=94583"},{"taxonomy":"product_cat","embeddable":true,"href":"https:\/\/hi-techwonder.com\/es\/wp-json\/wp\/v2\/product_cat?post=94583"},{"taxonomy":"product_tag","embeddable":true,"href":"https:\/\/hi-techwonder.com\/es\/wp-json\/wp\/v2\/product_tag?post=94583"}],"curies":[{"name":"wp","href":"https:\/\/api.w.org\/{rel}","templated":true}]}}