{"id":95261,"date":"2025-12-18T10:14:18","date_gmt":"2025-12-18T10:14:18","guid":{"rendered":"https:\/\/hi-techwonder.com\/product\/antigravity-a1-standard-bundle-drone-fpv-360-8k-com-oculos-vision\/"},"modified":"2026-05-07T00:55:34","modified_gmt":"2026-05-06T23:55:34","slug":"antigravity-a1-standard-bundle-drone-fpv-360-8k-com-oculos-vision","status":"publish","type":"product","link":"https:\/\/hi-techwonder.com\/es\/producto\/antigravity-a1-standard-bundle-drone-fpv-360-8k-com-oculos-vision\/","title":{"rendered":"ANTIGRAVITY A1 Standard Bundle Drone FPV 360\u00b0 8K con Gafas Vision"},"content":{"rendered":"\n<h2 class=\"wp-block-heading\">Antigravity A1 Standard Bundle Drone FPV 360\u00b0 8K com \u00d3culos Vision<\/h2>\n\n\n\n<div id=\"wd-a7f83bfc\" class=\"wp-block-wd-video wd-el-video wd-action-without wd-video-external wd-with-aspect-ratio wd-custom-width\"><iframe allowfullscreen allow=\"accelerometer; autoplay; encrypted-media; gyroscope; picture-in-picture\" width=\"100%\" height=\"100%\" loading=\"lazy\" src=\"https:\/\/www.youtube.com\/embed\/SibFesN7VWs?feature=oembed&amp;controls=1\"><\/iframe><\/div>\n\n\n\n<p id=\"wd-34040b4a\" class=\"wp-block-wd-paragraph\">O <\/p>\n\n\n\n<p id=\"wd-2ad14175\" class=\"wp-block-wd-paragraph\"><\/p>\n\n\n\n<p id=\"wd-a6059d50\" class=\"wp-block-wd-paragraph\">El <strong>ANTIGRAVITY A1 Standard Bundle<\/strong> introduce una nueva forma de capturar im\u00e1genes a\u00e9reas al combinar <strong>grabaci\u00f3n 360\u00b0 en resoluci\u00f3n 8K<\/strong>, pilotaje FPV inmersivo y un sistema de control inteligente de \u00faltima generaci\u00f3n. Gracias a sus avanzados algoritmos de procesamiento, las lentes superior e inferior se fusionan en una \u00fanica imagen esf\u00e9rica, eliminando autom\u00e1ticamente el drone del plano final y creando el espectacular <strong>efecto de drone invisible<\/strong>.<\/p>\n\n\n\n<p id=\"wd-08798ef1\" class=\"wp-block-wd-paragraph\">Al capturar todos los \u00e1ngulos en un solo vuelo, el A1 permite reencuadrar libremente en edici\u00f3n, generando m\u00faltiples v\u00eddeos a partir de una \u00fanica grabaci\u00f3n. Esto supone una enorme ventaja para redes sociales, producciones cinematogr\u00e1ficas, publicidad y contenido vertical.<\/p>\n\n\n\n<p id=\"wd-0820e94d\" class=\"wp-block-wd-paragraph\">Las <strong>gafas Vision FPV<\/strong>, equipadas con pantallas micro-OLED de alta resoluci\u00f3n, ofrecen una experiencia inmersiva sin precedentes. El seguimiento de cabeza FreeMotion permite mirar alrededor mientras el drone vuela, recreando una aut\u00e9ntica sensaci\u00f3n de cabina.<\/p>\n\n\n\n<p id=\"wd-74765bcf\" class=\"wp-block-wd-paragraph\">La seguridad est\u00e1 garantizada mediante un sistema de <strong>evitaci\u00f3n de obst\u00e1culos<\/strong>, detecci\u00f3n de carga, funci\u00f3n de retorno autom\u00e1tico y un <strong>tren de aterrizaje autom\u00e1tico<\/strong> que se despliega y repliega seg\u00fan la fase de vuelo. Con solo <strong>249 g de peso<\/strong>, el ANTIGRAVITY A1 se sit\u00faa en la categor\u00eda de vuelo sin regulaci\u00f3n, ofreciendo hasta <strong>24 minutos de autonom\u00eda<\/strong> y un rendimiento a\u00e9reo sobresaliente.<\/p>\n\n\n\n<p id=\"wd-cf9c7920\" class=\"wp-block-wd-paragraph\"><strong>Deep Track (360\u00b0)<\/strong>: Sigue objetivos de forma aut\u00f3noma sin perderlos de vista gracias a una vista completa de 360\u00b0 que permite reajustes instant\u00e1neos del encuadre.<br><strong>Modos Sky Genie:<\/strong> Incluye vuelo autom\u00e1tico para seguimiento (<strong>Follow<\/strong>), \u00f3rbitas (<strong>Orbit<\/strong>), movimientos laterales cinematogr\u00e1ficos (Dolly) y rutas personalizadas (Ruta del Cielo).<br><strong>Seguridad Inteligente:<\/strong> Equipado con sensores de colisi\u00f3n frontales e inferiores y el sistema FreeMotion, que gu\u00eda al dron para proteger la trayectoria de vuelo.<\/p>\n\n\n\n<p>Una herramienta revolucionaria para quienes buscan llevar la creatividad a\u00e9rea a una nueva dimensi\u00f3n.<\/p>\n\n\n\n<div class=\"wp-block-media-text has-media-on-the-right is-stacked-on-mobile\"><div class=\"wp-block-media-text__content\">\n<p>Creadores de contenido, filmmakers, operadores FPV y profesionales audiovisuales que buscan una experiencia de vuelo inmersiva, m\u00e1xima libertad creativa y resultados cinematogr\u00e1ficos con un flujo de trabajo eficiente y vers\u00e1til.<\/p>\n<\/div><figure class=\"wp-block-media-text__media\"><img loading=\"lazy\" decoding=\"async\" width=\"1024\" height=\"656\" src=\"https:\/\/hi-techwonder.com\/wp-content\/themes\/woodmart\/images\/lazy.svg\" data-src=\"https:\/\/hi-techwonder.com\/wp-content\/uploads\/2025\/12\/bg2-1024x656.jpg\" alt=\"\" class=\"wp-image-95211 size-full\" srcset=\"\" data-srcset=\"https:\/\/hi-techwonder.com\/wp-content\/uploads\/2025\/12\/bg2-1024x656.jpg 1024w, https:\/\/hi-techwonder.com\/wp-content\/uploads\/2025\/12\/bg2-300x192.jpg 300w, https:\/\/hi-techwonder.com\/wp-content\/uploads\/2025\/12\/bg2-768x492.jpg 768w, https:\/\/hi-techwonder.com\/wp-content\/uploads\/2025\/12\/bg2-1200x769.jpg 1200w, https:\/\/hi-techwonder.com\/wp-content\/uploads\/2025\/12\/bg2-150x96.jpg 150w, https:\/\/hi-techwonder.com\/wp-content\/uploads\/2025\/12\/bg2.jpg 1248w\" sizes=\"auto, (max-width: 1024px) 100vw, 1024px\" \/><\/figure><\/div>\n\n\n\n<div class=\"wp-block-media-text is-stacked-on-mobile\"><figure class=\"wp-block-media-text__media\"><img loading=\"lazy\" decoding=\"async\" width=\"1024\" height=\"1024\" src=\"https:\/\/hi-techwonder.com\/wp-content\/themes\/woodmart\/images\/lazy.svg\" data-src=\"https:\/\/hi-techwonder.com\/wp-content\/uploads\/2025\/12\/1764848992_IMG_2627455-1024x1024.jpg\" alt=\"\" class=\"wp-image-95212 size-full\" srcset=\"\" data-srcset=\"https:\/\/hi-techwonder.com\/wp-content\/uploads\/2025\/12\/1764848992_IMG_2627455-1024x1024.jpg 1024w, https:\/\/hi-techwonder.com\/wp-content\/uploads\/2025\/12\/1764848992_IMG_2627455-300x300.jpg 300w, https:\/\/hi-techwonder.com\/wp-content\/uploads\/2025\/12\/1764848992_IMG_2627455-150x150.jpg 150w, https:\/\/hi-techwonder.com\/wp-content\/uploads\/2025\/12\/1764848992_IMG_2627455-768x768.jpg 768w, https:\/\/hi-techwonder.com\/wp-content\/uploads\/2025\/12\/1764848992_IMG_2627455-1536x1536.jpg 1536w, https:\/\/hi-techwonder.com\/wp-content\/uploads\/2025\/12\/1764848992_IMG_2627455-600x600.jpg 600w, https:\/\/hi-techwonder.com\/wp-content\/uploads\/2025\/12\/1764848992_IMG_2627455-1200x1200.jpg 1200w, https:\/\/hi-techwonder.com\/wp-content\/uploads\/2025\/12\/1764848992_IMG_2627455.jpg 2000w\" sizes=\"auto, (max-width: 1024px) 100vw, 1024px\" \/><\/figure><div class=\"wp-block-media-text__content\">\n<h4 class=\"wp-block-heading\"><\/h4>\n\n\n\n<h4 class=\"wp-block-heading\"><strong>Contenido de la caja<\/strong><\/h4>\n\n\n\n<ul class=\"wp-block-list\">\n<li>1 x Drone ANTIGRAVITY A1<\/li>\n\n\n\n<li>1 x Gafas Vision FPV<\/li>\n\n\n\n<li>1 x Control remoto Grip<\/li>\n\n\n\n<li>1 x Bater\u00eda de vuelo<\/li>\n\n\n\n<li>1 x Cables de carga<\/li>\n\n\n\n<li>1 x Documentaci\u00f3n del producto<\/li>\n<\/ul>\n<\/div><\/div>\n\n\n\n<div class=\"wp-block-media-text has-media-on-the-right is-stacked-on-mobile\"><div class=\"wp-block-media-text__content\">\n<h4 class=\"wp-block-heading\">Caracter\u00edsticas<\/h4>\n\n\n\n<ul class=\"wp-block-list\">\n<li><strong>Grabaci\u00f3n esf\u00e9rica 360\u00b0 en hasta 8K a 30 fps<\/strong><\/li>\n\n\n\n<li><strong>Tecnolog\u00eda de eliminaci\u00f3n autom\u00e1tica del drone en el v\u00eddeo final<\/strong><\/li>\n\n\n\n<li>Gafas <strong>Vision FPV con pantallas micro-OLED y seguimiento de cabeza<\/strong><\/li>\n\n\n\n<li>Modos de v<strong>uelo inteligentes Sky Genie<\/strong> con maniobras cinematogr\u00e1ficas<\/li>\n\n\n\n<li>Sistema de <strong>sensores frontales e inferiores para evitaci\u00f3n de obst\u00e1culos<\/strong><\/li>\n\n\n\n<li>Transmisi\u00f3n <strong>OmniLink 360 con alcance de hasta 10 km<\/strong><\/li>\n\n\n\n<li><strong>Control Grip<\/strong> con manejo intuitivo con una sola mano<\/li>\n\n\n\n<li>Dise\u00f1o <strong>plegable y compacto<\/strong> para transporte sencillo<\/li>\n\n\n\n<li><strong>Deep Track (360\u00b0)<\/strong> Seguimiento aut\u00f3nomo de los objetivos sin perderlos de vista.<\/li>\n\n\n\n<li><strong>Modos Sky Genie,<\/strong> vuelo autom\u00e1tico (<strong>Follow<\/strong>), \u00f3rbitas <strong>(Orbit<\/strong>), deslocamentos (<strong>Dolly<\/strong>) y rutas personalizadas (<strong>Sky Path<\/strong>).<\/li>\n\n\n\n<li><strong>Seguridad inteligente<\/strong> contra colisiones y el sistema FreeMotion<\/li>\n<\/ul>\n<\/div><figure class=\"wp-block-media-text__media\"><img loading=\"lazy\" decoding=\"async\" width=\"400\" height=\"400\" src=\"https:\/\/hi-techwonder.com\/wp-content\/themes\/woodmart\/images\/lazy.svg\" data-src=\"https:\/\/hi-techwonder.com\/wp-content\/uploads\/2025\/12\/IMG_2628384.jpg\" alt=\"\" class=\"wp-image-95213 size-full\" srcset=\"\" data-srcset=\"https:\/\/hi-techwonder.com\/wp-content\/uploads\/2025\/12\/IMG_2628384.jpg 400w, https:\/\/hi-techwonder.com\/wp-content\/uploads\/2025\/12\/IMG_2628384-300x300.jpg 300w, https:\/\/hi-techwonder.com\/wp-content\/uploads\/2025\/12\/IMG_2628384-150x150.jpg 150w\" sizes=\"auto, (max-width: 400px) 100vw, 400px\" \/><\/figure><\/div>\n\n\n\n<figure class=\"wp-block-gallery has-nested-images columns-default is-cropped wp-block-gallery-1 is-layout-flex wp-block-gallery-is-layout-flex\">\n<figure class=\"wp-block-image size-full\"><img loading=\"lazy\" decoding=\"async\" width=\"400\" height=\"400\" data-id=\"95221\" src=\"https:\/\/hi-techwonder.com\/wp-content\/themes\/woodmart\/images\/lazy.svg\" data-src=\"https:\/\/hi-techwonder.com\/wp-content\/uploads\/2025\/12\/IMG_2628382.jpg\" alt=\"\" class=\"wp-image-95221\" srcset=\"\" data-srcset=\"https:\/\/hi-techwonder.com\/wp-content\/uploads\/2025\/12\/IMG_2628382.jpg 400w, https:\/\/hi-techwonder.com\/wp-content\/uploads\/2025\/12\/IMG_2628382-300x300.jpg 300w, https:\/\/hi-techwonder.com\/wp-content\/uploads\/2025\/12\/IMG_2628382-150x150.jpg 150w\" sizes=\"auto, (max-width: 400px) 100vw, 400px\" \/><\/figure>\n\n\n\n<figure class=\"wp-block-image size-large\"><img loading=\"lazy\" decoding=\"async\" width=\"1000\" height=\"563\" data-id=\"95215\" src=\"https:\/\/hi-techwonder.com\/wp-content\/themes\/woodmart\/images\/lazy.svg\" data-src=\"https:\/\/hi-techwonder.com\/wp-content\/uploads\/2025\/12\/IMG_2628381.jpg\" alt=\"\" class=\"wp-image-95215\" srcset=\"\" data-srcset=\"https:\/\/hi-techwonder.com\/wp-content\/uploads\/2025\/12\/IMG_2628381.jpg 1000w, https:\/\/hi-techwonder.com\/wp-content\/uploads\/2025\/12\/IMG_2628381-300x169.jpg 300w, https:\/\/hi-techwonder.com\/wp-content\/uploads\/2025\/12\/IMG_2628381-768x432.jpg 768w, https:\/\/hi-techwonder.com\/wp-content\/uploads\/2025\/12\/IMG_2628381-150x84.jpg 150w\" sizes=\"auto, (max-width: 1000px) 100vw, 1000px\" \/><\/figure>\n\n\n\n<figure class=\"wp-block-image size-large\"><img loading=\"lazy\" decoding=\"async\" width=\"400\" height=\"400\" data-id=\"95214\" src=\"https:\/\/hi-techwonder.com\/wp-content\/themes\/woodmart\/images\/lazy.svg\" data-src=\"https:\/\/hi-techwonder.com\/wp-content\/uploads\/2025\/12\/IMG_2628383.jpg\" alt=\"\" class=\"wp-image-95214\" srcset=\"\" data-srcset=\"https:\/\/hi-techwonder.com\/wp-content\/uploads\/2025\/12\/IMG_2628383.jpg 400w, https:\/\/hi-techwonder.com\/wp-content\/uploads\/2025\/12\/IMG_2628383-300x300.jpg 300w, https:\/\/hi-techwonder.com\/wp-content\/uploads\/2025\/12\/IMG_2628383-150x150.jpg 150w\" sizes=\"auto, (max-width: 400px) 100vw, 400px\" \/><\/figure>\n\n\n\n<figure class=\"wp-block-image size-large\"><img loading=\"lazy\" decoding=\"async\" width=\"1000\" height=\"563\" data-id=\"95217\" src=\"https:\/\/hi-techwonder.com\/wp-content\/themes\/woodmart\/images\/lazy.svg\" data-src=\"https:\/\/hi-techwonder.com\/wp-content\/uploads\/2025\/12\/IMG_2628385.jpg\" alt=\"\" class=\"wp-image-95217\" srcset=\"\" data-srcset=\"https:\/\/hi-techwonder.com\/wp-content\/uploads\/2025\/12\/IMG_2628385.jpg 1000w, https:\/\/hi-techwonder.com\/wp-content\/uploads\/2025\/12\/IMG_2628385-300x169.jpg 300w, https:\/\/hi-techwonder.com\/wp-content\/uploads\/2025\/12\/IMG_2628385-768x432.jpg 768w, https:\/\/hi-techwonder.com\/wp-content\/uploads\/2025\/12\/IMG_2628385-150x84.jpg 150w\" sizes=\"auto, (max-width: 1000px) 100vw, 1000px\" \/><\/figure>\n\n\n\n<figure class=\"wp-block-image size-large\"><img loading=\"lazy\" decoding=\"async\" width=\"1000\" height=\"563\" data-id=\"95218\" src=\"https:\/\/hi-techwonder.com\/wp-content\/themes\/woodmart\/images\/lazy.svg\" data-src=\"https:\/\/hi-techwonder.com\/wp-content\/uploads\/2025\/12\/IMG_2628386.jpg\" alt=\"\" class=\"wp-image-95218\" srcset=\"\" data-srcset=\"https:\/\/hi-techwonder.com\/wp-content\/uploads\/2025\/12\/IMG_2628386.jpg 1000w, https:\/\/hi-techwonder.com\/wp-content\/uploads\/2025\/12\/IMG_2628386-300x169.jpg 300w, https:\/\/hi-techwonder.com\/wp-content\/uploads\/2025\/12\/IMG_2628386-768x432.jpg 768w, https:\/\/hi-techwonder.com\/wp-content\/uploads\/2025\/12\/IMG_2628386-150x84.jpg 150w\" sizes=\"auto, (max-width: 1000px) 100vw, 1000px\" \/><\/figure>\n\n\n\n<figure class=\"wp-block-image size-large\"><img loading=\"lazy\" decoding=\"async\" width=\"741\" height=\"417\" data-id=\"95216\" src=\"https:\/\/hi-techwonder.com\/wp-content\/themes\/woodmart\/images\/lazy.svg\" data-src=\"https:\/\/hi-techwonder.com\/wp-content\/uploads\/2025\/12\/IMG_2628389.jpg\" alt=\"\" class=\"wp-image-95216\" srcset=\"\" data-srcset=\"https:\/\/hi-techwonder.com\/wp-content\/uploads\/2025\/12\/IMG_2628389.jpg 741w, https:\/\/hi-techwonder.com\/wp-content\/uploads\/2025\/12\/IMG_2628389-300x169.jpg 300w, https:\/\/hi-techwonder.com\/wp-content\/uploads\/2025\/12\/IMG_2628389-150x84.jpg 150w\" sizes=\"auto, (max-width: 741px) 100vw, 741px\" \/><\/figure>\n<\/figure>\n\n\n\n<div id=\"wd-18cc57fd\" class=\"wp-block-wd-table\"><\/div>\n\n\n\n<figure class=\"wp-block-table\"><table class=\"has-fixed-layout\"><thead><tr><th><strong>Especificaci\u00f3n<\/strong><\/th><th><strong>Detalle<\/strong><\/th><\/tr><\/thead><tbody><tr><td><strong>Tipo de drone<\/strong><\/td><td><strong>Cuadric\u00f3ptero FPV 360\u00b0<\/strong><\/td><\/tr><tr><td><strong>Resoluci\u00f3n m\u00e1xima de v\u00eddeo<\/strong><\/td><td><strong>Hasta UHD 8K a 30 fps<\/strong><\/td><\/tr><tr><td><strong>Fotograf\u00eda<\/strong><\/td><td><strong>Hasta 55 MP (DNG)<\/strong><\/td><\/tr><tr><td><strong>Sensor<\/strong><\/td><td><strong>CMOS 1\/1,28&#8243; gran angular con lente f\/2.2<\/strong><\/td><\/tr><tr><td><strong>Grabaci\u00f3n 360\u00b0<\/strong><\/td><td><strong>S\u00ed<\/strong><\/td><\/tr><tr><td>Almacenamiento interno<\/td><td>20 GB<\/td><\/tr><tr><td>Tarjetas compatibles<\/td><td>microSD \/ microSDHC \/ microSDXC hasta 1 TB<\/td><\/tr><tr><td>Modos de vuelo inteligentes<\/td><td>Sky Genie<\/td><\/tr><tr><td>Sistema de sensores<\/td><td>Frontal e inferior con infrarrojos<\/td><\/tr><tr><td><strong>Velocidad m\u00e1xima<\/strong><\/td><td><strong>57,6 km\/h<\/strong><\/td><\/tr><tr><td><strong>Tiempo m\u00e1ximo de vuelo<\/strong><\/td><td><strong>Hasta 24 minutos<\/strong><\/td><\/tr><tr><td>Peso al despegue<\/td><td><strong>249 g<\/strong>    &#8211;  Categoria C0 (&lt;250g)<\/td><\/tr><tr><td>GNSS<\/td><td>GPS, BeiDou, Galileo<\/td><\/tr><tr><td>Sistema de transmisi\u00f3n<\/td><td>OmniLink 360<\/td><\/tr><tr><td>Alcance m\u00e1ximo<\/td><td>Hasta 10 km<\/td><\/tr><tr><td>Bater\u00eda de vuelo<\/td><td>Li-Po 2360 mAh \/ 16,9 Wh<\/td><\/tr><tr><td>Dimensiones (plegado)<\/td><td>9,62 \u00d7 8,14 \u00d7 14,13 cm<\/td><\/tr><tr><td>Dimensiones (desplegado)<\/td><td>38,23 \u00d7 8,92 \u00d7 30,86 cm<\/td><\/tr><tr><td>Peso de la bater\u00eda<\/td><td>67,5 g<\/td><\/tr><tr><td>EAN<\/td><td>No especificado<\/td><\/tr><tr><td>Embalaje<\/td><td>Standard ANTIGRAVITY<\/td><\/tr><tr><td><strong>Nota<\/strong><\/td><td><strong>Im\u00e1genes ilustrativas. Equipos fotogr\u00e1ficos no incluidos. Consulte el contenido de la caja y las especificaciones para m\u00e1s detalles.<\/strong><\/td><\/tr><\/tbody><\/table><\/figure>\n\n\n\n<h5 id=\"wd-0d79d6ff\" class=\"wp-block-wd-paragraph\"><strong>Medidas e Peso da Embalagem<\/strong><\/h5>\n\n\n\n<ul class=\"wp-block-list\">\n<li>Peso Bruto\u00a0<strong>(Embalagem): Aproximadamente 2,00 kg.<\/strong><\/li>\n\n\n\n<li>Dimens\u00f5es da\u00a0<strong>Embalagem: Cerca de 26 cm x 18 cm x 17 cm<\/strong>.<\/li>\n\n\n\n<li>Estes valores referem-se \u00e0 caixa completa que cont\u00e9m o drone, os \u00f3culos, o comando e os acess\u00f3rios.\u00a0<strong>N\u00e3o confunda com as dimens\u00f5es e peso do drone<\/strong><\/li>\n<\/ul>\n","protected":false},"excerpt":{"rendered":"<p><strong>\u2022 Grabaci\u00f3n de v\u00eddeo 360\u00b0 en resoluci\u00f3n hasta 8K<\/strong><br data-start=\"447\" data-end=\"450\" \/><strong>\u2022 Efecto de drone invisible mediante algoritmos avanzados<\/strong><br data-start=\"507\" data-end=\"510\" \/><strong>\u2022 Captura de todos los \u00e1ngulos en un solo vuelo<\/strong><br data-start=\"557\" data-end=\"560\" \/><strong>\u2022 Reencuadre total en postproducci\u00f3n<\/strong><br data-start=\"596\" data-end=\"599\" \/><strong>\u2022 Gafas Vision FPV con seguimiento de cabeza FreeMotion<\/strong><br data-start=\"654\" data-end=\"657\" \/><strong>\u2022 Sistema de evitaci\u00f3n de obst\u00e1culos y tren de aterrizaje autom\u00e1tico<\/strong><br data-start=\"725\" data-end=\"728\" \/><strong>\u2022 Peso de 249 g para vuelo sin regulaci\u00f3n<\/strong><br data-start=\"769\" data-end=\"772\" \/><strong>\u2022 Hasta 24 minutos de autonom\u00eda de vuelo<\/strong><\/p>\n","protected":false},"featured_media":95263,"comment_status":"open","ping_status":"closed","template":"","meta":{"_acf_changed":false},"product_brand":[3422],"product_cat":[312,313,3420],"product_tag":[],"class_list":{"0":"post-95261","1":"product","2":"type-product","3":"status-publish","4":"has-post-thumbnail","6":"product_brand-antigravity","7":"product_cat-drones","8":"product_cat-drones-2","9":"product_cat-drones-antigravity","10":"pa_cartoes-memoria-compativeis-microsd","11":"pa_resolucao-de-video-8k","12":"pa_resolucao-mp-55-mp","13":"pa_sensor-dois-sensores-de-1-1-28-360o","15":"first","16":"onbackorder","17":"taxable","18":"shipping-taxable","19":"purchasable","20":"product-type-simple"},"bundled_by":[],"bundle_stock_status":"onbackorder","bundle_stock_quantity":null,"bundle_virtual":false,"bundle_layout":"","bundle_add_to_cart_form_location":"","bundle_editable_in_cart":false,"bundle_sold_individually_context":"","bundle_item_grouping":"","bundle_min_size":"","bundle_max_size":"","bundle_price":[],"bundled_items":[],"bundle_sell_ids":[],"acf":[],"_links":{"self":[{"href":"https:\/\/hi-techwonder.com\/es\/wp-json\/wp\/v2\/product\/95261","targetHints":{"allow":["GET"]}}],"collection":[{"href":"https:\/\/hi-techwonder.com\/es\/wp-json\/wp\/v2\/product"}],"about":[{"href":"https:\/\/hi-techwonder.com\/es\/wp-json\/wp\/v2\/types\/product"}],"replies":[{"embeddable":true,"href":"https:\/\/hi-techwonder.com\/es\/wp-json\/wp\/v2\/comments?post=95261"}],"wp:featuredmedia":[{"embeddable":true,"href":"https:\/\/hi-techwonder.com\/es\/wp-json\/wp\/v2\/media\/95263"}],"wp:attachment":[{"href":"https:\/\/hi-techwonder.com\/es\/wp-json\/wp\/v2\/media?parent=95261"}],"wp:term":[{"taxonomy":"product_brand","embeddable":true,"href":"https:\/\/hi-techwonder.com\/es\/wp-json\/wp\/v2\/product_brand?post=95261"},{"taxonomy":"product_cat","embeddable":true,"href":"https:\/\/hi-techwonder.com\/es\/wp-json\/wp\/v2\/product_cat?post=95261"},{"taxonomy":"product_tag","embeddable":true,"href":"https:\/\/hi-techwonder.com\/es\/wp-json\/wp\/v2\/product_tag?post=95261"}],"curies":[{"name":"wp","href":"https:\/\/api.w.org\/{rel}","templated":true}]}}