{"id":96167,"date":"2025-12-30T17:15:42","date_gmt":"2025-12-30T17:15:42","guid":{"rendered":"https:\/\/hi-techwonder.com\/product\/canon-m50-mark-ii15-45mm-f3-5-6-3-is-stm-acessorios-extras\/"},"modified":"2026-01-30T16:25:11","modified_gmt":"2026-01-30T16:25:11","slug":"canon-m50-mark-ii15-45mm-f3-5-6-3-is-stm-acessorios-extras","status":"publish","type":"product","link":"https:\/\/hi-techwonder.com\/es\/producto\/canon-m50-mark-ii15-45mm-f3-5-6-3-is-stm-acessorios-extras\/","title":{"rendered":"Canon M50 Mark II+15-45mm F3.5-6.3 IS STM + Accesorios adicionales (Usada)"},"content":{"rendered":"<p><strong>Caracter\u00edsticas principales:<\/strong><\/p>\n<ul>\n<li>Sensor APS-C de 24,1 megap\u00edxeles<\/li>\n<li>V\u00eddeo Full HD 60p con Dual Pixel CMOS AF<\/li>\n<li>Modos de v\u00eddeo 4K y retrato para esos proyectos especiales<\/li>\n<li>Transcodificaci\u00f3n autom\u00e1tica de v\u00eddeo<\/li>\n<li>Transmisiones en directo desde YouTube para tu p\u00fablico en Internet a trav\u00e9s de una red Wi-Fi<\/li>\n<li>Captura la acci\u00f3n trepidante y los momentos fugaces<\/li>\n<li>Utiliza EOS Webcam Utility para obtener una calidad de imagen incre\u00edble<\/li>\n<li>Enfoque autom\u00e1tico en condiciones de poca luz, hasta -4 EV<\/li>\n<\/ul>\n<p><strong>Accesorios incluidos:<\/strong><\/p>\n<ul>\n<li>2 bater\u00edas Canon LP-E12<\/li>\n<li>Correa Canon<\/li>\n<li>Cargador con cable de CA<\/li>\n<li>Adaptador Viltrox EF-EOS M<\/li>\n<li>Bolsa de transporte Canon<\/li>\n<\/ul>\n<p>Nota: Todas las fotos mostradas son fotos reales del art\u00edculo.<\/p>\n","protected":false},"excerpt":{"rendered":"<ul>\n<li>Garant\u00eda de 12 meses<\/li>\n<li>Buen estado general<\/li>\n<li>El objetivo tiene una marca en la parte frontal, pero no altera el resultado final de la imagen<\/li>\n<\/ul>\n","protected":false},"featured_media":96168,"comment_status":"open","ping_status":"closed","template":"","meta":{"_acf_changed":false},"product_brand":[2538],"product_cat":[1550],"product_tag":[],"class_list":{"0":"post-96167","1":"product","2":"type-product","3":"status-publish","4":"has-post-thumbnail","6":"product_brand-canon-es","7":"product_cat-camaras-2a-mano","9":"first","10":"instock","11":"taxable","12":"shipping-taxable","13":"purchasable","14":"product-type-simple"},"bundled_by":[],"bundle_stock_status":"instock","bundle_stock_quantity":1,"bundle_virtual":false,"bundle_layout":"","bundle_add_to_cart_form_location":"","bundle_editable_in_cart":false,"bundle_sold_individually_context":"","bundle_item_grouping":"","bundle_min_size":"","bundle_max_size":"","bundle_price":[],"bundled_items":[],"bundle_sell_ids":[],"acf":[],"_links":{"self":[{"href":"https:\/\/hi-techwonder.com\/es\/wp-json\/wp\/v2\/product\/96167","targetHints":{"allow":["GET"]}}],"collection":[{"href":"https:\/\/hi-techwonder.com\/es\/wp-json\/wp\/v2\/product"}],"about":[{"href":"https:\/\/hi-techwonder.com\/es\/wp-json\/wp\/v2\/types\/product"}],"replies":[{"embeddable":true,"href":"https:\/\/hi-techwonder.com\/es\/wp-json\/wp\/v2\/comments?post=96167"}],"wp:featuredmedia":[{"embeddable":true,"href":"https:\/\/hi-techwonder.com\/es\/wp-json\/wp\/v2\/media\/96168"}],"wp:attachment":[{"href":"https:\/\/hi-techwonder.com\/es\/wp-json\/wp\/v2\/media?parent=96167"}],"wp:term":[{"taxonomy":"product_brand","embeddable":true,"href":"https:\/\/hi-techwonder.com\/es\/wp-json\/wp\/v2\/product_brand?post=96167"},{"taxonomy":"product_cat","embeddable":true,"href":"https:\/\/hi-techwonder.com\/es\/wp-json\/wp\/v2\/product_cat?post=96167"},{"taxonomy":"product_tag","embeddable":true,"href":"https:\/\/hi-techwonder.com\/es\/wp-json\/wp\/v2\/product_tag?post=96167"}],"curies":[{"name":"wp","href":"https:\/\/api.w.org\/{rel}","templated":true}]}}