{"id":96343,"date":"2025-12-31T15:09:53","date_gmt":"2025-12-31T15:09:53","guid":{"rendered":"https:\/\/hi-techwonder.com\/product\/godox-x5-transmissor-ttl-para-flash-it32\/"},"modified":"2026-05-14T17:13:29","modified_gmt":"2026-05-14T16:13:29","slug":"godox-x5-transmissor-ttl-para-flash-it32","status":"publish","type":"product","link":"https:\/\/hi-techwonder.com\/es\/producto\/godox-x5-transmissor-ttl-para-flash-it32\/","title":{"rendered":"GODOX X5 Transmisor \/ Zapata y disparador TTL de 2,4 GHz para flash iT32"},"content":{"rendered":"\n<h2 class=\"wp-block-heading\">GODOX X5 Transmisor \/ Zapata y disparador TTL de 2,4 GHz para flash iT32<\/h2>\n\n\n\n<div id=\"wd-a7f83bfc\" class=\"wp-block-wd-video wd-el-video wd-action-without wd-video-external wd-with-aspect-ratio wd-custom-width\"><iframe allowfullscreen allow=\"accelerometer; autoplay; encrypted-media; gyroscope; picture-in-picture\" width=\"100%\" height=\"100%\" loading=\"lazy\" src=\"https:\/\/www.youtube.com\/embed\/fHhFfi5qPQk?feature=oembed&amp;controls=1\"><\/iframe><\/div>\n\n\n\n<p id=\"wd-94da7e9f\" class=\"wp-block-wd-paragraph\"><\/p>\n\n\n\n<p id=\"wd-cb59cb87\" class=\"wp-block-wd-paragraph\">El <strong>Godox X5, <\/strong>(<strong>para Canon, Nikon, Sony ou Fujifilm<\/strong>)\u00a0es un transmisor hotshoe TTL dise\u00f1ado para ofrecer control total, versatilidad y fluidez en configuraciones de flash con el sistema <strong>Godox iT32<\/strong>. Su dise\u00f1o modular permite a los fot\u00f3grafos cambiar entre diferentes marcas de c\u00e1mara simplemente intercambiando la versi\u00f3n X5 correspondiente.<\/p>\n\n\n\n<p id=\"wd-81ee9ca6\" class=\"wp-block-wd-paragraph\">Con una <strong>doble identidad \u00fanica<\/strong>, el <strong>X5<\/strong> funciona como zapata de flash cuando est\u00e1 montado en el iT32 y se convierte autom\u00e1ticamente en un <strong>trigger inal\u00e1mbrico<\/strong> al desacoplarlo, lo que permite alternar f\u00e1cilmente entre disparo en c\u00e1mara, control fuera de c\u00e1mara y setups de m\u00faltiples flashes.<\/p>\n\n\n\n<p id=\"wd-09fd3f78\" class=\"wp-block-wd-paragraph\">El sistema inal\u00e1mbrico Godox Wireless X 2.4 GHz ofrece comunicaci\u00f3n estable, alcance de hasta <strong>80 m<\/strong>, control de grupos m\u00faltiples y compatibilidad con canales e IDs personalizados. La conexi\u00f3n magn\u00e9tica proporciona un acoplamiento r\u00e1pido y seguro, superando en eficiencia a los mecanismos tradicionales de bloqueo.<\/p>\n\n\n\n<p id=\"wd-e995598d\" class=\"wp-block-wd-paragraph\">Ligero, compacto y con bater\u00eda recargable mediante USB-C, el <strong>Godox X5<\/strong> es una soluci\u00f3n ideal para sesiones fotogr\u00e1ficas din\u00e1micas, eventos y entornos donde la velocidad de configuraci\u00f3n y la fiabilidad son fundamentales.<\/p>\n\n\n\n<p id=\"wd-70b7c7e0\" class=\"wp-block-wd-paragraph\"><strong>Variaciones disponibles:<\/strong> <strong>X5-C Canon | X5-N Nikon | X5-S Sony  | X5-F Fujifilm<\/strong><\/p>\n\n\n\n<p><em><strong>Nota: El flash Godox iT32 se vende por separado.<\/strong><\/em><\/p>\n\n\n\n<div class=\"wp-block-media-text has-media-on-the-right is-stacked-on-mobile\"><div class=\"wp-block-media-text__content\">\n<p>Ideal para fot\u00f3grafos Canon que utilizam o flash Godox iT32 e procuram um sistema de controlo sem fios compacto, fi\u00e1vel e flex\u00edvel, adequado a fotografia de eventos, retrato, reportagem, est\u00fadio port\u00e1til e setups criativos com v\u00e1rias fontes de luz.<\/p>\n<\/div><figure class=\"wp-block-media-text__media\"><img loading=\"lazy\" decoding=\"async\" width=\"610\" height=\"562\" src=\"https:\/\/hi-techwonder.com\/wp-content\/themes\/woodmart\/images\/lazy.svg\" data-src=\"https:\/\/hi-techwonder.com\/wp-content\/uploads\/2025\/12\/VARIAVEIS-1.jpg\" alt=\"\" class=\"wp-image-96310 size-full\" srcset=\"\" data-srcset=\"https:\/\/hi-techwonder.com\/wp-content\/uploads\/2025\/12\/VARIAVEIS-1.jpg 610w, https:\/\/hi-techwonder.com\/wp-content\/uploads\/2025\/12\/VARIAVEIS-1-300x276.jpg 300w, https:\/\/hi-techwonder.com\/wp-content\/uploads\/2025\/12\/VARIAVEIS-1-150x138.jpg 150w\" sizes=\"auto, (max-width: 610px) 100vw, 610px\" \/><\/figure><\/div>\n\n\n\n<div class=\"wp-block-media-text is-stacked-on-mobile\"><figure class=\"wp-block-media-text__media\"><img loading=\"lazy\" decoding=\"async\" width=\"1000\" height=\"1000\" src=\"https:\/\/hi-techwonder.com\/wp-content\/themes\/woodmart\/images\/lazy.svg\" data-src=\"https:\/\/hi-techwonder.com\/wp-content\/uploads\/2025\/12\/X7-9.jpg\" alt=\"\" class=\"wp-image-96281 size-full\" srcset=\"\" data-srcset=\"https:\/\/hi-techwonder.com\/wp-content\/uploads\/2025\/12\/X7-9.jpg 1000w, https:\/\/hi-techwonder.com\/wp-content\/uploads\/2025\/12\/X7-9-300x300.jpg 300w, https:\/\/hi-techwonder.com\/wp-content\/uploads\/2025\/12\/X7-9-150x150.jpg 150w, https:\/\/hi-techwonder.com\/wp-content\/uploads\/2025\/12\/X7-9-768x768.jpg 768w, https:\/\/hi-techwonder.com\/wp-content\/uploads\/2025\/12\/X7-9-600x600.jpg 600w, https:\/\/hi-techwonder.com\/wp-content\/uploads\/2025\/12\/X7-9-80x80.jpg 80w\" sizes=\"auto, (max-width: 1000px) 100vw, 1000px\" \/><\/figure><div class=\"wp-block-media-text__content\">\n<h2 class=\"wp-block-heading\">Contenido de la caja<\/h2>\n\n\n\n<ul class=\"wp-block-list\">\n<li>1 \u00d7 Transmisor Hotshoe y Trigger <strong>Godox X5 <\/strong>para iT32 <strong>*<\/strong><\/li>\n<\/ul>\n\n\n\n<h5 class=\"wp-block-heading\">* Elegir una de las variantes disponibles<\/h5>\n\n\n\n<h6 class=\"wp-block-heading\">Compatibilidades:  <strong>X5-C Canon | X5-N Nikon | X5-S Sony | X5-F Fujifilm<\/strong><\/h6>\n<\/div><\/div>\n\n\n\n<div class=\"wp-block-media-text has-media-on-the-right is-stacked-on-mobile\"><div class=\"wp-block-media-text__content\">\n<h2 class=\"wp-block-heading\">Caracter\u00edsticas<\/h2>\n\n\n\n<ul class=\"wp-block-list\">\n<li>Sistema modular com compatibilidade vari\u00e1vel, selecionar uma das dispon\u00edveis,<strong> Canon, Nikon, Sony ou Fujifilm<\/strong><\/li>\n\n\n\n<li>Funciona como zapata cuando est\u00e1 acoplado al iT32<\/li>\n\n\n\n<li>Se transforma autom\u00e1ticamente en trigger inal\u00e1mbrico<\/li>\n\n\n\n<li>Comunicaci\u00f3n inal\u00e1mbrica por radio 2.4 GHz<\/li>\n\n\n\n<li>Compatible con modos TTL, HSS y sincronizaci\u00f3n avanzada<\/li>\n\n\n\n<li>Soporte para configuraciones de m\u00faltiples flashes<\/li>\n\n\n\n<li>Interfaz magn\u00e9tica de conexi\u00f3n r\u00e1pida y fiable<\/li>\n\n\n\n<li>Bater\u00eda interna con funciones de ahorro de energ\u00ed<\/li>\n<\/ul>\n<\/div><figure class=\"wp-block-media-text__media\"><img loading=\"lazy\" decoding=\"async\" width=\"457\" height=\"435\" src=\"https:\/\/hi-techwonder.com\/wp-content\/themes\/woodmart\/images\/lazy.svg\" data-src=\"https:\/\/hi-techwonder.com\/wp-content\/uploads\/2025\/12\/x6a.jpg\" alt=\"\" class=\"wp-image-96280 size-full\" srcset=\"\" data-srcset=\"https:\/\/hi-techwonder.com\/wp-content\/uploads\/2025\/12\/x6a.jpg 457w, https:\/\/hi-techwonder.com\/wp-content\/uploads\/2025\/12\/x6a-300x286.jpg 300w, https:\/\/hi-techwonder.com\/wp-content\/uploads\/2025\/12\/x6a-150x143.jpg 150w\" sizes=\"auto, (max-width: 457px) 100vw, 457px\" \/><\/figure><\/div>\n\n\n\n<div id=\"wd-690d1730\" class=\"wp-block-wd-video wd-el-video wd-action-without wd-video-external\"><iframe allowfullscreen allow=\"accelerometer; autoplay; encrypted-media; gyroscope; picture-in-picture\" width=\"100%\" height=\"100%\" loading=\"lazy\" src=\"https:\/\/www.youtube.com\/embed\/OBkrjP34JdM?feature=oembed&amp;controls=1\"><\/iframe><\/div>\n\n\n\n<figure class=\"wp-block-table\"><table class=\"has-fixed-layout\"><thead><tr><th><strong>Caracter\u00edstica<\/strong><\/th><th><strong>Detalle<\/strong><\/th><\/tr><\/thead><tbody><tr><td>Producto<\/td><td>Transmisor Hotshoe y Trigger<\/td><\/tr><tr><td>Modelo<\/td><td><strong>Godox X5<\/strong> &#8211; <strong>Variaciones disponibles: <\/strong><br><strong>X5-C Canon | X5-N Nikon | X5-S Sony | X5-F Fujifilm<\/strong><\/td><\/tr><tr><td>Compatibilidad<\/td><td><strong>Seleccionar\/Elegir:<\/strong><br><strong>X5-C Canon | X5-N Nikon | X5-S Sony | X5-F Fujifilm<\/strong><\/td><\/tr><tr><td>Sistema inal\u00e1mbrico<\/td><td>Godox Wireless X<\/td><\/tr><tr><td>Frecuencia<\/td><td>2.4 GHz<\/td><\/tr><tr><td>Funci\u00f3n<\/td><td>Transmisor y zapata de flash<\/td><\/tr><tr><td>Modos de flash<\/td><td>TTL autom\u00e1tico y manual<\/td><\/tr><tr><td>Sincronizaci\u00f3n<\/td><td>HSS, 1\u00aa y 2\u00aa cortina<\/td><\/tr><tr><td>Alcance inal\u00e1mbrico<\/td><td><strong>Hasta 80 m<\/strong> (20 m en activaci\u00f3n individual)<\/td><\/tr><tr><td>Canales<\/td><td>32<\/td><\/tr><tr><td>Grupos<\/td><td>A, B, C, D<\/td><\/tr><tr><td>ID<\/td><td>OFF\/1\u201399<\/td><\/tr><tr><td>Alimentaci\u00f3n<\/td><td>Bater\u00eda de litio integrada<\/td><\/tr><tr><td>Capacidad de la bater\u00eda<\/td><td>3.8 V \/ 100 mAh<\/td><\/tr><tr><td>Conexi\u00f3n externa<\/td><td>Terminal de sincronizaci\u00f3n de 2.5 mm<\/td><\/tr><tr><td>Dimensiones<\/td><td>3,2 \u00d7 3,2 \u00d7 2,7 cm<\/td><\/tr><tr><td>Peso<\/td><td>23 g<\/td><\/tr><tr><td>Contenido de la caja<\/td><td>1 x Godox X5 (Seleccione variable: Canon, Nikon, Sony o Fujifilm)<\/td><\/tr><tr><td>EAN<\/td><td><\/td><\/tr><tr><td><strong>Nota<\/strong><\/td><td><strong>Im\u00e1genes ilustrativas. Equipos fotogr\u00e1ficos no incluidos. Consulte el contenido de la caja y las especificaciones para m\u00e1s detalles.<\/strong><\/td><\/tr><\/tbody><\/table><\/figure>\n","protected":false},"excerpt":{"rendered":"<ul>\n<li>Transmisor TTL GODOX X5 y zapata modular <strong>para el sistema Godox Flash iT32<\/strong> <strong>* <\/strong><\/li>\n<li>Doble funci\u00f3n: zapata de flash y disparador inal\u00e1mbrico<\/li>\n<li>Integraci\u00f3n total con el ecosistema Godox Wireless X de 2,4 GHz<\/li>\n<li>Conexi\u00f3n magn\u00e9tica r\u00e1pida, segura e intuitiva<\/li>\n<li>Control remoto de m\u00faltiples flashes Godox<\/li>\n<li>Dise\u00f1o compacto con bater\u00eda de litio recargable<\/li>\n<\/ul>\n<p><strong>\u00a0 \u00a0 \u00a0 \u00a0 \u00a0 * Nota: El flash Godox iT32 se vende por separado.<\/strong><\/p>\n<p>&nbsp;<\/p>\n","protected":false},"featured_media":98285,"comment_status":"open","ping_status":"closed","template":"","meta":{"_acf_changed":false},"product_brand":[2555],"product_cat":[984],"product_tag":[],"class_list":{"0":"post-96343","1":"product","2":"type-product","3":"status-publish","4":"has-post-thumbnail","6":"product_brand-godox-es","7":"product_cat-disparadores-luz","9":"first","10":"instock","11":"taxable","12":"shipping-taxable","13":"purchasable","14":"product-type-variable"},"bundled_by":[],"bundle_stock_status":"instock","bundle_stock_quantity":null,"bundle_virtual":false,"bundle_layout":"","bundle_add_to_cart_form_location":"","bundle_editable_in_cart":false,"bundle_sold_individually_context":"","bundle_item_grouping":"","bundle_min_size":"","bundle_max_size":"","bundle_price":[],"bundled_items":[],"bundle_sell_ids":[],"acf":[],"_links":{"self":[{"href":"https:\/\/hi-techwonder.com\/es\/wp-json\/wp\/v2\/product\/96343","targetHints":{"allow":["GET"]}}],"collection":[{"href":"https:\/\/hi-techwonder.com\/es\/wp-json\/wp\/v2\/product"}],"about":[{"href":"https:\/\/hi-techwonder.com\/es\/wp-json\/wp\/v2\/types\/product"}],"replies":[{"embeddable":true,"href":"https:\/\/hi-techwonder.com\/es\/wp-json\/wp\/v2\/comments?post=96343"}],"wp:featuredmedia":[{"embeddable":true,"href":"https:\/\/hi-techwonder.com\/es\/wp-json\/wp\/v2\/media\/98285"}],"wp:attachment":[{"href":"https:\/\/hi-techwonder.com\/es\/wp-json\/wp\/v2\/media?parent=96343"}],"wp:term":[{"taxonomy":"product_brand","embeddable":true,"href":"https:\/\/hi-techwonder.com\/es\/wp-json\/wp\/v2\/product_brand?post=96343"},{"taxonomy":"product_cat","embeddable":true,"href":"https:\/\/hi-techwonder.com\/es\/wp-json\/wp\/v2\/product_cat?post=96343"},{"taxonomy":"product_tag","embeddable":true,"href":"https:\/\/hi-techwonder.com\/es\/wp-json\/wp\/v2\/product_tag?post=96343"}],"curies":[{"name":"wp","href":"https:\/\/api.w.org\/{rel}","templated":true}]}}