{"id":96600,"date":"2026-01-06T10:02:39","date_gmt":"2026-01-06T10:02:39","guid":{"rendered":"https:\/\/hi-techwonder.com\/product\/nisi-filtro-highlight-diffusion-pro-49mm\/"},"modified":"2026-04-06T15:42:43","modified_gmt":"2026-04-06T14:42:43","slug":"nisi-nisioptics-nisi-filtro-highlight-diffusion-pro","status":"publish","type":"product","link":"https:\/\/hi-techwonder.com\/es\/producto\/nisi-nisioptics-nisi-filtro-highlight-diffusion-pro\/","title":{"rendered":"NiSi Filtro Highlight Diffusion PRO NANO 49mm"},"content":{"rendered":"\n<h2 class=\"wp-block-heading\">NiSi Filtro Highlight Diffusion PRO NANO 49mm \u2013 Est\u00e9tica Anal\u00f3gica con Control Total de la Luz<\/h2>\n\n\n\n<p id=\"wd-311bf646\" class=\"wp-block-wd-paragraph\">El\u00a0Filtro <strong>NiSi Highlight Diffusion PRO NANO 49mm<\/strong>\u00a0ha sido dise\u00f1ado para\u00a0<strong>fot\u00f3grafos<\/strong>\u00a0que buscan un look m\u00e1s org\u00e1nico y expresivo, inspirado en el comportamiento de la fotograf\u00eda anal\u00f3gica, sin renunciar a la precisi\u00f3n y calidad de la imagen digital actual.<\/p>\n\n\n\n<p id=\"wd-812bbed1\" class=\"wp-block-wd-paragraph\">Gracias a un proceso de fabricaci\u00f3n de alta precisi\u00f3n y al uso de\u00a0<strong>tecnolog\u00eda avanzada de micro-lentes<\/strong>, este filtro suaviza selectivamente las zonas de mayor luminosidad \u2014como reflejos, luces directas o brillos en la piel\u2014 generando un\u00a0<strong>glow delicado y natural<\/strong>. El efecto de halaci\u00f3n es controlado y elegante, evitando resultados artificiales o excesivos.<\/p>\n\n\n\n<p id=\"wd-63cde605\" class=\"wp-block-wd-paragraph\">A diferencia de los filtros de difusi\u00f3n convencionales que reducen notablemente el contraste, el Highlight Diffusion PRO NANO conserva la separaci\u00f3n tonal original de la escena. Las sombras mantienen profundidad, los tonos medios permanecen vivos y los detalles se preservan incluso en condiciones de iluminaci\u00f3n complejas.<\/p>\n\n\n\n<p id=\"wd-a94214be\" class=\"wp-block-wd-paragraph\">El revestimiento\u00a0<strong>PRO NANO de doble cara<\/strong>\u00a0reduce reflejos internos y flare, adem\u00e1s de ofrecer protecci\u00f3n frente al agua, aceite y suciedad, facilitando la limpieza y el uso en exteriores. El aro de\u00a0<strong>lat\u00f3n de alta calidad<\/strong>\u00a0garantiza resistencia a la corrosi\u00f3n, una rosca precisa y estabilidad dimensional incluso ante cambios extremos de temperatura.<\/p>\n\n\n\n<p id=\"wd-99d3105f\" class=\"wp-block-wd-paragraph\">Ideal para\u00a0<strong>retrato, fotograf\u00eda urbana, fotograf\u00eda nocturna, lifestyle y trabajo creativo con luz natural<\/strong>, este filtro es una herramienta esencial para fot\u00f3grafos que desean a\u00f1adir car\u00e1cter y suavidad directamente en la captura.<\/p>\n\n\n\n<div id=\"wd-85c98456\" class=\"wp-block-wd-gallery wd-grid-g wd-caption-mask\" style=\"--wd-col-lg:3;--wd-col-md:3;--wd-col-sm:1;--wd-gap-lg:20px;--wd-gap-sm: 10px\">\n<div id=\"wd-d36c646b\" class=\"wp-block-wd-gallery-item wd-col photoswipe-images\"><div class=\"wd-block-image\"><a href=\"https:\/\/hi-techwonder.com\/wp-content\/uploads\/2026\/01\/DSC08976-1.jpg\" data-width=\"1500\" data-height=\"1000\" data-elementor-open-lightbox=\"no\"><img loading=\"lazy\" decoding=\"async\" width=\"1500\" height=\"1000\" class=\"wp-image-96595\" src=\"https:\/\/hi-techwonder.com\/wp-content\/themes\/woodmart\/images\/lazy.svg\" data-src=\"https:\/\/hi-techwonder.com\/wp-content\/uploads\/2026\/01\/DSC08976-1.jpg\" alt=\"\" srcset=\"\" data-srcset=\"https:\/\/hi-techwonder.com\/wp-content\/uploads\/2026\/01\/DSC08976-1.jpg 1500w, https:\/\/hi-techwonder.com\/wp-content\/uploads\/2026\/01\/DSC08976-1-300x200.jpg 300w, https:\/\/hi-techwonder.com\/wp-content\/uploads\/2026\/01\/DSC08976-1-1024x683.jpg 1024w, https:\/\/hi-techwonder.com\/wp-content\/uploads\/2026\/01\/DSC08976-1-768x512.jpg 768w, https:\/\/hi-techwonder.com\/wp-content\/uploads\/2026\/01\/DSC08976-1-1200x800.jpg 1200w, https:\/\/hi-techwonder.com\/wp-content\/uploads\/2026\/01\/DSC08976-1-150x100.jpg 150w\" sizes=\"auto, (max-width: 1500px) 100vw, 1500px\" \/><\/a><\/div><\/div>\n\n\n\n<div id=\"wd-92bb31b5\" class=\"wp-block-wd-gallery-item wd-col photoswipe-images\"><div class=\"wd-block-image\"><a href=\"https:\/\/hi-techwonder.com\/wp-content\/uploads\/2026\/01\/DSC9101-1.jpg\" data-width=\"1500\" data-height=\"1000\" data-elementor-open-lightbox=\"no\"><img loading=\"lazy\" decoding=\"async\" width=\"1500\" height=\"1000\" class=\"wp-image-96596\" src=\"https:\/\/hi-techwonder.com\/wp-content\/themes\/woodmart\/images\/lazy.svg\" data-src=\"https:\/\/hi-techwonder.com\/wp-content\/uploads\/2026\/01\/DSC9101-1.jpg\" alt=\"\" srcset=\"\" data-srcset=\"https:\/\/hi-techwonder.com\/wp-content\/uploads\/2026\/01\/DSC9101-1.jpg 1500w, https:\/\/hi-techwonder.com\/wp-content\/uploads\/2026\/01\/DSC9101-1-300x200.jpg 300w, https:\/\/hi-techwonder.com\/wp-content\/uploads\/2026\/01\/DSC9101-1-1024x683.jpg 1024w, https:\/\/hi-techwonder.com\/wp-content\/uploads\/2026\/01\/DSC9101-1-768x512.jpg 768w, https:\/\/hi-techwonder.com\/wp-content\/uploads\/2026\/01\/DSC9101-1-1200x800.jpg 1200w, https:\/\/hi-techwonder.com\/wp-content\/uploads\/2026\/01\/DSC9101-1-150x100.jpg 150w\" sizes=\"auto, (max-width: 1500px) 100vw, 1500px\" \/><\/a><\/div><\/div>\n\n\n\n<div id=\"wd-a7e21784\" class=\"wp-block-wd-gallery-item wd-col photoswipe-images\"><div class=\"wd-block-image\"><a href=\"https:\/\/hi-techwonder.com\/wp-content\/uploads\/2026\/01\/DSC9008-1.jpg\" data-width=\"1500\" data-height=\"1000\" data-elementor-open-lightbox=\"no\"><img loading=\"lazy\" decoding=\"async\" width=\"1500\" height=\"1000\" class=\"wp-image-96598\" src=\"https:\/\/hi-techwonder.com\/wp-content\/themes\/woodmart\/images\/lazy.svg\" data-src=\"https:\/\/hi-techwonder.com\/wp-content\/uploads\/2026\/01\/DSC9008-1.jpg\" alt=\"\" srcset=\"\" data-srcset=\"https:\/\/hi-techwonder.com\/wp-content\/uploads\/2026\/01\/DSC9008-1.jpg 1500w, https:\/\/hi-techwonder.com\/wp-content\/uploads\/2026\/01\/DSC9008-1-300x200.jpg 300w, https:\/\/hi-techwonder.com\/wp-content\/uploads\/2026\/01\/DSC9008-1-1024x683.jpg 1024w, https:\/\/hi-techwonder.com\/wp-content\/uploads\/2026\/01\/DSC9008-1-768x512.jpg 768w, https:\/\/hi-techwonder.com\/wp-content\/uploads\/2026\/01\/DSC9008-1-1200x800.jpg 1200w, https:\/\/hi-techwonder.com\/wp-content\/uploads\/2026\/01\/DSC9008-1-150x100.jpg 150w\" sizes=\"auto, (max-width: 1500px) 100vw, 1500px\" \/><\/a><\/div><\/div>\n\n\n\n<div id=\"wd-ed472544\" class=\"wp-block-wd-gallery-item wd-col photoswipe-images\"><div class=\"wd-block-image\"><a href=\"https:\/\/hi-techwonder.com\/wp-content\/uploads\/2026\/01\/DSC9073-1.jpg\" data-width=\"1000\" data-height=\"1500\" data-elementor-open-lightbox=\"no\"><img loading=\"lazy\" decoding=\"async\" width=\"1000\" height=\"1500\" class=\"wp-image-96593\" src=\"https:\/\/hi-techwonder.com\/wp-content\/themes\/woodmart\/images\/lazy.svg\" data-src=\"https:\/\/hi-techwonder.com\/wp-content\/uploads\/2026\/01\/DSC9073-1.jpg\" alt=\"\" srcset=\"\" data-srcset=\"https:\/\/hi-techwonder.com\/wp-content\/uploads\/2026\/01\/DSC9073-1.jpg 1000w, https:\/\/hi-techwonder.com\/wp-content\/uploads\/2026\/01\/DSC9073-1-200x300.jpg 200w, https:\/\/hi-techwonder.com\/wp-content\/uploads\/2026\/01\/DSC9073-1-683x1024.jpg 683w, https:\/\/hi-techwonder.com\/wp-content\/uploads\/2026\/01\/DSC9073-1-768x1152.jpg 768w, https:\/\/hi-techwonder.com\/wp-content\/uploads\/2026\/01\/DSC9073-1-150x225.jpg 150w\" sizes=\"auto, (max-width: 1000px) 100vw, 1000px\" \/><\/a><\/div><\/div>\n\n\n\n<div id=\"wd-8c66c2ac\" class=\"wp-block-wd-gallery-item wd-col photoswipe-images\"><div class=\"wd-block-image\"><a href=\"https:\/\/hi-techwonder.com\/wp-content\/uploads\/2026\/01\/DSC9209-1.jpg\" data-width=\"1000\" data-height=\"1500\" data-elementor-open-lightbox=\"no\"><img loading=\"lazy\" decoding=\"async\" width=\"1000\" height=\"1500\" class=\"wp-image-96594\" src=\"https:\/\/hi-techwonder.com\/wp-content\/themes\/woodmart\/images\/lazy.svg\" data-src=\"https:\/\/hi-techwonder.com\/wp-content\/uploads\/2026\/01\/DSC9209-1.jpg\" alt=\"\" srcset=\"\" data-srcset=\"https:\/\/hi-techwonder.com\/wp-content\/uploads\/2026\/01\/DSC9209-1.jpg 1000w, https:\/\/hi-techwonder.com\/wp-content\/uploads\/2026\/01\/DSC9209-1-200x300.jpg 200w, https:\/\/hi-techwonder.com\/wp-content\/uploads\/2026\/01\/DSC9209-1-683x1024.jpg 683w, https:\/\/hi-techwonder.com\/wp-content\/uploads\/2026\/01\/DSC9209-1-768x1152.jpg 768w, https:\/\/hi-techwonder.com\/wp-content\/uploads\/2026\/01\/DSC9209-1-150x225.jpg 150w\" sizes=\"auto, (max-width: 1000px) 100vw, 1000px\" \/><\/a><\/div><\/div>\n\n\n\n<div id=\"wd-3ed6320e\" class=\"wp-block-wd-gallery-item wd-col photoswipe-images\"><div class=\"wd-block-image\"><a href=\"https:\/\/hi-techwonder.com\/wp-content\/uploads\/2026\/01\/DSC9137-1.jpg\" data-width=\"1000\" data-height=\"1500\" data-elementor-open-lightbox=\"no\"><img loading=\"lazy\" decoding=\"async\" width=\"1000\" height=\"1500\" class=\"wp-image-96597\" src=\"https:\/\/hi-techwonder.com\/wp-content\/themes\/woodmart\/images\/lazy.svg\" data-src=\"https:\/\/hi-techwonder.com\/wp-content\/uploads\/2026\/01\/DSC9137-1.jpg\" alt=\"\" srcset=\"\" data-srcset=\"https:\/\/hi-techwonder.com\/wp-content\/uploads\/2026\/01\/DSC9137-1.jpg 1000w, https:\/\/hi-techwonder.com\/wp-content\/uploads\/2026\/01\/DSC9137-1-200x300.jpg 200w, https:\/\/hi-techwonder.com\/wp-content\/uploads\/2026\/01\/DSC9137-1-683x1024.jpg 683w, https:\/\/hi-techwonder.com\/wp-content\/uploads\/2026\/01\/DSC9137-1-768x1152.jpg 768w, https:\/\/hi-techwonder.com\/wp-content\/uploads\/2026\/01\/DSC9137-1-150x225.jpg 150w\" sizes=\"auto, (max-width: 1000px) 100vw, 1000px\" \/><\/a><\/div><\/div>\n<\/div>\n\n\n\n<h2 id=\"wd-01e28802\" class=\"wp-block-wd-title title\"><strong><strong>Caracter\u00edsticas principales<\/strong><\/strong><\/h2>\n\n\n\n<ul class=\"wp-block-list\">\n<li>Difusi\u00f3n selectiva de highlights con inspiraci\u00f3n anal\u00f3gica<\/li>\n\n\n\n<li>Tecnolog\u00eda de micro-lentes para un brillo natural<\/li>\n\n\n\n<li>Conserva el contraste y el equilibrio tonal<\/li>\n\n\n\n<li>Revestimiento Nano PRO antirreflejos<\/li>\n\n\n\n<li>Tratamiento hidrof\u00f3bico y oleof\u00f3bico<\/li>\n\n\n\n<li>Aro de lat\u00f3n resistente y de alta precisi\u00f3n<\/li>\n\n\n\n<li>Fabricaci\u00f3n de calidad premium<\/li>\n\n\n\n<li>Rosca frontal exclusiva\u00a0<strong>49 mm<\/strong><\/li>\n<\/ul>\n\n\n\n<h2 class=\"wp-block-heading\">Comparaci\u00f3n sin filtro vs con HDF<\/h2>\n\n\n\n<div id=\"wd-be579a7c\" class=\"wp-block-wd-gallery wd-carousel-container wd-caption-mask\"><div class=\"wd-carousel-inner\"><div class=\"wd-carousel wd-grid\" style=\"--wd-col-lg:2;--wd-col-md:2;--wd-col-sm:1;--wd-gap-lg:20px;--wd-gap-sm:10px\" data-scroll_per_page=\"yes\" data-wrap=\"yes\"><div class=\"wd-carousel-wrap\">\n<div id=\"wd-444e9f0d\" class=\"wp-block-wd-gallery-item wd-carousel-item\"><div class=\"wd-block-image\"><img decoding=\"async\" class=\"wp-image-41721\" src=\"https:\/\/hi-techwonder.com\/wp-content\/themes\/woodmart\/images\/lazy.svg\" data-src=\"https:\/\/nisioptics.es\/wp-content\/uploads\/2026\/01\/01-HDF-1.jpg\" alt=\"\"><figcaption>Com HDF<\/figcaption><\/div><\/div>\n\n\n\n<div id=\"wd-ebe81a36\" class=\"wp-block-wd-gallery-item wd-carousel-item\"><div class=\"wd-block-image\"><img decoding=\"async\" class=\"wp-image-41728\" src=\"https:\/\/hi-techwonder.com\/wp-content\/themes\/woodmart\/images\/lazy.svg\" data-src=\"https:\/\/nisioptics.es\/wp-content\/uploads\/2026\/01\/01-NO-FILTER-1.jpg\" alt=\"\"><figcaption>Sem Filtro<\/figcaption><\/div><\/div>\n\n\n\n<div id=\"wd-35488492\" class=\"wp-block-wd-gallery-item wd-carousel-item\"><div class=\"wd-block-image\"><img decoding=\"async\" class=\"wp-image-41718\" src=\"https:\/\/hi-techwonder.com\/wp-content\/themes\/woodmart\/images\/lazy.svg\" data-src=\"https:\/\/nisioptics.es\/wp-content\/uploads\/2026\/01\/02-HDF-1.jpg\" alt=\"\"><figcaption>Com HDF<\/figcaption><\/div><\/div>\n\n\n\n<div id=\"wd-a1e0b9e1\" class=\"wp-block-wd-gallery-item wd-carousel-item\"><div class=\"wd-block-image\"><img decoding=\"async\" class=\"wp-image-41723\" src=\"https:\/\/hi-techwonder.com\/wp-content\/themes\/woodmart\/images\/lazy.svg\" data-src=\"https:\/\/nisioptics.es\/wp-content\/uploads\/2026\/01\/02-NO-FILTER.JPG-1.jpg\" alt=\"\"><figcaption>Sem Filtro<\/figcaption><\/div><\/div>\n\n\n\n<div id=\"wd-2e9753a0\" class=\"wp-block-wd-gallery-item wd-carousel-item\"><div class=\"wd-block-image\"><img decoding=\"async\" class=\"wp-image-41727\" src=\"https:\/\/hi-techwonder.com\/wp-content\/themes\/woodmart\/images\/lazy.svg\" data-src=\"https:\/\/nisioptics.es\/wp-content\/uploads\/2026\/01\/03-HDF-1.jpg\" alt=\"\"><figcaption>Com HDF<\/figcaption><\/div><\/div>\n\n\n\n<div id=\"wd-3062d71d\" class=\"wp-block-wd-gallery-item wd-carousel-item\"><div class=\"wd-block-image\"><img decoding=\"async\" class=\"wp-image-41720\" src=\"https:\/\/hi-techwonder.com\/wp-content\/themes\/woodmart\/images\/lazy.svg\" data-src=\"https:\/\/nisioptics.es\/wp-content\/uploads\/2026\/01\/03-NO-FLITER-1.jpg\" alt=\"\"><figcaption>Sem Filtro<\/figcaption><\/div><\/div>\n\n\n\n<div id=\"wd-6b60c408\" class=\"wp-block-wd-gallery-item wd-carousel-item\"><div class=\"wd-block-image\"><img decoding=\"async\" class=\"wp-image-41726\" src=\"https:\/\/hi-techwonder.com\/wp-content\/themes\/woodmart\/images\/lazy.svg\" data-src=\"https:\/\/nisioptics.es\/wp-content\/uploads\/2026\/01\/04-HDF-1.jpg\" alt=\"\"><figcaption>Com HDF<\/figcaption><\/div><\/div>\n\n\n\n<div id=\"wd-922aedb7\" class=\"wp-block-wd-gallery-item wd-carousel-item\"><div class=\"wd-block-image\"><img decoding=\"async\" class=\"wp-image-41725\" src=\"https:\/\/hi-techwonder.com\/wp-content\/themes\/woodmart\/images\/lazy.svg\" data-src=\"https:\/\/nisioptics.es\/wp-content\/uploads\/2026\/01\/04-NO-FILTER-1.jpg\" alt=\"\"><figcaption>Sem Filtro<\/figcaption><\/div><\/div>\n\n\n\n<div id=\"wd-aaa1bb5d\" class=\"wp-block-wd-gallery-item wd-carousel-item\"><div class=\"wd-block-image\"><img decoding=\"async\" class=\"wp-image-41717\" src=\"https:\/\/hi-techwonder.com\/wp-content\/themes\/woodmart\/images\/lazy.svg\" data-src=\"https:\/\/nisioptics.es\/wp-content\/uploads\/2026\/01\/05-HDF-1.jpg\" alt=\"\"><figcaption>Com HDF<\/figcaption><\/div><\/div>\n\n\n\n<div id=\"wd-65bb7719\" class=\"wp-block-wd-gallery-item wd-carousel-item\"><div class=\"wd-block-image\"><img decoding=\"async\" class=\"wp-image-41719\" src=\"https:\/\/hi-techwonder.com\/wp-content\/themes\/woodmart\/images\/lazy.svg\" data-src=\"https:\/\/nisioptics.es\/wp-content\/uploads\/2026\/01\/05-NO-FILTER-1.jpg\" alt=\"\"><figcaption>Sem Filtro<\/figcaption><\/div><\/div>\n\n\n\n<div id=\"wd-3469dab3\" class=\"wp-block-wd-gallery-item wd-carousel-item\"><div class=\"wd-block-image\"><img decoding=\"async\" class=\"wp-image-41722\" src=\"https:\/\/hi-techwonder.com\/wp-content\/themes\/woodmart\/images\/lazy.svg\" data-src=\"https:\/\/nisioptics.es\/wp-content\/uploads\/2026\/01\/06-HDF-1.jpg\" alt=\"\"><figcaption>Com HDF<\/figcaption><\/div><\/div>\n\n\n\n<div id=\"wd-b83a7961\" class=\"wp-block-wd-gallery-item wd-carousel-item\"><div class=\"wd-block-image\"><img decoding=\"async\" class=\"wp-image-41724\" src=\"https:\/\/hi-techwonder.com\/wp-content\/themes\/woodmart\/images\/lazy.svg\" data-src=\"https:\/\/nisioptics.es\/wp-content\/uploads\/2026\/01\/06-NO-FILTER-1.jpg\" alt=\"\"><figcaption>Sem Filtro<\/figcaption><\/div><\/div>\n<\/div><\/div><div class=\"wd-nav-arrows wd-pos-sep wd-hover-1 wd-icon-1\"><div class=\"wd-btn-arrow wd-prev\"><div class=\"wd-arrow-inner\"><\/div><\/div><div class=\"wd-btn-arrow wd-next\"><div class=\"wd-arrow-inner\"><\/div><\/div><\/div><\/div><div class=\"wd-nav-pagin-wrap text-center wd-style-shape\"><ul class=\"wd-nav-pagin\"><\/ul><\/div><\/div>\n","protected":false},"excerpt":{"rendered":"<ul>\n<li data-start=\"314\" data-end=\"388\">Difusi\u00f3n de altas luces con est\u00e9tica <strong data-start=\"351\" data-end=\"386\">inspirada en pel\u00edcula anal\u00f3gica<\/strong><\/li>\n<li data-start=\"391\" data-end=\"441\">Crea un brillo suave y natural en los highlights<\/li>\n<li data-start=\"444\" data-end=\"489\">Mantiene el contraste y el equilibrio tonal<\/li>\n<li data-start=\"492\" data-end=\"548\">Tecnolog\u00eda de <strong data-start=\"506\" data-end=\"522\">micro-lentes<\/strong> para una halaci\u00f3n sutil<\/li>\n<li data-start=\"551\" data-end=\"608\">Revestimiento <strong data-start=\"565\" data-end=\"577\">Nano PRO<\/strong> de doble cara, antirreflejos<\/li>\n<li data-start=\"611\" data-end=\"649\">Tratamiento hidrof\u00f3bico y oleof\u00f3bico<\/li>\n<li data-start=\"652\" data-end=\"698\">Aro de <strong data-start=\"659\" data-end=\"676\">lat\u00f3n (brass)<\/strong> de alta durabilidad<\/li>\n<li data-start=\"701\" data-end=\"759\">Compatible exclusivamente con objetivos de <strong data-start=\"744\" data-end=\"759\">rosca 49 mm<\/strong><\/li>\n<li data-start=\"521\" data-end=\"590\">\u00a0<\/li>\n<\/ul>\n","protected":false},"featured_media":96602,"comment_status":"open","ping_status":"closed","template":"","meta":{"_acf_changed":false},"product_brand":[2543],"product_cat":[1050],"product_tag":[],"class_list":{"0":"post-96600","1":"product","2":"type-product","3":"status-publish","4":"has-post-thumbnail","6":"product_brand-nisioptics-es","7":"product_cat-otros-filtros-circulares","8":"pa_diametro-49mm-es","10":"first","11":"instock","12":"taxable","13":"shipping-taxable","14":"purchasable","15":"product-type-simple"},"bundled_by":[],"bundle_stock_status":"instock","bundle_stock_quantity":3,"bundle_virtual":false,"bundle_layout":"","bundle_add_to_cart_form_location":"","bundle_editable_in_cart":false,"bundle_sold_individually_context":"","bundle_item_grouping":"","bundle_min_size":"","bundle_max_size":"","bundle_price":[],"bundled_items":[],"bundle_sell_ids":[],"acf":[],"_links":{"self":[{"href":"https:\/\/hi-techwonder.com\/es\/wp-json\/wp\/v2\/product\/96600","targetHints":{"allow":["GET"]}}],"collection":[{"href":"https:\/\/hi-techwonder.com\/es\/wp-json\/wp\/v2\/product"}],"about":[{"href":"https:\/\/hi-techwonder.com\/es\/wp-json\/wp\/v2\/types\/product"}],"replies":[{"embeddable":true,"href":"https:\/\/hi-techwonder.com\/es\/wp-json\/wp\/v2\/comments?post=96600"}],"wp:featuredmedia":[{"embeddable":true,"href":"https:\/\/hi-techwonder.com\/es\/wp-json\/wp\/v2\/media\/96602"}],"wp:attachment":[{"href":"https:\/\/hi-techwonder.com\/es\/wp-json\/wp\/v2\/media?parent=96600"}],"wp:term":[{"taxonomy":"product_brand","embeddable":true,"href":"https:\/\/hi-techwonder.com\/es\/wp-json\/wp\/v2\/product_brand?post=96600"},{"taxonomy":"product_cat","embeddable":true,"href":"https:\/\/hi-techwonder.com\/es\/wp-json\/wp\/v2\/product_cat?post=96600"},{"taxonomy":"product_tag","embeddable":true,"href":"https:\/\/hi-techwonder.com\/es\/wp-json\/wp\/v2\/product_tag?post=96600"}],"curies":[{"name":"wp","href":"https:\/\/api.w.org\/{rel}","templated":true}]}}