{"id":96717,"date":"2026-01-06T12:32:21","date_gmt":"2026-01-06T12:32:21","guid":{"rendered":"https:\/\/hi-techwonder.com\/product\/canon-eos-2000d-ef-s-18-55mm-f-3-5-5-6-usada\/"},"modified":"2026-01-30T15:50:31","modified_gmt":"2026-01-30T15:50:31","slug":"canon-eos-2000d-ef-s-18-55mm-f-3-5-5-6-usada","status":"publish","type":"product","link":"https:\/\/hi-techwonder.com\/es\/producto\/canon-eos-2000d-ef-s-18-55mm-f-3-5-5-6-usada\/","title":{"rendered":"Canon EOS 2000D + EF-S 18-55mm f\/3.5-5.6 IS II (Usada)"},"content":{"rendered":"<h3>Caracter\u00edsticas principales:<\/h3>\n<ul>\n<li>Sensor APS-C de 24,1MP<\/li>\n<li>9 puntos AF<\/li>\n<li>Modo de escena AUTO inteligente<\/li>\n<li>Wi-Fi NFC<\/li>\n<li>Visor \u00f3ptico<\/li>\n<li>Aplicaci\u00f3n Gu\u00eda de fotograf\u00eda<\/li>\n<li>Gu\u00eda de funciones en la c\u00e1mara<\/li>\n<li>V\u00eddeos EOS de 100 fps<\/li>\n<\/ul>\n<h4>Contenido de la caja:<\/h4>\n<ul>\n<li><i><\/i>Canon EOS 2000D<\/li>\n<li><i><\/i>Objetiva EF-S 18-55mm f\/3.5-5.6 IS II<i><\/i><\/li>\n<li><i><\/i>2x baterias LP-E10<\/li>\n<li><i><\/i>Cargador de bater\u00eda LC-E10E<\/li>\n<li><i><\/i>Cable de alimentaci\u00f3n para el cargador de bater\u00eda<\/li>\n<li><i><\/i>Bolsa de hombro CB-SB130<\/li>\n<\/ul>\n<p>Nota: Todas las fotos mostradas son fotos reales del art\u00edculo.<\/p>\n","protected":false},"excerpt":{"rendered":"<ul>\n<li>Garantia 12 meses<\/li>\n<li>Objetivo 18-55 mm f\/3,5-5,6 IS II con peque\u00f1as marcas<\/li>\n<li>Marca en el elemento frontal (no afecta a la calidad final de la imagen) y una mota de polvo en el elemento trasero<\/li>\n<\/ul>\n","protected":false},"featured_media":96718,"comment_status":"open","ping_status":"closed","template":"","meta":{"_acf_changed":false},"product_brand":[2538],"product_cat":[1550],"product_tag":[],"class_list":{"0":"post-96717","1":"product","2":"type-product","3":"status-publish","4":"has-post-thumbnail","6":"product_brand-canon-es","7":"product_cat-camaras-2a-mano","9":"first","10":"instock","11":"taxable","12":"shipping-taxable","13":"purchasable","14":"product-type-simple"},"bundled_by":[],"bundle_stock_status":"instock","bundle_stock_quantity":1,"bundle_virtual":false,"bundle_layout":"","bundle_add_to_cart_form_location":"","bundle_editable_in_cart":false,"bundle_sold_individually_context":"","bundle_item_grouping":"","bundle_min_size":"","bundle_max_size":"","bundle_price":[],"bundled_items":[],"bundle_sell_ids":[],"acf":[],"_links":{"self":[{"href":"https:\/\/hi-techwonder.com\/es\/wp-json\/wp\/v2\/product\/96717","targetHints":{"allow":["GET"]}}],"collection":[{"href":"https:\/\/hi-techwonder.com\/es\/wp-json\/wp\/v2\/product"}],"about":[{"href":"https:\/\/hi-techwonder.com\/es\/wp-json\/wp\/v2\/types\/product"}],"replies":[{"embeddable":true,"href":"https:\/\/hi-techwonder.com\/es\/wp-json\/wp\/v2\/comments?post=96717"}],"wp:featuredmedia":[{"embeddable":true,"href":"https:\/\/hi-techwonder.com\/es\/wp-json\/wp\/v2\/media\/96718"}],"wp:attachment":[{"href":"https:\/\/hi-techwonder.com\/es\/wp-json\/wp\/v2\/media?parent=96717"}],"wp:term":[{"taxonomy":"product_brand","embeddable":true,"href":"https:\/\/hi-techwonder.com\/es\/wp-json\/wp\/v2\/product_brand?post=96717"},{"taxonomy":"product_cat","embeddable":true,"href":"https:\/\/hi-techwonder.com\/es\/wp-json\/wp\/v2\/product_cat?post=96717"},{"taxonomy":"product_tag","embeddable":true,"href":"https:\/\/hi-techwonder.com\/es\/wp-json\/wp\/v2\/product_tag?post=96717"}],"curies":[{"name":"wp","href":"https:\/\/api.w.org\/{rel}","templated":true}]}}