{"id":97533,"date":"2026-01-16T14:27:57","date_gmt":"2026-01-16T14:27:57","guid":{"rendered":"https:\/\/hi-techwonder.com\/product\/nisi-jetmag-pro-landscape-nd-kit-maxmag\/"},"modified":"2026-04-06T17:57:19","modified_gmt":"2026-04-06T16:57:19","slug":"nisi-nisioptics-nisi-jetmag-pro-landscape-kit-maxmag","status":"publish","type":"product","link":"https:\/\/hi-techwonder.com\/es\/producto\/nisi-nisioptics-nisi-jetmag-pro-landscape-kit-maxmag\/","title":{"rendered":"NiSi JetMag Pro Landscape ND Kit MAXMAG"},"content":{"rendered":"\n<h1 class=\"wp-block-heading\"><strong>NiSi JetMag Pro Landscape ND Kit MAXMAG \u2013 Kit de filtros magn\u00e9ticos para ultra gran angular<\/strong><\/h1>\n\n\n\n<div id=\"wd-de5f17a1\" class=\"wp-block-wd-video wd-el-video wd-action-without wd-video-external wd-with-aspect-ratio wd-custom-width\"><iframe allowfullscreen allow=\"accelerometer; autoplay; encrypted-media; gyroscope; picture-in-picture\" width=\"100%\" height=\"100%\" loading=\"lazy\" src=\"https:\/\/www.youtube.com\/embed\/nOcgc4BE2G4?feature=oembed&amp;controls=1\"><\/iframe><\/div>\n\n\n\n<p id=\"wd-cb1e8087\" class=\"wp-block-wd-paragraph\"><strong>NiSi JetMag Pro Landscape ND Kit MAXMAG<\/strong>\u00a0es la soluci\u00f3n definitiva para fot\u00f3grafos que exigen m\u00e1xima calidad, rapidez y precisi\u00f3n en fotograf\u00eda de paisaje y larga exposici\u00f3n con objetivos ultra gran angular sin rosca frontal. Dise\u00f1ado espec\u00edficamente para la\u00a0<strong>NIKKOR Z 14\u201124\u202fmm f\/2.8\u202fS<\/strong>\u00a0y la\u00a0<strong>Sony FE 14\u202fmm f\/1.8\u202fGM<\/strong>, este kit profesional re\u00fane todos los filtros esenciales en un sistema magn\u00e9tico compacto y altamente eficiente.<\/p>\n\n\n\n<p id=\"wd-2cbb3481\" class=\"wp-block-wd-paragraph\">Los filtros\u00a0<strong>ND Full Spectrum<\/strong>\u00a0(FS ND64 6 pasos y FS ND1000 10 pasos) garantizan una densidad perfectamente neutra, sin dominantes crom\u00e1ticas, preservando colores fieles tanto en fotograf\u00eda como en v\u00eddeo. El ND de 6 pasos es ideal para suavizar agua y nubes en condiciones de luz intensa, mientras que el ND de 10 pasos permite exposiciones extremadamente largas, creando efectos dram\u00e1ticos y et\u00e9reos incluso a plena luz del d\u00eda.<\/p>\n\n\n\n<p id=\"wd-0d546c8e\" class=\"wp-block-wd-paragraph\">El\u00a0<strong>True Color CPL<\/strong>\u00a0elimina reflejos no deseados en superficies no met\u00e1licas, intensifica cielos y follaje, y mantiene un equilibrio crom\u00e1tico riguroso, sin los tonos c\u00e1lidos t\u00edpicos de los polarizadores convencionales.<\/p>\n\n\n\n<div id=\"wd-dd3d9ddb\" class=\"wp-block-wd-gallery wd-grid-g wd-caption-mask\" style=\"--wd-col-lg:4;--wd-col-md:4;--wd-col-sm:1;--wd-gap-lg:20px;--wd-gap-sm: 10px\">\n<div id=\"wd-60f56914\" class=\"wp-block-wd-gallery-item wd-col photoswipe-images\"><div class=\"wd-block-image\"><a href=\"https:\/\/hi-techwonder.com\/wp-content\/uploads\/2026\/01\/DSCF5168.jpg\" data-elementor-open-lightbox=\"no\"><img loading=\"lazy\" decoding=\"async\" width=\"1000\" height=\"1500\" class=\"wp-image-97515\" src=\"https:\/\/hi-techwonder.com\/wp-content\/themes\/woodmart\/images\/lazy.svg\" data-src=\"https:\/\/hi-techwonder.com\/wp-content\/uploads\/2026\/01\/DSCF5168.jpg\" alt=\"\" srcset=\"\" data-srcset=\"https:\/\/hi-techwonder.com\/wp-content\/uploads\/2026\/01\/DSCF5168.jpg 1000w, https:\/\/hi-techwonder.com\/wp-content\/uploads\/2026\/01\/DSCF5168-200x300.jpg 200w, https:\/\/hi-techwonder.com\/wp-content\/uploads\/2026\/01\/DSCF5168-683x1024.jpg 683w, https:\/\/hi-techwonder.com\/wp-content\/uploads\/2026\/01\/DSCF5168-768x1152.jpg 768w, https:\/\/hi-techwonder.com\/wp-content\/uploads\/2026\/01\/DSCF5168-150x225.jpg 150w\" sizes=\"auto, (max-width: 1000px) 100vw, 1000px\" \/><\/a><\/div><\/div>\n\n\n\n<div id=\"wd-b35ea66d\" class=\"wp-block-wd-gallery-item wd-col photoswipe-images\"><div class=\"wd-block-image\"><a href=\"https:\/\/hi-techwonder.com\/wp-content\/uploads\/2026\/01\/DSCF5186.jpg\" data-elementor-open-lightbox=\"no\"><img loading=\"lazy\" decoding=\"async\" width=\"1000\" height=\"1500\" class=\"wp-image-97518\" src=\"https:\/\/hi-techwonder.com\/wp-content\/themes\/woodmart\/images\/lazy.svg\" data-src=\"https:\/\/hi-techwonder.com\/wp-content\/uploads\/2026\/01\/DSCF5186.jpg\" alt=\"\" srcset=\"\" data-srcset=\"https:\/\/hi-techwonder.com\/wp-content\/uploads\/2026\/01\/DSCF5186.jpg 1000w, https:\/\/hi-techwonder.com\/wp-content\/uploads\/2026\/01\/DSCF5186-200x300.jpg 200w, https:\/\/hi-techwonder.com\/wp-content\/uploads\/2026\/01\/DSCF5186-683x1024.jpg 683w, https:\/\/hi-techwonder.com\/wp-content\/uploads\/2026\/01\/DSCF5186-768x1152.jpg 768w, https:\/\/hi-techwonder.com\/wp-content\/uploads\/2026\/01\/DSCF5186-150x225.jpg 150w\" sizes=\"auto, (max-width: 1000px) 100vw, 1000px\" \/><\/a><\/div><\/div>\n\n\n\n<div id=\"wd-0b0c077f\" class=\"wp-block-wd-gallery-item wd-col photoswipe-images\"><div class=\"wd-block-image\"><a href=\"https:\/\/hi-techwonder.com\/wp-content\/uploads\/2026\/01\/DSC3094.jpg\" data-elementor-open-lightbox=\"no\"><img loading=\"lazy\" decoding=\"async\" width=\"998\" height=\"1500\" class=\"wp-image-97516\" src=\"https:\/\/hi-techwonder.com\/wp-content\/themes\/woodmart\/images\/lazy.svg\" data-src=\"https:\/\/hi-techwonder.com\/wp-content\/uploads\/2026\/01\/DSC3094.jpg\" alt=\"\" srcset=\"\" data-srcset=\"https:\/\/hi-techwonder.com\/wp-content\/uploads\/2026\/01\/DSC3094.jpg 998w, https:\/\/hi-techwonder.com\/wp-content\/uploads\/2026\/01\/DSC3094-200x300.jpg 200w, https:\/\/hi-techwonder.com\/wp-content\/uploads\/2026\/01\/DSC3094-681x1024.jpg 681w, https:\/\/hi-techwonder.com\/wp-content\/uploads\/2026\/01\/DSC3094-768x1154.jpg 768w, https:\/\/hi-techwonder.com\/wp-content\/uploads\/2026\/01\/DSC3094-150x225.jpg 150w\" sizes=\"auto, (max-width: 998px) 100vw, 998px\" \/><\/a><\/div><\/div>\n\n\n\n<div id=\"wd-cf9c1de6\" class=\"wp-block-wd-gallery-item wd-col photoswipe-images\"><div class=\"wd-block-image\"><a href=\"https:\/\/hi-techwonder.com\/wp-content\/uploads\/2026\/01\/DSC3114.jpg\" data-elementor-open-lightbox=\"no\"><img loading=\"lazy\" decoding=\"async\" width=\"998\" height=\"1500\" class=\"wp-image-97517\" src=\"https:\/\/hi-techwonder.com\/wp-content\/themes\/woodmart\/images\/lazy.svg\" data-src=\"https:\/\/hi-techwonder.com\/wp-content\/uploads\/2026\/01\/DSC3114.jpg\" alt=\"\" srcset=\"\" data-srcset=\"https:\/\/hi-techwonder.com\/wp-content\/uploads\/2026\/01\/DSC3114.jpg 998w, https:\/\/hi-techwonder.com\/wp-content\/uploads\/2026\/01\/DSC3114-200x300.jpg 200w, https:\/\/hi-techwonder.com\/wp-content\/uploads\/2026\/01\/DSC3114-681x1024.jpg 681w, https:\/\/hi-techwonder.com\/wp-content\/uploads\/2026\/01\/DSC3114-768x1154.jpg 768w, https:\/\/hi-techwonder.com\/wp-content\/uploads\/2026\/01\/DSC3114-150x225.jpg 150w\" sizes=\"auto, (max-width: 998px) 100vw, 998px\" \/><\/a><\/div><\/div>\n<\/div>\n\n\n\n<p id=\"wd-ce8a531e\" class=\"wp-block-wd-paragraph\">En el coraz\u00f3n del sistema se encuentra el\u00a0<strong>JetMag Pro MAXMAG<\/strong>, que permite la fijaci\u00f3n y extracci\u00f3n instant\u00e1nea de los filtros mediante un encaje magn\u00e9tico con mecanismo de bloqueo seguro. Este sistema posibilita apilar varios filtros sin vi\u00f1eteo, incluso en distancias focales extremas, acelerando significativamente el flujo de trabajo en condiciones de luz cambiantes.<\/p>\n\n\n\n<p id=\"wd-c6a6c63d\" class=\"wp-block-wd-paragraph\">Cada versi\u00f3n del kit incluye un\u00a0<strong>adaptador dedicado<\/strong>, dise\u00f1ado espec\u00edficamente para el objetivo correspondiente. El adaptador Nikon cuenta con un sistema giratorio con puntos de alineaci\u00f3n y mecanismo de bloqueo mediante varilla giratoria, mientras que el adaptador Sony utiliza un anillo de sujeci\u00f3n de precisi\u00f3n con interior revestido en\u00a0<strong>Alcantara\u00ae<\/strong>, protegiendo el barril del objetivo.<\/p>\n\n\n\n<p>El conjunto se complementa con\u00a0<strong>tapa frontal y trasera magn\u00e9ticas<\/strong>, que protegen los filtros durante el transporte, y con una\u00a0<strong>bolsa MAXMAG premium<\/strong>, con divisores acolchados tipo acorde\u00f3n y construcci\u00f3n robusta para organizaci\u00f3n y protecci\u00f3n en campo.<\/p>\n\n\n\n<div id=\"wd-c7ec974c\" class=\"wp-block-wd-gallery wd-grid-g wd-caption-mask\" style=\"--wd-col-lg:4;--wd-col-md:4;--wd-col-sm:1;--wd-gap-lg:20px;--wd-gap-sm: 10px\">\n<div id=\"wd-1b9d2227\" class=\"wp-block-wd-gallery-item wd-col photoswipe-images\"><div class=\"wd-block-image\"><a href=\"https:\/\/hi-techwonder.com\/wp-content\/uploads\/2026\/01\/DSC3223.jpg\" data-width=\"1500\" data-height=\"997\" data-elementor-open-lightbox=\"no\"><img loading=\"lazy\" decoding=\"async\" width=\"1500\" height=\"997\" class=\"wp-image-97519\" src=\"https:\/\/hi-techwonder.com\/wp-content\/themes\/woodmart\/images\/lazy.svg\" data-src=\"https:\/\/hi-techwonder.com\/wp-content\/uploads\/2026\/01\/DSC3223.jpg\" alt=\"NiSi JetMag Pro Landscape ND Kit MAXMAG \u2013 Kit de Filtros Magn\u00e9ticos para Ultra Grande-Angulares\" srcset=\"\" data-srcset=\"https:\/\/hi-techwonder.com\/wp-content\/uploads\/2026\/01\/DSC3223.jpg 1500w, https:\/\/hi-techwonder.com\/wp-content\/uploads\/2026\/01\/DSC3223-300x199.jpg 300w, https:\/\/hi-techwonder.com\/wp-content\/uploads\/2026\/01\/DSC3223-1024x681.jpg 1024w, https:\/\/hi-techwonder.com\/wp-content\/uploads\/2026\/01\/DSC3223-768x510.jpg 768w, https:\/\/hi-techwonder.com\/wp-content\/uploads\/2026\/01\/DSC3223-1200x798.jpg 1200w, https:\/\/hi-techwonder.com\/wp-content\/uploads\/2026\/01\/DSC3223-150x100.jpg 150w\" sizes=\"auto, (max-width: 1500px) 100vw, 1500px\" \/><\/a><\/div><\/div>\n\n\n\n<div id=\"wd-70cfc578\" class=\"wp-block-wd-gallery-item wd-col photoswipe-images\"><div class=\"wd-block-image\"><a href=\"https:\/\/hi-techwonder.com\/wp-content\/uploads\/2026\/01\/DSCF5464.jpg\" data-width=\"1500\" data-height=\"1000\" data-elementor-open-lightbox=\"no\"><img loading=\"lazy\" decoding=\"async\" width=\"1500\" height=\"1000\" class=\"wp-image-97526\" src=\"https:\/\/hi-techwonder.com\/wp-content\/themes\/woodmart\/images\/lazy.svg\" data-src=\"https:\/\/hi-techwonder.com\/wp-content\/uploads\/2026\/01\/DSCF5464.jpg\" alt=\"\" srcset=\"\" data-srcset=\"https:\/\/hi-techwonder.com\/wp-content\/uploads\/2026\/01\/DSCF5464.jpg 1500w, https:\/\/hi-techwonder.com\/wp-content\/uploads\/2026\/01\/DSCF5464-300x200.jpg 300w, https:\/\/hi-techwonder.com\/wp-content\/uploads\/2026\/01\/DSCF5464-1024x683.jpg 1024w, https:\/\/hi-techwonder.com\/wp-content\/uploads\/2026\/01\/DSCF5464-768x512.jpg 768w, https:\/\/hi-techwonder.com\/wp-content\/uploads\/2026\/01\/DSCF5464-1200x800.jpg 1200w, https:\/\/hi-techwonder.com\/wp-content\/uploads\/2026\/01\/DSCF5464-150x100.jpg 150w\" sizes=\"auto, (max-width: 1500px) 100vw, 1500px\" \/><\/a><\/div><\/div>\n\n\n\n<div id=\"wd-fe705f25\" class=\"wp-block-wd-gallery-item wd-col photoswipe-images\"><div class=\"wd-block-image\"><a href=\"https:\/\/hi-techwonder.com\/wp-content\/uploads\/2026\/01\/DSCF5427.jpg\" data-width=\"1500\" data-height=\"1000\" data-elementor-open-lightbox=\"no\"><img loading=\"lazy\" decoding=\"async\" width=\"1500\" height=\"1000\" class=\"wp-image-97525\" src=\"https:\/\/hi-techwonder.com\/wp-content\/themes\/woodmart\/images\/lazy.svg\" data-src=\"https:\/\/hi-techwonder.com\/wp-content\/uploads\/2026\/01\/DSCF5427.jpg\" alt=\"\" srcset=\"\" data-srcset=\"https:\/\/hi-techwonder.com\/wp-content\/uploads\/2026\/01\/DSCF5427.jpg 1500w, https:\/\/hi-techwonder.com\/wp-content\/uploads\/2026\/01\/DSCF5427-300x200.jpg 300w, https:\/\/hi-techwonder.com\/wp-content\/uploads\/2026\/01\/DSCF5427-1024x683.jpg 1024w, https:\/\/hi-techwonder.com\/wp-content\/uploads\/2026\/01\/DSCF5427-768x512.jpg 768w, https:\/\/hi-techwonder.com\/wp-content\/uploads\/2026\/01\/DSCF5427-1200x800.jpg 1200w, https:\/\/hi-techwonder.com\/wp-content\/uploads\/2026\/01\/DSCF5427-150x100.jpg 150w\" sizes=\"auto, (max-width: 1500px) 100vw, 1500px\" \/><\/a><\/div><\/div>\n\n\n\n<div id=\"wd-6133e0ba\" class=\"wp-block-wd-gallery-item wd-col photoswipe-images\"><div class=\"wd-block-image\"><a href=\"https:\/\/hi-techwonder.com\/wp-content\/uploads\/2026\/01\/DSCF5423.jpg\" data-width=\"1500\" data-height=\"1000\" data-elementor-open-lightbox=\"no\"><img loading=\"lazy\" decoding=\"async\" width=\"1500\" height=\"1000\" class=\"wp-image-97524\" src=\"https:\/\/hi-techwonder.com\/wp-content\/themes\/woodmart\/images\/lazy.svg\" data-src=\"https:\/\/hi-techwonder.com\/wp-content\/uploads\/2026\/01\/DSCF5423.jpg\" alt=\"\" srcset=\"\" data-srcset=\"https:\/\/hi-techwonder.com\/wp-content\/uploads\/2026\/01\/DSCF5423.jpg 1500w, https:\/\/hi-techwonder.com\/wp-content\/uploads\/2026\/01\/DSCF5423-300x200.jpg 300w, https:\/\/hi-techwonder.com\/wp-content\/uploads\/2026\/01\/DSCF5423-1024x683.jpg 1024w, https:\/\/hi-techwonder.com\/wp-content\/uploads\/2026\/01\/DSCF5423-768x512.jpg 768w, https:\/\/hi-techwonder.com\/wp-content\/uploads\/2026\/01\/DSCF5423-1200x800.jpg 1200w, https:\/\/hi-techwonder.com\/wp-content\/uploads\/2026\/01\/DSCF5423-150x100.jpg 150w\" sizes=\"auto, (max-width: 1500px) 100vw, 1500px\" \/><\/a><\/div><\/div>\n\n\n\n<div id=\"wd-c8a4e6fe\" class=\"wp-block-wd-gallery-item wd-col photoswipe-images\"><div class=\"wd-block-image\"><a href=\"https:\/\/hi-techwonder.com\/wp-content\/uploads\/2026\/01\/DSCF5378.jpg\" data-width=\"1500\" data-height=\"1000\" data-elementor-open-lightbox=\"no\"><img loading=\"lazy\" decoding=\"async\" width=\"1500\" height=\"1000\" class=\"wp-image-97523\" src=\"https:\/\/hi-techwonder.com\/wp-content\/themes\/woodmart\/images\/lazy.svg\" data-src=\"https:\/\/hi-techwonder.com\/wp-content\/uploads\/2026\/01\/DSCF5378.jpg\" alt=\"\" srcset=\"\" data-srcset=\"https:\/\/hi-techwonder.com\/wp-content\/uploads\/2026\/01\/DSCF5378.jpg 1500w, https:\/\/hi-techwonder.com\/wp-content\/uploads\/2026\/01\/DSCF5378-300x200.jpg 300w, https:\/\/hi-techwonder.com\/wp-content\/uploads\/2026\/01\/DSCF5378-1024x683.jpg 1024w, https:\/\/hi-techwonder.com\/wp-content\/uploads\/2026\/01\/DSCF5378-768x512.jpg 768w, https:\/\/hi-techwonder.com\/wp-content\/uploads\/2026\/01\/DSCF5378-1200x800.jpg 1200w, https:\/\/hi-techwonder.com\/wp-content\/uploads\/2026\/01\/DSCF5378-150x100.jpg 150w\" sizes=\"auto, (max-width: 1500px) 100vw, 1500px\" \/><\/a><\/div><\/div>\n\n\n\n<div id=\"wd-179f22ed\" class=\"wp-block-wd-gallery-item wd-col photoswipe-images\"><div class=\"wd-block-image\"><a href=\"https:\/\/hi-techwonder.com\/wp-content\/uploads\/2026\/01\/DSCF5298-2.jpg\" data-width=\"1500\" data-height=\"1000\" data-elementor-open-lightbox=\"no\"><img loading=\"lazy\" decoding=\"async\" width=\"1500\" height=\"1000\" class=\"wp-image-97522\" src=\"https:\/\/hi-techwonder.com\/wp-content\/themes\/woodmart\/images\/lazy.svg\" data-src=\"https:\/\/hi-techwonder.com\/wp-content\/uploads\/2026\/01\/DSCF5298-2.jpg\" alt=\"NiSi JetMag Pro Landscape ND Kit MAXMAG \u2013 Kit de Filtros Magn\u00e9ticos para Ultra Grande-Angulares\" srcset=\"\" data-srcset=\"https:\/\/hi-techwonder.com\/wp-content\/uploads\/2026\/01\/DSCF5298-2.jpg 1500w, https:\/\/hi-techwonder.com\/wp-content\/uploads\/2026\/01\/DSCF5298-2-300x200.jpg 300w, https:\/\/hi-techwonder.com\/wp-content\/uploads\/2026\/01\/DSCF5298-2-1024x683.jpg 1024w, https:\/\/hi-techwonder.com\/wp-content\/uploads\/2026\/01\/DSCF5298-2-768x512.jpg 768w, https:\/\/hi-techwonder.com\/wp-content\/uploads\/2026\/01\/DSCF5298-2-1200x800.jpg 1200w, https:\/\/hi-techwonder.com\/wp-content\/uploads\/2026\/01\/DSCF5298-2-150x100.jpg 150w\" sizes=\"auto, (max-width: 1500px) 100vw, 1500px\" \/><\/a><\/div><\/div>\n\n\n\n<div id=\"wd-51067d21\" class=\"wp-block-wd-gallery-item wd-col photoswipe-images\"><div class=\"wd-block-image\"><a href=\"https:\/\/hi-techwonder.com\/wp-content\/uploads\/2026\/01\/DSCF5253.jpg\" data-width=\"1500\" data-height=\"1125\" data-elementor-open-lightbox=\"no\"><img loading=\"lazy\" decoding=\"async\" width=\"1500\" height=\"1125\" class=\"wp-image-97521\" src=\"https:\/\/hi-techwonder.com\/wp-content\/themes\/woodmart\/images\/lazy.svg\" data-src=\"https:\/\/hi-techwonder.com\/wp-content\/uploads\/2026\/01\/DSCF5253.jpg\" alt=\"\" srcset=\"\" data-srcset=\"https:\/\/hi-techwonder.com\/wp-content\/uploads\/2026\/01\/DSCF5253.jpg 1500w, https:\/\/hi-techwonder.com\/wp-content\/uploads\/2026\/01\/DSCF5253-300x225.jpg 300w, https:\/\/hi-techwonder.com\/wp-content\/uploads\/2026\/01\/DSCF5253-1024x768.jpg 1024w, https:\/\/hi-techwonder.com\/wp-content\/uploads\/2026\/01\/DSCF5253-768x576.jpg 768w, https:\/\/hi-techwonder.com\/wp-content\/uploads\/2026\/01\/DSCF5253-1200x900.jpg 1200w, https:\/\/hi-techwonder.com\/wp-content\/uploads\/2026\/01\/DSCF5253-150x113.jpg 150w\" sizes=\"auto, (max-width: 1500px) 100vw, 1500px\" \/><\/a><\/div><\/div>\n\n\n\n<div id=\"wd-36fe6550\" class=\"wp-block-wd-gallery-item wd-col photoswipe-images\"><div class=\"wd-block-image\"><a href=\"https:\/\/hi-techwonder.com\/wp-content\/uploads\/2026\/01\/DSC3270.jpg\" data-width=\"1500\" data-height=\"998\" data-elementor-open-lightbox=\"no\"><img loading=\"lazy\" decoding=\"async\" width=\"1500\" height=\"998\" class=\"wp-image-97520\" src=\"https:\/\/hi-techwonder.com\/wp-content\/themes\/woodmart\/images\/lazy.svg\" data-src=\"https:\/\/hi-techwonder.com\/wp-content\/uploads\/2026\/01\/DSC3270.jpg\" alt=\"\" srcset=\"\" data-srcset=\"https:\/\/hi-techwonder.com\/wp-content\/uploads\/2026\/01\/DSC3270.jpg 1500w, https:\/\/hi-techwonder.com\/wp-content\/uploads\/2026\/01\/DSC3270-300x200.jpg 300w, https:\/\/hi-techwonder.com\/wp-content\/uploads\/2026\/01\/DSC3270-1024x681.jpg 1024w, https:\/\/hi-techwonder.com\/wp-content\/uploads\/2026\/01\/DSC3270-768x511.jpg 768w, https:\/\/hi-techwonder.com\/wp-content\/uploads\/2026\/01\/DSC3270-1200x798.jpg 1200w, https:\/\/hi-techwonder.com\/wp-content\/uploads\/2026\/01\/DSC3270-150x100.jpg 150w\" sizes=\"auto, (max-width: 1500px) 100vw, 1500px\" \/><\/a><\/div><\/div>\n<\/div>\n\n\n\n<div class=\"wp-block-media-text has-media-on-the-right is-stacked-on-mobile\"><div class=\"wp-block-media-text__content\">\n<p><strong>Todo lo que necesitas para larga exposici\u00f3n profesional \u2014 r\u00e1pido, magn\u00e9tico y sin compromisos, incluso en ultra gran angular.<\/strong><\/p>\n<\/div><figure class=\"wp-block-media-text__media\"><img loading=\"lazy\" decoding=\"async\" width=\"1024\" height=\"768\" src=\"https:\/\/hi-techwonder.com\/wp-content\/themes\/woodmart\/images\/lazy.svg\" data-src=\"https:\/\/hi-techwonder.com\/wp-content\/uploads\/2026\/01\/DSCF5268-1024x768.jpg\" alt=\"\" class=\"wp-image-97527 size-full\" srcset=\"\" data-srcset=\"https:\/\/hi-techwonder.com\/wp-content\/uploads\/2026\/01\/DSCF5268-1024x768.jpg 1024w, https:\/\/hi-techwonder.com\/wp-content\/uploads\/2026\/01\/DSCF5268-300x225.jpg 300w, https:\/\/hi-techwonder.com\/wp-content\/uploads\/2026\/01\/DSCF5268-768x576.jpg 768w, https:\/\/hi-techwonder.com\/wp-content\/uploads\/2026\/01\/DSCF5268-1200x900.jpg 1200w, https:\/\/hi-techwonder.com\/wp-content\/uploads\/2026\/01\/DSCF5268-150x113.jpg 150w, https:\/\/hi-techwonder.com\/wp-content\/uploads\/2026\/01\/DSCF5268.jpg 1500w\" sizes=\"auto, (max-width: 1024px) 100vw, 1024px\" \/><\/figure><\/div>\n\n\n\n<div id=\"wd-4e5dfbec\" class=\"wp-block-wd-carousel wd-carousel-container\"><div class=\"wd-carousel-inner\"><div class=\"wd-carousel wd-grid\" style=\"--wd-col-lg:3;--wd-col-md:3;--wd-col-sm:1;--wd-gap-lg:20px;--wd-gap-sm:10px\" data-scroll_per_page=\"yes\"><div class=\"wd-carousel-wrap\">\n<div id=\"wd-1ddcfb8f\" class=\"wp-block-wd-carousel-item wd-carousel-item\">\n<h2 class=\"wp-block-heading\"><strong>Contenido del paquete<\/strong><\/h2>\n<\/div>\n<\/div><\/div><div class=\"wd-nav-arrows wd-pos-sep wd-hover-1 wd-icon-1\"><div class=\"wd-btn-arrow wd-prev\"><div class=\"wd-arrow-inner\"><\/div><\/div><div class=\"wd-btn-arrow wd-next\"><div class=\"wd-arrow-inner\"><\/div><\/div><\/div><\/div><div class=\"wd-nav-pagin-wrap text-center wd-style-shape\"><ul class=\"wd-nav-pagin\"><\/ul><\/div><\/div>\n\n\n\n<div id=\"wd-ccf44a37\" class=\"wp-block-wd-container wd-dir-col\">\n<div id=\"wd-6321ef69\" class=\"wp-block-wd-container wd-dir-col\">\n<p>1\u00d7 Filtro NiSi JetMag Pro FS ND64 (6 pasos)<\/p>\n\n\n\n<p>1\u00d7 Filtro NiSi JetMag Pro FS ND1000 (10 pasos)<\/p>\n\n\n\n<p>1\u00d7 Filtro NiSi JetMag Pro True Color CPL<\/p>\n\n\n\n<p>1\u00d7 Adaptador JetMag Pro MAXMAG<\/p>\n\n\n\n<ul class=\"wp-block-list\">\n<li>para <strong>NIKKOR Z 14-24 mm f\/2.8 S<\/strong>, o<\/li>\n\n\n\n<li>para <strong>Sony FE 14 mm f\/1.8 GM<\/strong><\/li>\n<\/ul>\n\n\n\n<p>1\u00d7 Tapa frontal magn\u00e9tica MAXMAG<\/p>\n\n\n\n<p>1\u00d7 Tapa trasera magn\u00e9tica MAXMAG<\/p>\n\n\n\n<p>1\u00d7 Bolsa de filtros NiSi MAXMAG premium<\/p>\n<\/div>\n<\/div>\n","protected":false},"excerpt":{"rendered":"<ul>\n<li>Kit profesional de filtros magn\u00e9ticos para paisaje y larga exposici\u00f3n<\/li>\n<li data-start=\"78\" data-end=\"145\">Compatible con <strong>NIKKOR Z 14-24 mm f\/2.8 S<\/strong> y <strong>Sony FE 14 mm f\/1.8 GM<\/strong><\/li>\n<li data-start=\"148\" data-end=\"204\">Incluye ND de 6 pasos, ND de 10 pasos y True Color CPL<\/li>\n<li data-start=\"207\" data-end=\"256\">Filtros ND Full Spectrum sin dominante de color<\/li>\n<li data-start=\"259\" data-end=\"325\">Sistema magn\u00e9tico JetMag Pro MAXMAG para intercambio instant\u00e1neo<\/li>\n<li data-start=\"328\" data-end=\"384\">Adaptadores dedicados para objetivos sin rosca frontal<\/li>\n<li data-start=\"387\" data-end=\"430\">Posibilidad de apilar filtros sin vi\u00f1eteo<\/li>\n<li data-start=\"433\" data-end=\"489\">Kit completo con tapas magn\u00e9ticas y bolsa MAXMAG premium<\/li>\n<\/ul>\n","protected":false},"featured_media":97535,"comment_status":"open","ping_status":"closed","template":"","meta":{"_acf_changed":false},"product_brand":[2543],"product_cat":[1048,1049],"product_tag":[],"class_list":{"0":"post-97533","1":"product","2":"type-product","3":"status-publish","4":"has-post-thumbnail","6":"product_brand-nisioptics-es","7":"product_cat-kits-filtros-es-2","8":"product_cat-magneticos-y-presion","9":"pa_densidade-nd1000-10-stop-es","10":"pa_densidade-nd64-6-stop-es","12":"first","13":"instock","14":"taxable","15":"shipping-taxable","16":"purchasable","17":"product-type-variable"},"bundled_by":[],"bundle_stock_status":"instock","bundle_stock_quantity":null,"bundle_virtual":false,"bundle_layout":"","bundle_add_to_cart_form_location":"","bundle_editable_in_cart":false,"bundle_sold_individually_context":"","bundle_item_grouping":"","bundle_min_size":"","bundle_max_size":"","bundle_price":[],"bundled_items":[],"bundle_sell_ids":[],"acf":[],"_links":{"self":[{"href":"https:\/\/hi-techwonder.com\/es\/wp-json\/wp\/v2\/product\/97533","targetHints":{"allow":["GET"]}}],"collection":[{"href":"https:\/\/hi-techwonder.com\/es\/wp-json\/wp\/v2\/product"}],"about":[{"href":"https:\/\/hi-techwonder.com\/es\/wp-json\/wp\/v2\/types\/product"}],"replies":[{"embeddable":true,"href":"https:\/\/hi-techwonder.com\/es\/wp-json\/wp\/v2\/comments?post=97533"}],"wp:featuredmedia":[{"embeddable":true,"href":"https:\/\/hi-techwonder.com\/es\/wp-json\/wp\/v2\/media\/97535"}],"wp:attachment":[{"href":"https:\/\/hi-techwonder.com\/es\/wp-json\/wp\/v2\/media?parent=97533"}],"wp:term":[{"taxonomy":"product_brand","embeddable":true,"href":"https:\/\/hi-techwonder.com\/es\/wp-json\/wp\/v2\/product_brand?post=97533"},{"taxonomy":"product_cat","embeddable":true,"href":"https:\/\/hi-techwonder.com\/es\/wp-json\/wp\/v2\/product_cat?post=97533"},{"taxonomy":"product_tag","embeddable":true,"href":"https:\/\/hi-techwonder.com\/es\/wp-json\/wp\/v2\/product_tag?post=97533"}],"curies":[{"name":"wp","href":"https:\/\/api.w.org\/{rel}","templated":true}]}}