{"id":97596,"date":"2026-01-16T15:24:51","date_gmt":"2026-01-16T15:24:51","guid":{"rendered":"https:\/\/hi-techwonder.com\/product\/nisi-jetmag-maxmag-nikkor-14-24mm\/"},"modified":"2026-04-06T15:57:17","modified_gmt":"2026-04-06T14:57:17","slug":"nisi-nisioptics-nisi-jetmag-maxmag-nikkor-14-24mm","status":"publish","type":"product","link":"https:\/\/hi-techwonder.com\/es\/producto\/nisi-nisioptics-nisi-jetmag-maxmag-nikkor-14-24mm\/","title":{"rendered":"NiSi Adaptador JetMag Pro MAXMAG para Nikkor Z 14-24mm f\/2.8 S"},"content":{"rendered":"\n<h1 class=\"wp-block-heading\"><strong>NiSi JetMag Pro MAXMAG \u2013 Adaptador Magn\u00e9tico para Nikkor Z 14-24mm f\/2.8 S<\/strong><\/h1>\n\n\n\n<div id=\"wd-b8ed3f67\" class=\"wp-block-wd-video wd-el-video wd-action-without wd-video-external wd-with-aspect-ratio wd-custom-width\"><iframe allowfullscreen allow=\"accelerometer; autoplay; encrypted-media; gyroscope; picture-in-picture\" width=\"100%\" height=\"100%\" loading=\"lazy\" src=\"https:\/\/www.youtube.com\/embed\/nOcgc4BE2G4?feature=oembed&amp;controls=1\"><\/iframe><\/div>\n\n\n\n<p id=\"wd-044e27ae\" class=\"wp-block-wd-paragraph\">Es la soluci\u00f3n definitiva para fot\u00f3grafos y vide\u00f3grafos que desean usar filtros magn\u00e9ticos en objetivos ultra gran angular sin rosca frontal. Dise\u00f1ado para mantener el conjunto lo m\u00e1s compacto posible, este adaptador permite el uso de filtros ND, CPL y especiales de la l\u00ednea JetMag Pro MAXMAG sin comprometer la ergonom\u00eda, estabilidad ni alineaci\u00f3n del objetivo.<\/p>\n\n\n\n<p id=\"wd-5fb55541\" class=\"wp-block-wd-paragraph\">El dise\u00f1o giratorio con punto de alineaci\u00f3n permite un montaje y desmontaje r\u00e1pido, convirtiendo el adaptador en una base s\u00f3lida para los filtros, incluso en entornos de producci\u00f3n exigentes. Compatible con todo el ecosistema MAXMAG, soporta apilamiento de filtros sin vi\u00f1eteo, aumentando la flexibilidad creativa y la eficiencia en el campo.<\/p>\n\n\n\n<p id=\"wd-513cc9ae\" class=\"wp-block-wd-paragraph\">La ingenier\u00eda de precisi\u00f3n garantiza cero holguras y cero movimientos indeseados, mientras que el cuerpo de aluminio de una sola pieza ofrece m\u00e1xima durabilidad sin a\u00f1adir peso innecesario. El acabado con\u00a0<strong>speckle spray<\/strong>\u00a0proporciona un agarre seguro y tacto refinado, y la marca luminosa facilita la operaci\u00f3n en condiciones de poca luz.<\/p>\n\n\n\n<p>Ideal para fotograf\u00eda de paisaje, arquitectura, astrofotograf\u00eda o v\u00eddeo profesional, este adaptador desbloquea todo el potencial creativo de tu Nikkor Z 14\u201124\u202fmm.<\/p>\n\n\n\n<div id=\"wd-6293be26\" class=\"wp-block-wd-gallery wd-grid-g wd-caption-mask\" style=\"--wd-col-lg:4;--wd-col-md:4;--wd-col-sm:1;--wd-gap-lg:20px;--wd-gap-sm: 10px\">\n<div id=\"wd-40354799\" class=\"wp-block-wd-gallery-item wd-col\"><div class=\"wd-block-image\"><img loading=\"lazy\" decoding=\"async\" width=\"1500\" height=\"1000\" class=\"wp-image-97587\" src=\"https:\/\/hi-techwonder.com\/wp-content\/themes\/woodmart\/images\/lazy.svg\" data-src=\"https:\/\/hi-techwonder.com\/wp-content\/uploads\/2026\/01\/DSCF5378-1.jpg\" alt=\"\" srcset=\"\" data-srcset=\"https:\/\/hi-techwonder.com\/wp-content\/uploads\/2026\/01\/DSCF5378-1.jpg 1500w, https:\/\/hi-techwonder.com\/wp-content\/uploads\/2026\/01\/DSCF5378-1-300x200.jpg 300w, https:\/\/hi-techwonder.com\/wp-content\/uploads\/2026\/01\/DSCF5378-1-1024x683.jpg 1024w, https:\/\/hi-techwonder.com\/wp-content\/uploads\/2026\/01\/DSCF5378-1-768x512.jpg 768w, https:\/\/hi-techwonder.com\/wp-content\/uploads\/2026\/01\/DSCF5378-1-1200x800.jpg 1200w, https:\/\/hi-techwonder.com\/wp-content\/uploads\/2026\/01\/DSCF5378-1-150x100.jpg 150w\" sizes=\"auto, (max-width: 1500px) 100vw, 1500px\" \/><\/div><\/div>\n\n\n\n<div id=\"wd-0165dca4\" class=\"wp-block-wd-gallery-item wd-col\"><div class=\"wd-block-image\"><img loading=\"lazy\" decoding=\"async\" width=\"1500\" height=\"1000\" class=\"wp-image-97589\" src=\"https:\/\/hi-techwonder.com\/wp-content\/themes\/woodmart\/images\/lazy.svg\" data-src=\"https:\/\/hi-techwonder.com\/wp-content\/uploads\/2026\/01\/DSCF5423-1.jpg\" alt=\"\" srcset=\"\" data-srcset=\"https:\/\/hi-techwonder.com\/wp-content\/uploads\/2026\/01\/DSCF5423-1.jpg 1500w, https:\/\/hi-techwonder.com\/wp-content\/uploads\/2026\/01\/DSCF5423-1-300x200.jpg 300w, https:\/\/hi-techwonder.com\/wp-content\/uploads\/2026\/01\/DSCF5423-1-1024x683.jpg 1024w, https:\/\/hi-techwonder.com\/wp-content\/uploads\/2026\/01\/DSCF5423-1-768x512.jpg 768w, https:\/\/hi-techwonder.com\/wp-content\/uploads\/2026\/01\/DSCF5423-1-1200x800.jpg 1200w, https:\/\/hi-techwonder.com\/wp-content\/uploads\/2026\/01\/DSCF5423-1-150x100.jpg 150w\" sizes=\"auto, (max-width: 1500px) 100vw, 1500px\" \/><\/div><\/div>\n\n\n\n<div id=\"wd-9f538100\" class=\"wp-block-wd-gallery-item wd-col\"><div class=\"wd-block-image\"><img loading=\"lazy\" decoding=\"async\" width=\"1500\" height=\"1000\" class=\"wp-image-97588\" src=\"https:\/\/hi-techwonder.com\/wp-content\/themes\/woodmart\/images\/lazy.svg\" data-src=\"https:\/\/hi-techwonder.com\/wp-content\/uploads\/2026\/01\/DSCF5427-1.jpg\" alt=\"\" srcset=\"\" data-srcset=\"https:\/\/hi-techwonder.com\/wp-content\/uploads\/2026\/01\/DSCF5427-1.jpg 1500w, https:\/\/hi-techwonder.com\/wp-content\/uploads\/2026\/01\/DSCF5427-1-300x200.jpg 300w, https:\/\/hi-techwonder.com\/wp-content\/uploads\/2026\/01\/DSCF5427-1-1024x683.jpg 1024w, https:\/\/hi-techwonder.com\/wp-content\/uploads\/2026\/01\/DSCF5427-1-768x512.jpg 768w, https:\/\/hi-techwonder.com\/wp-content\/uploads\/2026\/01\/DSCF5427-1-1200x800.jpg 1200w, https:\/\/hi-techwonder.com\/wp-content\/uploads\/2026\/01\/DSCF5427-1-150x100.jpg 150w\" sizes=\"auto, (max-width: 1500px) 100vw, 1500px\" \/><\/div><\/div>\n\n\n\n<div id=\"wd-c374ad54\" class=\"wp-block-wd-gallery-item wd-col\"><div class=\"wd-block-image\"><img loading=\"lazy\" decoding=\"async\" width=\"1500\" height=\"1000\" class=\"wp-image-97590\" src=\"https:\/\/hi-techwonder.com\/wp-content\/themes\/woodmart\/images\/lazy.svg\" data-src=\"https:\/\/hi-techwonder.com\/wp-content\/uploads\/2026\/01\/DSCF5464-1.jpg\" alt=\"\" srcset=\"\" data-srcset=\"https:\/\/hi-techwonder.com\/wp-content\/uploads\/2026\/01\/DSCF5464-1.jpg 1500w, https:\/\/hi-techwonder.com\/wp-content\/uploads\/2026\/01\/DSCF5464-1-300x200.jpg 300w, https:\/\/hi-techwonder.com\/wp-content\/uploads\/2026\/01\/DSCF5464-1-1024x683.jpg 1024w, https:\/\/hi-techwonder.com\/wp-content\/uploads\/2026\/01\/DSCF5464-1-768x512.jpg 768w, https:\/\/hi-techwonder.com\/wp-content\/uploads\/2026\/01\/DSCF5464-1-1200x800.jpg 1200w, https:\/\/hi-techwonder.com\/wp-content\/uploads\/2026\/01\/DSCF5464-1-150x100.jpg 150w\" sizes=\"auto, (max-width: 1500px) 100vw, 1500px\" \/><\/div><\/div>\n<\/div>\n\n\n\n<h2 class=\"wp-block-heading\"><strong><strong>Caracter\u00edsticas principales<\/strong><\/strong><\/h2>\n\n\n\n<ul class=\"wp-block-list\">\n<li>Adaptador dedicado para <strong>Nikon Z 14\u201124\u202fmm f\/2.8\u202fS<\/strong><\/li>\n\n\n\n<li>Compatible con <strong>NiSi JetMag Pro MAXMAG<\/strong><\/li>\n\n\n\n<li>Soporta m\u00faltiples filtros sin vi\u00f1eteo<\/li>\n\n\n\n<li>Montaje r\u00e1pido con punto de alineaci\u00f3n<\/li>\n\n\n\n<li>Mecanismo de bloqueo rotativo para fijaci\u00f3n segura<\/li>\n\n\n\n<li>Construcci\u00f3n en aluminio <strong>ligero y duradero<\/strong><\/li>\n\n\n\n<li>Revestimiento interno y externo premium para protecci\u00f3n y agarre<\/li>\n\n\n\n<li>Marcaje luminoso para operaci\u00f3n r\u00e1pida en condiciones de poca luz<\/li>\n<\/ul>\n\n\n\n<figure class=\"wp-block-table\"><table class=\"has-fixed-layout\"><thead><tr><th>Especificaci\u00f3n<\/th><th>Detalle<\/th><\/tr><\/thead><tbody><tr><td>Tipo<\/td><td>Adaptador magn\u00e9tico<\/td><\/tr><tr><td>Compatibilidad<\/td><td>Nikkor Z 14\u201124\u202fmm f\/2.8\u202fS<\/td><\/tr><tr><td>Sistema de filtros<\/td><td>NiSi JetMag Pro MAXMAG<\/td><\/tr><tr><td>Apilamiento de filtros<\/td><td>M\u00faltiples filtros sin vi\u00f1eteo<\/td><\/tr><tr><td>Tipo de fijaci\u00f3n<\/td><td>Mecanismo rotativo con punto de alineaci\u00f3n<\/td><\/tr><tr><td>Material<\/td><td>Aluminio (pieza \u00fanica)<\/td><\/tr><tr><td>Revestimiento interno<\/td><td>Superficie protectora de precisi\u00f3n<\/td><\/tr><tr><td>Marcaje de alineaci\u00f3n<\/td><td>Luminoso<\/td><\/tr><tr><td>Perfil<\/td><td>Ultra\u2011compacto<\/td><\/tr><tr><td>Peso<\/td><td>Ligero, mantiene la ergonom\u00eda del objetivo<\/td><\/tr><tr><td>Finalidad<\/td><td>Fotograf\u00eda y v\u00eddeo profesional<\/td><\/tr><\/tbody><\/table><\/figure>\n","protected":false},"excerpt":{"rendered":"<ul>\n<li>Adaptador dedicado para Nikkor Z 14\u201124\u202fmm f\/2.8\u202fS, sin rosca frontal<\/li>\n<li data-start=\"77\" data-end=\"135\">Compatible con filtros magn\u00e9ticos NiSi JetMag Pro MAXMAG<\/li>\n<li data-start=\"138\" data-end=\"192\">Soporta apilamiento de m\u00faltiples filtros sin vi\u00f1eteo<\/li>\n<li data-start=\"195\" data-end=\"257\">Dise\u00f1o ultra\u2011compacto que preserva la ergonom\u00eda del objetivo<\/li>\n<li data-start=\"260\" data-end=\"321\">Montaje r\u00e1pido con mecanismo rotativo y punto de alineaci\u00f3n<\/li>\n<li data-start=\"324\" data-end=\"388\">Construcci\u00f3n en aluminio de alta precisi\u00f3n con acabado premium<\/li>\n<li data-start=\"391\" data-end=\"452\">Marcaje luminoso para alineaci\u00f3n en condiciones de poca luz<\/li>\n<li data-start=\"455\" data-end=\"523\">Mecanismo de bloqueo que garantiza una fijaci\u00f3n estable sin holguras<\/li>\n<li data-start=\"368\" data-end=\"441\">\u00a0<\/li>\n<\/ul>\n","protected":false},"featured_media":97598,"comment_status":"open","ping_status":"closed","template":"","meta":{"_acf_changed":false},"product_brand":[2543],"product_cat":[1045,1049],"product_tag":[],"class_list":{"0":"post-97596","1":"product","2":"type-product","3":"status-publish","4":"has-post-thumbnail","6":"product_brand-nisioptics-es","7":"product_cat-anillos-adaptadores","8":"product_cat-magneticos-y-presion","10":"first","11":"instock","12":"taxable","13":"shipping-taxable","14":"purchasable","15":"product-type-simple"},"bundled_by":[],"bundle_stock_status":"instock","bundle_stock_quantity":1,"bundle_virtual":false,"bundle_layout":"","bundle_add_to_cart_form_location":"","bundle_editable_in_cart":false,"bundle_sold_individually_context":"","bundle_item_grouping":"","bundle_min_size":"","bundle_max_size":"","bundle_price":[],"bundled_items":[],"bundle_sell_ids":[],"acf":[],"_links":{"self":[{"href":"https:\/\/hi-techwonder.com\/es\/wp-json\/wp\/v2\/product\/97596","targetHints":{"allow":["GET"]}}],"collection":[{"href":"https:\/\/hi-techwonder.com\/es\/wp-json\/wp\/v2\/product"}],"about":[{"href":"https:\/\/hi-techwonder.com\/es\/wp-json\/wp\/v2\/types\/product"}],"replies":[{"embeddable":true,"href":"https:\/\/hi-techwonder.com\/es\/wp-json\/wp\/v2\/comments?post=97596"}],"wp:featuredmedia":[{"embeddable":true,"href":"https:\/\/hi-techwonder.com\/es\/wp-json\/wp\/v2\/media\/97598"}],"wp:attachment":[{"href":"https:\/\/hi-techwonder.com\/es\/wp-json\/wp\/v2\/media?parent=97596"}],"wp:term":[{"taxonomy":"product_brand","embeddable":true,"href":"https:\/\/hi-techwonder.com\/es\/wp-json\/wp\/v2\/product_brand?post=97596"},{"taxonomy":"product_cat","embeddable":true,"href":"https:\/\/hi-techwonder.com\/es\/wp-json\/wp\/v2\/product_cat?post=97596"},{"taxonomy":"product_tag","embeddable":true,"href":"https:\/\/hi-techwonder.com\/es\/wp-json\/wp\/v2\/product_tag?post=97596"}],"curies":[{"name":"wp","href":"https:\/\/api.w.org\/{rel}","templated":true}]}}