{"id":97641,"date":"2026-01-16T16:02:30","date_gmt":"2026-01-16T16:02:30","guid":{"rendered":"https:\/\/hi-techwonder.com\/product\/nisi-jetmag-pro-maxmag-sony-14mm-f1-8-gm\/"},"modified":"2026-04-15T11:08:14","modified_gmt":"2026-04-15T10:08:14","slug":"nisi-nisioptics-nisi-jetmag-pro-maxmag-sony-14mm","status":"publish","type":"product","link":"https:\/\/hi-techwonder.com\/es\/producto\/nisi-nisioptics-nisi-jetmag-pro-maxmag-sony-14mm\/","title":{"rendered":"NiSi Adaptador JetMag Pro MAXMAG para Sony FE 14mm f\/1.8 GM"},"content":{"rendered":"\n<h1 class=\"wp-block-heading\"><strong>NiSi Adaptador JetMag Pro MAXMAG para Sony FE 14mm f\/1.8 GM<\/strong><\/h1>\n\n\n\n<div id=\"wd-b3644299\" class=\"wp-block-wd-video wd-el-video wd-action-without wd-video-external wd-with-aspect-ratio wd-custom-width\"><iframe allowfullscreen allow=\"accelerometer; autoplay; encrypted-media; gyroscope; picture-in-picture\" width=\"100%\" height=\"100%\" loading=\"lazy\" src=\"https:\/\/www.youtube.com\/embed\/nOcgc4BE2G4?feature=oembed&amp;controls=1\"><\/iframe><\/div>\n\n\n\n<p id=\"wd-d27a3423\" class=\"wp-block-wd-paragraph\">El <strong>NiSi JetMag Pro MAXMAG Magnetic Filter Adapter para Sony FE 14mm f\/1.8 GM<\/strong> ha sido dise\u00f1ado espec\u00edficamente para llevar la flexibilidad del sistema MAXMAG a una de las \u00f3pticas ultra gran angular m\u00e1s exigentes de Sony. Pensado para objetivos sin rosca frontal, este adaptador permite utilizar filtros ND, polarizadores y filtros creativos de forma r\u00e1pida, segura y sin comprometer la ergonom\u00eda del objetivo.<\/p>\n\n\n\n<p id=\"wd-f4f84c56\" class=\"wp-block-wd-paragraph\">El sistema de <strong>anillo de sujeci\u00f3n de alta precisi\u00f3n<\/strong> garantiza una instalaci\u00f3n r\u00e1pida y una fijaci\u00f3n absolutamente estable, incluso en condiciones de trabajo exigentes. Una vez montado, el adaptador se convierte en una base s\u00f3lida para los filtros <strong>JetMag Pro MAXMAG<\/strong>, permitiendo el uso simult\u00e1neo de hasta <strong>dos filtros sin vi\u00f1eteo<\/strong>, incluso en este \u00e1ngulo extremo.<\/p>\n\n\n\n<p id=\"wd-83bf0d7f\" class=\"wp-block-wd-paragraph\">Totalmente integrado en el ecosistema MAXMAG, el sistema magn\u00e9tico elimina las roscas tradicionales, acelerando el flujo de trabajo en fotograf\u00eda y v\u00eddeo. El interior revestido en <strong>Alcantara\u00ae<\/strong> protege el barril del objetivo frente a ara\u00f1azos, mientras mantiene un agarre firme y seguro.<\/p>\n\n\n\n<p id=\"wd-3bd131fe\" class=\"wp-block-wd-paragraph\">Fabricado en <strong>aluminio de una sola pieza<\/strong>, combina ligereza, resistencia y durabilidad profesional. Su dise\u00f1o compacto mantiene el conjunto lo m\u00e1s reducido posible, y la <strong>marca de alineaci\u00f3n luminosa<\/strong> facilita la operaci\u00f3n en entornos de poca luz. Un accesorio esencial para fot\u00f3grafos y cineastas que buscan m\u00e1ximo control creativo en un objetivo anteriormente limitado en compatibilidad con filtros.<\/p>\n\n\n\n<div id=\"wd-b0b16044\" class=\"wp-block-wd-gallery wd-grid-g wd-caption-mask\" style=\"--wd-col-lg:4;--wd-col-md:4;--wd-col-sm:1;--wd-gap-lg:20px;--wd-gap-sm: 10px\">\n<div id=\"wd-6ff5e0d2\" class=\"wp-block-wd-gallery-item wd-col photoswipe-images\"><div class=\"wd-block-image\"><a href=\"https:\/\/hi-techwonder.com\/wp-content\/uploads\/2026\/01\/DSCF5298-2-1.jpg\" data-width=\"1500\" data-height=\"1000\" data-elementor-open-lightbox=\"no\"><img loading=\"lazy\" decoding=\"async\" width=\"1500\" height=\"1000\" class=\"wp-image-97640\" src=\"https:\/\/hi-techwonder.com\/wp-content\/themes\/woodmart\/images\/lazy.svg\" data-src=\"https:\/\/hi-techwonder.com\/wp-content\/uploads\/2026\/01\/DSCF5298-2-1.jpg\" alt=\"\" srcset=\"\" data-srcset=\"https:\/\/hi-techwonder.com\/wp-content\/uploads\/2026\/01\/DSCF5298-2-1.jpg 1500w, https:\/\/hi-techwonder.com\/wp-content\/uploads\/2026\/01\/DSCF5298-2-1-300x200.jpg 300w, https:\/\/hi-techwonder.com\/wp-content\/uploads\/2026\/01\/DSCF5298-2-1-1024x683.jpg 1024w, https:\/\/hi-techwonder.com\/wp-content\/uploads\/2026\/01\/DSCF5298-2-1-768x512.jpg 768w, https:\/\/hi-techwonder.com\/wp-content\/uploads\/2026\/01\/DSCF5298-2-1-1200x800.jpg 1200w, https:\/\/hi-techwonder.com\/wp-content\/uploads\/2026\/01\/DSCF5298-2-1-150x100.jpg 150w\" sizes=\"auto, (max-width: 1500px) 100vw, 1500px\" \/><\/a><\/div><\/div>\n\n\n\n<div id=\"wd-981f363e\" class=\"wp-block-wd-gallery-item wd-col photoswipe-images\"><div class=\"wd-block-image\"><a href=\"https:\/\/hi-techwonder.com\/wp-content\/uploads\/2026\/01\/DSCF5253-1.jpg\" data-width=\"1500\" data-height=\"1125\" data-elementor-open-lightbox=\"no\"><img loading=\"lazy\" decoding=\"async\" width=\"1500\" height=\"1125\" class=\"wp-image-97639\" src=\"https:\/\/hi-techwonder.com\/wp-content\/themes\/woodmart\/images\/lazy.svg\" data-src=\"https:\/\/hi-techwonder.com\/wp-content\/uploads\/2026\/01\/DSCF5253-1.jpg\" alt=\"\" srcset=\"\" data-srcset=\"https:\/\/hi-techwonder.com\/wp-content\/uploads\/2026\/01\/DSCF5253-1.jpg 1500w, https:\/\/hi-techwonder.com\/wp-content\/uploads\/2026\/01\/DSCF5253-1-300x225.jpg 300w, https:\/\/hi-techwonder.com\/wp-content\/uploads\/2026\/01\/DSCF5253-1-1024x768.jpg 1024w, https:\/\/hi-techwonder.com\/wp-content\/uploads\/2026\/01\/DSCF5253-1-768x576.jpg 768w, https:\/\/hi-techwonder.com\/wp-content\/uploads\/2026\/01\/DSCF5253-1-1200x900.jpg 1200w, https:\/\/hi-techwonder.com\/wp-content\/uploads\/2026\/01\/DSCF5253-1-150x113.jpg 150w\" sizes=\"auto, (max-width: 1500px) 100vw, 1500px\" \/><\/a><\/div><\/div>\n\n\n\n<div id=\"wd-31b8ae1f\" class=\"wp-block-wd-gallery-item wd-col photoswipe-images\"><div class=\"wd-block-image\"><a href=\"https:\/\/hi-techwonder.com\/wp-content\/uploads\/2026\/01\/DSC3270-1.jpg\" data-width=\"1500\" data-height=\"998\" data-elementor-open-lightbox=\"no\"><img loading=\"lazy\" decoding=\"async\" width=\"1500\" height=\"998\" class=\"wp-image-97638\" src=\"https:\/\/hi-techwonder.com\/wp-content\/themes\/woodmart\/images\/lazy.svg\" data-src=\"https:\/\/hi-techwonder.com\/wp-content\/uploads\/2026\/01\/DSC3270-1.jpg\" alt=\"\" srcset=\"\" data-srcset=\"https:\/\/hi-techwonder.com\/wp-content\/uploads\/2026\/01\/DSC3270-1.jpg 1500w, https:\/\/hi-techwonder.com\/wp-content\/uploads\/2026\/01\/DSC3270-1-300x200.jpg 300w, https:\/\/hi-techwonder.com\/wp-content\/uploads\/2026\/01\/DSC3270-1-1024x681.jpg 1024w, https:\/\/hi-techwonder.com\/wp-content\/uploads\/2026\/01\/DSC3270-1-768x511.jpg 768w, https:\/\/hi-techwonder.com\/wp-content\/uploads\/2026\/01\/DSC3270-1-1200x798.jpg 1200w, https:\/\/hi-techwonder.com\/wp-content\/uploads\/2026\/01\/DSC3270-1-150x100.jpg 150w\" sizes=\"auto, (max-width: 1500px) 100vw, 1500px\" \/><\/a><\/div><\/div>\n\n\n\n<div id=\"wd-715b2f28\" class=\"wp-block-wd-gallery-item wd-col photoswipe-images\"><div class=\"wd-block-image\"><a href=\"https:\/\/hi-techwonder.com\/wp-content\/uploads\/2026\/01\/DSC3223-1.jpg\" data-width=\"1500\" data-height=\"997\" data-elementor-open-lightbox=\"no\"><img loading=\"lazy\" decoding=\"async\" width=\"1500\" height=\"997\" class=\"wp-image-97637\" src=\"https:\/\/hi-techwonder.com\/wp-content\/themes\/woodmart\/images\/lazy.svg\" data-src=\"https:\/\/hi-techwonder.com\/wp-content\/uploads\/2026\/01\/DSC3223-1.jpg\" alt=\"NiSi Adaptador JetMag Pro MAXMAG para Sony FE 14mm f\/1.8 GM\" srcset=\"\" data-srcset=\"https:\/\/hi-techwonder.com\/wp-content\/uploads\/2026\/01\/DSC3223-1.jpg 1500w, https:\/\/hi-techwonder.com\/wp-content\/uploads\/2026\/01\/DSC3223-1-300x199.jpg 300w, https:\/\/hi-techwonder.com\/wp-content\/uploads\/2026\/01\/DSC3223-1-1024x681.jpg 1024w, https:\/\/hi-techwonder.com\/wp-content\/uploads\/2026\/01\/DSC3223-1-768x510.jpg 768w, https:\/\/hi-techwonder.com\/wp-content\/uploads\/2026\/01\/DSC3223-1-1200x798.jpg 1200w, https:\/\/hi-techwonder.com\/wp-content\/uploads\/2026\/01\/DSC3223-1-150x100.jpg 150w\" sizes=\"auto, (max-width: 1500px) 100vw, 1500px\" \/><\/a><\/div><\/div>\n<\/div>\n\n\n\n<h2 class=\"wp-block-heading\"><strong>Caracter\u00edsticas principales<\/strong><\/h2>\n\n\n\n<ul class=\"wp-block-list\">\n<li>Adaptador dedicado para <strong>Sony FE 14mm f\/1.8 GM<\/strong><\/li>\n\n\n\n<li>Compatible con <strong>NiSi JetMag Pro MAXMAG<\/strong><\/li>\n\n\n\n<li>Apilamiento de hasta <strong>2 filtros sin vi\u00f1eteo<\/strong><\/li>\n\n\n\n<li>Sistema magn\u00e9tico para montaje instant\u00e1neo<\/li>\n\n\n\n<li>Anillo de sujeci\u00f3n de precisi\u00f3n para m\u00e1xima estabilidad<\/li>\n\n\n\n<li>Interior con <strong>revestimiento Alcantara\u00ae<\/strong> protector<\/li>\n\n\n\n<li>Construcci\u00f3n en <strong>aluminio ligero y duradero<\/strong><\/li>\n\n\n\n<li>Marca luminosa para alineaci\u00f3n en baja luz<\/li>\n\n\n\n<li>Dise\u00f1o ultra-compacto para \u00f3pticas ultra gran angular<\/li>\n<\/ul>\n\n\n\n<h2 id=\"wd-59cb2a61\" class=\"wp-block-wd-title title\"><strong>Especificaciones t\u00e9cnicas<\/strong><\/h2>\n\n\n\n<figure class=\"wp-block-table\"><table class=\"has-fixed-layout\"><thead><tr><th><strong>Especificaci\u00f3n<\/strong><\/th><th><strong>Sony FE 14mm f\/1.8 GM<\/strong><\/th><\/tr><\/thead><tbody><tr><td>Tipo<\/td><td>Adaptador magn\u00e9tico MAXMAG<\/td><\/tr><tr><td>Compatibilidad<\/td><td>Sony FE 14mm f\/1.8 GM<\/td><\/tr><tr><td>Sistema de filtros<\/td><td>NiSi JetMag Pro MAXMAG<\/td><\/tr><tr><td>Apilamiento de filtros<\/td><td>Hasta 2 filtros sin vi\u00f1eteo<\/td><\/tr><tr><td>Sistema de fijaci\u00f3n<\/td><td>Anillo de sujeci\u00f3n de precisi\u00f3n<\/td><\/tr><tr><td>Material<\/td><td>Aluminio (una sola pieza)<\/td><\/tr><tr><td>Revestimiento interior<\/td><td>Alcantara\u00ae<\/td><\/tr><tr><td>Marca de alineaci\u00f3n<\/td><td>Luminosa<\/td><\/tr><tr><td>Perfil<\/td><td>Ultra-compacto<\/td><\/tr><tr><td>Uso<\/td><td>Fotograf\u00eda y v\u00eddeo profesional<\/td><\/tr><\/tbody><\/table><\/figure>\n","protected":false},"excerpt":{"rendered":"<ul>\n<li data-start=\"292\" data-end=\"362\">Adaptador dedicado para <strong data-start=\"316\" data-end=\"341\">Sony FE 14mm f\/1.8 GM<\/strong>, sin rosca frontal<\/li>\n<li data-start=\"365\" data-end=\"427\">Compatible con <strong data-start=\"380\" data-end=\"425\">filtros magn\u00e9ticos NiSi JetMag Pro MAXMAG<\/strong><\/li>\n<li data-start=\"430\" data-end=\"480\">Permite <strong data-start=\"438\" data-end=\"478\">apilar hasta dos filtros sin vi\u00f1eteo<\/strong><\/li>\n<li data-start=\"483\" data-end=\"545\">Sistema magn\u00e9tico para <strong data-start=\"506\" data-end=\"543\">montaje y desmontaje ultrarr\u00e1pido<\/strong><\/li>\n<li data-start=\"548\" data-end=\"606\">Anillo de sujeci\u00f3n de precisi\u00f3n para una fijaci\u00f3n segura<\/li>\n<li data-start=\"609\" data-end=\"675\">Interior revestido en <strong data-start=\"631\" data-end=\"673\">Alcantara\u00ae para protecci\u00f3n de la lente<\/strong><\/li>\n<li data-start=\"678\" data-end=\"747\">Construcci\u00f3n en <strong data-start=\"694\" data-end=\"724\">aluminio de una sola pieza<\/strong>, ligera y resistente<\/li>\n<li data-start=\"750\" data-end=\"805\">Marca luminosa para alineaci\u00f3n r\u00e1pida en <strong data-start=\"791\" data-end=\"803\">baja luz<\/strong><\/li>\n<li data-start=\"808\" data-end=\"864\">Dise\u00f1o <strong data-start=\"815\" data-end=\"833\">ultra-compacto<\/strong>, ideal para ultra gran angular<\/li>\n<\/ul>\n","protected":false},"featured_media":97643,"comment_status":"open","ping_status":"closed","template":"","meta":{"_acf_changed":false},"product_brand":[2543],"product_cat":[1044,1049],"product_tag":[],"class_list":{"0":"post-97641","1":"product","2":"type-product","3":"status-publish","4":"has-post-thumbnail","6":"product_brand-nisioptics-es","7":"product_cat-accesorios-filtros-circulares","8":"product_cat-magneticos-y-presion","10":"first","11":"pre-order","12":"taxable","13":"shipping-taxable","14":"purchasable","15":"product-type-simple"},"bundled_by":[],"bundle_stock_status":"pre-order","bundle_stock_quantity":null,"bundle_virtual":false,"bundle_layout":"","bundle_add_to_cart_form_location":"","bundle_editable_in_cart":false,"bundle_sold_individually_context":"","bundle_item_grouping":"","bundle_min_size":"","bundle_max_size":"","bundle_price":[],"bundled_items":[],"bundle_sell_ids":[],"acf":[],"_links":{"self":[{"href":"https:\/\/hi-techwonder.com\/es\/wp-json\/wp\/v2\/product\/97641","targetHints":{"allow":["GET"]}}],"collection":[{"href":"https:\/\/hi-techwonder.com\/es\/wp-json\/wp\/v2\/product"}],"about":[{"href":"https:\/\/hi-techwonder.com\/es\/wp-json\/wp\/v2\/types\/product"}],"replies":[{"embeddable":true,"href":"https:\/\/hi-techwonder.com\/es\/wp-json\/wp\/v2\/comments?post=97641"}],"wp:featuredmedia":[{"embeddable":true,"href":"https:\/\/hi-techwonder.com\/es\/wp-json\/wp\/v2\/media\/97643"}],"wp:attachment":[{"href":"https:\/\/hi-techwonder.com\/es\/wp-json\/wp\/v2\/media?parent=97641"}],"wp:term":[{"taxonomy":"product_brand","embeddable":true,"href":"https:\/\/hi-techwonder.com\/es\/wp-json\/wp\/v2\/product_brand?post=97641"},{"taxonomy":"product_cat","embeddable":true,"href":"https:\/\/hi-techwonder.com\/es\/wp-json\/wp\/v2\/product_cat?post=97641"},{"taxonomy":"product_tag","embeddable":true,"href":"https:\/\/hi-techwonder.com\/es\/wp-json\/wp\/v2\/product_tag?post=97641"}],"curies":[{"name":"wp","href":"https:\/\/api.w.org\/{rel}","templated":true}]}}