{"id":98372,"date":"2026-01-26T15:17:29","date_gmt":"2026-01-26T15:17:29","guid":{"rendered":"https:\/\/hi-techwonder.com\/product\/nisi-estojo-jetmag-pro-maxmag\/"},"modified":"2026-04-06T15:57:40","modified_gmt":"2026-04-06T14:57:40","slug":"nisi-nisioptics-nisi-estuche-jetmag-pro-maxmag","status":"publish","type":"product","link":"https:\/\/hi-techwonder.com\/es\/producto\/nisi-nisioptics-nisi-estuche-jetmag-pro-maxmag\/","title":{"rendered":"NiSi Estuche JetMag Pro MAXMAG"},"content":{"rendered":"\n<h1 class=\"wp-block-heading\">NiSi JetMag Pro MAXMAG \u2013 Bolsa para Filtros Magn\u00e9ticos<\/h1>\n\n\n\n<div id=\"wd-de5f17a1\" class=\"wp-block-wd-video wd-el-video wd-action-without wd-video-external wd-with-aspect-ratio wd-custom-width\"><iframe allowfullscreen allow=\"accelerometer; autoplay; encrypted-media; gyroscope; picture-in-picture\" width=\"100%\" height=\"100%\" loading=\"lazy\" src=\"https:\/\/www.youtube.com\/embed\/nOcgc4BE2G4?feature=oembed&amp;controls=1\"><\/iframe><\/div>\n\n\n\n<p id=\"wd-fd0c4f11\" class=\"wp-block-wd-paragraph\"><strong>NiSi Estuche JetMag Pro MAXMAG<\/strong>\u00a0es la soluci\u00f3n definitiva para fot\u00f3grafos y vide\u00f3grafos que desean mantener sus filtros organizados, protegidos y siempre a mano. Dise\u00f1ado espec\u00edficamente para el sistema\u00a0<strong>JetMag Pro MAXMAG<\/strong>, este estuche combina durabilidad, practicidad y protecci\u00f3n avanzada en cada detalle.<\/p>\n\n\n\n<p id=\"wd-7d5fd60c\" class=\"wp-block-wd-paragraph\">La bolsa cuenta con cinco compartimentos dedicados: cuatro de ellos para filtros individuales o adaptadores de rosca est\u00e1ndar, y un quinto m\u00e1s grande, ideal para guardar una pila de filtros\u00a0<strong>MAXMAG<\/strong>\u00a0o los anillos adaptadores dedicados para los objetivos\u00a0<strong>Sony FE 14\u202fmm f\/1.8\u202fGM<\/strong>\u00a0y\u00a0<strong>Nikon Z 14\u201124\u202fmm f\/2.8\u202fS<\/strong>.<\/p>\n\n\n\n<p id=\"wd-2173e804\" class=\"wp-block-wd-paragraph\">La construcci\u00f3n en\u00a0<strong>nylon Twill compuesto<\/strong>\u00a0proporciona resistencia superior a la abrasi\u00f3n y protecci\u00f3n contra manchas, ideal para uso en exteriores. Los divisores acolchados tipo acorde\u00f3n ofrecen protecci\u00f3n confiable contra golpes y ca\u00eddas durante el transporte.<\/p>\n\n\n\n<p id=\"wd-bc545282\" class=\"wp-block-wd-paragraph\">El dise\u00f1o est\u00e1 pensado para un acceso r\u00e1pido en campo: la solapa superior con cierre de\u00a0<strong>Velcro<\/strong>\u00a0mantiene la tapa abierta y fuera del camino, simplificando el cambio de filtros. Adem\u00e1s, el estuche puede montarse directamente en un tr\u00edpode, garantizando que los filtros est\u00e9n siempre a mano durante la captura.<\/p>\n\n\n\n<p>El interior en\u00a0<strong>ante suave<\/strong>\u00a0protege el vidrio \u00f3ptico contra rayaduras, ofreciendo una sensaci\u00f3n agradable al tacto. Combinado con los divisores acolchados, este dise\u00f1o asegura una protecci\u00f3n total para tu inversi\u00f3n en filtros\u00a0<strong>MAXMAG<\/strong>, manteni\u00e9ndolos organizados, seguros y listos para cualquier sesi\u00f3n de fotograf\u00eda o v\u00eddeo.<\/p>\n\n\n\n<div id=\"wd-11d26d00\" class=\"wp-block-wd-gallery wd-grid-g wd-caption-mask\" style=\"--wd-col-lg:4;--wd-col-md:4;--wd-col-sm:1;--wd-gap-lg:20px;--wd-gap-sm: 10px\">\n<div id=\"wd-14352987\" class=\"wp-block-wd-gallery-item wd-col\"><div class=\"wd-block-image\"><img decoding=\"async\" class=\"wp-image-41982\" src=\"https:\/\/hi-techwonder.com\/wp-content\/themes\/woodmart\/images\/lazy.svg\" data-src=\"https:\/\/nisioptics.pt\/wp-content\/uploads\/2026\/01\/DSC3139.jpg\" alt=\"\"><\/div><\/div>\n\n\n\n<div id=\"wd-73b83ba4\" class=\"wp-block-wd-gallery-item wd-col\"><div class=\"wd-block-image\"><img decoding=\"async\" class=\"wp-image-41983\" src=\"https:\/\/hi-techwonder.com\/wp-content\/themes\/woodmart\/images\/lazy.svg\" data-src=\"https:\/\/nisioptics.pt\/wp-content\/uploads\/2026\/01\/DSC3151.jpg\" alt=\"\"><\/div><\/div>\n\n\n\n<div id=\"wd-10b5174f\" class=\"wp-block-wd-gallery-item wd-col\"><div class=\"wd-block-image\"><img decoding=\"async\" class=\"wp-image-41984\" src=\"https:\/\/hi-techwonder.com\/wp-content\/themes\/woodmart\/images\/lazy.svg\" data-src=\"https:\/\/nisioptics.pt\/wp-content\/uploads\/2026\/01\/DSCF5294.jpg\" alt=\"\"><\/div><\/div>\n\n\n\n<div id=\"wd-d6b23c58\" class=\"wp-block-wd-gallery-item wd-col\"><div class=\"wd-block-image\"><img decoding=\"async\" class=\"wp-image-41985\" src=\"https:\/\/hi-techwonder.com\/wp-content\/themes\/woodmart\/images\/lazy.svg\" data-src=\"https:\/\/nisioptics.pt\/wp-content\/uploads\/2026\/01\/DSCF5342.jpg\" alt=\"\"><\/div><\/div>\n<\/div>\n\n\n\n<h2 class=\"wp-block-heading\"><strong>Caracter\u00edsticas principales<\/strong><\/h2>\n\n\n\n<ul class=\"wp-block-list\">\n<li>Bolsa dedicada para filtros JetMag Pro MAXMAG<\/li>\n\n\n\n<li>Cinco compartimentos organizados: 4 para filtros\/adaptadores + 1 para una pila de filtros o anillos adaptadores<\/li>\n\n\n\n<li>Estructura acolchada tipo acorde\u00f3n para absorber impactos<\/li>\n\n\n\n<li>Interior de ante suave para evitar ara\u00f1azos en los filtros<\/li>\n\n\n\n<li>Nylon Twill compuesto, resistente a la abrasi\u00f3n y a las manchas<\/li>\n\n\n\n<li>Solapa superior con cierre de Velcro para un acceso r\u00e1pido<\/li>\n\n\n\n<li>Puede montarse directamente en el tr\u00edpode<\/li>\n\n\n\n<li>Amplia capacidad para colecciones completas de filtros y accesorios<\/li>\n<\/ul>\n\n\n\n<p><\/p>\n","protected":false},"excerpt":{"rendered":"<ul>\n<li>Bolsa dedicada para almacenar y proteger filtros JetMag Pro MAXMAG<\/li>\n<li data-start=\"76\" data-end=\"137\">Cinco compartimentos organizados para filtros y adaptadores<\/li>\n<li data-start=\"140\" data-end=\"215\">Estructura acolchada tipo acorde\u00f3n para m\u00e1xima protecci\u00f3n contra impactos<\/li>\n<li data-start=\"218\" data-end=\"287\">Revestimiento interior en ante para evitar rayaduras en los filtros<\/li>\n<li data-start=\"290\" data-end=\"353\">Confeccionada en nylon Twill compuesto, resistente y duradero<\/li>\n<li data-start=\"356\" data-end=\"427\">Solapa superior con cierre de Velcro para un acceso r\u00e1pido y pr\u00e1ctico<\/li>\n<li data-start=\"430\" data-end=\"491\">Puede montarse directamente en el tr\u00edpode para uso en campo<\/li>\n<li data-start=\"494\" data-end=\"563\">Capacidad generosa para colecciones completas de filtros y accesorios<\/li>\n<li data-start=\"259\" data-end=\"327\">\u00a0<\/li>\n<\/ul>\n","protected":false},"featured_media":98374,"comment_status":"open","ping_status":"closed","template":"","meta":{"_acf_changed":false},"product_brand":[2543],"product_cat":[1044],"product_tag":[],"class_list":{"0":"post-98372","1":"product","2":"type-product","3":"status-publish","4":"has-post-thumbnail","6":"product_brand-nisioptics-es","7":"product_cat-accesorios-filtros-circulares","9":"first","10":"instock","11":"taxable","12":"shipping-taxable","13":"purchasable","14":"product-type-simple"},"bundled_by":[],"bundle_stock_status":"instock","bundle_stock_quantity":2,"bundle_virtual":false,"bundle_layout":"","bundle_add_to_cart_form_location":"","bundle_editable_in_cart":false,"bundle_sold_individually_context":"","bundle_item_grouping":"","bundle_min_size":"","bundle_max_size":"","bundle_price":[],"bundled_items":[],"bundle_sell_ids":[],"acf":[],"_links":{"self":[{"href":"https:\/\/hi-techwonder.com\/es\/wp-json\/wp\/v2\/product\/98372","targetHints":{"allow":["GET"]}}],"collection":[{"href":"https:\/\/hi-techwonder.com\/es\/wp-json\/wp\/v2\/product"}],"about":[{"href":"https:\/\/hi-techwonder.com\/es\/wp-json\/wp\/v2\/types\/product"}],"replies":[{"embeddable":true,"href":"https:\/\/hi-techwonder.com\/es\/wp-json\/wp\/v2\/comments?post=98372"}],"wp:featuredmedia":[{"embeddable":true,"href":"https:\/\/hi-techwonder.com\/es\/wp-json\/wp\/v2\/media\/98374"}],"wp:attachment":[{"href":"https:\/\/hi-techwonder.com\/es\/wp-json\/wp\/v2\/media?parent=98372"}],"wp:term":[{"taxonomy":"product_brand","embeddable":true,"href":"https:\/\/hi-techwonder.com\/es\/wp-json\/wp\/v2\/product_brand?post=98372"},{"taxonomy":"product_cat","embeddable":true,"href":"https:\/\/hi-techwonder.com\/es\/wp-json\/wp\/v2\/product_cat?post=98372"},{"taxonomy":"product_tag","embeddable":true,"href":"https:\/\/hi-techwonder.com\/es\/wp-json\/wp\/v2\/product_tag?post=98372"}],"curies":[{"name":"wp","href":"https:\/\/api.w.org\/{rel}","templated":true}]}}