{"id":98446,"date":"2026-01-26T17:33:21","date_gmt":"2026-01-26T17:33:21","guid":{"rendered":"https:\/\/hi-techwonder.com\/product\/exascend-cartao-sd-128gb-uhs-ii-v90\/"},"modified":"2026-03-10T12:06:37","modified_gmt":"2026-03-10T12:06:37","slug":"exascend-cartao-sd-128gb-uhs-ii-v90","status":"publish","type":"product","link":"https:\/\/hi-techwonder.com\/es\/producto\/exascend-cartao-sd-128gb-uhs-ii-v90\/","title":{"rendered":"EXASCEND Tarjeta SD 128GB UHS-II V90 R300\/W280 Essential Series"},"content":{"rendered":"\n<h2 class=\"wp-block-heading\">EXASCEND Tarjeta SD 128GB UHS-II V90 R300\/W280 Essential Series<\/h2>\n\n\n\n<div id=\"wd-a7f83bfc\" class=\"wp-block-wd-video wd-el-video wd-action-without wd-video-external wd-with-aspect-ratio wd-custom-width\"><iframe allowfullscreen allow=\"accelerometer; autoplay; encrypted-media; gyroscope; picture-in-picture\" width=\"100%\" height=\"100%\" loading=\"lazy\" src=\"https:\/\/www.youtube.com\/embed\/droA4PdsJN4?feature=oembed&amp;controls=1\"><\/iframe><\/div>\n\n\n\n<p id=\"wd-6e2d8420\" class=\"wp-block-wd-paragraph\">La <strong>Tarjeta SD EXASCEND Essential UHS-II V90 de 128 GB<\/strong> ha sido desarrollada para satisfacer las exigencias de la fotograf\u00eda y la cinematograf\u00eda profesional, garantizando grabaciones fiables incluso en escenarios de alta carga de datos. Gracias a la interfaz UHS-II y a la certificaci\u00f3n V90, asegura una velocidad m\u00ednima de escritura constante de 90 MB\/s, evitando la p\u00e9rdida de fotogramas y garantizando estabilidad en grabaciones de v\u00eddeo 8K y resoluciones superiores.<\/p>\n\n\n\n<p id=\"wd-9730b0ff\" class=\"wp-block-wd-paragraph\">Con velocidades m\u00e1ximas de<strong> lectura de hasta 300 MB\/s y de escritura de hasta 260 MB\/s, <\/strong>esta tarjeta permite transferencias r\u00e1pidas y flujos de trabajo m\u00e1s eficientes, reduciendo significativamente los tiempos de descarga de archivos de gran tama\u00f1o.<\/p>\n\n\n\n<p>La serie Essential de Exascend ha sido dise\u00f1ada con una estructura robusta, preparada para afrontar entornos exigentes. La tarjeta es resistente al agua, polvo, impactos, rayos X, campos magn\u00e9ticos y temperaturas extremas, manteniendo el rendimiento incluso en las condiciones m\u00e1s adversas. El interruptor de protecci\u00f3n contra escritura integrado a\u00f1ade una capa adicional de seguridad, evitando borrados accidentales de datos cr\u00edticos. Una tarjeta compacta, fiable y preparada para acompa\u00f1ar la creatividad sin l\u00edmites.<\/p>\n\n\n\n<div class=\"wp-block-media-text has-media-on-the-right is-stacked-on-mobile\"><div class=\"wp-block-media-text__content\">\n<p>Indicada para fot\u00f3grafos y vide\u00f3grafos profesionales que trabajan con flujos de trabajo exigentes, incluyendo <strong>grabaci\u00f3n de v\u00eddeo 8K, altas tasas de bits<\/strong> y fotograf\u00eda de alta resoluci\u00f3n, y que requieren un rendimiento constante y m\u00e1xima fiabilidad en cualquier entorno.<\/p>\n<\/div><figure class=\"wp-block-media-text__media\"><img loading=\"lazy\" decoding=\"async\" width=\"909\" height=\"239\" src=\"https:\/\/hi-techwonder.com\/wp-content\/themes\/woodmart\/images\/lazy.svg\" data-src=\"https:\/\/hi-techwonder.com\/wp-content\/uploads\/2026\/01\/x1-14.jpg\" alt=\"\" class=\"wp-image-98440 size-full\" srcset=\"\" data-srcset=\"https:\/\/hi-techwonder.com\/wp-content\/uploads\/2026\/01\/x1-14.jpg 909w, https:\/\/hi-techwonder.com\/wp-content\/uploads\/2026\/01\/x1-14-300x79.jpg 300w, https:\/\/hi-techwonder.com\/wp-content\/uploads\/2026\/01\/x1-14-768x202.jpg 768w, https:\/\/hi-techwonder.com\/wp-content\/uploads\/2026\/01\/x1-14-150x39.jpg 150w\" sizes=\"auto, (max-width: 909px) 100vw, 909px\" \/><\/figure><\/div>\n\n\n\n<div class=\"wp-block-media-text is-stacked-on-mobile\"><figure class=\"wp-block-media-text__media\"><img loading=\"lazy\" decoding=\"async\" width=\"692\" height=\"1024\" src=\"https:\/\/hi-techwonder.com\/wp-content\/themes\/woodmart\/images\/lazy.svg\" data-src=\"https:\/\/hi-techwonder.com\/wp-content\/uploads\/2026\/01\/516aN9I-4L._SL1499_-692x1024.jpg\" alt=\"\" class=\"wp-image-98441 size-full\" srcset=\"\" data-srcset=\"https:\/\/hi-techwonder.com\/wp-content\/uploads\/2026\/01\/516aN9I-4L._SL1499_-692x1024.jpg 692w, https:\/\/hi-techwonder.com\/wp-content\/uploads\/2026\/01\/516aN9I-4L._SL1499_-203x300.jpg 203w, https:\/\/hi-techwonder.com\/wp-content\/uploads\/2026\/01\/516aN9I-4L._SL1499_-768x1136.jpg 768w, https:\/\/hi-techwonder.com\/wp-content\/uploads\/2026\/01\/516aN9I-4L._SL1499_-150x222.jpg 150w, https:\/\/hi-techwonder.com\/wp-content\/uploads\/2026\/01\/516aN9I-4L._SL1499_.jpg 1013w\" sizes=\"auto, (max-width: 692px) 100vw, 692px\" \/><\/figure><div class=\"wp-block-media-text__content\">\n<h2 class=\"wp-block-heading\">Contenido de la caja<\/h2>\n\n\n\n<ul class=\"wp-block-list\">\n<li>1 \u00d7 Tarjeta de memoria EXASCEND Essential UHS-II SDXC 128 GB<\/li>\n<\/ul>\n<\/div><\/div>\n\n\n\n<div class=\"wp-block-media-text has-media-on-the-right is-stacked-on-mobile\"><div class=\"wp-block-media-text__content\">\n<h2 class=\"wp-block-heading\">Caracter\u00edsticas<\/h2>\n\n\n\n<p id=\"wd-8c38865c\" class=\"wp-block-wd-paragraph\">Capacidad de almacenamiento de 128 GB<br><strong>Clasificaciones UHS-II \/ V90 \/ U3 \/ Clase 10<\/strong><br>Grabaci\u00f3n continua sin p\u00e9rdida de fotogramas<br>Alta fiabilidad para fotograf\u00eda y cinematograf\u00eda profesional<br>Resistente al agua, polvo e impactos<br>Protecci\u00f3n frente a rayos X, campos magn\u00e9ticos y temperaturas extremas<br>Compatible de forma retroactiva con dispositivos UHS-I<br>Sistema de protecci\u00f3n contra escritura accidental<\/p>\n<\/div><figure class=\"wp-block-media-text__media\"><img loading=\"lazy\" decoding=\"async\" width=\"664\" height=\"408\" src=\"https:\/\/hi-techwonder.com\/wp-content\/themes\/woodmart\/images\/lazy.svg\" data-src=\"https:\/\/hi-techwonder.com\/wp-content\/uploads\/2026\/01\/x3-10.jpg\" alt=\"\" class=\"wp-image-98442 size-full\" srcset=\"\" data-srcset=\"https:\/\/hi-techwonder.com\/wp-content\/uploads\/2026\/01\/x3-10.jpg 664w, https:\/\/hi-techwonder.com\/wp-content\/uploads\/2026\/01\/x3-10-300x184.jpg 300w, https:\/\/hi-techwonder.com\/wp-content\/uploads\/2026\/01\/x3-10-150x92.jpg 150w\" sizes=\"auto, (max-width: 664px) 100vw, 664px\" \/><\/figure><\/div>\n\n\n\n<figure class=\"wp-block-gallery has-nested-images columns-default is-cropped wp-block-gallery-1 is-layout-flex wp-block-gallery-is-layout-flex\">\n<figure class=\"wp-block-image size-large\"><img loading=\"lazy\" decoding=\"async\" width=\"1024\" height=\"468\" data-id=\"98443\" src=\"https:\/\/hi-techwonder.com\/wp-content\/themes\/woodmart\/images\/lazy.svg\" data-src=\"https:\/\/hi-techwonder.com\/wp-content\/uploads\/2026\/01\/x2-16-1024x468.jpg\" alt=\"\" class=\"wp-image-98443\" srcset=\"\" data-srcset=\"https:\/\/hi-techwonder.com\/wp-content\/uploads\/2026\/01\/x2-16-1024x468.jpg 1024w, https:\/\/hi-techwonder.com\/wp-content\/uploads\/2026\/01\/x2-16-300x137.jpg 300w, https:\/\/hi-techwonder.com\/wp-content\/uploads\/2026\/01\/x2-16-768x351.jpg 768w, https:\/\/hi-techwonder.com\/wp-content\/uploads\/2026\/01\/x2-16-1536x701.jpg 1536w, https:\/\/hi-techwonder.com\/wp-content\/uploads\/2026\/01\/x2-16-1200x548.jpg 1200w, https:\/\/hi-techwonder.com\/wp-content\/uploads\/2026\/01\/x2-16-150x69.jpg 150w, https:\/\/hi-techwonder.com\/wp-content\/uploads\/2026\/01\/x2-16.jpg 1894w\" sizes=\"auto, (max-width: 1024px) 100vw, 1024px\" \/><\/figure>\n<\/figure>\n\n\n\n<h2 class=\"wp-block-heading\">Especificaciones t\u00e9cnicas<\/h2>\n\n\n\n<figure class=\"wp-block-table\"><table class=\"has-fixed-layout\"><thead><tr><th>Especificaci\u00f3n<\/th><th>Detalle<\/th><\/tr><\/thead><tbody><tr><td>Tipo de tarjeta<\/td><td>SDXC<\/td><\/tr><tr><td>Capacidad de almacenamiento<\/td><td>128 GB<\/td><\/tr><tr><td>Interfaz<\/td><td>UHS-II<\/td><\/tr><tr><td><strong>Clase de velocidad<\/strong><\/td><td><strong>Clase 10 \/ U3 \/ V90<\/strong><\/td><\/tr><tr><td>Velocidad de lectura<\/td><td>Hasta 300 MB\/s<\/td><\/tr><tr><td>Velocidad de escritura<\/td><td>Hasta 260 MB\/s<\/td><\/tr><tr><td>Velocidad m\u00ednima de escritura<\/td><td>90 MB\/s<\/td><\/tr><tr><td>Interruptor de protecci\u00f3n contra escritura<\/td><td>S\u00ed<\/td><\/tr><tr><td>Temperatura de funcionamiento<\/td><td>-25 \u00b0C a 85 \u00b0C<\/td><\/tr><tr><td>Temperatura de almacenamiento<\/td><td>-40 \u00b0C a 85 \u00b0C<\/td><\/tr><tr><td>Resistencia<\/td><td>Agua, polvo, impactos, rayos X, imanes<\/td><\/tr><tr><td>Peso del embalaje<\/td><td>Aproximadamente 23 g<\/td><\/tr><tr><td>Dimensiones del embalaje (L \u00d7 A \u00d7 H)<\/td><td>Aproximadamente 11,7 \u00d7 9,1 \u00d7 2,3 cm<\/td><\/tr><tr><td>EAN<\/td><td>6972904951198<\/td><\/tr><tr><td>Nota<\/td><td><strong>Im\u00e1genes ilustrativas. Equipos fotogr\u00e1ficos no incluidos. Consulte el contenido de la caja y las especificaciones para m\u00e1s detalles.<\/strong><\/td><\/tr><\/tbody><\/table><\/figure>\n","protected":false},"excerpt":{"rendered":"<ul>\n<li data-start=\"263\" data-end=\"315\">\n<p data-start=\"265\" data-end=\"315\">Tarjeta EXASCEND SDXC profesional con capacidad de 128 GB<\/p>\n<\/li>\n<li data-start=\"316\" data-end=\"377\">\n<p data-start=\"318\" data-end=\"377\">Interfaz UHS-II con clasificaci\u00f3n V90 para v\u00eddeo exigente<\/p>\n<\/li>\n<li data-start=\"378\" data-end=\"427\">\n<p data-start=\"380\" data-end=\"427\">Velocidad m\u00e1xima de lectura de hasta 300 MB\/s<\/p>\n<\/li>\n<li data-start=\"428\" data-end=\"479\">\n<p data-start=\"430\" data-end=\"479\">Velocidad m\u00e1xima de escritura de hasta 260 MB\/s<\/p>\n<\/li>\n<li data-start=\"480\" data-end=\"536\">\n<p data-start=\"482\" data-end=\"536\">Velocidad m\u00ednima de escritura garantizada de 90 MB\/s<\/p>\n<\/li>\n<li data-start=\"537\" data-end=\"592\">\n<p data-start=\"539\" data-end=\"592\">Ideal para v\u00eddeo 8K y fotograf\u00eda de alta resoluci\u00f3n<\/p>\n<\/li>\n<li data-start=\"593\" data-end=\"651\">\n<p data-start=\"595\" data-end=\"651\">Construcci\u00f3n robusta resistente a condiciones extremas<\/p>\n<\/li>\n<li data-start=\"652\" data-end=\"708\">\n<p data-start=\"654\" data-end=\"708\">Interruptor de protecci\u00f3n contra escritura integrado<\/p>\n<\/li>\n<\/ul>\n","protected":false},"featured_media":98447,"comment_status":"open","ping_status":"closed","template":"","meta":{"_acf_changed":false},"product_brand":[2613],"product_cat":[1033],"product_tag":[],"class_list":{"0":"post-98446","1":"product","2":"type-product","3":"status-publish","4":"has-post-thumbnail","6":"product_brand-exascend-es","7":"product_cat-tarjetas-sd","9":"first","10":"instock","11":"taxable","12":"shipping-taxable","13":"purchasable","14":"product-type-simple"},"bundled_by":[],"bundle_stock_status":"instock","bundle_stock_quantity":1,"bundle_virtual":false,"bundle_layout":"","bundle_add_to_cart_form_location":"","bundle_editable_in_cart":false,"bundle_sold_individually_context":"","bundle_item_grouping":"","bundle_min_size":"","bundle_max_size":"","bundle_price":[],"bundled_items":[],"bundle_sell_ids":[],"acf":[],"_links":{"self":[{"href":"https:\/\/hi-techwonder.com\/es\/wp-json\/wp\/v2\/product\/98446","targetHints":{"allow":["GET"]}}],"collection":[{"href":"https:\/\/hi-techwonder.com\/es\/wp-json\/wp\/v2\/product"}],"about":[{"href":"https:\/\/hi-techwonder.com\/es\/wp-json\/wp\/v2\/types\/product"}],"replies":[{"embeddable":true,"href":"https:\/\/hi-techwonder.com\/es\/wp-json\/wp\/v2\/comments?post=98446"}],"wp:featuredmedia":[{"embeddable":true,"href":"https:\/\/hi-techwonder.com\/es\/wp-json\/wp\/v2\/media\/98447"}],"wp:attachment":[{"href":"https:\/\/hi-techwonder.com\/es\/wp-json\/wp\/v2\/media?parent=98446"}],"wp:term":[{"taxonomy":"product_brand","embeddable":true,"href":"https:\/\/hi-techwonder.com\/es\/wp-json\/wp\/v2\/product_brand?post=98446"},{"taxonomy":"product_cat","embeddable":true,"href":"https:\/\/hi-techwonder.com\/es\/wp-json\/wp\/v2\/product_cat?post=98446"},{"taxonomy":"product_tag","embeddable":true,"href":"https:\/\/hi-techwonder.com\/es\/wp-json\/wp\/v2\/product_tag?post=98446"}],"curies":[{"name":"wp","href":"https:\/\/api.w.org\/{rel}","templated":true}]}}