{"id":98891,"date":"2026-01-30T10:21:29","date_gmt":"2026-01-30T10:21:29","guid":{"rendered":"https:\/\/hi-techwonder.com\/product\/viltrox-disparador-digital-wireless-nikon-n1-mc-30\/"},"modified":"2026-03-02T17:37:59","modified_gmt":"2026-03-02T17:37:59","slug":"viltrox-disparador-wireless-jy-710","status":"publish","type":"product","link":"https:\/\/hi-techwonder.com\/es\/producto\/viltrox-disparador-wireless-jy-710\/","title":{"rendered":"Viltrox Disparador Temporizador Wireless JY-710"},"content":{"rendered":"<h1>Viltrox Disparador Temporizador Wireless JY-710<\/h1>\n<p>El popular\u00a0<strong>disparador autom\u00e1tico wireless Viltrox JY-710<\/strong>\u00a0es un disparador autom\u00e1tico inal\u00e1mbrico de nivel profesional para fotograf\u00eda profesional. Est\u00e1 equipado con FSK (modulaci\u00f3n por cambio de frecuencia) en la frecuencia de radio de seguridad p\u00fablica de 2,4 GHz para evitar interferencias electr\u00f3nicas. Se puede configurar con precisi\u00f3n: Tiempo de retardo\/Tiempo de exposici\u00f3n\/N\u00famero de disparos\/Se puede reducir a la unidad de segundo para Tiempo de retardo\/Tiempo de intervalo\/Tiempo de duraci\u00f3n\/N\u00famero de disparos continuos. Puede configurar desde un segundo hasta 99 horas.<\/p>\n<ul>\n<li>Es muy f\u00e1cil configurar el ajuste en la pantalla LCD con iluminaci\u00f3n nocturna.<\/li>\n<li>Sistema de control remoto wireless FSK 2.4Ghz, distancia de control de 100M<\/li>\n<li>Temporizador autom\u00e1tico: se puede configurar en: Tiempo de retardo \/ Tiempo de exposici\u00f3n \/ Tiempo de intervalo \/ N\u00famero de disparos<\/li>\n<li>Compatibilidad con el obturador manual: puede presionar el obturador en cualquier momento para tomar fotograf\u00edas, incluso si el disparador autom\u00e1tico est\u00e1 activado.<\/li>\n<li>El tiempo se puede configurar en unidades de segundo: desde un segundo hasta 99 horas\/59 minutos\/59 segundos.<\/li>\n<li>Otras Funciones Agregadas: Obturador Manual \/ Enfoque Continuo Autom\u00e1tico \/ Disparo Continuo (Prioridad a la Velocidad)<\/li>\n<\/ul>\n<p>Compatibilidad por modelo:<\/p>\n<ul>\n<li><strong>JY-710-C3<\/strong><\/li>\n<\/ul>\n<p>Canon EOS Digital SLR: 1D \/ 1D Mark II \/ 1D Mark II N \/ 1D Mark III \/ ID MARK IV, 1Ds \/ 1Ds Mark II \/ 1Ds Mark III \/ 10D \/ 20D \/ 30D \/ 40D \/ 50D \/ 5D \/ 5D Mark II \/ 5D MARK III \/ D30 \/ D60 \/ D2000 \/ 7D \/ 1D X<\/p>\n<p>Canon EOS Film SLR: 1V \/ 1VHS \/ 3<\/p>\n<p>KODAK: DSC-530<\/p>\n<ul>\n<li><strong>JY-710-N1<\/strong><\/li>\n<\/ul>\n<p>Nikon: D200 \/ D300 \/ D700 \/ D300S \/ D3X \/ D3S \/ D1 \/ D1h \/ D1x \/ D3 \/ D2 \/ D2H \/ D2Hs \/ D2X \/ F6 \/ F5 \/ F100 \/ F90 \/ F90x \/ N90 \/ N90x \/ D800<\/p>\n<p>Kodak: DCS Pro 14n \/ DCS620<\/p>\n<p>FUJIFILM: S3 Pro \/ S5 Pro<\/p>\n<ul>\n<li><strong>JY-710-N3<\/strong><\/li>\n<\/ul>\n<p>NIKON: D90 \/ D5000 \/ D5100 \/ D3100 \/ D7000<\/p>\n","protected":false},"excerpt":{"rendered":"<ul>\n<li>Disparador temporizador wireless<\/li>\n<li>Frecuencia de 2,4 GHz, con tecnolog\u00eda FSK<\/li>\n<li>Funciona con pilas AAA<\/li>\n<\/ul>\n","protected":false},"featured_media":98892,"comment_status":"open","ping_status":"closed","template":"","meta":{"_acf_changed":false},"product_brand":[2544],"product_cat":[919],"product_tag":[],"class_list":{"0":"post-98891","1":"product","2":"type-product","3":"status-publish","4":"has-post-thumbnail","6":"product_brand-viltrox-es","7":"product_cat-disparadores-es","9":"first","10":"instock","11":"taxable","12":"shipping-taxable","13":"purchasable","14":"product-type-variable"},"bundled_by":[],"bundle_stock_status":"instock","bundle_stock_quantity":null,"bundle_virtual":false,"bundle_layout":"","bundle_add_to_cart_form_location":"","bundle_editable_in_cart":false,"bundle_sold_individually_context":"","bundle_item_grouping":"","bundle_min_size":"","bundle_max_size":"","bundle_price":[],"bundled_items":[],"bundle_sell_ids":[],"acf":[],"_links":{"self":[{"href":"https:\/\/hi-techwonder.com\/es\/wp-json\/wp\/v2\/product\/98891","targetHints":{"allow":["GET"]}}],"collection":[{"href":"https:\/\/hi-techwonder.com\/es\/wp-json\/wp\/v2\/product"}],"about":[{"href":"https:\/\/hi-techwonder.com\/es\/wp-json\/wp\/v2\/types\/product"}],"replies":[{"embeddable":true,"href":"https:\/\/hi-techwonder.com\/es\/wp-json\/wp\/v2\/comments?post=98891"}],"wp:featuredmedia":[{"embeddable":true,"href":"https:\/\/hi-techwonder.com\/es\/wp-json\/wp\/v2\/media\/98892"}],"wp:attachment":[{"href":"https:\/\/hi-techwonder.com\/es\/wp-json\/wp\/v2\/media?parent=98891"}],"wp:term":[{"taxonomy":"product_brand","embeddable":true,"href":"https:\/\/hi-techwonder.com\/es\/wp-json\/wp\/v2\/product_brand?post=98891"},{"taxonomy":"product_cat","embeddable":true,"href":"https:\/\/hi-techwonder.com\/es\/wp-json\/wp\/v2\/product_cat?post=98891"},{"taxonomy":"product_tag","embeddable":true,"href":"https:\/\/hi-techwonder.com\/es\/wp-json\/wp\/v2\/product_tag?post=98891"}],"curies":[{"name":"wp","href":"https:\/\/api.w.org\/{rel}","templated":true}]}}