{"id":99403,"date":"2026-02-06T11:46:40","date_gmt":"2026-02-06T11:46:40","guid":{"rendered":"https:\/\/hi-techwonder.com\/product\/canon-rf-14mm-f-1-4l-vcm-nano-usm\/"},"modified":"2026-02-13T09:41:31","modified_gmt":"2026-02-13T09:41:31","slug":"canon-rf-14mm-f-1-4l-vcm-nano-usm","status":"publish","type":"product","link":"https:\/\/hi-techwonder.com\/es\/producto\/canon-rf-14mm-f-1-4l-vcm-nano-usm\/","title":{"rendered":"CANON RF 14mm f\/1.4L VCM Nano USM"},"content":{"rendered":"\n<h2 class=\"wp-block-heading\">Canon RF 14mm f\/1.4L VCM Nano USM \u2013 Objetivo Ultra Gran Angular Profesional Serie L<\/h2>\n\n\n\n<div id=\"wd-a7f83bfc\" class=\"wp-block-wd-video wd-el-video wd-action-without wd-video-external wd-with-aspect-ratio wd-custom-width\"><iframe allowfullscreen allow=\"accelerometer; autoplay; encrypted-media; gyroscope; picture-in-picture\" width=\"100%\" height=\"100%\" loading=\"lazy\" src=\"https:\/\/www.youtube.com\/embed\/UIwQStNnmxA?feature=oembed&amp;controls=1\"><\/iframe><\/div>\n\n\n\n<p id=\"wd-5a7c67de\" class=\"wp-block-wd-paragraph\"><\/p>\n\n\n\n<p id=\"wd-460487c6\" class=\"wp-block-wd-paragraph\">El <strong>Canon RF 14mm f\/1.4L VCM<\/strong> es un <strong>objetivo ultra gran angular<\/strong> de alto rendimiento, dise\u00f1ado para creadores que buscan impacto visual, control creativo y calidad profesional absoluta. <strong>Con una distancia focal de 14 mm<\/strong> y un impresionante <strong>campo de visi\u00f3n de 114\u00b0, permite capturar espacios amplios<\/strong>, interiores reducidos y escenas envolventes con una sensaci\u00f3n \u00fanica de profundidad y escala.<\/p>\n\n\n\n<p id=\"wd-6c93afee\" class=\"wp-block-wd-paragraph\">La <strong>apertura m\u00e1xima f\/1.4<\/strong> garantiza un <strong>excelente rendimiento en condiciones de poca luz <\/strong>y ofrece mayor libertad en el control de la profundidad de campo, una combinaci\u00f3n poco habitual en un objetivo de esta distancia focal. La construcci\u00f3n \u00f3ptica <strong>integra elementos UD, BR y Fluorite, junto con tres elementos asf\u00e9ricos GMo,<\/strong> asegurando una <strong>elevada nitidez, precisi\u00f3n crom\u00e1tic<\/strong>a y una <strong>reducci\u00f3n eficaz de aberraciones crom\u00e1ticas y coma sagita<\/strong>l, lo que lo hace especialmente indicado para<strong> fotograf\u00eda nocturna y astrofotograf\u00eda.<\/strong><\/p>\n\n\n\n<p id=\"wd-292bbbe6\" class=\"wp-block-wd-paragraph\">Pensado para flujos de trabajo h\u00edbridos, el objetivo incorpora un anillo de diafragma dedicado, <strong>diafragma circular de 11 l\u00e1minas, reducci\u00f3n de focus breathi<\/strong>ng y un avanzado sistema de enfoque autom\u00e1tico h\u00edbrido con <strong>motor VCM y Nano USM<\/strong>, que proporciona transiciones de enfoque suaves, r\u00e1pidas y silenciosas tanto en fotograf\u00eda como en v\u00eddeo.<\/p>\n\n\n\n<p id=\"wd-4e7a9b49\" class=\"wp-block-wd-paragraph\">Los<strong> revestimientos ASC, SWC y Super Spectra reducen reflejos internos, flare y ghosting<\/strong> incluso en situaciones de contraluz intenso. La construcci\u00f3n robusta y sellada de la serie L garantiza durabilidad y resistencia a la intemperie, convirtiendo este objetivo en una herramienta fiable para uso profesional en cualquier entorno.<\/p>\n\n\n\n<div class=\"wp-block-media-text has-media-on-the-right is-stacked-on-mobile\"><div class=\"wp-block-media-text__content\">\n<p>Est\u00e1 dirigido a fot\u00f3grafos y vide\u00f3grafos profesionales y creadores h\u00edbridos que trabajan en paisaje, arquitectura, i<strong>nteriores, astrofotograf\u00eda, reportaje y producci\u00f3n de v\u00eddeo cinemato<\/strong>gr\u00e1fico, y que exigen <strong>m\u00e1xima luminosidad, precisi\u00f3n \u00f3ptica<\/strong>, control creativo y fiabilidad en cualquier condici\u00f3n.<\/p>\n<\/div><figure class=\"wp-block-media-text__media\"><img loading=\"lazy\" decoding=\"async\" width=\"1024\" height=\"1024\" src=\"https:\/\/hi-techwonder.com\/wp-content\/themes\/woodmart\/images\/lazy.svg\" data-src=\"https:\/\/hi-techwonder.com\/wp-content\/uploads\/2026\/02\/1770245204_IMG_2667905-1024x1024.jpg\" alt=\"\" class=\"wp-image-99354 size-full\" srcset=\"\" data-srcset=\"https:\/\/hi-techwonder.com\/wp-content\/uploads\/2026\/02\/1770245204_IMG_2667905-1024x1024.jpg 1024w, https:\/\/hi-techwonder.com\/wp-content\/uploads\/2026\/02\/1770245204_IMG_2667905-300x300.jpg 300w, https:\/\/hi-techwonder.com\/wp-content\/uploads\/2026\/02\/1770245204_IMG_2667905-150x150.jpg 150w, https:\/\/hi-techwonder.com\/wp-content\/uploads\/2026\/02\/1770245204_IMG_2667905-768x768.jpg 768w, https:\/\/hi-techwonder.com\/wp-content\/uploads\/2026\/02\/1770245204_IMG_2667905-1536x1536.jpg 1536w, https:\/\/hi-techwonder.com\/wp-content\/uploads\/2026\/02\/1770245204_IMG_2667905-600x600.jpg 600w, https:\/\/hi-techwonder.com\/wp-content\/uploads\/2026\/02\/1770245204_IMG_2667905-1200x1200.jpg 1200w, https:\/\/hi-techwonder.com\/wp-content\/uploads\/2026\/02\/1770245204_IMG_2667905.jpg 2000w\" sizes=\"auto, (max-width: 1024px) 100vw, 1024px\" \/><\/figure><\/div>\n\n\n\n<div class=\"wp-block-media-text is-stacked-on-mobile\"><figure class=\"wp-block-media-text__media\"><img loading=\"lazy\" decoding=\"async\" width=\"1000\" height=\"1000\" src=\"https:\/\/hi-techwonder.com\/wp-content\/themes\/woodmart\/images\/lazy.svg\" data-src=\"https:\/\/hi-techwonder.com\/wp-content\/uploads\/2026\/02\/1770245204_IMG_2667904.jpg\" alt=\"\" class=\"wp-image-99355 size-full\" srcset=\"\" data-srcset=\"https:\/\/hi-techwonder.com\/wp-content\/uploads\/2026\/02\/1770245204_IMG_2667904.jpg 1000w, https:\/\/hi-techwonder.com\/wp-content\/uploads\/2026\/02\/1770245204_IMG_2667904-300x300.jpg 300w, https:\/\/hi-techwonder.com\/wp-content\/uploads\/2026\/02\/1770245204_IMG_2667904-150x150.jpg 150w, https:\/\/hi-techwonder.com\/wp-content\/uploads\/2026\/02\/1770245204_IMG_2667904-768x768.jpg 768w, https:\/\/hi-techwonder.com\/wp-content\/uploads\/2026\/02\/1770245204_IMG_2667904-600x600.jpg 600w\" sizes=\"auto, (max-width: 1000px) 100vw, 1000px\" \/><\/figure><div class=\"wp-block-media-text__content\">\n<h2 class=\"wp-block-heading\">Contenido del embalaje<\/h2>\n\n\n\n<ul class=\"wp-block-list\">\n<li>1 x Objetivo Canon RF 14mm f\/1.4 L VCM (Canon RF)<\/li>\n\n\n\n<li>1 x Tapa frontal Canon 14B<\/li>\n\n\n\n<li>1 x Tapa trasera para objetivo Canon RF<\/li>\n\n\n\n<li>1 x Estuche blando para objetivo Canon LP1219<\/li>\n\n\n\n<li>1 x Soporte trasero para filtro de gel<\/li>\n<\/ul>\n\n\n\n<ul class=\"wp-block-list\"><\/ul>\n<\/div><\/div>\n\n\n\n<div class=\"wp-block-media-text has-media-on-the-right is-stacked-on-mobile\"><div class=\"wp-block-media-text__content\">\n<h2 class=\"wp-block-heading\">Caracter\u00edsticas<\/h2>\n\n\n\n<p id=\"wd-c5d7ebde\" class=\"wp-block-wd-paragraph\"><\/p>\n\n\n\n<ul class=\"wp-block-list\">\n<li>Objetivo prime ultra gran angular de la serie profesional Canon L<\/li>\n\n\n\n<li>Apertura f\/1.4 con diafragma circular de 11 l\u00e1minas<\/li>\n\n\n\n<li>Elementos \u00f3pticos especiales UD, BR y Fluorite para una elevada precisi\u00f3n crom\u00e1tica<\/li>\n\n\n\n<li>Tres elementos asf\u00e9ricos GMo para reducir coma sagital y distorsi\u00f3n<\/li>\n\n\n\n<li>Sistema de enfoque autom\u00e1tico h\u00edbrido con VCM y Nano USM<\/li>\n\n\n\n<li>Anillo de diafragma dedicado con funcionamiento suave para v\u00eddeo<\/li>\n\n\n\n<li>Revestimientos ASC, SWC y SSC para control del flare y el ghosting<\/li>\n\n\n\n<li>Construcci\u00f3n sellada contra polvo y humedad<\/li>\n<\/ul>\n<\/div><figure class=\"wp-block-media-text__media\"><img loading=\"lazy\" decoding=\"async\" width=\"1000\" height=\"1000\" src=\"https:\/\/hi-techwonder.com\/wp-content\/themes\/woodmart\/images\/lazy.svg\" data-src=\"https:\/\/hi-techwonder.com\/wp-content\/uploads\/2026\/02\/1770245204_IMG_2667901-2.jpg\" alt=\"\" class=\"wp-image-99401 size-full\" srcset=\"\" data-srcset=\"https:\/\/hi-techwonder.com\/wp-content\/uploads\/2026\/02\/1770245204_IMG_2667901-2.jpg 1000w, https:\/\/hi-techwonder.com\/wp-content\/uploads\/2026\/02\/1770245204_IMG_2667901-2-300x300.jpg 300w, https:\/\/hi-techwonder.com\/wp-content\/uploads\/2026\/02\/1770245204_IMG_2667901-2-150x150.jpg 150w, https:\/\/hi-techwonder.com\/wp-content\/uploads\/2026\/02\/1770245204_IMG_2667901-2-768x768.jpg 768w, https:\/\/hi-techwonder.com\/wp-content\/uploads\/2026\/02\/1770245204_IMG_2667901-2-600x600.jpg 600w\" sizes=\"auto, (max-width: 1000px) 100vw, 1000px\" \/><\/figure><\/div>\n\n\n\n<figure class=\"wp-block-gallery has-nested-images columns-default is-cropped wp-block-gallery-1 is-layout-flex wp-block-gallery-is-layout-flex\">\n<figure class=\"wp-block-image size-large\"><img loading=\"lazy\" decoding=\"async\" width=\"1024\" height=\"681\" data-id=\"99360\" src=\"https:\/\/hi-techwonder.com\/wp-content\/themes\/woodmart\/images\/lazy.svg\" data-src=\"https:\/\/hi-techwonder.com\/wp-content\/uploads\/2026\/02\/X1-1-1024x681.jpg\" alt=\"\" class=\"wp-image-99360\" srcset=\"\" data-srcset=\"https:\/\/hi-techwonder.com\/wp-content\/uploads\/2026\/02\/X1-1-1024x681.jpg 1024w, https:\/\/hi-techwonder.com\/wp-content\/uploads\/2026\/02\/X1-1-300x199.jpg 300w, https:\/\/hi-techwonder.com\/wp-content\/uploads\/2026\/02\/X1-1-768x510.jpg 768w, https:\/\/hi-techwonder.com\/wp-content\/uploads\/2026\/02\/X1-1-1200x798.jpg 1200w, https:\/\/hi-techwonder.com\/wp-content\/uploads\/2026\/02\/X1-1-150x100.jpg 150w, https:\/\/hi-techwonder.com\/wp-content\/uploads\/2026\/02\/X1-1.jpg 1348w\" sizes=\"auto, (max-width: 1024px) 100vw, 1024px\" \/><\/figure>\n\n\n\n<figure class=\"wp-block-image size-large\"><img loading=\"lazy\" decoding=\"async\" width=\"1024\" height=\"677\" data-id=\"99359\" src=\"https:\/\/hi-techwonder.com\/wp-content\/themes\/woodmart\/images\/lazy.svg\" data-src=\"https:\/\/hi-techwonder.com\/wp-content\/uploads\/2026\/02\/X2-1-1024x677.jpg\" alt=\"\" class=\"wp-image-99359\" srcset=\"\" data-srcset=\"https:\/\/hi-techwonder.com\/wp-content\/uploads\/2026\/02\/X2-1-1024x677.jpg 1024w, https:\/\/hi-techwonder.com\/wp-content\/uploads\/2026\/02\/X2-1-300x198.jpg 300w, https:\/\/hi-techwonder.com\/wp-content\/uploads\/2026\/02\/X2-1-768x507.jpg 768w, https:\/\/hi-techwonder.com\/wp-content\/uploads\/2026\/02\/X2-1-1200x793.jpg 1200w, https:\/\/hi-techwonder.com\/wp-content\/uploads\/2026\/02\/X2-1-150x99.jpg 150w, https:\/\/hi-techwonder.com\/wp-content\/uploads\/2026\/02\/X2-1.jpg 1350w\" sizes=\"auto, (max-width: 1024px) 100vw, 1024px\" \/><\/figure>\n\n\n\n<figure class=\"wp-block-image size-large\"><img loading=\"lazy\" decoding=\"async\" width=\"1024\" height=\"682\" data-id=\"99362\" src=\"https:\/\/hi-techwonder.com\/wp-content\/themes\/woodmart\/images\/lazy.svg\" data-src=\"https:\/\/hi-techwonder.com\/wp-content\/uploads\/2026\/02\/X3-1024x682.jpg\" alt=\"\" class=\"wp-image-99362\" srcset=\"\" data-srcset=\"https:\/\/hi-techwonder.com\/wp-content\/uploads\/2026\/02\/X3-1024x682.jpg 1024w, https:\/\/hi-techwonder.com\/wp-content\/uploads\/2026\/02\/X3-300x200.jpg 300w, https:\/\/hi-techwonder.com\/wp-content\/uploads\/2026\/02\/X3-768x512.jpg 768w, https:\/\/hi-techwonder.com\/wp-content\/uploads\/2026\/02\/X3-1200x799.jpg 1200w, https:\/\/hi-techwonder.com\/wp-content\/uploads\/2026\/02\/X3-150x100.jpg 150w, https:\/\/hi-techwonder.com\/wp-content\/uploads\/2026\/02\/X3.jpg 1342w\" sizes=\"auto, (max-width: 1024px) 100vw, 1024px\" \/><\/figure>\n<\/figure>\n\n\n\n<div id=\"wd-18cc57fd\" class=\"wp-block-wd-table\"><\/div>\n\n\n\n<figure class=\"wp-block-gallery has-nested-images columns-default is-cropped wp-block-gallery-2 is-layout-flex wp-block-gallery-is-layout-flex\">\n<figure class=\"wp-block-image size-large\"><img loading=\"lazy\" decoding=\"async\" width=\"1024\" height=\"683\" data-id=\"99370\" src=\"https:\/\/hi-techwonder.com\/wp-content\/themes\/woodmart\/images\/lazy.svg\" data-src=\"https:\/\/hi-techwonder.com\/wp-content\/uploads\/2026\/02\/X4-1-1024x683.jpg\" alt=\"\" class=\"wp-image-99370\" srcset=\"\" data-srcset=\"https:\/\/hi-techwonder.com\/wp-content\/uploads\/2026\/02\/X4-1-1024x683.jpg 1024w, https:\/\/hi-techwonder.com\/wp-content\/uploads\/2026\/02\/X4-1-300x200.jpg 300w, https:\/\/hi-techwonder.com\/wp-content\/uploads\/2026\/02\/X4-1-768x512.jpg 768w, https:\/\/hi-techwonder.com\/wp-content\/uploads\/2026\/02\/X4-1-1200x800.jpg 1200w, https:\/\/hi-techwonder.com\/wp-content\/uploads\/2026\/02\/X4-1-150x100.jpg 150w, https:\/\/hi-techwonder.com\/wp-content\/uploads\/2026\/02\/X4-1.jpg 1365w\" sizes=\"auto, (max-width: 1024px) 100vw, 1024px\" \/><\/figure>\n<\/figure>\n\n\n\n<figure class=\"wp-block-embed is-type-video is-provider-youtube wp-block-embed-youtube wp-embed-aspect-16-9 wp-has-aspect-ratio\"><div class=\"wp-block-embed__wrapper\">\n<iframe loading=\"lazy\" title=\"Rudy Winston Introduces the Canon RF14mm L VCM Lens\" width=\"500\" height=\"281\" src=\"https:\/\/www.youtube.com\/embed\/InLmSw7bafw?feature=oembed\" frameborder=\"0\" allow=\"accelerometer; autoplay; clipboard-write; encrypted-media; gyroscope; picture-in-picture; web-share\" referrerpolicy=\"strict-origin-when-cross-origin\" allowfullscreen><\/iframe>\n<\/div><\/figure>\n\n\n\n<h2 class=\"wp-block-heading\">Especificaciones t\u00e9cnicas<\/h2>\n\n\n\n<figure class=\"wp-block-table\"><table class=\"has-fixed-layout\"><thead><tr><th>Especificaci\u00f3n<\/th><th>Detalles<\/th><\/tr><\/thead><tbody><tr><td>Montura<\/td><td>Canon RF<\/td><\/tr><tr><td>Distancia focal<\/td><td>14 mm<\/td><\/tr><tr><td>Apertura m\u00e1xima<\/td><td>f\/1.4<\/td><\/tr><tr><td>Apertura m\u00ednima<\/td><td>f\/16<\/td><\/tr><tr><td>Cobertura de formato<\/td><td>Full-Frame<\/td><\/tr><tr><td>\u00c1ngulo de visi\u00f3n<\/td><td>114\u00b0<\/td><\/tr><tr><td>Distancia m\u00ednima de enfoque<\/td><td>24 cm<\/td><\/tr><tr><td>Ampliaci\u00f3n m\u00e1xima<\/td><td>0,11x (1:9)<\/td><\/tr><tr><td>Construcci\u00f3n \u00f3ptica<\/td><td>18 elementos en 13 grupos<\/td><\/tr><tr><td>Elementos especiales<\/td><td>Asf\u00e9ricos (GMo), UD, BR, Fluorite<\/td><\/tr><tr><td>Revestimientos<\/td><td>ASC, SWC y Super Spectra<\/td><\/tr><tr><td>L\u00e1minas del diafragma<\/td><td>11, apertura circular<\/td><\/tr><tr><td>Sistema de enfoque<\/td><td>Autofocus h\u00edbrido VCM + Nano USM<\/td><\/tr><tr><td>Estabilizaci\u00f3n de imagen<\/td><td>No<\/td><\/tr><tr><td><strong>Filtros<\/strong><\/td><td><strong>Soporte trasero para filtros de gel<\/strong><br><br>El portafiltros trasero acepta filtros de gel precortados; esta lente no tiene un anillo de filtro roscado en la parte delantera.<\/td><\/tr><tr><td>Dimensiones (\u00d8 \u00d7 L)<\/td><td>Aproximadamente 76,5 \u00d7 112 mm<\/td><\/tr><tr><td>Peso<\/td><td>Aproximadamente 578 g<\/td><\/tr><tr><td>Peso del embalaje<\/td><td>Aproximadamente 940 g<\/td><\/tr><tr><td>Dimensiones del embalaje (L \u00d7 A \u00d7 H)<\/td><td>Aproximadamente 30 \u00d7 14 \u00d7 14 cm<\/td><\/tr><tr><td>EAN<\/td><td>4549292254068<\/td><\/tr><tr><td>Ref. fabricante<\/td><td>7427C005AA<\/td><\/tr><tr><td>Nota<\/td><td><strong>Im\u00e1genes ilustrativas. Equipos fotogr\u00e1ficos no incluidos. Consulta el contenido del embalaje y las especificaciones para m\u00e1s detalles.<\/strong><\/td><\/tr><\/tbody><\/table><\/figure>\n","protected":false},"excerpt":{"rendered":"<p data-start=\"39\" data-end=\"110\">Objetivo <strong>ultra gran angular de 14 mm para c\u00e1maras Canon RF Full-Frame<\/strong><\/p>\n<p data-start=\"112\" data-end=\"186\"><strong>Campo de visi\u00f3n diagonal de 114\u00b0<\/strong> para fotograf\u00eda y v\u00eddeo de alto impacto<\/p>\n<p data-start=\"188\" data-end=\"262\"><strong>Apertura m\u00e1xima f\/1.4 ultra luminosa<\/strong>, ideal para condiciones de poca luz<\/p>\n<p data-start=\"264\" data-end=\"328\"><strong>\u00d3ptica avanzada con elementos UD, BR, Fluorite y asf\u00e9ricos GMo<\/strong><\/p>\n<p data-start=\"330\" data-end=\"394\"><strong>Sistema de enfoque h\u00edbrido VCM + Nano USM<\/strong>, r\u00e1pido y silencioso<\/p>\n<p data-start=\"396\" data-end=\"457\"><strong>Reducci\u00f3n eficaz del focus breathing<\/strong> para v\u00eddeo profesional<\/p>\n<p data-start=\"459\" data-end=\"527\">Construcci\u00f3n robusta de la<strong> serie L con resistencia a la intemperie<\/strong><\/p>\n","protected":false},"featured_media":99404,"comment_status":"open","ping_status":"closed","template":"","meta":{"_acf_changed":false},"product_brand":[2538],"product_cat":[1062],"product_tag":[],"class_list":{"0":"post-99403","1":"product","2":"type-product","3":"status-publish","4":"has-post-thumbnail","6":"product_brand-canon-es","7":"product_cat-mirrorless-objectivos","8":"pa_abertura-maxima-f-1-4-es","9":"pa_designs-especiais-asfericos-gmo-ud-br-fluorite","10":"pa_diametro-no-tiene","11":"pa_estabilizacao-de-imagem-no","12":"pa_montagem-da-objetiva-canon-rf-es","13":"pa_sensor-fotograma-completo","14":"pa_tipo-de-foco-enfoque-automatico","15":"pa_tipo-de-objetiva-gran-angular","16":"pa_zoom-fixa-fijo","18":"first","19":"pre-order","20":"taxable","21":"shipping-taxable","22":"purchasable","23":"product-type-simple"},"bundled_by":[],"bundle_stock_status":"pre-order","bundle_stock_quantity":null,"bundle_virtual":false,"bundle_layout":"","bundle_add_to_cart_form_location":"","bundle_editable_in_cart":false,"bundle_sold_individually_context":"","bundle_item_grouping":"","bundle_min_size":"","bundle_max_size":"","bundle_price":[],"bundled_items":[],"bundle_sell_ids":[],"acf":[],"_links":{"self":[{"href":"https:\/\/hi-techwonder.com\/es\/wp-json\/wp\/v2\/product\/99403","targetHints":{"allow":["GET"]}}],"collection":[{"href":"https:\/\/hi-techwonder.com\/es\/wp-json\/wp\/v2\/product"}],"about":[{"href":"https:\/\/hi-techwonder.com\/es\/wp-json\/wp\/v2\/types\/product"}],"replies":[{"embeddable":true,"href":"https:\/\/hi-techwonder.com\/es\/wp-json\/wp\/v2\/comments?post=99403"}],"wp:featuredmedia":[{"embeddable":true,"href":"https:\/\/hi-techwonder.com\/es\/wp-json\/wp\/v2\/media\/99404"}],"wp:attachment":[{"href":"https:\/\/hi-techwonder.com\/es\/wp-json\/wp\/v2\/media?parent=99403"}],"wp:term":[{"taxonomy":"product_brand","embeddable":true,"href":"https:\/\/hi-techwonder.com\/es\/wp-json\/wp\/v2\/product_brand?post=99403"},{"taxonomy":"product_cat","embeddable":true,"href":"https:\/\/hi-techwonder.com\/es\/wp-json\/wp\/v2\/product_cat?post=99403"},{"taxonomy":"product_tag","embeddable":true,"href":"https:\/\/hi-techwonder.com\/es\/wp-json\/wp\/v2\/product_tag?post=99403"}],"curies":[{"name":"wp","href":"https:\/\/api.w.org\/{rel}","templated":true}]}}