{"id":99640,"date":"2026-02-09T15:45:05","date_gmt":"2026-02-09T15:45:05","guid":{"rendered":"https:\/\/hi-techwonder.com\/product\/lumix-gh6-usada\/"},"modified":"2026-02-10T11:15:46","modified_gmt":"2026-02-10T11:15:46","slug":"lumix-gh6-usada","status":"publish","type":"product","link":"https:\/\/hi-techwonder.com\/es\/producto\/lumix-gh6-usada\/","title":{"rendered":"Lumix GH6 (Usada)"},"content":{"rendered":"<h4><strong>Caracter\u00edsticas principales:<\/strong><\/h4>\n<ul>\n<li>Nuevo sensor de 25,2 MP y nuevo procesador<\/li>\n<li>Grabaci\u00f3n ilimitada hasta 5,7K\/50p, 4:2:2 de 10 bits<\/li>\n<li>Grabaci\u00f3n interna Apple Pro Res HQ para obtener los mejores detalles y un flujo de trabajo m\u00e1s r\u00e1pido<\/li>\n<li>Alta velocidad de fotogramas 4K\/120p para una acci\u00f3n fluida<\/li>\n<li>300 fotogramas por segundo para movimientos lentos din\u00e1micos<\/li>\n<li>Cinema 4K ProRes 422 HQ \/ ProRes 422<\/li>\n<li>FHD ProRes 422 HQ \/ ProRes 422<\/li>\n<li>Grabaci\u00f3n directa USB-SSD<\/li>\n<li>Salida de v\u00eddeo HDMI 4K 120p durante Live View<\/li>\n<li>Salida de datos de v\u00eddeo RAW Cinema 4K 120p HDMI para ATOMOS Ninja V+<\/li>\n<\/ul>\n<h4>Contenido de la caja:<\/h4>\n<ul>\n<li>Cargador<\/li>\n<li>Bateria DMW-BLK22<\/li>\n<\/ul>\n","protected":false},"excerpt":{"rendered":"<ul>\n<li>Garantia 12 meses<\/li>\n<li>Buen estado<\/li>\n<li>Algunas marcas en el cuerpo y la pantalla (ver fotos)<\/li>\n<\/ul>\n","protected":false},"featured_media":99641,"comment_status":"open","ping_status":"closed","template":"","meta":{"_acf_changed":false},"product_brand":[2536],"product_cat":[1550],"product_tag":[],"class_list":{"0":"post-99640","1":"product","2":"type-product","3":"status-publish","4":"has-post-thumbnail","6":"product_brand-panasonic-es","7":"product_cat-camaras-2a-mano","9":"first","10":"instock","11":"taxable","12":"shipping-taxable","13":"purchasable","14":"product-type-simple"},"bundled_by":[],"bundle_stock_status":"instock","bundle_stock_quantity":1,"bundle_virtual":false,"bundle_layout":"","bundle_add_to_cart_form_location":"","bundle_editable_in_cart":false,"bundle_sold_individually_context":"","bundle_item_grouping":"","bundle_min_size":"","bundle_max_size":"","bundle_price":[],"bundled_items":[],"bundle_sell_ids":[],"acf":[],"_links":{"self":[{"href":"https:\/\/hi-techwonder.com\/es\/wp-json\/wp\/v2\/product\/99640","targetHints":{"allow":["GET"]}}],"collection":[{"href":"https:\/\/hi-techwonder.com\/es\/wp-json\/wp\/v2\/product"}],"about":[{"href":"https:\/\/hi-techwonder.com\/es\/wp-json\/wp\/v2\/types\/product"}],"replies":[{"embeddable":true,"href":"https:\/\/hi-techwonder.com\/es\/wp-json\/wp\/v2\/comments?post=99640"}],"wp:featuredmedia":[{"embeddable":true,"href":"https:\/\/hi-techwonder.com\/es\/wp-json\/wp\/v2\/media\/99641"}],"wp:attachment":[{"href":"https:\/\/hi-techwonder.com\/es\/wp-json\/wp\/v2\/media?parent=99640"}],"wp:term":[{"taxonomy":"product_brand","embeddable":true,"href":"https:\/\/hi-techwonder.com\/es\/wp-json\/wp\/v2\/product_brand?post=99640"},{"taxonomy":"product_cat","embeddable":true,"href":"https:\/\/hi-techwonder.com\/es\/wp-json\/wp\/v2\/product_cat?post=99640"},{"taxonomy":"product_tag","embeddable":true,"href":"https:\/\/hi-techwonder.com\/es\/wp-json\/wp\/v2\/product_tag?post=99640"}],"curies":[{"name":"wp","href":"https:\/\/api.w.org\/{rel}","templated":true}]}}